{"id":46223,"date":"2025-01-01T02:01:00","date_gmt":"2025-01-01T01:01:00","guid":{"rendered":"https:\/\/www.toyotomi.eu\/product\/zibro-lc-4047\/"},"modified":"2026-01-20T08:51:00","modified_gmt":"2026-01-20T07:51:00","slug":"zibro-lc-4047","status":"publish","type":"product","link":"https:\/\/www.toyotomi.eu\/de\/produkt\/zibro-lc-4047\/","title":{"rendered":"Zibro LC-4047"},"content":{"rendered":"\n<div class=\"wp-block-essential-blocks-wrapper alignfull  root-eb-wrapper-kiu5m\"><div class=\"eb-parent-wrapper eb-parent-eb-wrapper-kiu5m \"><div class=\"eb-wrapper-outer eb-wrapper-kiu5m\"><div class=\"eb-wrapper-inner\"><div class=\"eb-wrapper-inner-blocks eb-wrapper-align-center\">\n<div class=\"wp-block-essential-blocks-row alignfull  root-eb-row-vp5zx\"><div class=\"eb-parent-wrapper eb-parent-eb-row-vp5zx \"><div class=\"eb-row-root-container eb-row-vp5zx\" data-id=\"eb-row-vp5zx\"><div class=\"eb-row-wrapper\"><div class=\"eb-row-inner\">\n<div class=\"wp-block-essential-blocks-column  root-eb-column-wbb44\"><div class=\"eb-parent-wrapper eb-parent-eb-column-wbb44 \"><div class=\"eb-column-wrapper eb-column-wbb44\"><div class=\"eb-column-inner\">\n<div class=\"wp-block-essential-blocks-wrapper alignfull  root-eb-wrapper-8eqic\"><div class=\"eb-parent-wrapper eb-parent-eb-wrapper-8eqic \"><div class=\"eb-wrapper-outer eb-wrapper-8eqic\"><div class=\"eb-wrapper-inner\"><div class=\"eb-wrapper-inner-blocks eb-wrapper-align-center\">\n<div class=\"wp-block-essential-blocks-row alignfull  root-eb-row-69nlq\"><div class=\"eb-parent-wrapper eb-parent-eb-row-69nlq \"><div class=\"eb-row-root-container eb-row-69nlq\" data-id=\"eb-row-69nlq\"><div class=\"eb-row-wrapper\"><div class=\"eb-row-inner\">\n<div class=\"wp-block-essential-blocks-column  root-eb-column-4o7fv\"><div class=\"eb-parent-wrapper eb-parent-eb-column-4o7fv \"><div class=\"eb-column-wrapper eb-column-4o7fv\"><div class=\"eb-column-inner\">\n<h2 class=\"wp-block-heading has-text-align-left has-x-large-font-size\">Zibro Laser Clean Heizung LC-4047<\/h2>\n\n\n\n<p>Die Zibro Laser Clean Heizung LC-4047 ist eine leistungsstarke, sauber verbrennende Paraffinheizung, die f\u00fcr sichere, effiziente und wirtschaftliche W\u00e4rme sorgt. Mit ihrem elektronischen 4,65-kW-Brenner kann sie R\u00e4ume bis zu 190 m\u00b3 beheizen und ist somit ideal f\u00fcr gro\u00dfe Wohnbereiche, B\u00fcros, Werkst\u00e4tten, Ferienh\u00e4user und Gewerbefl\u00e4chen. <\/p>\n\n\n\n<p>Dank ihres dochtlosen, abgasfreien Designs und des eingebauten Ventilators wird die W\u00e4rme gleichm\u00e4\u00dfig und leise im ganzen Raum verteilt, wodurch fast augenblicklich eine komfortable, gem\u00fctliche Umgebung entsteht.<\/p>\n\n\n\n<h2 class=\"wp-block-heading\">Intelligente und effiziente Heizung<\/h2>\n\n\n\n<p>Der LC-4047 verf\u00fcgt \u00fcber einen <strong>halbautomatischen Betrieb<\/strong> mit einem <strong>programmierbaren 24-Stunden-Timer<\/strong> und einem integrierten Thermostat, mit dem Sie Ihre gew\u00fcnschte Raumtemperatur m\u00fchelos aufrechterhalten k\u00f6nnen. Sein <strong>\u201eSAVE\u201c-Modus<\/strong> h\u00e4lt die Temperatur mit minimalem Verbrauch stabil. <\/p>\n\n\n\n<p>Die <strong>Fuzzy-Logic-Technologie<\/strong> verbessert die Effizienz zus\u00e4tzlich, indem sie die optimale Betriebszeit basierend auf Raumgr\u00f6\u00dfe und aktueller Temperatur berechnet. Sie erkennt auch R\u00fcckst\u00e4nde in der Brennkammer, um eine geruchsfreie, saubere Verbrennung zu gew\u00e4hrleisten, und f\u00fchrt eine Selbstdiagnose potenzieller Fehler durch, um einen sicheren Betrieb zu gew\u00e4hrleisten. <\/p>\n\n\n\n<h2 class=\"wp-block-heading\">Fortschrittliche Sicherheitsmerkmale<\/h2>\n\n\n\n<p>Sicherheit hat beim LC-4047 oberste Priorit\u00e4t. Er ist ausgestattet mit: <\/p>\n\n\n\n<ul class=\"wp-block-list\">\n<li><strong>Kippschalter<\/strong><\/li>\n\n\n\n<li><strong>Z\u00fcndsicherung<\/strong><\/li>\n\n\n\n<li><strong>Verbrennungsregelung<\/strong><\/li>\n\n\n\n<li><strong>Stromausfallsicherung<\/strong><\/li>\n\n\n\n<li><strong>Hochtemperaturbegrenzer \/ \u00dcberhitzungsschutz<\/strong><\/li>\n\n\n\n<li><strong>Flammenstab \/ Brennerthermistor<\/strong> zur Erkennung unvollst\u00e4ndiger Verbrennung<\/li>\n<\/ul>\n\n\n\n<p class=\"has-text-align-left\">Mit <strong>Plug-and-Play-Einfachheit<\/strong> bietet der Zibro LC-4047 zuverl\u00e4ssige, sichere und hocheffiziente Heizung ohne Installationsaufwand.<\/p>\n<\/div><\/div><\/div><\/div>\n<\/div><\/div><\/div><\/div><\/div>\n<\/div><\/div><\/div><\/div><\/div>\n\n\n\n<div style=\"height:80px\" aria-hidden=\"true\" class=\"wp-block-spacer\"><\/div>\n\n\n\n<div class=\"wp-block-essential-blocks-wrapper alignfull  root-eb-wrapper-0pft6\"><div class=\"eb-parent-wrapper eb-parent-eb-wrapper-0pft6 \"><div class=\"eb-wrapper-outer eb-wrapper-0pft6\"><div class=\"eb-wrapper-inner\"><div class=\"eb-wrapper-inner-blocks eb-wrapper-align-center\">\n<div class=\"wp-block-essential-blocks-row alignfull  root-eb-row-htqol\"><div class=\"eb-parent-wrapper eb-parent-eb-row-htqol \"><div class=\"eb-row-root-container eb-row-htqol\" data-id=\"eb-row-htqol\"><div class=\"eb-row-wrapper\"><div class=\"eb-row-inner\">\n<div class=\"wp-block-essential-blocks-column  root-eb-column-eoyr7\"><div class=\"eb-parent-wrapper eb-parent-eb-column-eoyr7 \"><div class=\"eb-column-wrapper eb-column-eoyr7\"><div class=\"eb-column-inner\">\n<h2 class=\"wp-block-heading has-text-align-center has-xxx-large-font-size\">Lieferumfang<\/h2>\n<\/div><\/div><\/div><\/div>\n<\/div><\/div><\/div><\/div><\/div>\n<\/div><\/div><\/div><\/div><\/div>\n\n\n\n<div class=\"wp-block-essential-blocks-wrapper alignfull  root-eb-wrapper-yauuv\"><div class=\"eb-parent-wrapper eb-parent-eb-wrapper-yauuv \"><div class=\"eb-wrapper-outer eb-wrapper-yauuv\"><div class=\"eb-wrapper-inner\"><div class=\"eb-wrapper-inner-blocks eb-wrapper-align-center\">\n<div class=\"wp-block-essential-blocks-row alignfull  root-eb-row-j9w3g\"><div class=\"eb-parent-wrapper eb-parent-eb-row-j9w3g \"><div class=\"eb-row-root-container eb-row-j9w3g\" data-id=\"eb-row-j9w3g\"><div class=\"eb-row-wrapper\"><div class=\"eb-row-inner\">\n<div class=\"wp-block-essential-blocks-column  root-eb-column-79he7\"><div class=\"eb-parent-wrapper eb-parent-eb-column-79he7 \"><div class=\"eb-column-wrapper eb-column-79he7\"><div class=\"eb-column-inner\">\n<figure class=\"wp-block-image size-full has-custom-border\"><img loading=\"lazy\" decoding=\"async\" width=\"800\" height=\"550\" src=\"https:\/\/www.toyotomi.eu\/wp-content\/uploads\/2024\/10\/manual-fuel-syphon-pump.jpg\" alt=\"Flexibler medizinischer Zufuhrschlauch mit rotem Anschluss f&#xFC;r Pr&#xE4;zision und Sicherheit.\" class=\"wp-image-25016\" style=\"border-radius:4px\" srcset=\"https:\/\/www.toyotomi.eu\/wp-content\/uploads\/2024\/10\/manual-fuel-syphon-pump.jpg 800w, https:\/\/www.toyotomi.eu\/wp-content\/uploads\/2024\/10\/manual-fuel-syphon-pump-300x206.jpg 300w, https:\/\/www.toyotomi.eu\/wp-content\/uploads\/2024\/10\/manual-fuel-syphon-pump-768x528.jpg 768w, https:\/\/www.toyotomi.eu\/wp-content\/uploads\/2024\/10\/manual-fuel-syphon-pump-441x303.jpg 441w, https:\/\/www.toyotomi.eu\/wp-content\/uploads\/2024\/10\/manual-fuel-syphon-pump-150x103.jpg 150w\" sizes=\"auto, (max-width: 800px) 100vw, 800px\" \/><\/figure>\n<\/div><\/div><\/div><\/div>\n\n\n\n<div class=\"wp-block-essential-blocks-column  root-eb-column-fbtim\"><div class=\"eb-parent-wrapper eb-parent-eb-column-fbtim \"><div class=\"eb-column-wrapper eb-column-fbtim\"><div class=\"eb-column-inner\">\n<h2 class=\"wp-block-heading has-x-large-font-size\"><strong>Manuelle Siphonpumpe<\/strong><\/h2>\n\n\n\n<p>Der Zibro LC-4047 enth\u00e4lt in jeder Box eine manuelle Saugheberpumpe als Standardzubeh\u00f6r, mit der Sie Ihre Heizung mit Brennstoff nachf\u00fcllen k\u00f6nnen. Dieses einfache, praktische Werkzeug erleichtert den Brennstofftransfer und hilft, Versch\u00fcttungen beim Betanken zu vermeiden. <\/p>\n<\/div><\/div><\/div><\/div>\n<\/div><\/div><\/div><\/div><\/div>\n<\/div><\/div><\/div><\/div><\/div>\n\n\n\n<div class=\"wp-block-essential-blocks-wrapper alignfull  root-eb-wrapper-e5ush\"><div class=\"eb-parent-wrapper eb-parent-eb-wrapper-e5ush \"><div class=\"eb-wrapper-outer eb-wrapper-e5ush\"><div class=\"eb-wrapper-inner\"><div class=\"eb-wrapper-inner-blocks eb-wrapper-align-center\">\n<div class=\"wp-block-essential-blocks-row alignfull  root-eb-row-vtf3p\"><div class=\"eb-parent-wrapper eb-parent-eb-row-vtf3p \"><div class=\"eb-row-root-container eb-row-vtf3p\" data-id=\"eb-row-vtf3p\"><div class=\"eb-row-wrapper\"><div class=\"eb-row-inner\">\n<div class=\"wp-block-essential-blocks-column  root-eb-column-taoxq\"><div class=\"eb-parent-wrapper eb-parent-eb-column-taoxq \"><div class=\"eb-column-wrapper eb-column-taoxq\"><div class=\"eb-column-inner\">\n<h2 class=\"wp-block-heading has-x-large-font-size\"><strong><strong>Abnehmbarer Kraftstofftank<\/strong><\/strong><\/h2>\n\n\n\n<p>Der Zibro LC-4047 verf\u00fcgt \u00fcber einen herausnehmbaren Kraftstofftank mit integriertem Griff und auslaufsicherem Verschluss, wodurch das Betanken sicher, sauber und bequem ist. Das Design gew\u00e4hrleistet schnelle Tankwechsel, ohne Ihren Komfort zu beeintr\u00e4chtigen oder Unordnung zu verursachen. <\/p>\n<\/div><\/div><\/div><\/div>\n\n\n\n<div class=\"wp-block-essential-blocks-column  root-eb-column-eqx21\"><div class=\"eb-parent-wrapper eb-parent-eb-column-eqx21 \"><div class=\"eb-column-wrapper eb-column-eqx21\"><div class=\"eb-column-inner\">\n<figure class=\"wp-block-image size-full has-custom-border\"><img loading=\"lazy\" decoding=\"async\" width=\"800\" height=\"550\" src=\"https:\/\/www.toyotomi.eu\/wp-content\/uploads\/2025\/07\/toyotomi-removable-fuel-tank.jpg\" alt=\"Alt-Text: Nahaufnahme einer Toyotomi-Heizung mit rotem Treueprogramm-Aufkleber, silberfarben.\" class=\"wp-image-24332\" style=\"border-radius:4px\" srcset=\"https:\/\/www.toyotomi.eu\/wp-content\/uploads\/2025\/07\/toyotomi-removable-fuel-tank.jpg 800w, https:\/\/www.toyotomi.eu\/wp-content\/uploads\/2025\/07\/toyotomi-removable-fuel-tank-300x206.jpg 300w, https:\/\/www.toyotomi.eu\/wp-content\/uploads\/2025\/07\/toyotomi-removable-fuel-tank-768x528.jpg 768w, https:\/\/www.toyotomi.eu\/wp-content\/uploads\/2025\/07\/toyotomi-removable-fuel-tank-441x303.jpg 441w, https:\/\/www.toyotomi.eu\/wp-content\/uploads\/2025\/07\/toyotomi-removable-fuel-tank-150x103.jpg 150w\" sizes=\"auto, (max-width: 800px) 100vw, 800px\" \/><\/figure>\n<\/div><\/div><\/div><\/div>\n<\/div><\/div><\/div><\/div><\/div>\n<\/div><\/div><\/div><\/div><\/div>\n<\/div><\/div><\/div><\/div>\n<\/div><\/div><\/div><\/div><\/div>\n<\/div><\/div><\/div><\/div><\/div>\n","protected":false},"excerpt":{"rendered":"<p>Der Zibro Laser Clean Heater LC-4047 verf\u00fcgt \u00fcber den neuesten elektronischen 4,65-kW-Brenner und liefert saubere, effiziente und wirtschaftliche W\u00e4rme. Der Heizofen muss nicht installiert werden, er muss lediglich an eine Steckdose angeschlossen werden. Er ist einfach zu bedienen und kann R\u00e4ume bis zu 190 m\u00b3 beheizen. Mit einer Leistungsaufnahme von nur 23 Watt im Betrieb ist der LC-4047 eine sichere, hocheffiziente und wirtschaftliche abgasfreie Heizl\u00f6sung.   <\/p>\n<p><strong>Artikelnummer:<\/strong> LC-4047<br \/>\n<strong>EAN:<\/strong> 4963505732035<\/p>\n","protected":false},"featured_media":0,"template":"","meta":{"_acf_changed":false,"_eb_attr":""},"product_brand":[],"product_cat":[5940],"product_tag":[],"class_list":{"0":"post-46223","1":"product","2":"type-product","3":"status-publish","5":"product_cat-laserofen","7":"first","8":"instock","9":"taxable","10":"shipping-taxable","11":"product-type-simple"},"acf":[],"yoast_head":"<!-- This site is optimized with the Yoast SEO plugin v27.4 - https:\/\/yoast.com\/product\/yoast-seo-wordpress\/ -->\n<title>Zibro LC-4047 - Toyotomi<\/title>\n<meta name=\"robots\" content=\"index, follow, max-snippet:-1, max-image-preview:large, max-video-preview:-1\" \/>\n<link rel=\"canonical\" href=\"https:\/\/www.toyotomi.eu\/de\/produkt\/zibro-lc-4047\/\" \/>\n<meta property=\"og:locale\" content=\"de_DE\" \/>\n<meta property=\"og:type\" content=\"article\" \/>\n<meta property=\"og:title\" content=\"Zibro LC-4047 - Toyotomi\" \/>\n<meta property=\"og:description\" content=\"Der Zibro Laser Clean Heater LC-4047 verf\u00fcgt \u00fcber den neuesten elektronischen 4,65-kW-Brenner und liefert saubere, effiziente und wirtschaftliche W\u00e4rme. Der Heizofen muss nicht installiert werden, er muss lediglich an eine Steckdose angeschlossen werden. Er ist einfach zu bedienen und kann R\u00e4ume bis zu 190 m\u00b3 beheizen. Mit einer Leistungsaufnahme von nur 23 Watt im Betrieb ist der LC-4047 eine sichere, hocheffiziente und wirtschaftliche abgasfreie Heizl\u00f6sung.   Artikelnummer: LC-4047 EAN: 4963505732035\" \/>\n<meta property=\"og:url\" content=\"https:\/\/www.toyotomi.eu\/de\/produkt\/zibro-lc-4047\/\" \/>\n<meta property=\"og:site_name\" content=\"Toyotomi\" \/>\n<meta property=\"article:modified_time\" content=\"2026-01-20T07:51:00+00:00\" \/>\n<meta property=\"og:image\" content=\"https:\/\/www.toyotomi.eu\/wp-content\/uploads\/2022\/12\/LC-4047-530-NF-scaled.jpg\" \/>\n\t<meta property=\"og:image:width\" content=\"2560\" \/>\n\t<meta property=\"og:image:height\" content=\"2286\" \/>\n\t<meta property=\"og:image:type\" content=\"image\/jpeg\" \/>\n<meta name=\"twitter:card\" content=\"summary_large_image\" \/>\n<script type=\"application\/ld+json\" class=\"yoast-schema-graph\">{\"@context\":\"https:\\\/\\\/schema.org\",\"@graph\":[{\"@type\":\"WebPage\",\"@id\":\"https:\\\/\\\/www.toyotomi.eu\\\/de\\\/produkt\\\/zibro-lc-4047\\\/\",\"url\":\"https:\\\/\\\/www.toyotomi.eu\\\/de\\\/produkt\\\/zibro-lc-4047\\\/\",\"name\":\"Zibro LC-4047 - Toyotomi\",\"isPartOf\":{\"@id\":\"https:\\\/\\\/www.toyotomi.eu\\\/de\\\/#website\"},\"datePublished\":\"2025-01-01T01:01:00+00:00\",\"dateModified\":\"2026-01-20T07:51:00+00:00\",\"breadcrumb\":{\"@id\":\"https:\\\/\\\/www.toyotomi.eu\\\/de\\\/produkt\\\/zibro-lc-4047\\\/#breadcrumb\"},\"inLanguage\":\"de\",\"potentialAction\":[{\"@type\":\"ReadAction\",\"target\":[\"https:\\\/\\\/www.toyotomi.eu\\\/de\\\/produkt\\\/zibro-lc-4047\\\/\"]}]},{\"@type\":\"BreadcrumbList\",\"@id\":\"https:\\\/\\\/www.toyotomi.eu\\\/de\\\/produkt\\\/zibro-lc-4047\\\/#breadcrumb\",\"itemListElement\":[{\"@type\":\"ListItem\",\"position\":1,\"name\":\"Startseite\",\"item\":\"https:\\\/\\\/www.toyotomi.eu\\\/de\\\/\"},{\"@type\":\"ListItem\",\"position\":2,\"name\":\"Alle Produkte\",\"item\":\"https:\\\/\\\/www.toyotomi.eu\\\/de\\\/alle-produkte\\\/\"},{\"@type\":\"ListItem\",\"position\":3,\"name\":\"Zibro LC-4047\"}]},{\"@type\":\"WebSite\",\"@id\":\"https:\\\/\\\/www.toyotomi.eu\\\/de\\\/#website\",\"url\":\"https:\\\/\\\/www.toyotomi.eu\\\/de\\\/\",\"name\":\"Toyotomi\",\"description\":\"\",\"publisher\":{\"@id\":\"https:\\\/\\\/www.toyotomi.eu\\\/de\\\/#organization\"},\"potentialAction\":[{\"@type\":\"SearchAction\",\"target\":{\"@type\":\"EntryPoint\",\"urlTemplate\":\"https:\\\/\\\/www.toyotomi.eu\\\/de\\\/?s={search_term_string}\"},\"query-input\":{\"@type\":\"PropertyValueSpecification\",\"valueRequired\":true,\"valueName\":\"search_term_string\"}}],\"inLanguage\":\"de\"},{\"@type\":\"Organization\",\"@id\":\"https:\\\/\\\/www.toyotomi.eu\\\/de\\\/#organization\",\"name\":\"Toyotomi Europe Sales B.V.\",\"alternateName\":\"Toyotomi\",\"url\":\"https:\\\/\\\/www.toyotomi.eu\\\/de\\\/\",\"logo\":{\"@type\":\"ImageObject\",\"inLanguage\":\"de\",\"@id\":\"https:\\\/\\\/www.toyotomi.eu\\\/de\\\/#\\\/schema\\\/logo\\\/image\\\/\",\"url\":\"https:\\\/\\\/www.toyotomi.eu\\\/wp-content\\\/uploads\\\/2025\\\/10\\\/logo.png\",\"contentUrl\":\"https:\\\/\\\/www.toyotomi.eu\\\/wp-content\\\/uploads\\\/2025\\\/10\\\/logo.png\",\"width\":1360,\"height\":304,\"caption\":\"Toyotomi Europe Sales B.V.\"},\"image\":{\"@id\":\"https:\\\/\\\/www.toyotomi.eu\\\/de\\\/#\\\/schema\\\/logo\\\/image\\\/\"}}]}<\/script>\n<!-- \/ Yoast SEO plugin. -->","yoast_head_json":{"title":"Zibro LC-4047 - Toyotomi","robots":{"index":"index","follow":"follow","max-snippet":"max-snippet:-1","max-image-preview":"max-image-preview:large","max-video-preview":"max-video-preview:-1"},"canonical":"https:\/\/www.toyotomi.eu\/de\/produkt\/zibro-lc-4047\/","og_locale":"de_DE","og_type":"article","og_title":"Zibro LC-4047 - Toyotomi","og_description":"Der Zibro Laser Clean Heater LC-4047 verf\u00fcgt \u00fcber den neuesten elektronischen 4,65-kW-Brenner und liefert saubere, effiziente und wirtschaftliche W\u00e4rme. Der Heizofen muss nicht installiert werden, er muss lediglich an eine Steckdose angeschlossen werden. Er ist einfach zu bedienen und kann R\u00e4ume bis zu 190 m\u00b3 beheizen. Mit einer Leistungsaufnahme von nur 23 Watt im Betrieb ist der LC-4047 eine sichere, hocheffiziente und wirtschaftliche abgasfreie Heizl\u00f6sung.   Artikelnummer: LC-4047 EAN: 4963505732035","og_url":"https:\/\/www.toyotomi.eu\/de\/produkt\/zibro-lc-4047\/","og_site_name":"Toyotomi","article_modified_time":"2026-01-20T07:51:00+00:00","og_image":[{"width":2560,"height":2286,"url":"https:\/\/www.toyotomi.eu\/wp-content\/uploads\/2022\/12\/LC-4047-530-NF-scaled.jpg","type":"image\/jpeg"}],"twitter_card":"summary_large_image","schema":{"@context":"https:\/\/schema.org","@graph":[{"@type":"WebPage","@id":"https:\/\/www.toyotomi.eu\/de\/produkt\/zibro-lc-4047\/","url":"https:\/\/www.toyotomi.eu\/de\/produkt\/zibro-lc-4047\/","name":"Zibro LC-4047 - Toyotomi","isPartOf":{"@id":"https:\/\/www.toyotomi.eu\/de\/#website"},"datePublished":"2025-01-01T01:01:00+00:00","dateModified":"2026-01-20T07:51:00+00:00","breadcrumb":{"@id":"https:\/\/www.toyotomi.eu\/de\/produkt\/zibro-lc-4047\/#breadcrumb"},"inLanguage":"de","potentialAction":[{"@type":"ReadAction","target":["https:\/\/www.toyotomi.eu\/de\/produkt\/zibro-lc-4047\/"]}]},{"@type":"BreadcrumbList","@id":"https:\/\/www.toyotomi.eu\/de\/produkt\/zibro-lc-4047\/#breadcrumb","itemListElement":[{"@type":"ListItem","position":1,"name":"Startseite","item":"https:\/\/www.toyotomi.eu\/de\/"},{"@type":"ListItem","position":2,"name":"Alle Produkte","item":"https:\/\/www.toyotomi.eu\/de\/alle-produkte\/"},{"@type":"ListItem","position":3,"name":"Zibro LC-4047"}]},{"@type":"WebSite","@id":"https:\/\/www.toyotomi.eu\/de\/#website","url":"https:\/\/www.toyotomi.eu\/de\/","name":"Toyotomi","description":"","publisher":{"@id":"https:\/\/www.toyotomi.eu\/de\/#organization"},"potentialAction":[{"@type":"SearchAction","target":{"@type":"EntryPoint","urlTemplate":"https:\/\/www.toyotomi.eu\/de\/?s={search_term_string}"},"query-input":{"@type":"PropertyValueSpecification","valueRequired":true,"valueName":"search_term_string"}}],"inLanguage":"de"},{"@type":"Organization","@id":"https:\/\/www.toyotomi.eu\/de\/#organization","name":"Toyotomi Europe Sales B.V.","alternateName":"Toyotomi","url":"https:\/\/www.toyotomi.eu\/de\/","logo":{"@type":"ImageObject","inLanguage":"de","@id":"https:\/\/www.toyotomi.eu\/de\/#\/schema\/logo\/image\/","url":"https:\/\/www.toyotomi.eu\/wp-content\/uploads\/2025\/10\/logo.png","contentUrl":"https:\/\/www.toyotomi.eu\/wp-content\/uploads\/2025\/10\/logo.png","width":1360,"height":304,"caption":"Toyotomi Europe Sales B.V."},"image":{"@id":"https:\/\/www.toyotomi.eu\/de\/#\/schema\/logo\/image\/"}}]}},"_links":{"self":[{"href":"https:\/\/www.toyotomi.eu\/de\/wp-json\/wp\/v2\/product\/46223","targetHints":{"allow":["GET"]}}],"collection":[{"href":"https:\/\/www.toyotomi.eu\/de\/wp-json\/wp\/v2\/product"}],"about":[{"href":"https:\/\/www.toyotomi.eu\/de\/wp-json\/wp\/v2\/types\/product"}],"wp:attachment":[{"href":"https:\/\/www.toyotomi.eu\/de\/wp-json\/wp\/v2\/media?parent=46223"}],"wp:term":[{"taxonomy":"product_brand","embeddable":true,"href":"https:\/\/www.toyotomi.eu\/de\/wp-json\/wp\/v2\/product_brand?post=46223"},{"taxonomy":"product_cat","embeddable":true,"href":"https:\/\/www.toyotomi.eu\/de\/wp-json\/wp\/v2\/product_cat?post=46223"},{"taxonomy":"product_tag","embeddable":true,"href":"https:\/\/www.toyotomi.eu\/de\/wp-json\/wp\/v2\/product_tag?post=46223"}],"curies":[{"name":"wp","href":"https:\/\/api.w.org\/{rel}","templated":true}]}}