{"id":46157,"date":"2025-01-01T02:01:00","date_gmt":"2025-01-01T01:01:00","guid":{"rendered":"https:\/\/www.toyotomi.eu\/product\/kerosun-rs-220\/"},"modified":"2025-12-02T11:42:26","modified_gmt":"2025-12-02T11:42:26","slug":"kerosun-rs-220","status":"publish","type":"product","link":"https:\/\/www.toyotomi.eu\/de\/produkt\/kerosun-rs-220\/","title":{"rendered":"Kerosun RS-220"},"content":{"rendered":"","protected":false},"excerpt":{"rendered":"<p>Der Kerosun Heizofen Modell RS-220 ben\u00f6tigt weder Installation noch einen Rauchrohranschluss, was ihn zu einer mobilen und autonomen Heizl\u00f6sung macht. Mit einer Heizleistung von 2,2 kW kann er Bereiche von 35 bis 80 m\u00b3 mit einer Autonomie von bis zu 17,5 Stunden erw\u00e4rmen. Sein herausnehmbarer 4-Liter-Tank, das automatische Z\u00fcndsystem und die Infrarot-CO\u2082-Luftqualit\u00e4tskontrolle machen ihn praktisch und einfach zu bedienen. Ausgestattet mit einem dreifachen Sicherheitsabschaltsystem, einer geh\u00e4rteten Deckplatte und einem Kraftstofffilter f\u00fcr eine l\u00e4ngere Lebensdauer des Dochts, gew\u00e4hrleistet dieser Heizofen einen sicheren, effizienten und zuverl\u00e4ssigen Betrieb. Der in Japan hergestellte und ISO-zertifizierte RS-220 ist eine \u00e4u\u00dferst wirtschaftliche und langlebige W\u00e4rmequelle.    <\/p>\n","protected":false},"featured_media":0,"template":"","meta":{"_acf_changed":false,"_eb_attr":""},"product_brand":[],"product_cat":[5939],"product_tag":[],"class_list":{"0":"post-46157","1":"product","2":"type-product","3":"status-publish","5":"product_cat-dochtofen","7":"first","8":"instock","9":"taxable","10":"shipping-taxable","11":"product-type-simple"},"acf":[],"yoast_head":"<!-- This site is optimized with the Yoast SEO plugin v27.4 - https:\/\/yoast.com\/product\/yoast-seo-wordpress\/ -->\n<title>Kerosun RS-220 - Toyotomi<\/title>\n<meta name=\"robots\" content=\"index, follow, max-snippet:-1, max-image-preview:large, max-video-preview:-1\" \/>\n<link rel=\"canonical\" href=\"https:\/\/www.toyotomi.eu\/de\/produkt\/kerosun-rs-220\/\" \/>\n<meta property=\"og:locale\" content=\"de_DE\" \/>\n<meta property=\"og:type\" content=\"article\" \/>\n<meta property=\"og:title\" content=\"Kerosun RS-220 - Toyotomi\" \/>\n<meta property=\"og:description\" content=\"Der Kerosun Heizofen Modell RS-220 ben\u00f6tigt weder Installation noch einen Rauchrohranschluss, was ihn zu einer mobilen und autonomen Heizl\u00f6sung macht. Mit einer Heizleistung von 2,2 kW kann er Bereiche von 35 bis 80 m\u00b3 mit einer Autonomie von bis zu 17,5 Stunden erw\u00e4rmen. Sein herausnehmbarer 4-Liter-Tank, das automatische Z\u00fcndsystem und die Infrarot-CO\u2082-Luftqualit\u00e4tskontrolle machen ihn praktisch und einfach zu bedienen. Ausgestattet mit einem dreifachen Sicherheitsabschaltsystem, einer geh\u00e4rteten Deckplatte und einem Kraftstofffilter f\u00fcr eine l\u00e4ngere Lebensdauer des Dochts, gew\u00e4hrleistet dieser Heizofen einen sicheren, effizienten und zuverl\u00e4ssigen Betrieb. Der in Japan hergestellte und ISO-zertifizierte RS-220 ist eine \u00e4u\u00dferst wirtschaftliche und langlebige W\u00e4rmequelle.\" \/>\n<meta property=\"og:url\" content=\"https:\/\/www.toyotomi.eu\/de\/produkt\/kerosun-rs-220\/\" \/>\n<meta property=\"og:site_name\" content=\"Toyotomi\" \/>\n<meta property=\"article:modified_time\" content=\"2025-12-02T11:42:26+00:00\" \/>\n<meta property=\"og:image\" content=\"https:\/\/www.toyotomi.eu\/wp-content\/uploads\/2025\/10\/logo.png\" \/>\n\t<meta property=\"og:image:width\" content=\"1360\" \/>\n\t<meta property=\"og:image:height\" content=\"304\" \/>\n\t<meta property=\"og:image:type\" content=\"image\/png\" \/>\n<meta name=\"twitter:card\" content=\"summary_large_image\" \/>\n<script type=\"application\/ld+json\" class=\"yoast-schema-graph\">{\"@context\":\"https:\\\/\\\/schema.org\",\"@graph\":[{\"@type\":\"WebPage\",\"@id\":\"https:\\\/\\\/www.toyotomi.eu\\\/de\\\/produkt\\\/kerosun-rs-220\\\/\",\"url\":\"https:\\\/\\\/www.toyotomi.eu\\\/de\\\/produkt\\\/kerosun-rs-220\\\/\",\"name\":\"Kerosun RS-220 - Toyotomi\",\"isPartOf\":{\"@id\":\"https:\\\/\\\/www.toyotomi.eu\\\/de\\\/#website\"},\"datePublished\":\"2025-01-01T01:01:00+00:00\",\"dateModified\":\"2025-12-02T11:42:26+00:00\",\"breadcrumb\":{\"@id\":\"https:\\\/\\\/www.toyotomi.eu\\\/de\\\/produkt\\\/kerosun-rs-220\\\/#breadcrumb\"},\"inLanguage\":\"de\",\"potentialAction\":[{\"@type\":\"ReadAction\",\"target\":[\"https:\\\/\\\/www.toyotomi.eu\\\/de\\\/produkt\\\/kerosun-rs-220\\\/\"]}]},{\"@type\":\"BreadcrumbList\",\"@id\":\"https:\\\/\\\/www.toyotomi.eu\\\/de\\\/produkt\\\/kerosun-rs-220\\\/#breadcrumb\",\"itemListElement\":[{\"@type\":\"ListItem\",\"position\":1,\"name\":\"Startseite\",\"item\":\"https:\\\/\\\/www.toyotomi.eu\\\/de\\\/\"},{\"@type\":\"ListItem\",\"position\":2,\"name\":\"Alle Produkte\",\"item\":\"https:\\\/\\\/www.toyotomi.eu\\\/de\\\/alle-produkte\\\/\"},{\"@type\":\"ListItem\",\"position\":3,\"name\":\"Kerosun RS-220\"}]},{\"@type\":\"WebSite\",\"@id\":\"https:\\\/\\\/www.toyotomi.eu\\\/de\\\/#website\",\"url\":\"https:\\\/\\\/www.toyotomi.eu\\\/de\\\/\",\"name\":\"Toyotomi\",\"description\":\"\",\"publisher\":{\"@id\":\"https:\\\/\\\/www.toyotomi.eu\\\/de\\\/#organization\"},\"potentialAction\":[{\"@type\":\"SearchAction\",\"target\":{\"@type\":\"EntryPoint\",\"urlTemplate\":\"https:\\\/\\\/www.toyotomi.eu\\\/de\\\/?s={search_term_string}\"},\"query-input\":{\"@type\":\"PropertyValueSpecification\",\"valueRequired\":true,\"valueName\":\"search_term_string\"}}],\"inLanguage\":\"de\"},{\"@type\":\"Organization\",\"@id\":\"https:\\\/\\\/www.toyotomi.eu\\\/de\\\/#organization\",\"name\":\"Toyotomi Europe Sales B.V.\",\"alternateName\":\"Toyotomi\",\"url\":\"https:\\\/\\\/www.toyotomi.eu\\\/de\\\/\",\"logo\":{\"@type\":\"ImageObject\",\"inLanguage\":\"de\",\"@id\":\"https:\\\/\\\/www.toyotomi.eu\\\/de\\\/#\\\/schema\\\/logo\\\/image\\\/\",\"url\":\"https:\\\/\\\/www.toyotomi.eu\\\/wp-content\\\/uploads\\\/2025\\\/10\\\/logo.png\",\"contentUrl\":\"https:\\\/\\\/www.toyotomi.eu\\\/wp-content\\\/uploads\\\/2025\\\/10\\\/logo.png\",\"width\":1360,\"height\":304,\"caption\":\"Toyotomi Europe Sales B.V.\"},\"image\":{\"@id\":\"https:\\\/\\\/www.toyotomi.eu\\\/de\\\/#\\\/schema\\\/logo\\\/image\\\/\"}}]}<\/script>\n<!-- \/ Yoast SEO plugin. -->","yoast_head_json":{"title":"Kerosun RS-220 - Toyotomi","robots":{"index":"index","follow":"follow","max-snippet":"max-snippet:-1","max-image-preview":"max-image-preview:large","max-video-preview":"max-video-preview:-1"},"canonical":"https:\/\/www.toyotomi.eu\/de\/produkt\/kerosun-rs-220\/","og_locale":"de_DE","og_type":"article","og_title":"Kerosun RS-220 - Toyotomi","og_description":"Der Kerosun Heizofen Modell RS-220 ben\u00f6tigt weder Installation noch einen Rauchrohranschluss, was ihn zu einer mobilen und autonomen Heizl\u00f6sung macht. Mit einer Heizleistung von 2,2 kW kann er Bereiche von 35 bis 80 m\u00b3 mit einer Autonomie von bis zu 17,5 Stunden erw\u00e4rmen. Sein herausnehmbarer 4-Liter-Tank, das automatische Z\u00fcndsystem und die Infrarot-CO\u2082-Luftqualit\u00e4tskontrolle machen ihn praktisch und einfach zu bedienen. Ausgestattet mit einem dreifachen Sicherheitsabschaltsystem, einer geh\u00e4rteten Deckplatte und einem Kraftstofffilter f\u00fcr eine l\u00e4ngere Lebensdauer des Dochts, gew\u00e4hrleistet dieser Heizofen einen sicheren, effizienten und zuverl\u00e4ssigen Betrieb. Der in Japan hergestellte und ISO-zertifizierte RS-220 ist eine \u00e4u\u00dferst wirtschaftliche und langlebige W\u00e4rmequelle.","og_url":"https:\/\/www.toyotomi.eu\/de\/produkt\/kerosun-rs-220\/","og_site_name":"Toyotomi","article_modified_time":"2025-12-02T11:42:26+00:00","og_image":[{"width":1360,"height":304,"url":"https:\/\/www.toyotomi.eu\/wp-content\/uploads\/2025\/10\/logo.png","type":"image\/png"}],"twitter_card":"summary_large_image","schema":{"@context":"https:\/\/schema.org","@graph":[{"@type":"WebPage","@id":"https:\/\/www.toyotomi.eu\/de\/produkt\/kerosun-rs-220\/","url":"https:\/\/www.toyotomi.eu\/de\/produkt\/kerosun-rs-220\/","name":"Kerosun RS-220 - Toyotomi","isPartOf":{"@id":"https:\/\/www.toyotomi.eu\/de\/#website"},"datePublished":"2025-01-01T01:01:00+00:00","dateModified":"2025-12-02T11:42:26+00:00","breadcrumb":{"@id":"https:\/\/www.toyotomi.eu\/de\/produkt\/kerosun-rs-220\/#breadcrumb"},"inLanguage":"de","potentialAction":[{"@type":"ReadAction","target":["https:\/\/www.toyotomi.eu\/de\/produkt\/kerosun-rs-220\/"]}]},{"@type":"BreadcrumbList","@id":"https:\/\/www.toyotomi.eu\/de\/produkt\/kerosun-rs-220\/#breadcrumb","itemListElement":[{"@type":"ListItem","position":1,"name":"Startseite","item":"https:\/\/www.toyotomi.eu\/de\/"},{"@type":"ListItem","position":2,"name":"Alle Produkte","item":"https:\/\/www.toyotomi.eu\/de\/alle-produkte\/"},{"@type":"ListItem","position":3,"name":"Kerosun RS-220"}]},{"@type":"WebSite","@id":"https:\/\/www.toyotomi.eu\/de\/#website","url":"https:\/\/www.toyotomi.eu\/de\/","name":"Toyotomi","description":"","publisher":{"@id":"https:\/\/www.toyotomi.eu\/de\/#organization"},"potentialAction":[{"@type":"SearchAction","target":{"@type":"EntryPoint","urlTemplate":"https:\/\/www.toyotomi.eu\/de\/?s={search_term_string}"},"query-input":{"@type":"PropertyValueSpecification","valueRequired":true,"valueName":"search_term_string"}}],"inLanguage":"de"},{"@type":"Organization","@id":"https:\/\/www.toyotomi.eu\/de\/#organization","name":"Toyotomi Europe Sales B.V.","alternateName":"Toyotomi","url":"https:\/\/www.toyotomi.eu\/de\/","logo":{"@type":"ImageObject","inLanguage":"de","@id":"https:\/\/www.toyotomi.eu\/de\/#\/schema\/logo\/image\/","url":"https:\/\/www.toyotomi.eu\/wp-content\/uploads\/2025\/10\/logo.png","contentUrl":"https:\/\/www.toyotomi.eu\/wp-content\/uploads\/2025\/10\/logo.png","width":1360,"height":304,"caption":"Toyotomi Europe Sales B.V."},"image":{"@id":"https:\/\/www.toyotomi.eu\/de\/#\/schema\/logo\/image\/"}}]}},"_links":{"self":[{"href":"https:\/\/www.toyotomi.eu\/de\/wp-json\/wp\/v2\/product\/46157","targetHints":{"allow":["GET"]}}],"collection":[{"href":"https:\/\/www.toyotomi.eu\/de\/wp-json\/wp\/v2\/product"}],"about":[{"href":"https:\/\/www.toyotomi.eu\/de\/wp-json\/wp\/v2\/types\/product"}],"wp:attachment":[{"href":"https:\/\/www.toyotomi.eu\/de\/wp-json\/wp\/v2\/media?parent=46157"}],"wp:term":[{"taxonomy":"product_brand","embeddable":true,"href":"https:\/\/www.toyotomi.eu\/de\/wp-json\/wp\/v2\/product_brand?post=46157"},{"taxonomy":"product_cat","embeddable":true,"href":"https:\/\/www.toyotomi.eu\/de\/wp-json\/wp\/v2\/product_cat?post=46157"},{"taxonomy":"product_tag","embeddable":true,"href":"https:\/\/www.toyotomi.eu\/de\/wp-json\/wp\/v2\/product_tag?post=46157"}],"curies":[{"name":"wp","href":"https:\/\/api.w.org\/{rel}","templated":true}]}}