{"id":45639,"date":"2025-01-01T02:01:00","date_gmt":"2025-01-01T01:01:00","guid":{"rendered":"https:\/\/www.toyotomi.eu\/product\/kerosun-lc-3000\/"},"modified":"2025-12-02T11:23:42","modified_gmt":"2025-12-02T11:23:42","slug":"kerosun-lc-3000","status":"publish","type":"product","link":"https:\/\/www.toyotomi.eu\/de\/produkt\/kerosun-lc-3000\/","title":{"rendered":"Kerosun LC-3000"},"content":{"rendered":"","protected":false},"excerpt":{"rendered":"<p>Das Kerosun Laserheizger\u00e4t Modell LC-3000 ben\u00f6tigt keine Installation oder Abgasanschluss, was es zu einer vollst\u00e4ndig mobilen und autonomen Heizl\u00f6sung macht, die R\u00e4ume bis zu 120 m\u00b3 beheizen kann. Sein halbautomatischer Betrieb mit einer 24-Stunden-Programmierzeitschaltuhr, einem integrierten Thermostat und einem LCD-Bedienfeld erm\u00f6glicht eine pr\u00e4zise Temperaturregelung, w\u00e4hrend der abnehmbare 5,4-Liter-Tank eine Autonomie von bis zu 65 Stunden bietet. Ausgestattet mit einem sauberen und leisen Laserbrenner, automatischer L\u00fcfterregelung, einem SAVE-Modus f\u00fcr Energieeffizienz und Frostschutz sowie mehreren Sicherheitsvorrichtungen, darunter Flammensensoren, \u00dcberhitzungsschutz und Kippsicherung, gew\u00e4hrleistet dieses Heizger\u00e4t einen sicheren, effizienten und zuverl\u00e4ssigen Betrieb. Hergestellt in Japan nach ISO-Standards, bietet der LC-3000 fortschrittliche Technologie, Langlebigkeit und Komfort f\u00fcr moderne R\u00e4ume.   <\/p>\n","protected":false},"featured_media":39996,"template":"","meta":{"_acf_changed":false,"_eb_attr":""},"product_brand":[],"product_cat":[5940],"product_tag":[],"class_list":{"0":"post-45639","1":"product","2":"type-product","3":"status-publish","4":"has-post-thumbnail","6":"product_cat-laserofen","8":"first","9":"instock","10":"taxable","11":"shipping-taxable","12":"product-type-simple"},"acf":[],"yoast_head":"<!-- This site is optimized with the Yoast SEO plugin v27.4 - https:\/\/yoast.com\/product\/yoast-seo-wordpress\/ -->\n<title>Kerosun LC-3000 - Toyotomi<\/title>\n<meta name=\"robots\" content=\"index, follow, max-snippet:-1, max-image-preview:large, max-video-preview:-1\" \/>\n<link rel=\"canonical\" href=\"https:\/\/www.toyotomi.eu\/de\/produkt\/kerosun-lc-3000\/\" \/>\n<meta property=\"og:locale\" content=\"de_DE\" \/>\n<meta property=\"og:type\" content=\"article\" \/>\n<meta property=\"og:title\" content=\"Kerosun LC-3000 - Toyotomi\" \/>\n<meta property=\"og:description\" content=\"Das Kerosun Laserheizger\u00e4t Modell LC-3000 ben\u00f6tigt keine Installation oder Abgasanschluss, was es zu einer vollst\u00e4ndig mobilen und autonomen Heizl\u00f6sung macht, die R\u00e4ume bis zu 120 m\u00b3 beheizen kann. Sein halbautomatischer Betrieb mit einer 24-Stunden-Programmierzeitschaltuhr, einem integrierten Thermostat und einem LCD-Bedienfeld erm\u00f6glicht eine pr\u00e4zise Temperaturregelung, w\u00e4hrend der abnehmbare 5,4-Liter-Tank eine Autonomie von bis zu 65 Stunden bietet. Ausgestattet mit einem sauberen und leisen Laserbrenner, automatischer L\u00fcfterregelung, einem SAVE-Modus f\u00fcr Energieeffizienz und Frostschutz sowie mehreren Sicherheitsvorrichtungen, darunter Flammensensoren, \u00dcberhitzungsschutz und Kippsicherung, gew\u00e4hrleistet dieses Heizger\u00e4t einen sicheren, effizienten und zuverl\u00e4ssigen Betrieb. Hergestellt in Japan nach ISO-Standards, bietet der LC-3000 fortschrittliche Technologie, Langlebigkeit und Komfort f\u00fcr moderne R\u00e4ume.\" \/>\n<meta property=\"og:url\" content=\"https:\/\/www.toyotomi.eu\/de\/produkt\/kerosun-lc-3000\/\" \/>\n<meta property=\"og:site_name\" content=\"Toyotomi\" \/>\n<meta property=\"article:modified_time\" content=\"2025-12-02T11:23:42+00:00\" \/>\n<meta property=\"og:image\" content=\"https:\/\/www.toyotomi.eu\/wp-content\/uploads\/2023\/04\/Kerosun-LC-3000.jpg\" \/>\n\t<meta property=\"og:image:width\" content=\"1000\" \/>\n\t<meta property=\"og:image:height\" content=\"1000\" \/>\n\t<meta property=\"og:image:type\" content=\"image\/jpeg\" \/>\n<meta name=\"twitter:card\" content=\"summary_large_image\" \/>\n<script type=\"application\/ld+json\" class=\"yoast-schema-graph\">{\"@context\":\"https:\\\/\\\/schema.org\",\"@graph\":[{\"@type\":\"WebPage\",\"@id\":\"https:\\\/\\\/www.toyotomi.eu\\\/de\\\/produkt\\\/kerosun-lc-3000\\\/\",\"url\":\"https:\\\/\\\/www.toyotomi.eu\\\/de\\\/produkt\\\/kerosun-lc-3000\\\/\",\"name\":\"Kerosun LC-3000 - Toyotomi\",\"isPartOf\":{\"@id\":\"https:\\\/\\\/www.toyotomi.eu\\\/de\\\/#website\"},\"primaryImageOfPage\":{\"@id\":\"https:\\\/\\\/www.toyotomi.eu\\\/de\\\/produkt\\\/kerosun-lc-3000\\\/#primaryimage\"},\"image\":{\"@id\":\"https:\\\/\\\/www.toyotomi.eu\\\/de\\\/produkt\\\/kerosun-lc-3000\\\/#primaryimage\"},\"thumbnailUrl\":\"https:\\\/\\\/www.toyotomi.eu\\\/wp-content\\\/uploads\\\/2023\\\/04\\\/Kerosun-LC-3000.jpg\",\"datePublished\":\"2025-01-01T01:01:00+00:00\",\"dateModified\":\"2025-12-02T11:23:42+00:00\",\"breadcrumb\":{\"@id\":\"https:\\\/\\\/www.toyotomi.eu\\\/de\\\/produkt\\\/kerosun-lc-3000\\\/#breadcrumb\"},\"inLanguage\":\"de\",\"potentialAction\":[{\"@type\":\"ReadAction\",\"target\":[\"https:\\\/\\\/www.toyotomi.eu\\\/de\\\/produkt\\\/kerosun-lc-3000\\\/\"]}]},{\"@type\":\"ImageObject\",\"inLanguage\":\"de\",\"@id\":\"https:\\\/\\\/www.toyotomi.eu\\\/de\\\/produkt\\\/kerosun-lc-3000\\\/#primaryimage\",\"url\":\"https:\\\/\\\/www.toyotomi.eu\\\/wp-content\\\/uploads\\\/2023\\\/04\\\/Kerosun-LC-3000.jpg\",\"contentUrl\":\"https:\\\/\\\/www.toyotomi.eu\\\/wp-content\\\/uploads\\\/2023\\\/04\\\/Kerosun-LC-3000.jpg\",\"width\":1000,\"height\":1000},{\"@type\":\"BreadcrumbList\",\"@id\":\"https:\\\/\\\/www.toyotomi.eu\\\/de\\\/produkt\\\/kerosun-lc-3000\\\/#breadcrumb\",\"itemListElement\":[{\"@type\":\"ListItem\",\"position\":1,\"name\":\"Startseite\",\"item\":\"https:\\\/\\\/www.toyotomi.eu\\\/de\\\/\"},{\"@type\":\"ListItem\",\"position\":2,\"name\":\"Alle Produkte\",\"item\":\"https:\\\/\\\/www.toyotomi.eu\\\/de\\\/alle-produkte\\\/\"},{\"@type\":\"ListItem\",\"position\":3,\"name\":\"Kerosun LC-3000\"}]},{\"@type\":\"WebSite\",\"@id\":\"https:\\\/\\\/www.toyotomi.eu\\\/de\\\/#website\",\"url\":\"https:\\\/\\\/www.toyotomi.eu\\\/de\\\/\",\"name\":\"Toyotomi\",\"description\":\"\",\"publisher\":{\"@id\":\"https:\\\/\\\/www.toyotomi.eu\\\/de\\\/#organization\"},\"potentialAction\":[{\"@type\":\"SearchAction\",\"target\":{\"@type\":\"EntryPoint\",\"urlTemplate\":\"https:\\\/\\\/www.toyotomi.eu\\\/de\\\/?s={search_term_string}\"},\"query-input\":{\"@type\":\"PropertyValueSpecification\",\"valueRequired\":true,\"valueName\":\"search_term_string\"}}],\"inLanguage\":\"de\"},{\"@type\":\"Organization\",\"@id\":\"https:\\\/\\\/www.toyotomi.eu\\\/de\\\/#organization\",\"name\":\"Toyotomi Europe Sales B.V.\",\"alternateName\":\"Toyotomi\",\"url\":\"https:\\\/\\\/www.toyotomi.eu\\\/de\\\/\",\"logo\":{\"@type\":\"ImageObject\",\"inLanguage\":\"de\",\"@id\":\"https:\\\/\\\/www.toyotomi.eu\\\/de\\\/#\\\/schema\\\/logo\\\/image\\\/\",\"url\":\"https:\\\/\\\/www.toyotomi.eu\\\/wp-content\\\/uploads\\\/2025\\\/10\\\/logo.png\",\"contentUrl\":\"https:\\\/\\\/www.toyotomi.eu\\\/wp-content\\\/uploads\\\/2025\\\/10\\\/logo.png\",\"width\":1360,\"height\":304,\"caption\":\"Toyotomi Europe Sales B.V.\"},\"image\":{\"@id\":\"https:\\\/\\\/www.toyotomi.eu\\\/de\\\/#\\\/schema\\\/logo\\\/image\\\/\"}}]}<\/script>\n<!-- \/ Yoast SEO plugin. -->","yoast_head_json":{"title":"Kerosun LC-3000 - Toyotomi","robots":{"index":"index","follow":"follow","max-snippet":"max-snippet:-1","max-image-preview":"max-image-preview:large","max-video-preview":"max-video-preview:-1"},"canonical":"https:\/\/www.toyotomi.eu\/de\/produkt\/kerosun-lc-3000\/","og_locale":"de_DE","og_type":"article","og_title":"Kerosun LC-3000 - Toyotomi","og_description":"Das Kerosun Laserheizger\u00e4t Modell LC-3000 ben\u00f6tigt keine Installation oder Abgasanschluss, was es zu einer vollst\u00e4ndig mobilen und autonomen Heizl\u00f6sung macht, die R\u00e4ume bis zu 120 m\u00b3 beheizen kann. Sein halbautomatischer Betrieb mit einer 24-Stunden-Programmierzeitschaltuhr, einem integrierten Thermostat und einem LCD-Bedienfeld erm\u00f6glicht eine pr\u00e4zise Temperaturregelung, w\u00e4hrend der abnehmbare 5,4-Liter-Tank eine Autonomie von bis zu 65 Stunden bietet. Ausgestattet mit einem sauberen und leisen Laserbrenner, automatischer L\u00fcfterregelung, einem SAVE-Modus f\u00fcr Energieeffizienz und Frostschutz sowie mehreren Sicherheitsvorrichtungen, darunter Flammensensoren, \u00dcberhitzungsschutz und Kippsicherung, gew\u00e4hrleistet dieses Heizger\u00e4t einen sicheren, effizienten und zuverl\u00e4ssigen Betrieb. Hergestellt in Japan nach ISO-Standards, bietet der LC-3000 fortschrittliche Technologie, Langlebigkeit und Komfort f\u00fcr moderne R\u00e4ume.","og_url":"https:\/\/www.toyotomi.eu\/de\/produkt\/kerosun-lc-3000\/","og_site_name":"Toyotomi","article_modified_time":"2025-12-02T11:23:42+00:00","og_image":[{"width":1000,"height":1000,"url":"https:\/\/www.toyotomi.eu\/wp-content\/uploads\/2023\/04\/Kerosun-LC-3000.jpg","type":"image\/jpeg"}],"twitter_card":"summary_large_image","schema":{"@context":"https:\/\/schema.org","@graph":[{"@type":"WebPage","@id":"https:\/\/www.toyotomi.eu\/de\/produkt\/kerosun-lc-3000\/","url":"https:\/\/www.toyotomi.eu\/de\/produkt\/kerosun-lc-3000\/","name":"Kerosun LC-3000 - Toyotomi","isPartOf":{"@id":"https:\/\/www.toyotomi.eu\/de\/#website"},"primaryImageOfPage":{"@id":"https:\/\/www.toyotomi.eu\/de\/produkt\/kerosun-lc-3000\/#primaryimage"},"image":{"@id":"https:\/\/www.toyotomi.eu\/de\/produkt\/kerosun-lc-3000\/#primaryimage"},"thumbnailUrl":"https:\/\/www.toyotomi.eu\/wp-content\/uploads\/2023\/04\/Kerosun-LC-3000.jpg","datePublished":"2025-01-01T01:01:00+00:00","dateModified":"2025-12-02T11:23:42+00:00","breadcrumb":{"@id":"https:\/\/www.toyotomi.eu\/de\/produkt\/kerosun-lc-3000\/#breadcrumb"},"inLanguage":"de","potentialAction":[{"@type":"ReadAction","target":["https:\/\/www.toyotomi.eu\/de\/produkt\/kerosun-lc-3000\/"]}]},{"@type":"ImageObject","inLanguage":"de","@id":"https:\/\/www.toyotomi.eu\/de\/produkt\/kerosun-lc-3000\/#primaryimage","url":"https:\/\/www.toyotomi.eu\/wp-content\/uploads\/2023\/04\/Kerosun-LC-3000.jpg","contentUrl":"https:\/\/www.toyotomi.eu\/wp-content\/uploads\/2023\/04\/Kerosun-LC-3000.jpg","width":1000,"height":1000},{"@type":"BreadcrumbList","@id":"https:\/\/www.toyotomi.eu\/de\/produkt\/kerosun-lc-3000\/#breadcrumb","itemListElement":[{"@type":"ListItem","position":1,"name":"Startseite","item":"https:\/\/www.toyotomi.eu\/de\/"},{"@type":"ListItem","position":2,"name":"Alle Produkte","item":"https:\/\/www.toyotomi.eu\/de\/alle-produkte\/"},{"@type":"ListItem","position":3,"name":"Kerosun LC-3000"}]},{"@type":"WebSite","@id":"https:\/\/www.toyotomi.eu\/de\/#website","url":"https:\/\/www.toyotomi.eu\/de\/","name":"Toyotomi","description":"","publisher":{"@id":"https:\/\/www.toyotomi.eu\/de\/#organization"},"potentialAction":[{"@type":"SearchAction","target":{"@type":"EntryPoint","urlTemplate":"https:\/\/www.toyotomi.eu\/de\/?s={search_term_string}"},"query-input":{"@type":"PropertyValueSpecification","valueRequired":true,"valueName":"search_term_string"}}],"inLanguage":"de"},{"@type":"Organization","@id":"https:\/\/www.toyotomi.eu\/de\/#organization","name":"Toyotomi Europe Sales B.V.","alternateName":"Toyotomi","url":"https:\/\/www.toyotomi.eu\/de\/","logo":{"@type":"ImageObject","inLanguage":"de","@id":"https:\/\/www.toyotomi.eu\/de\/#\/schema\/logo\/image\/","url":"https:\/\/www.toyotomi.eu\/wp-content\/uploads\/2025\/10\/logo.png","contentUrl":"https:\/\/www.toyotomi.eu\/wp-content\/uploads\/2025\/10\/logo.png","width":1360,"height":304,"caption":"Toyotomi Europe Sales B.V."},"image":{"@id":"https:\/\/www.toyotomi.eu\/de\/#\/schema\/logo\/image\/"}}]}},"_links":{"self":[{"href":"https:\/\/www.toyotomi.eu\/de\/wp-json\/wp\/v2\/product\/45639","targetHints":{"allow":["GET"]}}],"collection":[{"href":"https:\/\/www.toyotomi.eu\/de\/wp-json\/wp\/v2\/product"}],"about":[{"href":"https:\/\/www.toyotomi.eu\/de\/wp-json\/wp\/v2\/types\/product"}],"wp:featuredmedia":[{"embeddable":true,"href":"https:\/\/www.toyotomi.eu\/de\/wp-json\/wp\/v2\/media\/39996"}],"wp:attachment":[{"href":"https:\/\/www.toyotomi.eu\/de\/wp-json\/wp\/v2\/media?parent=45639"}],"wp:term":[{"taxonomy":"product_brand","embeddable":true,"href":"https:\/\/www.toyotomi.eu\/de\/wp-json\/wp\/v2\/product_brand?post=45639"},{"taxonomy":"product_cat","embeddable":true,"href":"https:\/\/www.toyotomi.eu\/de\/wp-json\/wp\/v2\/product_cat?post=45639"},{"taxonomy":"product_tag","embeddable":true,"href":"https:\/\/www.toyotomi.eu\/de\/wp-json\/wp\/v2\/product_tag?post=45639"}],"curies":[{"name":"wp","href":"https:\/\/api.w.org\/{rel}","templated":true}]}}