{"id":45555,"date":"2025-01-01T02:01:27","date_gmt":"2025-01-01T01:01:27","guid":{"rendered":"https:\/\/www.toyotomi.eu\/product\/toyotomi-lc-2130\/"},"modified":"2025-12-02T11:35:43","modified_gmt":"2025-12-02T11:35:43","slug":"toyotomi-lc-2130","status":"publish","type":"product","link":"https:\/\/www.toyotomi.eu\/de\/produkt\/toyotomi-lc-2130\/","title":{"rendered":"Toyotomi LC-2130"},"content":{"rendered":"","protected":false},"excerpt":{"rendered":"<p>Der Toyotomi Laser Clean Heizofen LC-2130 ist mit dem neuesten elektronischen 3,0 kW Brenner ausgestattet, der saubere und sparsame W\u00e4rme liefert. Er ben\u00f6tigt keinerlei Installation, schlie\u00dfen Sie einfach den Netzstecker an. Er ist sehr einfach zu bedienen und kann ein Volumen von bis zu 120 m\u00b3 beheizen. Im Betrieb verbraucht er nur 13 Watt, was ihn zu einem idealen, sicheren, hocheffizienten und sparsamen raumluftunabh\u00e4ngigen Raumheizger\u00e4t macht.   <\/p>\n","protected":false},"featured_media":53160,"template":"","meta":{"_acf_changed":false,"_eb_attr":""},"product_brand":[],"product_cat":[5940],"product_tag":[],"class_list":{"0":"post-45555","1":"product","2":"type-product","3":"status-publish","4":"has-post-thumbnail","6":"product_cat-laserofen","8":"first","9":"instock","10":"taxable","11":"shipping-taxable","12":"product-type-simple"},"acf":[],"yoast_head":"<!-- This site is optimized with the Yoast SEO plugin v27.5 - https:\/\/yoast.com\/product\/yoast-seo-wordpress\/ -->\n<title>Toyotomi LC-2130 - Toyotomi<\/title>\n<meta name=\"robots\" content=\"index, follow, max-snippet:-1, max-image-preview:large, max-video-preview:-1\" \/>\n<link rel=\"canonical\" href=\"https:\/\/www.toyotomi.eu\/de\/produkt\/toyotomi-lc-2130\/\" \/>\n<meta property=\"og:locale\" content=\"de_DE\" \/>\n<meta property=\"og:type\" content=\"article\" \/>\n<meta property=\"og:title\" content=\"Toyotomi LC-2130 - Toyotomi\" \/>\n<meta property=\"og:description\" content=\"Der Toyotomi Laser Clean Heizofen LC-2130 ist mit dem neuesten elektronischen 3,0 kW Brenner ausgestattet, der saubere und sparsame W\u00e4rme liefert. Er ben\u00f6tigt keinerlei Installation, schlie\u00dfen Sie einfach den Netzstecker an. Er ist sehr einfach zu bedienen und kann ein Volumen von bis zu 120 m\u00b3 beheizen. Im Betrieb verbraucht er nur 13 Watt, was ihn zu einem idealen, sicheren, hocheffizienten und sparsamen raumluftunabh\u00e4ngigen Raumheizger\u00e4t macht.\" \/>\n<meta property=\"og:url\" content=\"https:\/\/www.toyotomi.eu\/de\/produkt\/toyotomi-lc-2130\/\" \/>\n<meta property=\"og:site_name\" content=\"Toyotomi\" \/>\n<meta property=\"article:modified_time\" content=\"2025-12-02T11:35:43+00:00\" \/>\n<meta property=\"og:image\" content=\"https:\/\/www.toyotomi.eu\/wp-content\/uploads\/2024\/01\/LC-32GF-TE2S.jpg\" \/>\n\t<meta property=\"og:image:width\" content=\"710\" \/>\n\t<meta property=\"og:image:height\" content=\"850\" \/>\n\t<meta property=\"og:image:type\" content=\"image\/jpeg\" \/>\n<meta name=\"twitter:card\" content=\"summary_large_image\" \/>\n<script type=\"application\/ld+json\" class=\"yoast-schema-graph\">{\"@context\":\"https:\\\/\\\/schema.org\",\"@graph\":[{\"@type\":\"WebPage\",\"@id\":\"https:\\\/\\\/www.toyotomi.eu\\\/de\\\/produkt\\\/toyotomi-lc-2130\\\/\",\"url\":\"https:\\\/\\\/www.toyotomi.eu\\\/de\\\/produkt\\\/toyotomi-lc-2130\\\/\",\"name\":\"Toyotomi LC-2130 - Toyotomi\",\"isPartOf\":{\"@id\":\"https:\\\/\\\/www.toyotomi.eu\\\/de\\\/#website\"},\"primaryImageOfPage\":{\"@id\":\"https:\\\/\\\/www.toyotomi.eu\\\/de\\\/produkt\\\/toyotomi-lc-2130\\\/#primaryimage\"},\"image\":{\"@id\":\"https:\\\/\\\/www.toyotomi.eu\\\/de\\\/produkt\\\/toyotomi-lc-2130\\\/#primaryimage\"},\"thumbnailUrl\":\"https:\\\/\\\/www.toyotomi.eu\\\/wp-content\\\/uploads\\\/2022\\\/11\\\/LC-32GF-TE2S.jpg\",\"datePublished\":\"2025-01-01T01:01:27+00:00\",\"dateModified\":\"2025-12-02T11:35:43+00:00\",\"breadcrumb\":{\"@id\":\"https:\\\/\\\/www.toyotomi.eu\\\/de\\\/produkt\\\/toyotomi-lc-2130\\\/#breadcrumb\"},\"inLanguage\":\"de\",\"potentialAction\":[{\"@type\":\"ReadAction\",\"target\":[\"https:\\\/\\\/www.toyotomi.eu\\\/de\\\/produkt\\\/toyotomi-lc-2130\\\/\"]}]},{\"@type\":\"ImageObject\",\"inLanguage\":\"de\",\"@id\":\"https:\\\/\\\/www.toyotomi.eu\\\/de\\\/produkt\\\/toyotomi-lc-2130\\\/#primaryimage\",\"url\":\"https:\\\/\\\/www.toyotomi.eu\\\/wp-content\\\/uploads\\\/2022\\\/11\\\/LC-32GF-TE2S.jpg\",\"contentUrl\":\"https:\\\/\\\/www.toyotomi.eu\\\/wp-content\\\/uploads\\\/2022\\\/11\\\/LC-32GF-TE2S.jpg\",\"width\":710,\"height\":850},{\"@type\":\"BreadcrumbList\",\"@id\":\"https:\\\/\\\/www.toyotomi.eu\\\/de\\\/produkt\\\/toyotomi-lc-2130\\\/#breadcrumb\",\"itemListElement\":[{\"@type\":\"ListItem\",\"position\":1,\"name\":\"Startseite\",\"item\":\"https:\\\/\\\/www.toyotomi.eu\\\/de\\\/\"},{\"@type\":\"ListItem\",\"position\":2,\"name\":\"Alle Produkte\",\"item\":\"https:\\\/\\\/www.toyotomi.eu\\\/de\\\/alle-produkte\\\/\"},{\"@type\":\"ListItem\",\"position\":3,\"name\":\"Toyotomi LC-2130\"}]},{\"@type\":\"WebSite\",\"@id\":\"https:\\\/\\\/www.toyotomi.eu\\\/de\\\/#website\",\"url\":\"https:\\\/\\\/www.toyotomi.eu\\\/de\\\/\",\"name\":\"Toyotomi\",\"description\":\"\",\"publisher\":{\"@id\":\"https:\\\/\\\/www.toyotomi.eu\\\/de\\\/#organization\"},\"potentialAction\":[{\"@type\":\"SearchAction\",\"target\":{\"@type\":\"EntryPoint\",\"urlTemplate\":\"https:\\\/\\\/www.toyotomi.eu\\\/de\\\/?s={search_term_string}\"},\"query-input\":{\"@type\":\"PropertyValueSpecification\",\"valueRequired\":true,\"valueName\":\"search_term_string\"}}],\"inLanguage\":\"de\"},{\"@type\":\"Organization\",\"@id\":\"https:\\\/\\\/www.toyotomi.eu\\\/de\\\/#organization\",\"name\":\"Toyotomi Europe Sales B.V.\",\"alternateName\":\"Toyotomi\",\"url\":\"https:\\\/\\\/www.toyotomi.eu\\\/de\\\/\",\"logo\":{\"@type\":\"ImageObject\",\"inLanguage\":\"de\",\"@id\":\"https:\\\/\\\/www.toyotomi.eu\\\/de\\\/#\\\/schema\\\/logo\\\/image\\\/\",\"url\":\"https:\\\/\\\/www.toyotomi.eu\\\/wp-content\\\/uploads\\\/2025\\\/10\\\/logo.png\",\"contentUrl\":\"https:\\\/\\\/www.toyotomi.eu\\\/wp-content\\\/uploads\\\/2025\\\/10\\\/logo.png\",\"width\":1360,\"height\":304,\"caption\":\"Toyotomi Europe Sales B.V.\"},\"image\":{\"@id\":\"https:\\\/\\\/www.toyotomi.eu\\\/de\\\/#\\\/schema\\\/logo\\\/image\\\/\"}}]}<\/script>\n<!-- \/ Yoast SEO plugin. -->","yoast_head_json":{"title":"Toyotomi LC-2130 - Toyotomi","robots":{"index":"index","follow":"follow","max-snippet":"max-snippet:-1","max-image-preview":"max-image-preview:large","max-video-preview":"max-video-preview:-1"},"canonical":"https:\/\/www.toyotomi.eu\/de\/produkt\/toyotomi-lc-2130\/","og_locale":"de_DE","og_type":"article","og_title":"Toyotomi LC-2130 - Toyotomi","og_description":"Der Toyotomi Laser Clean Heizofen LC-2130 ist mit dem neuesten elektronischen 3,0 kW Brenner ausgestattet, der saubere und sparsame W\u00e4rme liefert. Er ben\u00f6tigt keinerlei Installation, schlie\u00dfen Sie einfach den Netzstecker an. Er ist sehr einfach zu bedienen und kann ein Volumen von bis zu 120 m\u00b3 beheizen. Im Betrieb verbraucht er nur 13 Watt, was ihn zu einem idealen, sicheren, hocheffizienten und sparsamen raumluftunabh\u00e4ngigen Raumheizger\u00e4t macht.","og_url":"https:\/\/www.toyotomi.eu\/de\/produkt\/toyotomi-lc-2130\/","og_site_name":"Toyotomi","article_modified_time":"2025-12-02T11:35:43+00:00","og_image":[{"width":710,"height":850,"url":"https:\/\/www.toyotomi.eu\/wp-content\/uploads\/2024\/01\/LC-32GF-TE2S.jpg","type":"image\/jpeg"}],"twitter_card":"summary_large_image","schema":{"@context":"https:\/\/schema.org","@graph":[{"@type":"WebPage","@id":"https:\/\/www.toyotomi.eu\/de\/produkt\/toyotomi-lc-2130\/","url":"https:\/\/www.toyotomi.eu\/de\/produkt\/toyotomi-lc-2130\/","name":"Toyotomi LC-2130 - Toyotomi","isPartOf":{"@id":"https:\/\/www.toyotomi.eu\/de\/#website"},"primaryImageOfPage":{"@id":"https:\/\/www.toyotomi.eu\/de\/produkt\/toyotomi-lc-2130\/#primaryimage"},"image":{"@id":"https:\/\/www.toyotomi.eu\/de\/produkt\/toyotomi-lc-2130\/#primaryimage"},"thumbnailUrl":"https:\/\/www.toyotomi.eu\/wp-content\/uploads\/2022\/11\/LC-32GF-TE2S.jpg","datePublished":"2025-01-01T01:01:27+00:00","dateModified":"2025-12-02T11:35:43+00:00","breadcrumb":{"@id":"https:\/\/www.toyotomi.eu\/de\/produkt\/toyotomi-lc-2130\/#breadcrumb"},"inLanguage":"de","potentialAction":[{"@type":"ReadAction","target":["https:\/\/www.toyotomi.eu\/de\/produkt\/toyotomi-lc-2130\/"]}]},{"@type":"ImageObject","inLanguage":"de","@id":"https:\/\/www.toyotomi.eu\/de\/produkt\/toyotomi-lc-2130\/#primaryimage","url":"https:\/\/www.toyotomi.eu\/wp-content\/uploads\/2022\/11\/LC-32GF-TE2S.jpg","contentUrl":"https:\/\/www.toyotomi.eu\/wp-content\/uploads\/2022\/11\/LC-32GF-TE2S.jpg","width":710,"height":850},{"@type":"BreadcrumbList","@id":"https:\/\/www.toyotomi.eu\/de\/produkt\/toyotomi-lc-2130\/#breadcrumb","itemListElement":[{"@type":"ListItem","position":1,"name":"Startseite","item":"https:\/\/www.toyotomi.eu\/de\/"},{"@type":"ListItem","position":2,"name":"Alle Produkte","item":"https:\/\/www.toyotomi.eu\/de\/alle-produkte\/"},{"@type":"ListItem","position":3,"name":"Toyotomi LC-2130"}]},{"@type":"WebSite","@id":"https:\/\/www.toyotomi.eu\/de\/#website","url":"https:\/\/www.toyotomi.eu\/de\/","name":"Toyotomi","description":"","publisher":{"@id":"https:\/\/www.toyotomi.eu\/de\/#organization"},"potentialAction":[{"@type":"SearchAction","target":{"@type":"EntryPoint","urlTemplate":"https:\/\/www.toyotomi.eu\/de\/?s={search_term_string}"},"query-input":{"@type":"PropertyValueSpecification","valueRequired":true,"valueName":"search_term_string"}}],"inLanguage":"de"},{"@type":"Organization","@id":"https:\/\/www.toyotomi.eu\/de\/#organization","name":"Toyotomi Europe Sales B.V.","alternateName":"Toyotomi","url":"https:\/\/www.toyotomi.eu\/de\/","logo":{"@type":"ImageObject","inLanguage":"de","@id":"https:\/\/www.toyotomi.eu\/de\/#\/schema\/logo\/image\/","url":"https:\/\/www.toyotomi.eu\/wp-content\/uploads\/2025\/10\/logo.png","contentUrl":"https:\/\/www.toyotomi.eu\/wp-content\/uploads\/2025\/10\/logo.png","width":1360,"height":304,"caption":"Toyotomi Europe Sales B.V."},"image":{"@id":"https:\/\/www.toyotomi.eu\/de\/#\/schema\/logo\/image\/"}}]}},"_links":{"self":[{"href":"https:\/\/www.toyotomi.eu\/de\/wp-json\/wp\/v2\/product\/45555","targetHints":{"allow":["GET"]}}],"collection":[{"href":"https:\/\/www.toyotomi.eu\/de\/wp-json\/wp\/v2\/product"}],"about":[{"href":"https:\/\/www.toyotomi.eu\/de\/wp-json\/wp\/v2\/types\/product"}],"wp:featuredmedia":[{"embeddable":true,"href":"https:\/\/www.toyotomi.eu\/de\/wp-json\/wp\/v2\/media\/53160"}],"wp:attachment":[{"href":"https:\/\/www.toyotomi.eu\/de\/wp-json\/wp\/v2\/media?parent=45555"}],"wp:term":[{"taxonomy":"product_brand","embeddable":true,"href":"https:\/\/www.toyotomi.eu\/de\/wp-json\/wp\/v2\/product_brand?post=45555"},{"taxonomy":"product_cat","embeddable":true,"href":"https:\/\/www.toyotomi.eu\/de\/wp-json\/wp\/v2\/product_cat?post=45555"},{"taxonomy":"product_tag","embeddable":true,"href":"https:\/\/www.toyotomi.eu\/de\/wp-json\/wp\/v2\/product_tag?post=45555"}],"curies":[{"name":"wp","href":"https:\/\/api.w.org\/{rel}","templated":true}]}}