{"id":38260,"date":"2025-01-01T00:00:32","date_gmt":"2024-12-31T23:00:32","guid":{"rendered":"https:\/\/www.toyotomi.eu\/kundenservice\/garantie\/"},"modified":"2026-04-02T16:47:23","modified_gmt":"2026-04-02T14:47:23","slug":"garantie","status":"publish","type":"page","link":"https:\/\/www.toyotomi.eu\/de\/kundenservice\/garantie\/","title":{"rendered":"Garantie"},"content":{"rendered":"\n<div class=\"wp-block-essential-blocks-wrapper alignfull  root-eb-wrapper-l71oh\"><div class=\"eb-parent-wrapper eb-parent-eb-wrapper-l71oh \"><div class=\"eb-wrapper-outer eb-wrapper-l71oh\"><div class=\"eb-wrapper-inner\"><div class=\"eb-wrapper-inner-blocks eb-wrapper-align-center\">\n<div class=\"wp-block-essential-blocks-row alignfull  root-eb-row-ve2jw\"><div class=\"eb-parent-wrapper eb-parent-eb-row-ve2jw \"><div class=\"eb-row-root-container eb-row-ve2jw\" data-id=\"eb-row-ve2jw\"><div class=\"eb-row-wrapper\"><div class=\"eb-row-inner\">\n<div class=\"wp-block-essential-blocks-column  root-eb-column-09yfp\"><div class=\"eb-parent-wrapper eb-parent-eb-column-09yfp \"><div class=\"eb-column-wrapper eb-column-09yfp\"><div class=\"eb-column-inner\">\n        <div class=\"root-eb-breadcrumb-56bzo wp-block-essential-blocks-breadcrumbs\">\n            <div class=\"eb-parent-wrapper eb-parent-eb-breadcrumb-56bzo \">\n                <div aria-label=\"Breadcrumb\" class=\"eb-breadcrumb-wrapper eb-breadcrumb-56bzo\" data-id=\"eb-breadcrumb-56bzo\">\n                    \n                    <div class=\"eb-breadcrumb\"><span class=\"eb-breadcrumb-item\"><a href=\"https:\/\/www.toyotomi.eu\/de\/\">Home<\/a><\/span><span class=\"eb-breadcrumb-separator\">\/<\/span><span class=\"eb-breadcrumb-item current\">Seite<\/span><\/div>\n                <\/div>\n            <\/div>\n        <\/div><\/div><\/div><\/div><\/div>\n<\/div><\/div><\/div><\/div><\/div>\n<\/div><\/div><\/div><\/div><\/div>\n\n<div class=\"wp-block-essential-blocks-wrapper alignfull  root-eb-wrapper-qljji\"><div class=\"eb-parent-wrapper eb-parent-eb-wrapper-qljji \"><div class=\"eb-wrapper-outer eb-wrapper-qljji\"><div class=\"eb-wrapper-inner\"><div class=\"eb-wrapper-inner-blocks eb-wrapper-align-center\">\n<div class=\"wp-block-essential-blocks-row alignfull  root-eb-row-geair\"><div class=\"eb-parent-wrapper eb-parent-eb-row-geair \"><div class=\"eb-row-root-container eb-row-geair\" data-id=\"eb-row-geair\"><div class=\"eb-row-wrapper\"><div class=\"eb-row-inner\">\n<div class=\"wp-block-essential-blocks-column  root-eb-column-jaxdk\"><div class=\"eb-parent-wrapper eb-parent-eb-column-jaxdk \"><div class=\"eb-column-wrapper eb-column-jaxdk\"><div class=\"eb-column-inner\">\n<h1 class=\"wp-block-heading\">Standardgarantie auf Produkte<\/h1>\n\n\n\n<p>F\u00fcr Produkte von Toyotomi gilt eine standardm\u00e4\u00dfige Herstellergarantie, die vollst\u00e4ndig mit den aktuellen europ\u00e4ischen Gesetzen \u00fcbereinstimmt.<\/p>\n<\/div><\/div><\/div><\/div>\n\n\n\n<div class=\"wp-block-essential-blocks-column  root-eb-column-a2uxc\"><div class=\"eb-parent-wrapper eb-parent-eb-column-a2uxc \"><div class=\"eb-column-wrapper eb-column-a2uxc\"><div class=\"eb-column-inner\">\n<h2 class=\"wp-block-heading\">Garantiebedingungen<\/h2>\n\n\n\n<p>Die Standardgarantie deckt Material- und Verarbeitungsfehler bei normalem Gebrauch und ordnungsgem\u00e4\u00dfer Wartung ab. Die vollst\u00e4ndigen Garantiebestimmungen, einschlie\u00dflich Einzelheiten zu Deckung, Ausschl\u00fcssen und Bedingungen, sind in der <strong>Bedienungsanleitung beschrieben, die jedem Produkt beiliegt<\/strong>. <\/p>\n\n\n\n<p>Die meisten Bedienungsanleitungen k\u00f6nnen auch \u00fcber diese Website eingesehen oder heruntergeladen werden, indem Sie die entsprechende Produktseite besuchen.<\/p>\n\n\n\n<p><strong>Hinweis:<\/strong> Diese Informationen dienen nur als allgemeine Referenz. Die rechtsverbindlichen und ma\u00dfgeblichen Garantiebedingungen f\u00fcr Ihr Produkt sind dem Produkt zum Zeitpunkt des Kaufs beigef\u00fcgt. <\/p>\n\n\n\n<hr class=\"wp-block-separator has-text-color has-alpha-channel-opacity has-background is-style-default\" style=\"margin-top:var(--wp--preset--spacing--small);margin-bottom:var(--wp--preset--spacing--small);background-color:#cccccc;color:#cccccc\"\/>\n\n\n\n<h2 class=\"wp-block-heading\">Garantiezeiten nach Marke<\/h2>\n\n\n\n<h3 class=\"wp-block-heading\"><strong>Toyotomi<\/strong><\/h3>\n\n\n\n<p>Gedeckt durch eine <strong>5-Jahres-Garantie<\/strong> ab Kaufdatum.<\/p>\n\n\n\n<h3 class=\"wp-block-heading\"><strong>Zibro<\/strong><\/h3>\n\n\n\n<p>Gedeckt durch eine <strong>5-Jahres-Garantie<\/strong> ab Kaufdatum.<\/p>\n\n\n\n<h3 class=\"wp-block-heading\"><strong>Toyoset<\/strong><\/h3>\n\n\n\n<p>Gedeckt durch eine <strong>2-Jahres-Garantie<\/strong> ab Kaufdatum.<\/p>\n\n\n\n<h3 class=\"wp-block-heading\"><strong>Kerosun<\/strong><\/h3>\n\n\n\n<p>Gedeckt durch eine <strong>2-Jahres-Garantie<\/strong> ab Kaufdatum.<\/p>\n\n\n\n<h3 class=\"wp-block-heading\"><strong>GEAR MISSION<\/strong><\/h3>\n\n\n\n<p>Gedeckt durch eine <strong>2-Jahres-Garantie<\/strong> ab Kaufdatum.<\/p>\n\n\n\n<hr class=\"wp-block-separator has-text-color has-alpha-channel-opacity has-background is-style-default\" style=\"margin-top:var(--wp--preset--spacing--small);margin-bottom:var(--wp--preset--spacing--small);background-color:#cccccc;color:#cccccc\"\/>\n\n\n\n<p>Wenn die europ\u00e4ische Verbrauchergesetzgebung eine l\u00e4ngere Mindestgarantiezeit als oben angegeben vorsieht, gilt die gesetzlich vorgeschriebene Mindestgarantiezeit. Die Garantiebedingungen k\u00f6nnen daher je nach EU-Kaufland variieren. <\/p>\n<\/div><\/div><\/div><\/div>\n<\/div><\/div><\/div><\/div><\/div>\n<\/div><\/div><\/div><\/div><\/div>\n\n<div class=\"wp-block-essential-blocks-wrapper alignfull  root-eb-wrapper-kxbg4\"><div class=\"eb-parent-wrapper eb-parent-eb-wrapper-kxbg4 \"><div class=\"eb-wrapper-outer eb-wrapper-kxbg4\"><div class=\"eb-wrapper-inner\"><div class=\"eb-wrapper-inner-blocks eb-wrapper-align-center\">\n<div class=\"wp-block-essential-blocks-row alignfull  root-eb-row-4i94n\"><div class=\"eb-parent-wrapper eb-parent-eb-row-4i94n \"><div class=\"eb-row-root-container eb-row-4i94n\" data-id=\"eb-row-4i94n\"><div class=\"eb-row-wrapper\"><div class=\"eb-row-inner\">\n<div class=\"wp-block-essential-blocks-column  root-eb-column-fmghx\"><div class=\"eb-parent-wrapper eb-parent-eb-column-fmghx \"><div class=\"eb-column-wrapper eb-column-fmghx\"><div class=\"eb-column-inner\">\n<h2 class=\"wp-block-heading has-text-align-left has-x-large-font-size\">Produktregistrierung<\/h2>\n\n\n\n<p>Wir empfehlen, Ihr Toyotomi-Produkt sofort nach dem Kauf zu registrieren, um eine effiziente Garantieabwicklung und Serviceunterst\u00fctzung zu gew\u00e4hrleisten.<\/p>\n\n\n\n<p class=\"has-text-align-left\">Bitte f\u00fcllen Sie das Online-Produktregistrierungsformular aus, um Ihre Garantie zu aktivieren und im Falle einer Serviceanfrage eine schnellere Unterst\u00fctzung zu erm\u00f6glichen.<\/p>\n\n\n\n<div class=\"wp-block-essential-blocks-button root-eb-button-uc8e6\"><div class=\"eb-parent-wrapper eb-parent-eb-button-uc8e6 \"><div class=\"eb-button-wrapper eb-button-alignment eb-button-uc8e6\"><div class=\"eb-button\"><div class=\"eb-button-inner-wrapper \"><a class=\"eb-button-anchor hvr-grow \" href=\"https:\/\/www.toyotomi.eu\/de\/kundenservice\/produktregistrierung\/\" rel=\"noopener\"><i icon=\"fas fa-chevron-right\" class=\"fas fa-chevron-right eb-button-icon eb-button-icon-left hvr-icon\"><\/i>Aktivieren Sie Ihre Garantie<\/a><\/div><\/div><\/div><\/div><\/div>\n<\/div><\/div><\/div><\/div>\n<\/div><\/div><\/div><\/div><\/div>\n<\/div><\/div><\/div><\/div><\/div>\n\n<div class=\"wp-block-essential-blocks-wrapper alignfull  root-eb-wrapper-c92kd\"><div class=\"eb-parent-wrapper eb-parent-eb-wrapper-c92kd \"><div class=\"eb-wrapper-outer eb-wrapper-c92kd\"><div class=\"eb-wrapper-inner\"><div class=\"eb-wrapper-inner-blocks eb-wrapper-align-center\">\n<div class=\"wp-block-essential-blocks-row alignfull  root-eb-row-zc8ic\"><div class=\"eb-parent-wrapper eb-parent-eb-row-zc8ic \"><div class=\"eb-row-root-container eb-row-zc8ic\" data-id=\"eb-row-zc8ic\"><div class=\"eb-row-wrapper\"><div class=\"eb-row-inner\">\n<div class=\"wp-block-essential-blocks-column  root-eb-column-lxhh0\"><div class=\"eb-parent-wrapper eb-parent-eb-column-lxhh0 \"><div class=\"eb-column-wrapper eb-column-lxhh0\"><div class=\"eb-column-inner\">\n<div class=\"wp-block-essential-blocks-button root-eb-button-hunm6\"><div class=\"eb-parent-wrapper eb-parent-eb-button-hunm6 \"><div class=\"eb-button-wrapper eb-button-alignment eb-button-hunm6\"><div class=\"eb-button\"><div class=\"eb-button-inner-wrapper \"><a class=\"eb-button-anchor hvr-grow \" href=\"https:\/\/www.toyotomi.eu\/de\/kundenservice\/\" rel=\"noopener\"><i icon=\"fas fa-chevron-right\" class=\"fas fa-chevron-right eb-button-icon eb-button-icon-left hvr-icon\"><\/i>Kundenservice<\/a><\/div><\/div><\/div><\/div><\/div>\n<\/div><\/div><\/div><\/div>\n<\/div><\/div><\/div><\/div><\/div>\n<\/div><\/div><\/div><\/div><\/div>\n","protected":false},"excerpt":{"rendered":"","protected":false},"author":71,"featured_media":0,"parent":38223,"menu_order":0,"comment_status":"closed","ping_status":"closed","template":"template-canvas.php","meta":{"_acf_changed":false,"_eb_attr":"","footnotes":""},"class_list":["post-38260","page","type-page","status-publish","hentry"],"acf":[],"yoast_head":"<!-- This site is optimized with the Yoast SEO plugin v27.4 - https:\/\/yoast.com\/product\/yoast-seo-wordpress\/ -->\n<title>Garantie - Toyotomi<\/title>\n<meta name=\"description\" content=\"Finden Sie Antworten auf h\u00e4ufig gestellte Fragen, Details zu Garantie &amp; Reparatur, Downloads und kontaktieren Sie unseren Kundenservice bei allen Fragen.\" \/>\n<meta name=\"robots\" content=\"index, follow, max-snippet:-1, max-image-preview:large, max-video-preview:-1\" \/>\n<link rel=\"canonical\" href=\"https:\/\/www.toyotomi.eu\/de\/kundenservice\/garantie\/\" \/>\n<meta property=\"og:locale\" content=\"de_DE\" \/>\n<meta property=\"og:type\" content=\"article\" \/>\n<meta property=\"og:title\" content=\"Garantie - Toyotomi\" \/>\n<meta property=\"og:description\" content=\"Finden Sie Antworten auf h\u00e4ufig gestellte Fragen, Details zu Garantie &amp; Reparatur, Downloads und kontaktieren Sie unseren Kundenservice bei allen Fragen.\" \/>\n<meta property=\"og:url\" content=\"https:\/\/www.toyotomi.eu\/de\/kundenservice\/garantie\/\" \/>\n<meta property=\"og:site_name\" content=\"Toyotomi\" \/>\n<meta property=\"article:modified_time\" content=\"2026-04-02T14:47:23+00:00\" \/>\n<meta property=\"og:image\" content=\"https:\/\/www.toyotomi.eu\/wp-content\/uploads\/2025\/10\/logo.png\" \/>\n\t<meta property=\"og:image:width\" content=\"1360\" \/>\n\t<meta property=\"og:image:height\" content=\"304\" \/>\n\t<meta property=\"og:image:type\" content=\"image\/png\" \/>\n<meta name=\"twitter:card\" content=\"summary_large_image\" \/>\n<meta name=\"twitter:label1\" content=\"Gesch\u00e4tzte Lesezeit\" \/>\n\t<meta name=\"twitter:data1\" content=\"1\u00a0Minute\" \/>\n<script type=\"application\/ld+json\" class=\"yoast-schema-graph\">{\"@context\":\"https:\\\/\\\/schema.org\",\"@graph\":[{\"@type\":\"WebPage\",\"@id\":\"https:\\\/\\\/www.toyotomi.eu\\\/de\\\/kundenservice\\\/garantie\\\/\",\"url\":\"https:\\\/\\\/www.toyotomi.eu\\\/de\\\/kundenservice\\\/garantie\\\/\",\"name\":\"Garantie - Toyotomi\",\"isPartOf\":{\"@id\":\"https:\\\/\\\/www.toyotomi.eu\\\/de\\\/#website\"},\"datePublished\":\"2024-12-31T23:00:32+00:00\",\"dateModified\":\"2026-04-02T14:47:23+00:00\",\"description\":\"Finden Sie Antworten auf h\u00e4ufig gestellte Fragen, Details zu Garantie & Reparatur, Downloads und kontaktieren Sie unseren Kundenservice bei allen Fragen.\",\"breadcrumb\":{\"@id\":\"https:\\\/\\\/www.toyotomi.eu\\\/de\\\/kundenservice\\\/garantie\\\/#breadcrumb\"},\"inLanguage\":\"de\",\"potentialAction\":[{\"@type\":\"ReadAction\",\"target\":[\"https:\\\/\\\/www.toyotomi.eu\\\/de\\\/kundenservice\\\/garantie\\\/\"]}]},{\"@type\":\"BreadcrumbList\",\"@id\":\"https:\\\/\\\/www.toyotomi.eu\\\/de\\\/kundenservice\\\/garantie\\\/#breadcrumb\",\"itemListElement\":[{\"@type\":\"ListItem\",\"position\":1,\"name\":\"Startseite\",\"item\":\"https:\\\/\\\/www.toyotomi.eu\\\/de\\\/\"},{\"@type\":\"ListItem\",\"position\":2,\"name\":\"Kundenservice\",\"item\":\"https:\\\/\\\/www.toyotomi.eu\\\/de\\\/kundenservice\\\/\"},{\"@type\":\"ListItem\",\"position\":3,\"name\":\"Garantie\"}]},{\"@type\":\"WebSite\",\"@id\":\"https:\\\/\\\/www.toyotomi.eu\\\/de\\\/#website\",\"url\":\"https:\\\/\\\/www.toyotomi.eu\\\/de\\\/\",\"name\":\"Toyotomi\",\"description\":\"\",\"publisher\":{\"@id\":\"https:\\\/\\\/www.toyotomi.eu\\\/de\\\/#organization\"},\"potentialAction\":[{\"@type\":\"SearchAction\",\"target\":{\"@type\":\"EntryPoint\",\"urlTemplate\":\"https:\\\/\\\/www.toyotomi.eu\\\/de\\\/?s={search_term_string}\"},\"query-input\":{\"@type\":\"PropertyValueSpecification\",\"valueRequired\":true,\"valueName\":\"search_term_string\"}}],\"inLanguage\":\"de\"},{\"@type\":\"Organization\",\"@id\":\"https:\\\/\\\/www.toyotomi.eu\\\/de\\\/#organization\",\"name\":\"Toyotomi Europe Sales B.V.\",\"alternateName\":\"Toyotomi\",\"url\":\"https:\\\/\\\/www.toyotomi.eu\\\/de\\\/\",\"logo\":{\"@type\":\"ImageObject\",\"inLanguage\":\"de\",\"@id\":\"https:\\\/\\\/www.toyotomi.eu\\\/de\\\/#\\\/schema\\\/logo\\\/image\\\/\",\"url\":\"https:\\\/\\\/www.toyotomi.eu\\\/wp-content\\\/uploads\\\/2025\\\/10\\\/logo.png\",\"contentUrl\":\"https:\\\/\\\/www.toyotomi.eu\\\/wp-content\\\/uploads\\\/2025\\\/10\\\/logo.png\",\"width\":1360,\"height\":304,\"caption\":\"Toyotomi Europe Sales B.V.\"},\"image\":{\"@id\":\"https:\\\/\\\/www.toyotomi.eu\\\/de\\\/#\\\/schema\\\/logo\\\/image\\\/\"}}]}<\/script>\n<!-- \/ Yoast SEO plugin. -->","yoast_head_json":{"title":"Garantie - Toyotomi","description":"Finden Sie Antworten auf h\u00e4ufig gestellte Fragen, Details zu Garantie & Reparatur, Downloads und kontaktieren Sie unseren Kundenservice bei allen Fragen.","robots":{"index":"index","follow":"follow","max-snippet":"max-snippet:-1","max-image-preview":"max-image-preview:large","max-video-preview":"max-video-preview:-1"},"canonical":"https:\/\/www.toyotomi.eu\/de\/kundenservice\/garantie\/","og_locale":"de_DE","og_type":"article","og_title":"Garantie - Toyotomi","og_description":"Finden Sie Antworten auf h\u00e4ufig gestellte Fragen, Details zu Garantie & Reparatur, Downloads und kontaktieren Sie unseren Kundenservice bei allen Fragen.","og_url":"https:\/\/www.toyotomi.eu\/de\/kundenservice\/garantie\/","og_site_name":"Toyotomi","article_modified_time":"2026-04-02T14:47:23+00:00","og_image":[{"width":1360,"height":304,"url":"https:\/\/www.toyotomi.eu\/wp-content\/uploads\/2025\/10\/logo.png","type":"image\/png"}],"twitter_card":"summary_large_image","twitter_misc":{"Gesch\u00e4tzte Lesezeit":"1\u00a0Minute"},"schema":{"@context":"https:\/\/schema.org","@graph":[{"@type":"WebPage","@id":"https:\/\/www.toyotomi.eu\/de\/kundenservice\/garantie\/","url":"https:\/\/www.toyotomi.eu\/de\/kundenservice\/garantie\/","name":"Garantie - Toyotomi","isPartOf":{"@id":"https:\/\/www.toyotomi.eu\/de\/#website"},"datePublished":"2024-12-31T23:00:32+00:00","dateModified":"2026-04-02T14:47:23+00:00","description":"Finden Sie Antworten auf h\u00e4ufig gestellte Fragen, Details zu Garantie & Reparatur, Downloads und kontaktieren Sie unseren Kundenservice bei allen Fragen.","breadcrumb":{"@id":"https:\/\/www.toyotomi.eu\/de\/kundenservice\/garantie\/#breadcrumb"},"inLanguage":"de","potentialAction":[{"@type":"ReadAction","target":["https:\/\/www.toyotomi.eu\/de\/kundenservice\/garantie\/"]}]},{"@type":"BreadcrumbList","@id":"https:\/\/www.toyotomi.eu\/de\/kundenservice\/garantie\/#breadcrumb","itemListElement":[{"@type":"ListItem","position":1,"name":"Startseite","item":"https:\/\/www.toyotomi.eu\/de\/"},{"@type":"ListItem","position":2,"name":"Kundenservice","item":"https:\/\/www.toyotomi.eu\/de\/kundenservice\/"},{"@type":"ListItem","position":3,"name":"Garantie"}]},{"@type":"WebSite","@id":"https:\/\/www.toyotomi.eu\/de\/#website","url":"https:\/\/www.toyotomi.eu\/de\/","name":"Toyotomi","description":"","publisher":{"@id":"https:\/\/www.toyotomi.eu\/de\/#organization"},"potentialAction":[{"@type":"SearchAction","target":{"@type":"EntryPoint","urlTemplate":"https:\/\/www.toyotomi.eu\/de\/?s={search_term_string}"},"query-input":{"@type":"PropertyValueSpecification","valueRequired":true,"valueName":"search_term_string"}}],"inLanguage":"de"},{"@type":"Organization","@id":"https:\/\/www.toyotomi.eu\/de\/#organization","name":"Toyotomi Europe Sales B.V.","alternateName":"Toyotomi","url":"https:\/\/www.toyotomi.eu\/de\/","logo":{"@type":"ImageObject","inLanguage":"de","@id":"https:\/\/www.toyotomi.eu\/de\/#\/schema\/logo\/image\/","url":"https:\/\/www.toyotomi.eu\/wp-content\/uploads\/2025\/10\/logo.png","contentUrl":"https:\/\/www.toyotomi.eu\/wp-content\/uploads\/2025\/10\/logo.png","width":1360,"height":304,"caption":"Toyotomi Europe Sales B.V."},"image":{"@id":"https:\/\/www.toyotomi.eu\/de\/#\/schema\/logo\/image\/"}}]}},"_links":{"self":[{"href":"https:\/\/www.toyotomi.eu\/de\/wp-json\/wp\/v2\/pages\/38260","targetHints":{"allow":["GET"]}}],"collection":[{"href":"https:\/\/www.toyotomi.eu\/de\/wp-json\/wp\/v2\/pages"}],"about":[{"href":"https:\/\/www.toyotomi.eu\/de\/wp-json\/wp\/v2\/types\/page"}],"author":[{"embeddable":true,"href":"https:\/\/www.toyotomi.eu\/de\/wp-json\/wp\/v2\/users\/71"}],"replies":[{"embeddable":true,"href":"https:\/\/www.toyotomi.eu\/de\/wp-json\/wp\/v2\/comments?post=38260"}],"version-history":[{"count":8,"href":"https:\/\/www.toyotomi.eu\/de\/wp-json\/wp\/v2\/pages\/38260\/revisions"}],"predecessor-version":[{"id":62705,"href":"https:\/\/www.toyotomi.eu\/de\/wp-json\/wp\/v2\/pages\/38260\/revisions\/62705"}],"up":[{"embeddable":true,"href":"https:\/\/www.toyotomi.eu\/de\/wp-json\/wp\/v2\/pages\/38223"}],"wp:attachment":[{"href":"https:\/\/www.toyotomi.eu\/de\/wp-json\/wp\/v2\/media?parent=38260"}],"curies":[{"name":"wp","href":"https:\/\/api.w.org\/{rel}","templated":true}]}}