{"id":34436,"date":"2025-01-01T00:00:00","date_gmt":"2024-12-31T23:00:00","guid":{"rendered":"https:\/\/www.toyotomi.eu\/ersatzteile-und-zubehoer\/"},"modified":"2026-04-02T16:54:46","modified_gmt":"2026-04-02T14:54:46","slug":"ersatzteile-und-zubehoer","status":"publish","type":"page","link":"https:\/\/www.toyotomi.eu\/de\/ersatzteile-und-zubehoer\/","title":{"rendered":"Ersatzteile &amp; Zubeh\u00f6r"},"content":{"rendered":"\n<div class=\"wp-block-cover alignfull is-light\" style=\"min-height:550px;aspect-ratio:unset;\"><img loading=\"lazy\" decoding=\"async\" width=\"1024\" height=\"552\" class=\"wp-block-cover__image-background wp-image-54881 size-full\" alt=\"\" src=\"https:\/\/www.toyotomi.eu\/wp-content\/uploads\/2025\/12\/Toyotomi-Parts.jpg\" data-object-fit=\"cover\" srcset=\"https:\/\/www.toyotomi.eu\/wp-content\/uploads\/2025\/12\/Toyotomi-Parts.jpg 1024w, https:\/\/www.toyotomi.eu\/wp-content\/uploads\/2025\/12\/Toyotomi-Parts-768x414.jpg 768w, https:\/\/www.toyotomi.eu\/wp-content\/uploads\/2025\/12\/Toyotomi-Parts-990x534.jpg 990w, https:\/\/www.toyotomi.eu\/wp-content\/uploads\/2025\/12\/Toyotomi-Parts-441x238.jpg 441w, https:\/\/www.toyotomi.eu\/wp-content\/uploads\/2025\/12\/Toyotomi-Parts-150x81.jpg 150w\" sizes=\"auto, (max-width: 1024px) 100vw, 1024px\" \/><span aria-hidden=\"true\" class=\"wp-block-cover__background has-black-background-color has-background-dim-10 has-background-dim\"><\/span><div class=\"wp-block-cover__inner-container has-global-padding is-layout-constrained wp-block-cover-is-layout-constrained\">\n<p class=\"has-text-align-center has-large-font-size\"><\/p>\n<\/div><\/div>\n\n<div style=\"height:20px\" aria-hidden=\"true\" class=\"wp-block-spacer\"><\/div>\n\n<div class=\"wp-block-essential-blocks-wrapper alignfull  root-eb-wrapper-eswib\"><div class=\"eb-parent-wrapper eb-parent-eb-wrapper-eswib \"><div class=\"eb-wrapper-outer eb-wrapper-eswib\"><div class=\"eb-wrapper-inner\"><div class=\"eb-wrapper-inner-blocks eb-wrapper-align-center\">\n<div class=\"wp-block-essential-blocks-row alignfull  root-eb-row-97z98\"><div class=\"eb-parent-wrapper eb-parent-eb-row-97z98 \"><div class=\"eb-row-root-container eb-row-97z98\" data-id=\"eb-row-97z98\"><div class=\"eb-row-wrapper\"><div class=\"eb-row-inner\">\n<div class=\"wp-block-essential-blocks-column  root-eb-column-vmlyb\"><div class=\"eb-parent-wrapper eb-parent-eb-column-vmlyb \"><div class=\"eb-column-wrapper eb-column-vmlyb\"><div class=\"eb-column-inner\">\n<h1 class=\"wp-block-heading has-x-large-font-size\">Ersatzteile &amp; Zubeh\u00f6r<\/h1>\n\n\n\n<h3 class=\"wp-block-heading\">Optimieren Sie Ihr Erlebnis<\/h3>\n\n\n\n<p>Bei Toyotomi endet unser Qualit\u00e4tsanspruch nicht mit dem Produkt. Wir bieten ein umfassendes Sortiment an originalen Ersatzteilen und speziell entwickeltem Zubeh\u00f6r, um Leistung, Sicherheit und Langlebigkeit Ihres Heizsystems zu unterst\u00fctzen. <\/p>\n<\/div><\/div><\/div><\/div>\n\n\n\n<div class=\"wp-block-essential-blocks-column  root-eb-column-a6b0n\"><div class=\"eb-parent-wrapper eb-parent-eb-column-a6b0n \"><div class=\"eb-column-wrapper eb-column-a6b0n\"><div class=\"eb-column-inner\"><\/div><\/div><\/div><\/div>\n<\/div><\/div><\/div><\/div><\/div>\n<\/div><\/div><\/div><\/div><\/div>\n\n<div class=\"wp-block-essential-blocks-wrapper alignfull  root-eb-wrapper-4vmxv\"><div class=\"eb-parent-wrapper eb-parent-eb-wrapper-4vmxv \"><div class=\"eb-wrapper-outer eb-wrapper-4vmxv\"><div class=\"eb-wrapper-inner\"><div class=\"eb-wrapper-inner-blocks eb-wrapper-align-center\">\n<div class=\"wp-block-essential-blocks-row alignfull  root-eb-row-s7b1x\"><div class=\"eb-parent-wrapper eb-parent-eb-row-s7b1x \"><div class=\"eb-row-root-container eb-row-s7b1x\" data-id=\"eb-row-s7b1x\"><div class=\"eb-row-wrapper\"><div class=\"eb-row-inner\">\n<div class=\"wp-block-essential-blocks-column  root-eb-column-ntd7v\"><div class=\"eb-parent-wrapper eb-parent-eb-column-ntd7v \"><div class=\"eb-column-wrapper eb-column-ntd7v\"><div class=\"eb-column-inner\">\n<figure class=\"wp-block-image size-full has-custom-border\"><img loading=\"lazy\" decoding=\"async\" width=\"750\" height=\"750\" src=\"https:\/\/www.toyotomi.eu\/wp-content\/uploads\/2025\/06\/accessories-all-1.jpg\" alt=\"Toyotomi Europas Zubeh&#xF6;rsortiment zur Aufr&#xFC;stung jedes Toyotomi Heizger&#xE4;ts\" class=\"wp-image-17511\" style=\"border-radius:4px\" srcset=\"https:\/\/www.toyotomi.eu\/wp-content\/uploads\/2025\/06\/accessories-all-1.jpg 750w, https:\/\/www.toyotomi.eu\/wp-content\/uploads\/2025\/06\/accessories-all-1-300x300.jpg 300w, https:\/\/www.toyotomi.eu\/wp-content\/uploads\/2025\/06\/accessories-all-1-150x150.jpg 150w, https:\/\/www.toyotomi.eu\/wp-content\/uploads\/2025\/06\/accessories-all-1-441x441.jpg 441w, https:\/\/www.toyotomi.eu\/wp-content\/uploads\/2025\/06\/accessories-all-1-100x100.jpg 100w\" sizes=\"auto, (max-width: 750px) 100vw, 750px\" \/><\/figure>\n<\/div><\/div><\/div><\/div>\n\n\n\n<div class=\"wp-block-essential-blocks-column  root-eb-column-khnwd\"><div class=\"eb-parent-wrapper eb-parent-eb-column-khnwd \"><div class=\"eb-column-wrapper eb-column-khnwd\"><div class=\"eb-column-inner\">\n<h2 class=\"wp-block-heading has-x-large-font-size\">Zubeh\u00f6r zur Verbesserung Ihres Erlebnisses<\/h2>\n\n\n\n<p class=\"has-black-color has-text-color has-link-color wp-elements-b59031eec4dc8737e6abc3636a4a8b90\">Vervollst\u00e4ndigen Sie Komfort und Bequemlichkeit mit unserem Sortiment an originalem <a href=\"https:\/\/www.toyotomi.eu\/de\/kategorie\/heizung\/zubehor\/\">Toyotomi Zubeh\u00f6r<\/a>, das speziell entwickelt wurde, um die Sicherheit, Mobilit\u00e4t und Benutzerfreundlichkeit Ihrer Heizger\u00e4te zu verbessern.<\/p>\n\n\n\n<p>Ob Sie tragbare oder station\u00e4re Paraffinheizger\u00e4te verwenden: Unser Zubeh\u00f6r \u2013 von Siphonpumpen und Transportwagen bis hin zu sch\u00fctzenden Tragetaschen \u2013 ist f\u00fcr effizientes Kraftstoffhandling, einfache Lagerung und einen saubereren Betrieb ausgelegt.<\/p>\n\n\n\n<p>Jedes Zubeh\u00f6rteil wird mit der gleichen japanischen Pr\u00e4zision und Langlebigkeit wie unsere Kernprodukte gefertigt, was dazu beitr\u00e4gt, die Lebensdauer Ihrer Ger\u00e4te zu verl\u00e4ngern und die Leistung Tag f\u00fcr Tag zu optimieren.<\/p>\n<\/div><\/div><\/div><\/div>\n<\/div><\/div><\/div><\/div><\/div>\n<\/div><\/div><\/div><\/div><\/div>\n\n<div class=\"wp-block-essential-blocks-wrapper alignfull  root-eb-wrapper-hnwfz\"><div class=\"eb-parent-wrapper eb-parent-eb-wrapper-hnwfz \"><div class=\"eb-wrapper-outer eb-wrapper-hnwfz\"><div class=\"eb-wrapper-inner\"><div class=\"eb-wrapper-inner-blocks eb-wrapper-align-center\">\n<div class=\"wp-block-essential-blocks-row alignfull  root-eb-row-33xoa\"><div class=\"eb-parent-wrapper eb-parent-eb-row-33xoa \"><div class=\"eb-row-root-container eb-row-33xoa\" data-id=\"eb-row-33xoa\"><div class=\"eb-row-wrapper\"><div class=\"eb-row-inner\">\n<div class=\"wp-block-essential-blocks-column  root-eb-column-44pql\"><div class=\"eb-parent-wrapper eb-parent-eb-column-44pql \"><div class=\"eb-column-wrapper eb-column-44pql\"><div class=\"eb-column-inner\">\n<h2 class=\"wp-block-heading has-x-large-font-size\">Original-Ersatzteile f\u00fcr langanhaltende Leistung<\/h2>\n\n\n\n<p class=\"has-black-color has-text-color has-link-color wp-elements-38975990d86ef70c79c4eed45f07b7f2\">Um eine dauerhaft hohe Leistung, Effizienz und Sicherheit zu gew\u00e4hrleisten, werden bei allen Reparaturen durch Toyotomi Techniker oder autorisierte Servicepartner ausschlie\u00dflich originale <a href=\"https:\/\/www.toyotomi.eu\/de\/kategorie\/heizung\/ersatzteile\/\">Toyotomi Ersatzteile<\/a> verwendet, die im eigenen Haus gefertigt werden \u2013 f\u00fcr perfekte Passform und langfristige Zuverl\u00e4ssigkeit.<\/p>\n\n\n\n<p>Unser Ersatzteilkatalog bietet alles, was Sie ben\u00f6tigen, damit Ihre Ger\u00e4te reibungslos funktionieren \u2013 einschlie\u00dflich Filter, Dochte, Tankdeckel und mehr.<\/p>\n\n\n\n<p>Toyotomi Co., Ltd. garantiert die Verf\u00fcgbarkeit aller kritischen Ersatzteile bis zu 10 Jahre nach dem offiziellen Auslaufdatum eines Produkts \u2013 damit Sie Ihre Investition auch langfristig sch\u00fctzen k\u00f6nnen.<\/p>\n\n\n\n<h4 class=\"wp-block-heading\"><strong>Wartung<\/strong>, die z\u00e4hlt<\/h4>\n\n\n\n<p class=\"has-black-color has-text-color has-link-color wp-elements-d7c24b96b025159c0b3996715d043129\"><a href=\"https:\/\/www.toyotomi.eu\/de\/pflege-und-reinigung-von-heizgeraeten\/\">Routinewartung<\/a> ist entscheidend, um Ihre Heizung sicher, sauber und effizient zu halten. Mit den richtigen Teilen und rechtzeitiger Pflege k\u00f6nnen Sie die Lebensdauer Ihrer Toyotomi Heizung maximieren und gleichzeitig eine gleichbleibende Kraftstoffqualit\u00e4t und einen zuverl\u00e4ssigen Betrieb gew\u00e4hrleisten. <\/p>\n\n\n\n<div style=\"height:10px\" aria-hidden=\"true\" class=\"wp-block-spacer\"><\/div>\n\n\n\n<figure class=\"wp-block-image alignleft size-full is-resized\"><img loading=\"lazy\" decoding=\"async\" width=\"404\" height=\"145\" src=\"https:\/\/www.toyotomi.eu\/wp-content\/uploads\/2025\/06\/Group-925.png\" alt=\"\" class=\"wp-image-17522\" style=\"width:200px\" srcset=\"https:\/\/www.toyotomi.eu\/wp-content\/uploads\/2025\/06\/Group-925.png 404w, https:\/\/www.toyotomi.eu\/wp-content\/uploads\/2025\/06\/Group-925-300x108.png 300w, https:\/\/www.toyotomi.eu\/wp-content\/uploads\/2025\/06\/Group-925-150x54.png 150w\" sizes=\"auto, (max-width: 404px) 100vw, 404px\" \/><\/figure>\n<\/div><\/div><\/div><\/div>\n\n\n\n<div class=\"wp-block-essential-blocks-column  root-eb-column-a7nhf\"><div class=\"eb-parent-wrapper eb-parent-eb-column-a7nhf \"><div class=\"eb-column-wrapper eb-column-a7nhf\"><div class=\"eb-column-inner\">\n<figure class=\"wp-block-image size-full has-custom-border\"><img loading=\"lazy\" decoding=\"async\" width=\"750\" height=\"750\" src=\"https:\/\/www.toyotomi.eu\/wp-content\/uploads\/2025\/06\/Spare-partss-1.jpg\" alt=\"Toyotomi Europas Ersatzteilsortiment zur Wartung jedes Toyotomi Heizger&#xE4;ts\" class=\"wp-image-20365\" style=\"border-radius:4px\" srcset=\"https:\/\/www.toyotomi.eu\/wp-content\/uploads\/2025\/06\/Spare-partss-1.jpg 750w, https:\/\/www.toyotomi.eu\/wp-content\/uploads\/2025\/06\/Spare-partss-1-300x300.jpg 300w, https:\/\/www.toyotomi.eu\/wp-content\/uploads\/2025\/06\/Spare-partss-1-150x150.jpg 150w, https:\/\/www.toyotomi.eu\/wp-content\/uploads\/2025\/06\/Spare-partss-1-441x441.jpg 441w, https:\/\/www.toyotomi.eu\/wp-content\/uploads\/2025\/06\/Spare-partss-1-100x100.jpg 100w\" sizes=\"auto, (max-width: 750px) 100vw, 750px\" \/><\/figure>\n<\/div><\/div><\/div><\/div>\n<\/div><\/div><\/div><\/div><\/div>\n<\/div><\/div><\/div><\/div><\/div>\n\n<div style=\"height:10px\" aria-hidden=\"true\" class=\"wp-block-spacer\"><\/div>\n\n<div class=\"wp-block-essential-blocks-wrapper alignfull  root-eb-wrapper-mfi89\"><div class=\"eb-parent-wrapper eb-parent-eb-wrapper-mfi89 \"><div class=\"eb-wrapper-outer eb-wrapper-mfi89\"><div class=\"eb-wrapper-inner\"><div class=\"eb-wrapper-inner-blocks eb-wrapper-align-center\">\n<div class=\"wp-block-essential-blocks-row alignfull  root-eb-row-ahqhk\"><div class=\"eb-parent-wrapper eb-parent-eb-row-ahqhk \"><div class=\"eb-row-root-container eb-row-ahqhk\" data-id=\"eb-row-ahqhk\"><div class=\"eb-row-wrapper\"><div class=\"eb-row-inner\">\n<div class=\"wp-block-essential-blocks-column  root-eb-column-lwznr\"><div class=\"eb-parent-wrapper eb-parent-eb-column-lwznr \"><div class=\"eb-column-wrapper eb-column-lwznr\"><div class=\"eb-column-inner\">\n<div class=\"wp-block-essential-blocks-interactive-promo root-eb-interactive-promo-ym70e\"><div class=\"eb-parent-wrapper eb-parent-eb-interactive-promo-ym70e \"><div class=\"eb-interactive-promo-wrapper eb-interactive-promo-ym70e\"><div class=\"eb-interactive-promo-container\" data-effect=\"apollo\"><div class=\"eb-interactive-promo hover-effect\"><figure class=\"effect-apollo\"><img decoding=\"async\" src=\"https:\/\/www.toyotomi.eu\/wp-content\/uploads\/2025\/12\/Downloads-button-DE-4.jpg\" alt=\"Toyotomi-Download-Schaltfl\u00e4che\"><figcaption><h2 class=\"eb-interactive-promo-header\"><\/h2><p class=\"eb-interactive-promo-content\"><\/p><a href=\"https:\/\/www.toyotomi.eu\/de\/kundenservice\/downloads\/\" target=\"_self\" rel=\"noopener noreferrer\"><\/a><\/figcaption><\/figure><\/div><\/div><\/div><\/div><\/div>\n<\/div><\/div><\/div><\/div>\n\n\n\n<div class=\"wp-block-essential-blocks-column  root-eb-column-ln7zw\"><div class=\"eb-parent-wrapper eb-parent-eb-column-ln7zw \"><div class=\"eb-column-wrapper eb-column-ln7zw\"><div class=\"eb-column-inner\">\n<div class=\"wp-block-essential-blocks-interactive-promo root-eb-interactive-promo-tw4ug\"><div class=\"eb-parent-wrapper eb-parent-eb-interactive-promo-tw4ug \"><div class=\"eb-interactive-promo-wrapper eb-interactive-promo-tw4ug\"><div class=\"eb-interactive-promo-container\" data-effect=\"apollo\"><div class=\"eb-interactive-promo hover-effect\"><figure class=\"effect-apollo\"><img decoding=\"async\" src=\"https:\/\/www.toyotomi.eu\/wp-content\/uploads\/2025\/12\/FAQ-button-DE-3.jpg\" alt=\"Toyotomi-Download-Schaltfl\u00e4che\"><figcaption><h2 class=\"eb-interactive-promo-header\"><\/h2><p class=\"eb-interactive-promo-content\"><\/p><a href=\"https:\/\/www.toyotomi.eu\/de\/kundenservice\/faq\/\" target=\"_self\" rel=\"noopener noreferrer\"><\/a><\/figcaption><\/figure><\/div><\/div><\/div><\/div><\/div>\n<\/div><\/div><\/div><\/div>\n\n\n\n<div class=\"wp-block-essential-blocks-column  root-eb-column-fibpt\"><div class=\"eb-parent-wrapper eb-parent-eb-column-fibpt \"><div class=\"eb-column-wrapper eb-column-fibpt\"><div class=\"eb-column-inner\"><\/div><\/div><\/div><\/div>\n\n\n\n<div class=\"wp-block-essential-blocks-column  root-eb-column-5lxl9\"><div class=\"eb-parent-wrapper eb-parent-eb-column-5lxl9 \"><div class=\"eb-column-wrapper eb-column-5lxl9\"><div class=\"eb-column-inner\">\n<div class=\"wp-block-buttons is-horizontal is-content-justification-right is-layout-flex wp-container-core-buttons-is-layout-6de4a2c1 wp-block-buttons-is-layout-flex\" style=\"margin-top:0;margin-bottom:0;padding-top:0;padding-right:0;padding-bottom:0;padding-left:0\">\n<div class=\"wp-block-button hvr-grow\"><a class=\"wp-block-button__link has-white-color has-text-color has-background has-link-color has-text-align-center has-custom-font-size wp-element-button\" href=\"https:\/\/www.toyotomi.eu\/de\/kategorie\/heizung\/ersatzteile\/\" style=\"border-radius:4px;background-color:#ca0f0f;font-size:clamp(14px, 0.875rem + ((1vw - 3.2px) * 0.46), 18px);\">Entdecken Sie unsere Ersatzteile<\/a><\/div>\n\n\n\n<div class=\"wp-block-button hvr-grow\"><a class=\"wp-block-button__link has-white-color has-text-color has-background has-link-color has-text-align-center has-custom-font-size wp-element-button\" href=\"https:\/\/www.toyotomi.eu\/de\/kategorie\/heizung\/zubehor\/\" style=\"border-radius:4px;background-color:#ca0f0f;font-size:clamp(14px, 0.875rem + ((1vw - 3.2px) * 0.46), 18px);\">Entdecken Sie unser Zubeh\u00f6r<\/a><\/div>\n<\/div>\n<\/div><\/div><\/div><\/div>\n<\/div><\/div><\/div><\/div><\/div>\n<\/div><\/div><\/div><\/div><\/div>\n","protected":false},"excerpt":{"rendered":"","protected":false},"author":71,"featured_media":0,"parent":0,"menu_order":0,"comment_status":"closed","ping_status":"closed","template":"template-canvas.php","meta":{"_acf_changed":false,"_eb_attr":"","footnotes":""},"class_list":["post-34436","page","type-page","status-publish","hentry"],"acf":[],"yoast_head":"<!-- This site is optimized with the Yoast SEO plugin v27.4 - https:\/\/yoast.com\/product\/yoast-seo-wordpress\/ -->\n<title>Ersatzteile &amp; Zubeh\u00f6r - Toyotomi<\/title>\n<meta name=\"description\" content=\"Entdecken Sie originale Toyotomi Ersatzteile und Zubeh\u00f6r, um Sicherheit, Zuverl\u00e4ssigkeit und eine langlebige Leistung Ihrer Heizger\u00e4te zu gew\u00e4hrleisten.\" \/>\n<meta name=\"robots\" content=\"index, follow, max-snippet:-1, max-image-preview:large, max-video-preview:-1\" \/>\n<link rel=\"canonical\" href=\"https:\/\/www.toyotomi.eu\/de\/ersatzteile-und-zubehoer\/\" \/>\n<meta property=\"og:locale\" content=\"de_DE\" \/>\n<meta property=\"og:type\" content=\"article\" \/>\n<meta property=\"og:title\" content=\"Ersatzteile &amp; Zubeh\u00f6r - Toyotomi\" \/>\n<meta property=\"og:description\" content=\"Entdecken Sie originale Toyotomi Ersatzteile und Zubeh\u00f6r, um Sicherheit, Zuverl\u00e4ssigkeit und eine langlebige Leistung Ihrer Heizger\u00e4te zu gew\u00e4hrleisten.\" \/>\n<meta property=\"og:url\" content=\"https:\/\/www.toyotomi.eu\/de\/ersatzteile-und-zubehoer\/\" \/>\n<meta property=\"og:site_name\" content=\"Toyotomi\" \/>\n<meta property=\"article:modified_time\" content=\"2026-04-02T14:54:46+00:00\" \/>\n<meta property=\"og:image\" content=\"https:\/\/www.toyotomi.eu\/wp-content\/uploads\/2025\/12\/Toyotomi-Parts.jpg\" \/>\n\t<meta property=\"og:image:width\" content=\"1024\" \/>\n\t<meta property=\"og:image:height\" content=\"552\" \/>\n\t<meta property=\"og:image:type\" content=\"image\/jpeg\" \/>\n<meta name=\"twitter:card\" content=\"summary_large_image\" \/>\n<meta name=\"twitter:label1\" content=\"Gesch\u00e4tzte Lesezeit\" \/>\n\t<meta name=\"twitter:data1\" content=\"3\u00a0Minute\" \/>\n<script type=\"application\/ld+json\" class=\"yoast-schema-graph\">{\"@context\":\"https:\\\/\\\/schema.org\",\"@graph\":[{\"@type\":\"WebPage\",\"@id\":\"https:\\\/\\\/www.toyotomi.eu\\\/de\\\/ersatzteile-und-zubehoer\\\/\",\"url\":\"https:\\\/\\\/www.toyotomi.eu\\\/de\\\/ersatzteile-und-zubehoer\\\/\",\"name\":\"Ersatzteile &amp; Zubeh\u00f6r - Toyotomi\",\"isPartOf\":{\"@id\":\"https:\\\/\\\/www.toyotomi.eu\\\/de\\\/#website\"},\"primaryImageOfPage\":{\"@id\":\"https:\\\/\\\/www.toyotomi.eu\\\/de\\\/ersatzteile-und-zubehoer\\\/#primaryimage\"},\"image\":{\"@id\":\"https:\\\/\\\/www.toyotomi.eu\\\/de\\\/ersatzteile-und-zubehoer\\\/#primaryimage\"},\"thumbnailUrl\":\"https:\\\/\\\/www.toyotomi.eu\\\/wp-content\\\/uploads\\\/2025\\\/12\\\/Toyotomi-Parts.jpg\",\"datePublished\":\"2024-12-31T23:00:00+00:00\",\"dateModified\":\"2026-04-02T14:54:46+00:00\",\"description\":\"Entdecken Sie originale Toyotomi Ersatzteile und Zubeh\u00f6r, um Sicherheit, Zuverl\u00e4ssigkeit und eine langlebige Leistung Ihrer Heizger\u00e4te zu gew\u00e4hrleisten.\",\"breadcrumb\":{\"@id\":\"https:\\\/\\\/www.toyotomi.eu\\\/de\\\/ersatzteile-und-zubehoer\\\/#breadcrumb\"},\"inLanguage\":\"de\",\"potentialAction\":[{\"@type\":\"ReadAction\",\"target\":[\"https:\\\/\\\/www.toyotomi.eu\\\/de\\\/ersatzteile-und-zubehoer\\\/\"]}]},{\"@type\":\"ImageObject\",\"inLanguage\":\"de\",\"@id\":\"https:\\\/\\\/www.toyotomi.eu\\\/de\\\/ersatzteile-und-zubehoer\\\/#primaryimage\",\"url\":\"https:\\\/\\\/www.toyotomi.eu\\\/wp-content\\\/uploads\\\/2025\\\/12\\\/Toyotomi-Parts.jpg\",\"contentUrl\":\"https:\\\/\\\/www.toyotomi.eu\\\/wp-content\\\/uploads\\\/2025\\\/12\\\/Toyotomi-Parts.jpg\"},{\"@type\":\"BreadcrumbList\",\"@id\":\"https:\\\/\\\/www.toyotomi.eu\\\/de\\\/ersatzteile-und-zubehoer\\\/#breadcrumb\",\"itemListElement\":[{\"@type\":\"ListItem\",\"position\":1,\"name\":\"Startseite\",\"item\":\"https:\\\/\\\/www.toyotomi.eu\\\/de\\\/\"},{\"@type\":\"ListItem\",\"position\":2,\"name\":\"Ersatzteile &amp; Zubeh\u00f6r\"}]},{\"@type\":\"WebSite\",\"@id\":\"https:\\\/\\\/www.toyotomi.eu\\\/de\\\/#website\",\"url\":\"https:\\\/\\\/www.toyotomi.eu\\\/de\\\/\",\"name\":\"Toyotomi\",\"description\":\"\",\"publisher\":{\"@id\":\"https:\\\/\\\/www.toyotomi.eu\\\/de\\\/#organization\"},\"potentialAction\":[{\"@type\":\"SearchAction\",\"target\":{\"@type\":\"EntryPoint\",\"urlTemplate\":\"https:\\\/\\\/www.toyotomi.eu\\\/de\\\/?s={search_term_string}\"},\"query-input\":{\"@type\":\"PropertyValueSpecification\",\"valueRequired\":true,\"valueName\":\"search_term_string\"}}],\"inLanguage\":\"de\"},{\"@type\":\"Organization\",\"@id\":\"https:\\\/\\\/www.toyotomi.eu\\\/de\\\/#organization\",\"name\":\"Toyotomi Europe Sales B.V.\",\"alternateName\":\"Toyotomi\",\"url\":\"https:\\\/\\\/www.toyotomi.eu\\\/de\\\/\",\"logo\":{\"@type\":\"ImageObject\",\"inLanguage\":\"de\",\"@id\":\"https:\\\/\\\/www.toyotomi.eu\\\/de\\\/#\\\/schema\\\/logo\\\/image\\\/\",\"url\":\"https:\\\/\\\/www.toyotomi.eu\\\/wp-content\\\/uploads\\\/2025\\\/10\\\/logo.png\",\"contentUrl\":\"https:\\\/\\\/www.toyotomi.eu\\\/wp-content\\\/uploads\\\/2025\\\/10\\\/logo.png\",\"width\":1360,\"height\":304,\"caption\":\"Toyotomi Europe Sales B.V.\"},\"image\":{\"@id\":\"https:\\\/\\\/www.toyotomi.eu\\\/de\\\/#\\\/schema\\\/logo\\\/image\\\/\"}}]}<\/script>\n<!-- \/ Yoast SEO plugin. -->","yoast_head_json":{"title":"Ersatzteile &amp; Zubeh\u00f6r - Toyotomi","description":"Entdecken Sie originale Toyotomi Ersatzteile und Zubeh\u00f6r, um Sicherheit, Zuverl\u00e4ssigkeit und eine langlebige Leistung Ihrer Heizger\u00e4te zu gew\u00e4hrleisten.","robots":{"index":"index","follow":"follow","max-snippet":"max-snippet:-1","max-image-preview":"max-image-preview:large","max-video-preview":"max-video-preview:-1"},"canonical":"https:\/\/www.toyotomi.eu\/de\/ersatzteile-und-zubehoer\/","og_locale":"de_DE","og_type":"article","og_title":"Ersatzteile &amp; Zubeh\u00f6r - Toyotomi","og_description":"Entdecken Sie originale Toyotomi Ersatzteile und Zubeh\u00f6r, um Sicherheit, Zuverl\u00e4ssigkeit und eine langlebige Leistung Ihrer Heizger\u00e4te zu gew\u00e4hrleisten.","og_url":"https:\/\/www.toyotomi.eu\/de\/ersatzteile-und-zubehoer\/","og_site_name":"Toyotomi","article_modified_time":"2026-04-02T14:54:46+00:00","og_image":[{"width":1024,"height":552,"url":"https:\/\/www.toyotomi.eu\/wp-content\/uploads\/2025\/12\/Toyotomi-Parts.jpg","type":"image\/jpeg"}],"twitter_card":"summary_large_image","twitter_misc":{"Gesch\u00e4tzte Lesezeit":"3\u00a0Minute"},"schema":{"@context":"https:\/\/schema.org","@graph":[{"@type":"WebPage","@id":"https:\/\/www.toyotomi.eu\/de\/ersatzteile-und-zubehoer\/","url":"https:\/\/www.toyotomi.eu\/de\/ersatzteile-und-zubehoer\/","name":"Ersatzteile &amp; Zubeh\u00f6r - Toyotomi","isPartOf":{"@id":"https:\/\/www.toyotomi.eu\/de\/#website"},"primaryImageOfPage":{"@id":"https:\/\/www.toyotomi.eu\/de\/ersatzteile-und-zubehoer\/#primaryimage"},"image":{"@id":"https:\/\/www.toyotomi.eu\/de\/ersatzteile-und-zubehoer\/#primaryimage"},"thumbnailUrl":"https:\/\/www.toyotomi.eu\/wp-content\/uploads\/2025\/12\/Toyotomi-Parts.jpg","datePublished":"2024-12-31T23:00:00+00:00","dateModified":"2026-04-02T14:54:46+00:00","description":"Entdecken Sie originale Toyotomi Ersatzteile und Zubeh\u00f6r, um Sicherheit, Zuverl\u00e4ssigkeit und eine langlebige Leistung Ihrer Heizger\u00e4te zu gew\u00e4hrleisten.","breadcrumb":{"@id":"https:\/\/www.toyotomi.eu\/de\/ersatzteile-und-zubehoer\/#breadcrumb"},"inLanguage":"de","potentialAction":[{"@type":"ReadAction","target":["https:\/\/www.toyotomi.eu\/de\/ersatzteile-und-zubehoer\/"]}]},{"@type":"ImageObject","inLanguage":"de","@id":"https:\/\/www.toyotomi.eu\/de\/ersatzteile-und-zubehoer\/#primaryimage","url":"https:\/\/www.toyotomi.eu\/wp-content\/uploads\/2025\/12\/Toyotomi-Parts.jpg","contentUrl":"https:\/\/www.toyotomi.eu\/wp-content\/uploads\/2025\/12\/Toyotomi-Parts.jpg"},{"@type":"BreadcrumbList","@id":"https:\/\/www.toyotomi.eu\/de\/ersatzteile-und-zubehoer\/#breadcrumb","itemListElement":[{"@type":"ListItem","position":1,"name":"Startseite","item":"https:\/\/www.toyotomi.eu\/de\/"},{"@type":"ListItem","position":2,"name":"Ersatzteile &amp; Zubeh\u00f6r"}]},{"@type":"WebSite","@id":"https:\/\/www.toyotomi.eu\/de\/#website","url":"https:\/\/www.toyotomi.eu\/de\/","name":"Toyotomi","description":"","publisher":{"@id":"https:\/\/www.toyotomi.eu\/de\/#organization"},"potentialAction":[{"@type":"SearchAction","target":{"@type":"EntryPoint","urlTemplate":"https:\/\/www.toyotomi.eu\/de\/?s={search_term_string}"},"query-input":{"@type":"PropertyValueSpecification","valueRequired":true,"valueName":"search_term_string"}}],"inLanguage":"de"},{"@type":"Organization","@id":"https:\/\/www.toyotomi.eu\/de\/#organization","name":"Toyotomi Europe Sales B.V.","alternateName":"Toyotomi","url":"https:\/\/www.toyotomi.eu\/de\/","logo":{"@type":"ImageObject","inLanguage":"de","@id":"https:\/\/www.toyotomi.eu\/de\/#\/schema\/logo\/image\/","url":"https:\/\/www.toyotomi.eu\/wp-content\/uploads\/2025\/10\/logo.png","contentUrl":"https:\/\/www.toyotomi.eu\/wp-content\/uploads\/2025\/10\/logo.png","width":1360,"height":304,"caption":"Toyotomi Europe Sales B.V."},"image":{"@id":"https:\/\/www.toyotomi.eu\/de\/#\/schema\/logo\/image\/"}}]}},"_links":{"self":[{"href":"https:\/\/www.toyotomi.eu\/de\/wp-json\/wp\/v2\/pages\/34436","targetHints":{"allow":["GET"]}}],"collection":[{"href":"https:\/\/www.toyotomi.eu\/de\/wp-json\/wp\/v2\/pages"}],"about":[{"href":"https:\/\/www.toyotomi.eu\/de\/wp-json\/wp\/v2\/types\/page"}],"author":[{"embeddable":true,"href":"https:\/\/www.toyotomi.eu\/de\/wp-json\/wp\/v2\/users\/71"}],"replies":[{"embeddable":true,"href":"https:\/\/www.toyotomi.eu\/de\/wp-json\/wp\/v2\/comments?post=34436"}],"version-history":[{"count":9,"href":"https:\/\/www.toyotomi.eu\/de\/wp-json\/wp\/v2\/pages\/34436\/revisions"}],"predecessor-version":[{"id":62944,"href":"https:\/\/www.toyotomi.eu\/de\/wp-json\/wp\/v2\/pages\/34436\/revisions\/62944"}],"wp:attachment":[{"href":"https:\/\/www.toyotomi.eu\/de\/wp-json\/wp\/v2\/media?parent=34436"}],"curies":[{"name":"wp","href":"https:\/\/api.w.org\/{rel}","templated":true}]}}