{"id":63863,"date":"2025-01-01T02:01:00","date_gmt":"2025-01-01T01:01:00","guid":{"rendered":"https:\/\/www.toyotomi.eu\/product\/toyotomi-clear-10l\/"},"modified":"2026-04-24T17:35:30","modified_gmt":"2026-04-24T15:35:30","slug":"toyotomi-clear-10l","status":"publish","type":"product","link":"https:\/\/www.toyotomi.eu\/da\/produkt\/toyotomi-clear-10l\/","title":{"rendered":"TOYOTOMI CLEAR 10L"},"content":{"rendered":"\n<div class=\"wp-block-essential-blocks-wrapper alignfull  root-eb-wrapper-kiu5m\"><div class=\"eb-parent-wrapper eb-parent-eb-wrapper-kiu5m \"><div class=\"eb-wrapper-outer eb-wrapper-kiu5m\"><div class=\"eb-wrapper-inner\"><div class=\"eb-wrapper-inner-blocks eb-wrapper-align-center\">\n<div class=\"wp-block-essential-blocks-row alignfull  root-eb-row-vp5zx\"><div class=\"eb-parent-wrapper eb-parent-eb-row-vp5zx \"><div class=\"eb-row-root-container eb-row-vp5zx\" data-id=\"eb-row-vp5zx\"><div class=\"eb-row-wrapper\"><div class=\"eb-row-inner\">\n<div class=\"wp-block-essential-blocks-column  root-eb-column-wbb44\"><div class=\"eb-parent-wrapper eb-parent-eb-column-wbb44 \"><div class=\"eb-column-wrapper eb-column-wbb44\"><div class=\"eb-column-inner\">\n<h2 class=\"wp-block-heading has-text-align-left\"><strong>Toyotomi CLEAR<\/strong><\/h2>\n\n\n\n<p>Toyotomi CLEAR br\u00e6ndstof skiller sig ud fra sammenlignelige br\u00e6ndstoffer baseret p\u00e5 f\u00f8lgende egenskaber:<\/p>\n\n\n\n<ul class=\"wp-block-list\">\n<li>Den specielle \u201cultra-lugtfri\u201d formel, takket v\u00e6re det lave indhold af aromater (0,003%): reducerer lugten ved t\u00e6nding og slukning.<\/li>\n\n\n\n<li>Den h\u00f8jere br\u00e6ndv\u00e6rdi p\u00e5 over 11.400 Kcal pr. kg garanterer et h\u00f8jt udbytte sammen med en stabil flamme og frav\u00e6r af uforbr\u00e6ndt materiale.<\/li>\n\n\n\n<li>Det ikke-flygtige materiales indhold p\u00e5 kun 0,0000006% eliminerer efterforbr\u00e6ndingsrester, holder br\u00e6nderen ren og eliminerer behovet for vedligeholdelse.<\/li>\n\n\n\n<li>Toyotomi-d\u00e5ser er lavet af PET, et 100% genanvendeligt og genbrugeligt materiale. Hvis det genanvendes, kan det give liv til mange nye genstande, samtidig med at det sikrer kvaliteten og renheden af forbindelsen. <\/li>\n\n\n\n<li>Anbefalet af Toyotomi, verdens f\u00f8rende producent af br\u00e6ndselsvarmeapparater i over 75 \u00e5r.<\/li>\n\n\n\n<li>Saml loyalitetspoint og find ud af, hvordan du kan forl\u00e6nge garantien p\u00e5 dit varmeapparat produceret af Toyotomi-m\u00e6rkerne: &#8216;Toyotomi&#8217; og &#8216;Zibro&#8217;.<\/li>\n<\/ul>\n<\/div><\/div><\/div><\/div>\n<\/div><\/div><\/div><\/div><\/div>\n<\/div><\/div><\/div><\/div><\/div>\n","protected":false},"excerpt":{"rendered":"<p>Toyotomi CLEAR er et \u201cultra-lugtfrit\u201d br\u00e6ndstof til dem, der forventer uovertruffen ydeevne. Takket v\u00e6re et lavt indhold af aromater reduceres lugten ved opt\u00e6nding og ved slukning, og br\u00e6ndstoffet sikrer et h\u00f8jt udbytte takket v\u00e6re en br\u00e6ndv\u00e6rdi p\u00e5 over 11.400 kcal\/kg. <\/p>\n<p><strong>Varenr.:<\/strong> CLEAR 10 LITER<\/p>\n","protected":false},"featured_media":62510,"template":"","meta":{"_acf_changed":false,"_eb_attr":""},"product_brand":[],"product_cat":[6592],"product_tag":[],"class_list":{"0":"post-63863","1":"product","2":"type-product","3":"status-publish","4":"has-post-thumbnail","6":"product_cat-opvarmningsvaesker-dk","8":"first","9":"instock","10":"taxable","11":"shipping-taxable","12":"product-type-simple"},"acf":[],"yoast_head":"<!-- This site is optimized with the Yoast SEO plugin v27.5 - https:\/\/yoast.com\/product\/yoast-seo-wordpress\/ -->\n<title>TOYOTOMI CLEAR 10L - Toyotomi<\/title>\n<meta name=\"robots\" content=\"index, follow, max-snippet:-1, max-image-preview:large, max-video-preview:-1\" \/>\n<link rel=\"canonical\" href=\"https:\/\/www.toyotomi.eu\/da\/produkt\/toyotomi-clear-10l\/\" \/>\n<meta property=\"og:locale\" content=\"da_DK\" \/>\n<meta property=\"og:type\" content=\"article\" \/>\n<meta property=\"og:title\" content=\"TOYOTOMI CLEAR 10L - Toyotomi\" \/>\n<meta property=\"og:description\" content=\"Toyotomi CLEAR er et &quot;ultra-lugtfrit&quot; br\u00e6ndstof til dem, der forventer uovertruffen ydeevne. Takket v\u00e6re et lavt indhold af aromater reduceres lugten ved opt\u00e6nding og ved slukning, og br\u00e6ndstoffet sikrer et h\u00f8jt udbytte takket v\u00e6re en br\u00e6ndv\u00e6rdi p\u00e5 over 11.400 kcal\/kg.  Varenr.: CLEAR 10 LITER\" \/>\n<meta property=\"og:url\" content=\"https:\/\/www.toyotomi.eu\/da\/produkt\/toyotomi-clear-10l\/\" \/>\n<meta property=\"og:site_name\" content=\"Toyotomi\" \/>\n<meta property=\"article:modified_time\" content=\"2026-04-24T15:35:30+00:00\" \/>\n<meta property=\"og:image\" content=\"https:\/\/www.toyotomi.eu\/wp-content\/uploads\/2026\/04\/PIC_TOYOTOMI-CLEAR-10L_2560x2560-768x768.png\" \/>\n\t<meta property=\"og:image:width\" content=\"768\" \/>\n\t<meta property=\"og:image:height\" content=\"768\" \/>\n\t<meta property=\"og:image:type\" content=\"image\/png\" \/>\n<meta name=\"twitter:card\" content=\"summary_large_image\" \/>\n<script type=\"application\/ld+json\" class=\"yoast-schema-graph\">{\"@context\":\"https:\\\/\\\/schema.org\",\"@graph\":[{\"@type\":\"WebPage\",\"@id\":\"https:\\\/\\\/www.toyotomi.eu\\\/da\\\/produkt\\\/toyotomi-clear-10l\\\/\",\"url\":\"https:\\\/\\\/www.toyotomi.eu\\\/da\\\/produkt\\\/toyotomi-clear-10l\\\/\",\"name\":\"TOYOTOMI CLEAR 10L - Toyotomi\",\"isPartOf\":{\"@id\":\"https:\\\/\\\/www.toyotomi.eu\\\/da\\\/#website\"},\"primaryImageOfPage\":{\"@id\":\"https:\\\/\\\/www.toyotomi.eu\\\/da\\\/produkt\\\/toyotomi-clear-10l\\\/#primaryimage\"},\"image\":{\"@id\":\"https:\\\/\\\/www.toyotomi.eu\\\/da\\\/produkt\\\/toyotomi-clear-10l\\\/#primaryimage\"},\"thumbnailUrl\":\"https:\\\/\\\/www.toyotomi.eu\\\/wp-content\\\/uploads\\\/2026\\\/04\\\/PIC_TOYOTOMI-CLEAR-10L_2560x2560.png\",\"datePublished\":\"2025-01-01T01:01:00+00:00\",\"dateModified\":\"2026-04-24T15:35:30+00:00\",\"breadcrumb\":{\"@id\":\"https:\\\/\\\/www.toyotomi.eu\\\/da\\\/produkt\\\/toyotomi-clear-10l\\\/#breadcrumb\"},\"inLanguage\":\"da-DK\",\"potentialAction\":[{\"@type\":\"ReadAction\",\"target\":[\"https:\\\/\\\/www.toyotomi.eu\\\/da\\\/produkt\\\/toyotomi-clear-10l\\\/\"]}]},{\"@type\":\"ImageObject\",\"inLanguage\":\"da-DK\",\"@id\":\"https:\\\/\\\/www.toyotomi.eu\\\/da\\\/produkt\\\/toyotomi-clear-10l\\\/#primaryimage\",\"url\":\"https:\\\/\\\/www.toyotomi.eu\\\/wp-content\\\/uploads\\\/2026\\\/04\\\/PIC_TOYOTOMI-CLEAR-10L_2560x2560.png\",\"contentUrl\":\"https:\\\/\\\/www.toyotomi.eu\\\/wp-content\\\/uploads\\\/2026\\\/04\\\/PIC_TOYOTOMI-CLEAR-10L_2560x2560.png\",\"width\":2560,\"height\":2560,\"caption\":\"10-liters Toyotomi Clear br\u00e6ndstofflaske designet til b\u00e6rbare ovne, der sikrer opbevaring af lugtfrit br\u00e6ndstof i h\u00f8j kvalitet til effektiv opvarmning.\"},{\"@type\":\"BreadcrumbList\",\"@id\":\"https:\\\/\\\/www.toyotomi.eu\\\/da\\\/produkt\\\/toyotomi-clear-10l\\\/#breadcrumb\",\"itemListElement\":[{\"@type\":\"ListItem\",\"position\":1,\"name\":\"Forside\",\"item\":\"https:\\\/\\\/www.toyotomi.eu\\\/da\\\/\"},{\"@type\":\"ListItem\",\"position\":2,\"name\":\"Alle produkter\",\"item\":\"https:\\\/\\\/www.toyotomi.eu\\\/da\\\/alle-produkter\\\/\"},{\"@type\":\"ListItem\",\"position\":3,\"name\":\"TOYOTOMI CLEAR 10L\"}]},{\"@type\":\"WebSite\",\"@id\":\"https:\\\/\\\/www.toyotomi.eu\\\/da\\\/#website\",\"url\":\"https:\\\/\\\/www.toyotomi.eu\\\/da\\\/\",\"name\":\"Toyotomi\",\"description\":\"\",\"publisher\":{\"@id\":\"https:\\\/\\\/www.toyotomi.eu\\\/da\\\/#organization\"},\"potentialAction\":[{\"@type\":\"SearchAction\",\"target\":{\"@type\":\"EntryPoint\",\"urlTemplate\":\"https:\\\/\\\/www.toyotomi.eu\\\/da\\\/?s={search_term_string}\"},\"query-input\":{\"@type\":\"PropertyValueSpecification\",\"valueRequired\":true,\"valueName\":\"search_term_string\"}}],\"inLanguage\":\"da-DK\"},{\"@type\":\"Organization\",\"@id\":\"https:\\\/\\\/www.toyotomi.eu\\\/da\\\/#organization\",\"name\":\"Toyotomi Europe Sales B.V.\",\"alternateName\":\"Toyotomi\",\"url\":\"https:\\\/\\\/www.toyotomi.eu\\\/da\\\/\",\"logo\":{\"@type\":\"ImageObject\",\"inLanguage\":\"da-DK\",\"@id\":\"https:\\\/\\\/www.toyotomi.eu\\\/da\\\/#\\\/schema\\\/logo\\\/image\\\/\",\"url\":\"https:\\\/\\\/www.toyotomi.eu\\\/wp-content\\\/uploads\\\/2025\\\/10\\\/logo.png\",\"contentUrl\":\"https:\\\/\\\/www.toyotomi.eu\\\/wp-content\\\/uploads\\\/2025\\\/10\\\/logo.png\",\"width\":1360,\"height\":304,\"caption\":\"Toyotomi Europe Sales B.V.\"},\"image\":{\"@id\":\"https:\\\/\\\/www.toyotomi.eu\\\/da\\\/#\\\/schema\\\/logo\\\/image\\\/\"}}]}<\/script>\n<!-- \/ Yoast SEO plugin. -->","yoast_head_json":{"title":"TOYOTOMI CLEAR 10L - Toyotomi","robots":{"index":"index","follow":"follow","max-snippet":"max-snippet:-1","max-image-preview":"max-image-preview:large","max-video-preview":"max-video-preview:-1"},"canonical":"https:\/\/www.toyotomi.eu\/da\/produkt\/toyotomi-clear-10l\/","og_locale":"da_DK","og_type":"article","og_title":"TOYOTOMI CLEAR 10L - Toyotomi","og_description":"Toyotomi CLEAR er et \"ultra-lugtfrit\" br\u00e6ndstof til dem, der forventer uovertruffen ydeevne. Takket v\u00e6re et lavt indhold af aromater reduceres lugten ved opt\u00e6nding og ved slukning, og br\u00e6ndstoffet sikrer et h\u00f8jt udbytte takket v\u00e6re en br\u00e6ndv\u00e6rdi p\u00e5 over 11.400 kcal\/kg.  Varenr.: CLEAR 10 LITER","og_url":"https:\/\/www.toyotomi.eu\/da\/produkt\/toyotomi-clear-10l\/","og_site_name":"Toyotomi","article_modified_time":"2026-04-24T15:35:30+00:00","og_image":[{"width":768,"height":768,"url":"https:\/\/www.toyotomi.eu\/wp-content\/uploads\/2026\/04\/PIC_TOYOTOMI-CLEAR-10L_2560x2560-768x768.png","type":"image\/png"}],"twitter_card":"summary_large_image","schema":{"@context":"https:\/\/schema.org","@graph":[{"@type":"WebPage","@id":"https:\/\/www.toyotomi.eu\/da\/produkt\/toyotomi-clear-10l\/","url":"https:\/\/www.toyotomi.eu\/da\/produkt\/toyotomi-clear-10l\/","name":"TOYOTOMI CLEAR 10L - Toyotomi","isPartOf":{"@id":"https:\/\/www.toyotomi.eu\/da\/#website"},"primaryImageOfPage":{"@id":"https:\/\/www.toyotomi.eu\/da\/produkt\/toyotomi-clear-10l\/#primaryimage"},"image":{"@id":"https:\/\/www.toyotomi.eu\/da\/produkt\/toyotomi-clear-10l\/#primaryimage"},"thumbnailUrl":"https:\/\/www.toyotomi.eu\/wp-content\/uploads\/2026\/04\/PIC_TOYOTOMI-CLEAR-10L_2560x2560.png","datePublished":"2025-01-01T01:01:00+00:00","dateModified":"2026-04-24T15:35:30+00:00","breadcrumb":{"@id":"https:\/\/www.toyotomi.eu\/da\/produkt\/toyotomi-clear-10l\/#breadcrumb"},"inLanguage":"da-DK","potentialAction":[{"@type":"ReadAction","target":["https:\/\/www.toyotomi.eu\/da\/produkt\/toyotomi-clear-10l\/"]}]},{"@type":"ImageObject","inLanguage":"da-DK","@id":"https:\/\/www.toyotomi.eu\/da\/produkt\/toyotomi-clear-10l\/#primaryimage","url":"https:\/\/www.toyotomi.eu\/wp-content\/uploads\/2026\/04\/PIC_TOYOTOMI-CLEAR-10L_2560x2560.png","contentUrl":"https:\/\/www.toyotomi.eu\/wp-content\/uploads\/2026\/04\/PIC_TOYOTOMI-CLEAR-10L_2560x2560.png","width":2560,"height":2560,"caption":"10-liters Toyotomi Clear br\u00e6ndstofflaske designet til b\u00e6rbare ovne, der sikrer opbevaring af lugtfrit br\u00e6ndstof i h\u00f8j kvalitet til effektiv opvarmning."},{"@type":"BreadcrumbList","@id":"https:\/\/www.toyotomi.eu\/da\/produkt\/toyotomi-clear-10l\/#breadcrumb","itemListElement":[{"@type":"ListItem","position":1,"name":"Forside","item":"https:\/\/www.toyotomi.eu\/da\/"},{"@type":"ListItem","position":2,"name":"Alle produkter","item":"https:\/\/www.toyotomi.eu\/da\/alle-produkter\/"},{"@type":"ListItem","position":3,"name":"TOYOTOMI CLEAR 10L"}]},{"@type":"WebSite","@id":"https:\/\/www.toyotomi.eu\/da\/#website","url":"https:\/\/www.toyotomi.eu\/da\/","name":"Toyotomi","description":"","publisher":{"@id":"https:\/\/www.toyotomi.eu\/da\/#organization"},"potentialAction":[{"@type":"SearchAction","target":{"@type":"EntryPoint","urlTemplate":"https:\/\/www.toyotomi.eu\/da\/?s={search_term_string}"},"query-input":{"@type":"PropertyValueSpecification","valueRequired":true,"valueName":"search_term_string"}}],"inLanguage":"da-DK"},{"@type":"Organization","@id":"https:\/\/www.toyotomi.eu\/da\/#organization","name":"Toyotomi Europe Sales B.V.","alternateName":"Toyotomi","url":"https:\/\/www.toyotomi.eu\/da\/","logo":{"@type":"ImageObject","inLanguage":"da-DK","@id":"https:\/\/www.toyotomi.eu\/da\/#\/schema\/logo\/image\/","url":"https:\/\/www.toyotomi.eu\/wp-content\/uploads\/2025\/10\/logo.png","contentUrl":"https:\/\/www.toyotomi.eu\/wp-content\/uploads\/2025\/10\/logo.png","width":1360,"height":304,"caption":"Toyotomi Europe Sales B.V."},"image":{"@id":"https:\/\/www.toyotomi.eu\/da\/#\/schema\/logo\/image\/"}}]}},"_links":{"self":[{"href":"https:\/\/www.toyotomi.eu\/da\/wp-json\/wp\/v2\/product\/63863","targetHints":{"allow":["GET"]}}],"collection":[{"href":"https:\/\/www.toyotomi.eu\/da\/wp-json\/wp\/v2\/product"}],"about":[{"href":"https:\/\/www.toyotomi.eu\/da\/wp-json\/wp\/v2\/types\/product"}],"wp:featuredmedia":[{"embeddable":true,"href":"https:\/\/www.toyotomi.eu\/da\/wp-json\/wp\/v2\/media\/62510"}],"wp:attachment":[{"href":"https:\/\/www.toyotomi.eu\/da\/wp-json\/wp\/v2\/media?parent=63863"}],"wp:term":[{"taxonomy":"product_brand","embeddable":true,"href":"https:\/\/www.toyotomi.eu\/da\/wp-json\/wp\/v2\/product_brand?post=63863"},{"taxonomy":"product_cat","embeddable":true,"href":"https:\/\/www.toyotomi.eu\/da\/wp-json\/wp\/v2\/product_cat?post=63863"},{"taxonomy":"product_tag","embeddable":true,"href":"https:\/\/www.toyotomi.eu\/da\/wp-json\/wp\/v2\/product_tag?post=63863"}],"curies":[{"name":"wp","href":"https:\/\/api.w.org\/{rel}","templated":true}]}}