{"id":63800,"date":"2025-01-01T02:01:00","date_gmt":"2025-01-01T01:01:00","guid":{"rendered":"https:\/\/www.toyotomi.eu\/product\/toyotube\/"},"modified":"2026-04-24T17:29:35","modified_gmt":"2026-04-24T15:29:35","slug":"toyotube","status":"publish","type":"product","link":"https:\/\/www.toyotomi.eu\/da\/produkt\/toyotube\/","title":{"rendered":"TOYOTUBE"},"content":{"rendered":"\n<div class=\"wp-block-essential-blocks-wrapper alignfull  root-eb-wrapper-mkprm\"><div class=\"eb-parent-wrapper eb-parent-eb-wrapper-mkprm \"><div class=\"eb-wrapper-outer eb-wrapper-mkprm\"><div class=\"eb-wrapper-inner\"><div class=\"eb-wrapper-inner-blocks eb-wrapper-align-center\">\n<div class=\"wp-block-essential-blocks-row alignfull  root-eb-row-18fkr\"><div class=\"eb-parent-wrapper eb-parent-eb-row-18fkr \"><div class=\"eb-row-root-container eb-row-18fkr\" data-id=\"eb-row-18fkr\"><div class=\"eb-row-wrapper\"><div class=\"eb-row-inner\">\n<div class=\"wp-block-essential-blocks-column  root-eb-column-3cpl6\"><div class=\"eb-parent-wrapper eb-parent-eb-column-3cpl6 \"><div class=\"eb-column-wrapper eb-column-3cpl6\"><div class=\"eb-column-inner\">\n<figure class=\"wp-block-image size-full has-custom-border\"><img loading=\"lazy\" decoding=\"async\" width=\"800\" height=\"1000\" src=\"https:\/\/www.toyotomi.eu\/wp-content\/uploads\/2025\/01\/Toyotube-Toyotomi-1.jpg\" alt=\"Toyotomi trin-for-trin guide til brug af Toyotube-genopfyldning til b\u00e6rbare petroleumsovne fra Toyotomi, dette er trin 1\" class=\"wp-image-30402\" style=\"border-radius:4px\" srcset=\"https:\/\/www.toyotomi.eu\/wp-content\/uploads\/2025\/01\/Toyotube-Toyotomi-1.jpg 800w, https:\/\/www.toyotomi.eu\/wp-content\/uploads\/2025\/01\/Toyotube-Toyotomi-1-150x188.jpg 150w, https:\/\/www.toyotomi.eu\/wp-content\/uploads\/2025\/01\/Toyotube-Toyotomi-1-768x960.jpg 768w, https:\/\/www.toyotomi.eu\/wp-content\/uploads\/2025\/01\/Toyotube-Toyotomi-1-441x551.jpg 441w\" sizes=\"auto, (max-width: 800px) 100vw, 800px\" \/><\/figure>\n<\/div><\/div><\/div><\/div>\n\n\n\n<div class=\"wp-block-essential-blocks-column  root-eb-column-20mz5\"><div class=\"eb-parent-wrapper eb-parent-eb-column-20mz5 \"><div class=\"eb-column-wrapper eb-column-20mz5\"><div class=\"eb-column-inner\">\n<figure class=\"wp-block-image size-full has-custom-border\"><img loading=\"lazy\" decoding=\"async\" width=\"800\" height=\"1000\" src=\"https:\/\/www.toyotomi.eu\/wp-content\/uploads\/2025\/01\/Toyotube-Toyotomi-2.jpg\" class=\"wp-image-30403\" alt=\"Versatile heating appliance from Toyotomi. Efficient and durable for home or industrial use.\" style=\"border-radius:4px\" srcset=\"https:\/\/www.toyotomi.eu\/wp-content\/uploads\/2025\/01\/Toyotube-Toyotomi-2.jpg 800w, https:\/\/www.toyotomi.eu\/wp-content\/uploads\/2025\/01\/Toyotube-Toyotomi-2-150x188.jpg 150w, https:\/\/www.toyotomi.eu\/wp-content\/uploads\/2025\/01\/Toyotube-Toyotomi-2-768x960.jpg 768w, https:\/\/www.toyotomi.eu\/wp-content\/uploads\/2025\/01\/Toyotube-Toyotomi-2-441x551.jpg 441w\" sizes=\"auto, (max-width: 800px) 100vw, 800px\" \/> <\/figure>\n<\/div><\/div><\/div><\/div>\n\n\n\n<div class=\"wp-block-essential-blocks-column  root-eb-column-vbg0m\"><div class=\"eb-parent-wrapper eb-parent-eb-column-vbg0m \"><div class=\"eb-column-wrapper eb-column-vbg0m\"><div class=\"eb-column-inner\">\n<figure class=\"wp-block-image size-full has-custom-border\"><img loading=\"lazy\" decoding=\"async\" width=\"800\" height=\"1000\" src=\"https:\/\/www.toyotomi.eu\/wp-content\/uploads\/2025\/01\/Toyotube-Toyotomi-3.jpg\" class=\"wp-image-30404\" alt=\"Emergency fire safety equipment for quick response to fires.\" style=\"border-radius:4px\" srcset=\"https:\/\/www.toyotomi.eu\/wp-content\/uploads\/2025\/01\/Toyotube-Toyotomi-3.jpg 800w, https:\/\/www.toyotomi.eu\/wp-content\/uploads\/2025\/01\/Toyotube-Toyotomi-3-150x188.jpg 150w, https:\/\/www.toyotomi.eu\/wp-content\/uploads\/2025\/01\/Toyotube-Toyotomi-3-768x960.jpg 768w, https:\/\/www.toyotomi.eu\/wp-content\/uploads\/2025\/01\/Toyotube-Toyotomi-3-441x551.jpg 441w\" sizes=\"auto, (max-width: 800px) 100vw, 800px\" \/> <\/figure>\n<\/div><\/div><\/div><\/div>\n\n\n\n<div class=\"wp-block-essential-blocks-column  root-eb-column-4osit\"><div class=\"eb-parent-wrapper eb-parent-eb-column-4osit \"><div class=\"eb-column-wrapper eb-column-4osit\"><div class=\"eb-column-inner\">\n<figure class=\"wp-block-image size-full has-custom-border\"><img loading=\"lazy\" decoding=\"async\" width=\"800\" height=\"1000\" src=\"https:\/\/www.toyotomi.eu\/wp-content\/uploads\/2025\/01\/Toyotube-Toyotomi-4.jpg\" alt=\"Toyotomi trin-for-trin guide til brug af Toyotube-genopfyldning til b\u00e6rbare petroleumsovne fra Toyotomi, dette er trin 4\" class=\"wp-image-30405\" style=\"border-radius:4px\" srcset=\"https:\/\/www.toyotomi.eu\/wp-content\/uploads\/2025\/01\/Toyotube-Toyotomi-4.jpg 800w, https:\/\/www.toyotomi.eu\/wp-content\/uploads\/2025\/01\/Toyotube-Toyotomi-4-150x188.jpg 150w, https:\/\/www.toyotomi.eu\/wp-content\/uploads\/2025\/01\/Toyotube-Toyotomi-4-768x960.jpg 768w, https:\/\/www.toyotomi.eu\/wp-content\/uploads\/2025\/01\/Toyotube-Toyotomi-4-441x551.jpg 441w\" sizes=\"auto, (max-width: 800px) 100vw, 800px\" \/><\/figure>\n<\/div><\/div><\/div><\/div>\n<\/div><\/div><\/div><\/div><\/div>\n<\/div><\/div><\/div><\/div><\/div>\n\n<div class=\"wp-block-essential-blocks-wrapper alignfull  root-eb-wrapper-tvb73\"><div class=\"eb-parent-wrapper eb-parent-eb-wrapper-tvb73 \"><div class=\"eb-wrapper-outer eb-wrapper-tvb73\"><div class=\"eb-wrapper-inner\"><div class=\"eb-wrapper-inner-blocks eb-wrapper-align-center\">\n<div class=\"wp-block-essential-blocks-row alignfull  root-eb-row-8szbc\"><div class=\"eb-parent-wrapper eb-parent-eb-row-8szbc \"><div class=\"eb-row-root-container eb-row-8szbc\" data-id=\"eb-row-8szbc\"><div class=\"eb-row-wrapper\"><div class=\"eb-row-inner\">\n<div class=\"wp-block-essential-blocks-column  root-eb-column-fo6u5\"><div class=\"eb-parent-wrapper eb-parent-eb-column-fo6u5 \"><div class=\"eb-column-wrapper eb-column-fo6u5\"><div class=\"eb-column-inner\">\n<h2 class=\"wp-block-heading\"><strong>Toyotube<\/strong><\/h2>\n\n\n\n<p>Sig farvel til rodet p\u00e5fyldning og goddag til ubesv\u00e6ret varme. Toyotube er den revolutionerende engangsp\u00e5fyldningspatron udviklet af Toyotomi. Toyotube forvandler m\u00e5den, De driver Deres varmeapparat p\u00e5 \u2013 ingen spild, ingen pumper, intet besv\u00e6r. <\/p>\n\n\n\n<h3 class=\"wp-block-heading\"><strong>Enkel i design<\/strong><\/h3>\n\n\n\n<p>Med Toyotube er p\u00e5fyldning s\u00e5 let som at inds\u00e6tte en patron med blot \u00e9n h\u00e5nd. Der er ingen grund til at h\u00e5ndtere br\u00e6ndstof manuelt eller bekymre sig om spild p\u00e5 gulvet. Hver forseglet patron leverer rent br\u00e6ndstof af h\u00f8j kvalitet, uber\u00f8rt af ydre elementer, hvilket sikrer konsistent og effektiv forbr\u00e6nding hver gang. Toyotube-patroner er fremstillet udelukkende af genanvendeligt PET-plast, hvilket reducerer affald og g\u00f8r bortskaffelse enkel og ansvarlig. Med forseglede patroner forbliver br\u00e6ndstoffet friskt og uforurenet, renere for Deres varmeapparat, renere for planeten.    <\/p>\n\n\n\n<h3 class=\"wp-block-heading\"><strong>Praktisk, b\u00e6rbar og ren<\/strong><\/h3>\n\n\n\n<p>Hver pakke indeholder 6 engangspatroner, hvilket g\u00f8r det nemt at opbevare, b\u00e6re og transportere. Uanset om De opvarmer en hytte, et v\u00e6rksted eller et hjem, holder Toyotube br\u00e6ndstofstyringen rydelig og effektiv. Toyotube er kompatibel med alle Zibro-varmeapparater helt tilbage fra 1990\u2019erne. Udskift blot Deres nuv\u00e6rende br\u00e6ndstofacceptfilter med Toyotube universalfilter, og De er klar til at nyde et nyt niveau af bekvemmelighed med Deres p\u00e5lidelige Zibro-varmeapparat.   <\/p>\n<\/div><\/div><\/div><\/div>\n<\/div><\/div><\/div><\/div><\/div>\n<\/div><\/div><\/div><\/div><\/div>\n","protected":false},"excerpt":{"rendered":"<p>Toyotube er den mest praktiske m\u00e5de at p\u00e5fylde br\u00e6ndstof p\u00e5 Deres Toyotomi- eller Zibro-ovn. Hver forseglede flaske p\u00e5 1,4 liter er let, nem at h\u00e5ndtere og designet til brug med \u00e9n h\u00e5nd, s\u00e5 De ikke beh\u00f8ver en br\u00e6ndstof-sifonpumpe. Dette engangsp\u00e5fyldningssystem garanterer ren og sikker drift uden br\u00e6ndstofkontakt, spild eller svineri, samtidig med at den h\u00f8je kvalitet af br\u00e6ndstoffet indeni bevares. Leveres i kasser med seks flasker. Toyotube er udelukkende kompatibel med alle vores laser- og v\u00e6geovne og sikrer p\u00e5lidelig ydeevne og fuld tryghed.   <\/p>\n<p><strong>Varenr.:<\/strong> TOYOTUBE 1,4 LITER<\/p>\n","protected":false},"featured_media":62478,"template":"","meta":{"_acf_changed":false,"_eb_attr":""},"product_brand":[],"product_cat":[6592],"product_tag":[],"class_list":{"0":"post-63800","1":"product","2":"type-product","3":"status-publish","4":"has-post-thumbnail","6":"product_cat-opvarmningsvaesker-dk","8":"first","9":"instock","10":"taxable","11":"shipping-taxable","12":"product-type-simple"},"acf":[],"yoast_head":"<!-- This site is optimized with the Yoast SEO plugin v27.5 - https:\/\/yoast.com\/product\/yoast-seo-wordpress\/ -->\n<title>TOYOTUBE - Toyotomi<\/title>\n<meta name=\"robots\" content=\"index, follow, max-snippet:-1, max-image-preview:large, max-video-preview:-1\" \/>\n<link rel=\"canonical\" href=\"https:\/\/www.toyotomi.eu\/da\/produkt\/toyotube\/\" \/>\n<meta property=\"og:locale\" content=\"da_DK\" \/>\n<meta property=\"og:type\" content=\"article\" \/>\n<meta property=\"og:title\" content=\"TOYOTUBE - Toyotomi\" \/>\n<meta property=\"og:description\" content=\"Toyotube er den mest praktiske m\u00e5de at p\u00e5fylde br\u00e6ndstof p\u00e5 Deres Toyotomi- eller Zibro-ovn. Hver forseglede flaske p\u00e5 1,4 liter er let, nem at h\u00e5ndtere og designet til brug med \u00e9n h\u00e5nd, s\u00e5 De ikke beh\u00f8ver en br\u00e6ndstof-sifonpumpe. Dette engangsp\u00e5fyldningssystem garanterer ren og sikker drift uden br\u00e6ndstofkontakt, spild eller svineri, samtidig med at den h\u00f8je kvalitet af br\u00e6ndstoffet indeni bevares. Leveres i kasser med seks flasker. Toyotube er udelukkende kompatibel med alle vores laser- og v\u00e6geovne og sikrer p\u00e5lidelig ydeevne og fuld tryghed.   Varenr.: TOYOTUBE 1,4 LITER\" \/>\n<meta property=\"og:url\" content=\"https:\/\/www.toyotomi.eu\/da\/produkt\/toyotube\/\" \/>\n<meta property=\"og:site_name\" content=\"Toyotomi\" \/>\n<meta property=\"article:modified_time\" content=\"2026-04-24T15:29:35+00:00\" \/>\n<meta property=\"og:image\" content=\"https:\/\/www.toyotomi.eu\/wp-content\/uploads\/2026\/03\/PIC_TOYOTUBE_2560x2560-1920x1920.png\" \/>\n\t<meta property=\"og:image:width\" content=\"1920\" \/>\n\t<meta property=\"og:image:height\" content=\"1920\" \/>\n\t<meta property=\"og:image:type\" content=\"image\/png\" \/>\n<meta name=\"twitter:card\" content=\"summary_large_image\" \/>\n<script type=\"application\/ld+json\" class=\"yoast-schema-graph\">{\"@context\":\"https:\\\/\\\/schema.org\",\"@graph\":[{\"@type\":\"WebPage\",\"@id\":\"https:\\\/\\\/www.toyotomi.eu\\\/da\\\/produkt\\\/toyotube\\\/\",\"url\":\"https:\\\/\\\/www.toyotomi.eu\\\/da\\\/produkt\\\/toyotube\\\/\",\"name\":\"TOYOTUBE - Toyotomi\",\"isPartOf\":{\"@id\":\"https:\\\/\\\/www.toyotomi.eu\\\/da\\\/#website\"},\"primaryImageOfPage\":{\"@id\":\"https:\\\/\\\/www.toyotomi.eu\\\/da\\\/produkt\\\/toyotube\\\/#primaryimage\"},\"image\":{\"@id\":\"https:\\\/\\\/www.toyotomi.eu\\\/da\\\/produkt\\\/toyotube\\\/#primaryimage\"},\"thumbnailUrl\":\"https:\\\/\\\/www.toyotomi.eu\\\/wp-content\\\/uploads\\\/2026\\\/03\\\/PIC_TOYOTUBE_2560x2560.png\",\"datePublished\":\"2025-01-01T01:01:00+00:00\",\"dateModified\":\"2026-04-24T15:29:35+00:00\",\"breadcrumb\":{\"@id\":\"https:\\\/\\\/www.toyotomi.eu\\\/da\\\/produkt\\\/toyotube\\\/#breadcrumb\"},\"inLanguage\":\"da-DK\",\"potentialAction\":[{\"@type\":\"ReadAction\",\"target\":[\"https:\\\/\\\/www.toyotomi.eu\\\/da\\\/produkt\\\/toyotube\\\/\"]}]},{\"@type\":\"ImageObject\",\"inLanguage\":\"da-DK\",\"@id\":\"https:\\\/\\\/www.toyotomi.eu\\\/da\\\/produkt\\\/toyotube\\\/#primaryimage\",\"url\":\"https:\\\/\\\/www.toyotomi.eu\\\/wp-content\\\/uploads\\\/2026\\\/03\\\/PIC_TOYOTUBE_2560x2560.png\",\"contentUrl\":\"https:\\\/\\\/www.toyotomi.eu\\\/wp-content\\\/uploads\\\/2026\\\/03\\\/PIC_TOYOTUBE_2560x2560.png\",\"width\":2560,\"height\":2560,\"caption\":\"Effektiv Toyotomi Toyotube til hurtig opvarmning af Toyotomi-ovne, der sikrer sikkerhed og bekvemmelighed.\"},{\"@type\":\"BreadcrumbList\",\"@id\":\"https:\\\/\\\/www.toyotomi.eu\\\/da\\\/produkt\\\/toyotube\\\/#breadcrumb\",\"itemListElement\":[{\"@type\":\"ListItem\",\"position\":1,\"name\":\"Forside\",\"item\":\"https:\\\/\\\/www.toyotomi.eu\\\/da\\\/\"},{\"@type\":\"ListItem\",\"position\":2,\"name\":\"Alle produkter\",\"item\":\"https:\\\/\\\/www.toyotomi.eu\\\/da\\\/alle-produkter\\\/\"},{\"@type\":\"ListItem\",\"position\":3,\"name\":\"TOYOTUBE\"}]},{\"@type\":\"WebSite\",\"@id\":\"https:\\\/\\\/www.toyotomi.eu\\\/da\\\/#website\",\"url\":\"https:\\\/\\\/www.toyotomi.eu\\\/da\\\/\",\"name\":\"Toyotomi\",\"description\":\"\",\"publisher\":{\"@id\":\"https:\\\/\\\/www.toyotomi.eu\\\/da\\\/#organization\"},\"potentialAction\":[{\"@type\":\"SearchAction\",\"target\":{\"@type\":\"EntryPoint\",\"urlTemplate\":\"https:\\\/\\\/www.toyotomi.eu\\\/da\\\/?s={search_term_string}\"},\"query-input\":{\"@type\":\"PropertyValueSpecification\",\"valueRequired\":true,\"valueName\":\"search_term_string\"}}],\"inLanguage\":\"da-DK\"},{\"@type\":\"Organization\",\"@id\":\"https:\\\/\\\/www.toyotomi.eu\\\/da\\\/#organization\",\"name\":\"Toyotomi Europe Sales B.V.\",\"alternateName\":\"Toyotomi\",\"url\":\"https:\\\/\\\/www.toyotomi.eu\\\/da\\\/\",\"logo\":{\"@type\":\"ImageObject\",\"inLanguage\":\"da-DK\",\"@id\":\"https:\\\/\\\/www.toyotomi.eu\\\/da\\\/#\\\/schema\\\/logo\\\/image\\\/\",\"url\":\"https:\\\/\\\/www.toyotomi.eu\\\/wp-content\\\/uploads\\\/2025\\\/10\\\/logo.png\",\"contentUrl\":\"https:\\\/\\\/www.toyotomi.eu\\\/wp-content\\\/uploads\\\/2025\\\/10\\\/logo.png\",\"width\":1360,\"height\":304,\"caption\":\"Toyotomi Europe Sales B.V.\"},\"image\":{\"@id\":\"https:\\\/\\\/www.toyotomi.eu\\\/da\\\/#\\\/schema\\\/logo\\\/image\\\/\"}}]}<\/script>\n<!-- \/ Yoast SEO plugin. -->","yoast_head_json":{"title":"TOYOTUBE - Toyotomi","robots":{"index":"index","follow":"follow","max-snippet":"max-snippet:-1","max-image-preview":"max-image-preview:large","max-video-preview":"max-video-preview:-1"},"canonical":"https:\/\/www.toyotomi.eu\/da\/produkt\/toyotube\/","og_locale":"da_DK","og_type":"article","og_title":"TOYOTUBE - Toyotomi","og_description":"Toyotube er den mest praktiske m\u00e5de at p\u00e5fylde br\u00e6ndstof p\u00e5 Deres Toyotomi- eller Zibro-ovn. Hver forseglede flaske p\u00e5 1,4 liter er let, nem at h\u00e5ndtere og designet til brug med \u00e9n h\u00e5nd, s\u00e5 De ikke beh\u00f8ver en br\u00e6ndstof-sifonpumpe. Dette engangsp\u00e5fyldningssystem garanterer ren og sikker drift uden br\u00e6ndstofkontakt, spild eller svineri, samtidig med at den h\u00f8je kvalitet af br\u00e6ndstoffet indeni bevares. Leveres i kasser med seks flasker. Toyotube er udelukkende kompatibel med alle vores laser- og v\u00e6geovne og sikrer p\u00e5lidelig ydeevne og fuld tryghed.   Varenr.: TOYOTUBE 1,4 LITER","og_url":"https:\/\/www.toyotomi.eu\/da\/produkt\/toyotube\/","og_site_name":"Toyotomi","article_modified_time":"2026-04-24T15:29:35+00:00","og_image":[{"width":1920,"height":1920,"url":"https:\/\/www.toyotomi.eu\/wp-content\/uploads\/2026\/03\/PIC_TOYOTUBE_2560x2560-1920x1920.png","type":"image\/png"}],"twitter_card":"summary_large_image","schema":{"@context":"https:\/\/schema.org","@graph":[{"@type":"WebPage","@id":"https:\/\/www.toyotomi.eu\/da\/produkt\/toyotube\/","url":"https:\/\/www.toyotomi.eu\/da\/produkt\/toyotube\/","name":"TOYOTUBE - Toyotomi","isPartOf":{"@id":"https:\/\/www.toyotomi.eu\/da\/#website"},"primaryImageOfPage":{"@id":"https:\/\/www.toyotomi.eu\/da\/produkt\/toyotube\/#primaryimage"},"image":{"@id":"https:\/\/www.toyotomi.eu\/da\/produkt\/toyotube\/#primaryimage"},"thumbnailUrl":"https:\/\/www.toyotomi.eu\/wp-content\/uploads\/2026\/03\/PIC_TOYOTUBE_2560x2560.png","datePublished":"2025-01-01T01:01:00+00:00","dateModified":"2026-04-24T15:29:35+00:00","breadcrumb":{"@id":"https:\/\/www.toyotomi.eu\/da\/produkt\/toyotube\/#breadcrumb"},"inLanguage":"da-DK","potentialAction":[{"@type":"ReadAction","target":["https:\/\/www.toyotomi.eu\/da\/produkt\/toyotube\/"]}]},{"@type":"ImageObject","inLanguage":"da-DK","@id":"https:\/\/www.toyotomi.eu\/da\/produkt\/toyotube\/#primaryimage","url":"https:\/\/www.toyotomi.eu\/wp-content\/uploads\/2026\/03\/PIC_TOYOTUBE_2560x2560.png","contentUrl":"https:\/\/www.toyotomi.eu\/wp-content\/uploads\/2026\/03\/PIC_TOYOTUBE_2560x2560.png","width":2560,"height":2560,"caption":"Effektiv Toyotomi Toyotube til hurtig opvarmning af Toyotomi-ovne, der sikrer sikkerhed og bekvemmelighed."},{"@type":"BreadcrumbList","@id":"https:\/\/www.toyotomi.eu\/da\/produkt\/toyotube\/#breadcrumb","itemListElement":[{"@type":"ListItem","position":1,"name":"Forside","item":"https:\/\/www.toyotomi.eu\/da\/"},{"@type":"ListItem","position":2,"name":"Alle produkter","item":"https:\/\/www.toyotomi.eu\/da\/alle-produkter\/"},{"@type":"ListItem","position":3,"name":"TOYOTUBE"}]},{"@type":"WebSite","@id":"https:\/\/www.toyotomi.eu\/da\/#website","url":"https:\/\/www.toyotomi.eu\/da\/","name":"Toyotomi","description":"","publisher":{"@id":"https:\/\/www.toyotomi.eu\/da\/#organization"},"potentialAction":[{"@type":"SearchAction","target":{"@type":"EntryPoint","urlTemplate":"https:\/\/www.toyotomi.eu\/da\/?s={search_term_string}"},"query-input":{"@type":"PropertyValueSpecification","valueRequired":true,"valueName":"search_term_string"}}],"inLanguage":"da-DK"},{"@type":"Organization","@id":"https:\/\/www.toyotomi.eu\/da\/#organization","name":"Toyotomi Europe Sales B.V.","alternateName":"Toyotomi","url":"https:\/\/www.toyotomi.eu\/da\/","logo":{"@type":"ImageObject","inLanguage":"da-DK","@id":"https:\/\/www.toyotomi.eu\/da\/#\/schema\/logo\/image\/","url":"https:\/\/www.toyotomi.eu\/wp-content\/uploads\/2025\/10\/logo.png","contentUrl":"https:\/\/www.toyotomi.eu\/wp-content\/uploads\/2025\/10\/logo.png","width":1360,"height":304,"caption":"Toyotomi Europe Sales B.V."},"image":{"@id":"https:\/\/www.toyotomi.eu\/da\/#\/schema\/logo\/image\/"}}]}},"_links":{"self":[{"href":"https:\/\/www.toyotomi.eu\/da\/wp-json\/wp\/v2\/product\/63800","targetHints":{"allow":["GET"]}}],"collection":[{"href":"https:\/\/www.toyotomi.eu\/da\/wp-json\/wp\/v2\/product"}],"about":[{"href":"https:\/\/www.toyotomi.eu\/da\/wp-json\/wp\/v2\/types\/product"}],"wp:featuredmedia":[{"embeddable":true,"href":"https:\/\/www.toyotomi.eu\/da\/wp-json\/wp\/v2\/media\/62478"}],"wp:attachment":[{"href":"https:\/\/www.toyotomi.eu\/da\/wp-json\/wp\/v2\/media?parent=63800"}],"wp:term":[{"taxonomy":"product_brand","embeddable":true,"href":"https:\/\/www.toyotomi.eu\/da\/wp-json\/wp\/v2\/product_brand?post=63800"},{"taxonomy":"product_cat","embeddable":true,"href":"https:\/\/www.toyotomi.eu\/da\/wp-json\/wp\/v2\/product_cat?post=63800"},{"taxonomy":"product_tag","embeddable":true,"href":"https:\/\/www.toyotomi.eu\/da\/wp-json\/wp\/v2\/product_tag?post=63800"}],"curies":[{"name":"wp","href":"https:\/\/api.w.org\/{rel}","templated":true}]}}