{"id":50594,"date":"2025-01-01T02:01:00","date_gmt":"2025-01-01T01:01:00","guid":{"rendered":"https:\/\/www.toyotomi.eu\/product\/toyotomi-td-zb80\/"},"modified":"2025-12-18T00:56:06","modified_gmt":"2025-12-18T00:56:06","slug":"toyotomi-td-zb80","status":"publish","type":"product","link":"https:\/\/www.toyotomi.eu\/da\/produkt\/toyotomi-td-zb80\/","title":{"rendered":"Toyotomi TD-ZB80"},"content":{"rendered":"\n<div class=\"wp-block-cover is-light\" style=\"border-radius:10px;min-height:600px;aspect-ratio:unset;\"><img loading=\"lazy\" decoding=\"async\" width=\"1920\" height=\"1400\" class=\"wp-block-cover__image-background wp-image-54965 size-full\" alt=\"\" src=\"https:\/\/www.toyotomi.eu\/wp-content\/uploads\/2025\/01\/Toyotomi-TD-ZB80-banner.jpg\" style=\"object-position:80% 40%\" data-object-fit=\"cover\" data-object-position=\"80% 40%\" srcset=\"https:\/\/www.toyotomi.eu\/wp-content\/uploads\/2025\/01\/Toyotomi-TD-ZB80-banner.jpg 1920w, https:\/\/www.toyotomi.eu\/wp-content\/uploads\/2025\/01\/Toyotomi-TD-ZB80-banner-1024x747.jpg 1024w, https:\/\/www.toyotomi.eu\/wp-content\/uploads\/2025\/01\/Toyotomi-TD-ZB80-banner-768x560.jpg 768w, https:\/\/www.toyotomi.eu\/wp-content\/uploads\/2025\/01\/Toyotomi-TD-ZB80-banner-1536x1120.jpg 1536w, https:\/\/www.toyotomi.eu\/wp-content\/uploads\/2025\/01\/Toyotomi-TD-ZB80-banner-990x722.jpg 990w, https:\/\/www.toyotomi.eu\/wp-content\/uploads\/2025\/01\/Toyotomi-TD-ZB80-banner-441x322.jpg 441w, https:\/\/www.toyotomi.eu\/wp-content\/uploads\/2025\/01\/Toyotomi-TD-ZB80-banner-150x109.jpg 150w\" sizes=\"auto, (max-width: 1920px) 100vw, 1920px\" \/><span aria-hidden=\"true\" class=\"wp-block-cover__background has-background-dim-0 has-background-dim\" style=\"background-color:#efeef0\"><\/span><div class=\"wp-block-cover__inner-container has-global-padding is-layout-constrained wp-block-cover-is-layout-constrained\">\n<p class=\"has-text-align-center has-large-font-size\"><\/p>\n<\/div><\/div>\n\n<div style=\"height:40px\" aria-hidden=\"true\" class=\"wp-block-spacer\"><\/div>\n\n<div class=\"wp-block-essential-blocks-wrapper alignfull  root-eb-wrapper-kiu5m\"><div class=\"eb-parent-wrapper eb-parent-eb-wrapper-kiu5m \"><div class=\"eb-wrapper-outer eb-wrapper-kiu5m\"><div class=\"eb-wrapper-inner\"><div class=\"eb-wrapper-inner-blocks eb-wrapper-align-center\">\n<div class=\"wp-block-essential-blocks-row alignfull  root-eb-row-vp5zx\"><div class=\"eb-parent-wrapper eb-parent-eb-row-vp5zx \"><div class=\"eb-row-root-container eb-row-vp5zx\" data-id=\"eb-row-vp5zx\"><div class=\"eb-row-wrapper\"><div class=\"eb-row-inner\">\n<div class=\"wp-block-essential-blocks-column  root-eb-column-wbb44\"><div class=\"eb-parent-wrapper eb-parent-eb-column-wbb44 \"><div class=\"eb-column-wrapper eb-column-wbb44\"><div class=\"eb-column-inner\">\n<h2 class=\"wp-block-heading has-text-align-left has-x-large-font-size\"><strong>Toyotomi TD-ZB80<\/strong> B\u00e6rbar affugter<\/h2>\n\n\n\n<p>Toyotomi affugteren TD-ZB80 yder bedst under forhold, hvor temperaturen er t\u00e6t p\u00e5 20\u00b0C. I disse situationer kan enheden absorbere op til 8 liter fugt fra luften. Tankkapaciteten p\u00e5 4,0 liter sikrer, at affugteren kan fungere i en tilstr\u00e6kkelig lang periode uden indgriben. Derudover stopper enheden med at fungere, n\u00e5r vandtanken er fuld, og informerer brugeren. Denne affugter af dessicanttypen vil overg\u00e5 en affugter af kompressortypen under alle forhold, hvor temperaturen er under 20\u00b0C.    <\/p>\n\n\n\n<p>Affugteren har et let tilg\u00e6ngeligt touchscreen-kontrolpanel til betjening af alle funktioner. Topluftudtaget g\u00f8r denne affugter til en perfekt l\u00f8sning til at t\u00f8rre dit vasket\u00f8j. Designet er b\u00e5de \u201c\u00e6stetisk\u201d og \u201cmoderne\u201d, og v\u00e6gten af denne affugter er let (8,3 kg). Som et resultat sikrer dette, at affugteren kan bruges overalt, hvor det passer bedst til dine behov.   <\/p>\n\n\n\n<p>Toyotomi affugteren TD-ZB80 indeholder ingen k\u00f8lemidler, hvilket resulterer i en lav potentiel p\u00e5virkning af milj\u00f8et. Den innovative dessicantteknik passer perfekt til Toyotomis b\u00e6redygtighedsm\u00e5l. For at sikre maksimal komfort og minimalt energiforbrug tillader automatisk drift, at enheden kun fungerer, n\u00e5r den har brug for det.  <\/p>\n<\/div><\/div><\/div><\/div>\n<\/div><\/div><\/div><\/div><\/div>\n<\/div><\/div><\/div><\/div><\/div>\n\n<div style=\"height:40px\" aria-hidden=\"true\" class=\"wp-block-spacer\"><\/div>\n\n<div class=\"wp-block-essential-blocks-wrapper alignfull  root-eb-wrapper-0pft6\"><div class=\"eb-parent-wrapper eb-parent-eb-wrapper-0pft6 \"><div class=\"eb-wrapper-outer eb-wrapper-0pft6\"><div class=\"eb-wrapper-inner\"><div class=\"eb-wrapper-inner-blocks eb-wrapper-align-center\">\n<div class=\"wp-block-essential-blocks-row alignfull  root-eb-row-htqol\"><div class=\"eb-parent-wrapper eb-parent-eb-row-htqol \"><div class=\"eb-row-root-container eb-row-htqol\" data-id=\"eb-row-htqol\"><div class=\"eb-row-wrapper\"><div class=\"eb-row-inner\">\n<div class=\"wp-block-essential-blocks-column  root-eb-column-eoyr7\"><div class=\"eb-parent-wrapper eb-parent-eb-column-eoyr7 \"><div class=\"eb-column-wrapper eb-column-eoyr7\"><div class=\"eb-column-inner\">\n<h2 class=\"wp-block-heading has-text-align-center has-xxx-large-font-size\">Kerfunktioner<\/h2>\n<\/div><\/div><\/div><\/div>\n<\/div><\/div><\/div><\/div><\/div>\n<\/div><\/div><\/div><\/div><\/div>\n\n<div class=\"wp-block-essential-blocks-wrapper alignfull  root-eb-wrapper-ug9mx\"><div class=\"eb-parent-wrapper eb-parent-eb-wrapper-ug9mx \"><div class=\"eb-wrapper-outer eb-wrapper-ug9mx\"><div class=\"eb-wrapper-inner\"><div class=\"eb-wrapper-inner-blocks eb-wrapper-align-center\">\n<div class=\"wp-block-essential-blocks-row alignfull  root-eb-row-ibpr3\"><div class=\"eb-parent-wrapper eb-parent-eb-row-ibpr3 \"><div class=\"eb-row-root-container eb-row-ibpr3\" data-id=\"eb-row-ibpr3\"><div class=\"eb-row-wrapper\"><div class=\"eb-row-inner\">\n<div class=\"wp-block-essential-blocks-column  root-eb-column-ssjdl\"><div class=\"eb-parent-wrapper eb-parent-eb-column-ssjdl \"><div class=\"eb-column-wrapper eb-column-ssjdl\"><div class=\"eb-column-inner\">\n<figure class=\"wp-block-image size-full is-resized\"><img loading=\"lazy\" decoding=\"async\" width=\"354\" height=\"354\" src=\"https:\/\/www.toyotomi.eu\/wp-content\/uploads\/2025\/12\/TOYO_Icon_Automatic_Restart.png\" alt=\"\" class=\"wp-image-54798\" style=\"object-fit:cover;width:50px;height:50px\" srcset=\"https:\/\/www.toyotomi.eu\/wp-content\/uploads\/2025\/12\/TOYO_Icon_Automatic_Restart.png 354w, https:\/\/www.toyotomi.eu\/wp-content\/uploads\/2025\/12\/TOYO_Icon_Automatic_Restart-300x300.png 300w, https:\/\/www.toyotomi.eu\/wp-content\/uploads\/2025\/12\/TOYO_Icon_Automatic_Restart-100x100.png 100w, https:\/\/www.toyotomi.eu\/wp-content\/uploads\/2025\/12\/TOYO_Icon_Automatic_Restart-150x150.png 150w\" sizes=\"auto, (max-width: 354px) 100vw, 354px\" \/><\/figure>\n\n\n\n<h3 class=\"wp-block-heading\">Automatisk drift<\/h3>\n\n\n\n<p>Fugtighedssensoren styrer rumfugtigheden fra 45% til 50% automatisk for at forhindre dugkondens p\u00e5 v\u00e6ggen og<br\/>vinduet.<\/p>\n<\/div><\/div><\/div><\/div>\n\n\n\n<div class=\"wp-block-essential-blocks-column  root-eb-column-wcgjp\"><div class=\"eb-parent-wrapper eb-parent-eb-column-wcgjp \"><div class=\"eb-column-wrapper eb-column-wcgjp\"><div class=\"eb-column-inner\">\n<figure class=\"wp-block-image size-full is-resized\"><img loading=\"lazy\" decoding=\"async\" width=\"354\" height=\"354\" src=\"https:\/\/www.toyotomi.eu\/wp-content\/uploads\/2025\/12\/TOYO_Icon_Automatic_Restart.png\" alt=\"\" class=\"wp-image-54798\" style=\"object-fit:cover;width:50px;height:50px\" srcset=\"https:\/\/www.toyotomi.eu\/wp-content\/uploads\/2025\/12\/TOYO_Icon_Automatic_Restart.png 354w, https:\/\/www.toyotomi.eu\/wp-content\/uploads\/2025\/12\/TOYO_Icon_Automatic_Restart-300x300.png 300w, https:\/\/www.toyotomi.eu\/wp-content\/uploads\/2025\/12\/TOYO_Icon_Automatic_Restart-100x100.png 100w, https:\/\/www.toyotomi.eu\/wp-content\/uploads\/2025\/12\/TOYO_Icon_Automatic_Restart-150x150.png 150w\" sizes=\"auto, (max-width: 354px) 100vw, 354px\" \/><\/figure>\n\n\n\n<h3 class=\"wp-block-heading\">Vasket\u00f8jsfunktion<\/h3>\n\n\n\n<p>Touch-kontrolpanelet giver dig mulighed for nemt og pr\u00e6cist at v\u00e6lge den \u00f8nskede funktion p\u00e5 din enhed.<\/p>\n<\/div><\/div><\/div><\/div>\n\n\n\n<div class=\"wp-block-essential-blocks-column  root-eb-column-s54kl\"><div class=\"eb-parent-wrapper eb-parent-eb-column-s54kl \"><div class=\"eb-column-wrapper eb-column-s54kl\"><div class=\"eb-column-inner\">\n<figure class=\"wp-block-image size-full is-resized\"><img loading=\"lazy\" decoding=\"async\" width=\"354\" height=\"354\" src=\"https:\/\/www.toyotomi.eu\/wp-content\/uploads\/2025\/12\/TOYO_Icon_Automatic_Restart.png\" alt=\"\" class=\"wp-image-54798\" style=\"object-fit:cover;width:50px;height:50px\" srcset=\"https:\/\/www.toyotomi.eu\/wp-content\/uploads\/2025\/12\/TOYO_Icon_Automatic_Restart.png 354w, https:\/\/www.toyotomi.eu\/wp-content\/uploads\/2025\/12\/TOYO_Icon_Automatic_Restart-300x300.png 300w, https:\/\/www.toyotomi.eu\/wp-content\/uploads\/2025\/12\/TOYO_Icon_Automatic_Restart-100x100.png 100w, https:\/\/www.toyotomi.eu\/wp-content\/uploads\/2025\/12\/TOYO_Icon_Automatic_Restart-150x150.png 150w\" sizes=\"auto, (max-width: 354px) 100vw, 354px\" \/><\/figure>\n\n\n\n<h3 class=\"wp-block-heading\">Auto &#8211; Genstartsfunktion<\/h3>\n\n\n\n<p>I tilf\u00e6lde af str\u00f8msvigt stopper enheden naturligvis, men n\u00e5r str\u00f8mmen er t\u00e6ndt igen, starter enheden automatisk og genvinder sine tidligere indstillinger.<\/p>\n<\/div><\/div><\/div><\/div>\n<\/div><\/div><\/div><\/div><\/div>\n<\/div><\/div><\/div><\/div><\/div>\n\n<div class=\"wp-block-essential-blocks-wrapper alignfull  root-eb-wrapper-tueh2\"><div class=\"eb-parent-wrapper eb-parent-eb-wrapper-tueh2 \"><div class=\"eb-wrapper-outer eb-wrapper-tueh2\"><div class=\"eb-wrapper-inner\"><div class=\"eb-wrapper-inner-blocks eb-wrapper-align-center\">\n<div class=\"wp-block-essential-blocks-row alignfull  root-eb-row-s97wu\"><div class=\"eb-parent-wrapper eb-parent-eb-row-s97wu \"><div class=\"eb-row-root-container eb-row-s97wu\" data-id=\"eb-row-s97wu\"><div class=\"eb-row-wrapper\"><div class=\"eb-row-inner\">\n<div class=\"wp-block-essential-blocks-column  root-eb-column-ter13\"><div class=\"eb-parent-wrapper eb-parent-eb-column-ter13 \"><div class=\"eb-column-wrapper eb-column-ter13\"><div class=\"eb-column-inner\">\n<figure class=\"wp-block-image size-full is-resized\"><img loading=\"lazy\" decoding=\"async\" width=\"354\" height=\"354\" src=\"https:\/\/www.toyotomi.eu\/wp-content\/uploads\/2025\/12\/TOYO_Icon_Automatic_Restart.png\" alt=\"\" class=\"wp-image-54798\" style=\"object-fit:cover;width:50px;height:50px\" srcset=\"https:\/\/www.toyotomi.eu\/wp-content\/uploads\/2025\/12\/TOYO_Icon_Automatic_Restart.png 354w, https:\/\/www.toyotomi.eu\/wp-content\/uploads\/2025\/12\/TOYO_Icon_Automatic_Restart-300x300.png 300w, https:\/\/www.toyotomi.eu\/wp-content\/uploads\/2025\/12\/TOYO_Icon_Automatic_Restart-100x100.png 100w, https:\/\/www.toyotomi.eu\/wp-content\/uploads\/2025\/12\/TOYO_Icon_Automatic_Restart-150x150.png 150w\" sizes=\"auto, (max-width: 354px) 100vw, 354px\" \/><\/figure>\n\n\n\n<h3 class=\"wp-block-heading\">Slange til kontinuerlig dr\u00e6ning<\/h3>\n\n\n\n<p>Du beh\u00f8ver ikke l\u00e6ngere at bekymre dig om at t\u00f8mme affugterens vandtank med den integrerede afl\u00f8bsslange i kassen.<\/p>\n<\/div><\/div><\/div><\/div>\n\n\n\n<div class=\"wp-block-essential-blocks-column  root-eb-column-y35pd\"><div class=\"eb-parent-wrapper eb-parent-eb-column-y35pd \"><div class=\"eb-column-wrapper eb-column-y35pd\"><div class=\"eb-column-inner\">\n<figure class=\"wp-block-image size-full is-resized\"><img loading=\"lazy\" decoding=\"async\" width=\"354\" height=\"354\" src=\"https:\/\/www.toyotomi.eu\/wp-content\/uploads\/2025\/12\/TOYO_Icon_Automatic_Restart.png\" alt=\"\" class=\"wp-image-54798\" style=\"object-fit:cover;width:50px;height:50px\" srcset=\"https:\/\/www.toyotomi.eu\/wp-content\/uploads\/2025\/12\/TOYO_Icon_Automatic_Restart.png 354w, https:\/\/www.toyotomi.eu\/wp-content\/uploads\/2025\/12\/TOYO_Icon_Automatic_Restart-300x300.png 300w, https:\/\/www.toyotomi.eu\/wp-content\/uploads\/2025\/12\/TOYO_Icon_Automatic_Restart-100x100.png 100w, https:\/\/www.toyotomi.eu\/wp-content\/uploads\/2025\/12\/TOYO_Icon_Automatic_Restart-150x150.png 150w\" sizes=\"auto, (max-width: 354px) 100vw, 354px\" \/><\/figure>\n\n\n\n<h3 class=\"wp-block-heading\">Topluftlameludtag<\/h3>\n\n\n\n<p>Enheden har et topluftlameludtag med en bred vinkel p\u00e5 180 grader, hvilket g\u00f8r det nemt at t\u00f8rre dit vasket\u00f8j.<\/p>\n<\/div><\/div><\/div><\/div>\n\n\n\n<div class=\"wp-block-essential-blocks-column  root-eb-column-zns0p\"><div class=\"eb-parent-wrapper eb-parent-eb-column-zns0p \"><div class=\"eb-column-wrapper eb-column-zns0p\"><div class=\"eb-column-inner\">\n<figure class=\"wp-block-image size-full is-resized\"><img loading=\"lazy\" decoding=\"async\" width=\"354\" height=\"354\" src=\"https:\/\/www.toyotomi.eu\/wp-content\/uploads\/2025\/12\/TOYO_Icon_Automatic_Restart.png\" alt=\"\" class=\"wp-image-54798\" style=\"object-fit:cover;width:50px;height:50px\" srcset=\"https:\/\/www.toyotomi.eu\/wp-content\/uploads\/2025\/12\/TOYO_Icon_Automatic_Restart.png 354w, https:\/\/www.toyotomi.eu\/wp-content\/uploads\/2025\/12\/TOYO_Icon_Automatic_Restart-300x300.png 300w, https:\/\/www.toyotomi.eu\/wp-content\/uploads\/2025\/12\/TOYO_Icon_Automatic_Restart-100x100.png 100w, https:\/\/www.toyotomi.eu\/wp-content\/uploads\/2025\/12\/TOYO_Icon_Automatic_Restart-150x150.png 150w\" sizes=\"auto, (max-width: 354px) 100vw, 354px\" \/><\/figure>\n\n\n\n<h3 class=\"wp-block-heading\">Luftfilter<\/h3>\n\n\n\n<p>antibakterielt\/st\u00f8vsk\u00e6rmsfilter i kombination med et aktivt kulfilter til at fjerne lugte, som let kan reng\u00f8res og med tiden endda udskiftes.<\/p>\n<\/div><\/div><\/div><\/div>\n<\/div><\/div><\/div><\/div><\/div>\n<\/div><\/div><\/div><\/div><\/div>\n\n<div class=\"wp-block-essential-blocks-wrapper alignfull  root-eb-wrapper-dg683\"><div class=\"eb-parent-wrapper eb-parent-eb-wrapper-dg683 \"><div class=\"eb-wrapper-outer eb-wrapper-dg683\"><div class=\"eb-wrapper-inner\"><div class=\"eb-wrapper-inner-blocks eb-wrapper-align-center\">\n<div class=\"wp-block-essential-blocks-row alignfull  root-eb-row-m8lcl\"><div class=\"eb-parent-wrapper eb-parent-eb-row-m8lcl \"><div class=\"eb-row-root-container eb-row-m8lcl\" data-id=\"eb-row-m8lcl\"><div class=\"eb-row-wrapper\"><div class=\"eb-row-inner\">\n<div class=\"wp-block-essential-blocks-column  root-eb-column-6v4d5\"><div class=\"eb-parent-wrapper eb-parent-eb-column-6v4d5 \"><div class=\"eb-column-wrapper eb-column-6v4d5\"><div class=\"eb-column-inner\">\n<figure class=\"wp-block-image size-full is-resized\"><img loading=\"lazy\" decoding=\"async\" width=\"354\" height=\"354\" src=\"https:\/\/www.toyotomi.eu\/wp-content\/uploads\/2025\/12\/TOYO_Icon_Automatic_Restart.png\" alt=\"\" class=\"wp-image-54798\" style=\"object-fit:cover;width:50px;height:50px\" srcset=\"https:\/\/www.toyotomi.eu\/wp-content\/uploads\/2025\/12\/TOYO_Icon_Automatic_Restart.png 354w, https:\/\/www.toyotomi.eu\/wp-content\/uploads\/2025\/12\/TOYO_Icon_Automatic_Restart-300x300.png 300w, https:\/\/www.toyotomi.eu\/wp-content\/uploads\/2025\/12\/TOYO_Icon_Automatic_Restart-100x100.png 100w, https:\/\/www.toyotomi.eu\/wp-content\/uploads\/2025\/12\/TOYO_Icon_Automatic_Restart-150x150.png 150w\" sizes=\"auto, (max-width: 354px) 100vw, 354px\" \/><\/figure>\n\n\n\n<h3 class=\"wp-block-heading\">Timer<\/h3>\n\n\n\n<p>Enheden har en sluk-timerfunktion, som kan v\u00e6lges fra 2 timer til 4 timer eller 8 timer.  <\/p>\n<\/div><\/div><\/div><\/div>\n\n\n\n<div class=\"wp-block-essential-blocks-column  root-eb-column-ax3a3\"><div class=\"eb-parent-wrapper eb-parent-eb-column-ax3a3 \"><div class=\"eb-column-wrapper eb-column-ax3a3\"><div class=\"eb-column-inner\"><\/div><\/div><\/div><\/div>\n\n\n\n<div class=\"wp-block-essential-blocks-column  root-eb-column-38ksv\"><div class=\"eb-parent-wrapper eb-parent-eb-column-38ksv \"><div class=\"eb-column-wrapper eb-column-38ksv\"><div class=\"eb-column-inner\"><\/div><\/div><\/div><\/div>\n<\/div><\/div><\/div><\/div><\/div>\n<\/div><\/div><\/div><\/div><\/div>\n","protected":false},"excerpt":{"rendered":"<p>Toyotomi TD-ZB80 affugteren har en maksimal affugtningskapacitet p\u00e5 8 liter pr. dag, hvilket g\u00f8r den ideel til rum p\u00e5 37 til 75 m\u00b3.<\/p>\n<p><strong>SKU:<\/strong> TD-ZB80<br \/>\n<strong>EAN:<\/strong> 4963505828493<\/p>\n","protected":false},"featured_media":54485,"template":"","meta":{"_acf_changed":false,"_eb_attr":""},"product_brand":[],"product_cat":[6870],"product_tag":[],"class_list":{"0":"post-50594","1":"product","2":"type-product","3":"status-publish","4":"has-post-thumbnail","6":"product_cat-affugtere-dk","8":"first","9":"instock","10":"taxable","11":"shipping-taxable","12":"product-type-simple"},"acf":[],"yoast_head":"<!-- This site is optimized with the Yoast SEO plugin v27.4 - https:\/\/yoast.com\/product\/yoast-seo-wordpress\/ -->\n<title>Toyotomi TD-ZB80 - Toyotomi<\/title>\n<meta name=\"robots\" content=\"index, follow, max-snippet:-1, max-image-preview:large, max-video-preview:-1\" \/>\n<link rel=\"canonical\" href=\"https:\/\/www.toyotomi.eu\/da\/produkt\/toyotomi-td-zb80\/\" \/>\n<meta property=\"og:locale\" content=\"da_DK\" \/>\n<meta property=\"og:type\" content=\"article\" \/>\n<meta property=\"og:title\" content=\"Toyotomi TD-ZB80 - Toyotomi\" \/>\n<meta property=\"og:description\" content=\"Toyotomi TD-ZB80 affugteren har en maksimal affugtningskapacitet p\u00e5 8 liter pr. dag, hvilket g\u00f8r den ideel til rum p\u00e5 37 til 75 m\u00b3. SKU: TD-ZB80 EAN: 4963505828493\" \/>\n<meta property=\"og:url\" content=\"https:\/\/www.toyotomi.eu\/da\/produkt\/toyotomi-td-zb80\/\" \/>\n<meta property=\"og:site_name\" content=\"Toyotomi\" \/>\n<meta property=\"article:modified_time\" content=\"2025-12-18T00:56:06+00:00\" \/>\n<meta property=\"og:image\" content=\"https:\/\/www.toyotomi.eu\/wp-content\/uploads\/2025\/01\/PIC_TOYOTOMI-TD-ZB80_front_2560x2560.png\" \/>\n\t<meta property=\"og:image:width\" content=\"2560\" \/>\n\t<meta property=\"og:image:height\" content=\"2560\" \/>\n\t<meta property=\"og:image:type\" content=\"image\/png\" \/>\n<meta name=\"twitter:card\" content=\"summary_large_image\" \/>\n<script type=\"application\/ld+json\" class=\"yoast-schema-graph\">{\"@context\":\"https:\\\/\\\/schema.org\",\"@graph\":[{\"@type\":\"WebPage\",\"@id\":\"https:\\\/\\\/www.toyotomi.eu\\\/da\\\/produkt\\\/toyotomi-td-zb80\\\/\",\"url\":\"https:\\\/\\\/www.toyotomi.eu\\\/da\\\/produkt\\\/toyotomi-td-zb80\\\/\",\"name\":\"Toyotomi TD-ZB80 - Toyotomi\",\"isPartOf\":{\"@id\":\"https:\\\/\\\/www.toyotomi.eu\\\/da\\\/#website\"},\"primaryImageOfPage\":{\"@id\":\"https:\\\/\\\/www.toyotomi.eu\\\/da\\\/produkt\\\/toyotomi-td-zb80\\\/#primaryimage\"},\"image\":{\"@id\":\"https:\\\/\\\/www.toyotomi.eu\\\/da\\\/produkt\\\/toyotomi-td-zb80\\\/#primaryimage\"},\"thumbnailUrl\":\"https:\\\/\\\/www.toyotomi.eu\\\/wp-content\\\/uploads\\\/2025\\\/01\\\/PIC_TOYOTOMI-TD-ZB80_front_2560x2560.png\",\"datePublished\":\"2025-01-01T01:01:00+00:00\",\"dateModified\":\"2025-12-18T00:56:06+00:00\",\"breadcrumb\":{\"@id\":\"https:\\\/\\\/www.toyotomi.eu\\\/da\\\/produkt\\\/toyotomi-td-zb80\\\/#breadcrumb\"},\"inLanguage\":\"da-DK\",\"potentialAction\":[{\"@type\":\"ReadAction\",\"target\":[\"https:\\\/\\\/www.toyotomi.eu\\\/da\\\/produkt\\\/toyotomi-td-zb80\\\/\"]}]},{\"@type\":\"ImageObject\",\"inLanguage\":\"da-DK\",\"@id\":\"https:\\\/\\\/www.toyotomi.eu\\\/da\\\/produkt\\\/toyotomi-td-zb80\\\/#primaryimage\",\"url\":\"https:\\\/\\\/www.toyotomi.eu\\\/wp-content\\\/uploads\\\/2025\\\/01\\\/PIC_TOYOTOMI-TD-ZB80_front_2560x2560.png\",\"contentUrl\":\"https:\\\/\\\/www.toyotomi.eu\\\/wp-content\\\/uploads\\\/2025\\\/01\\\/PIC_TOYOTOMI-TD-ZB80_front_2560x2560.png\",\"width\":2560,\"height\":2560},{\"@type\":\"BreadcrumbList\",\"@id\":\"https:\\\/\\\/www.toyotomi.eu\\\/da\\\/produkt\\\/toyotomi-td-zb80\\\/#breadcrumb\",\"itemListElement\":[{\"@type\":\"ListItem\",\"position\":1,\"name\":\"Forside\",\"item\":\"https:\\\/\\\/www.toyotomi.eu\\\/da\\\/\"},{\"@type\":\"ListItem\",\"position\":2,\"name\":\"Alle produkter\",\"item\":\"https:\\\/\\\/www.toyotomi.eu\\\/da\\\/alle-produkter\\\/\"},{\"@type\":\"ListItem\",\"position\":3,\"name\":\"Toyotomi TD-ZB80\"}]},{\"@type\":\"WebSite\",\"@id\":\"https:\\\/\\\/www.toyotomi.eu\\\/da\\\/#website\",\"url\":\"https:\\\/\\\/www.toyotomi.eu\\\/da\\\/\",\"name\":\"Toyotomi\",\"description\":\"\",\"publisher\":{\"@id\":\"https:\\\/\\\/www.toyotomi.eu\\\/da\\\/#organization\"},\"potentialAction\":[{\"@type\":\"SearchAction\",\"target\":{\"@type\":\"EntryPoint\",\"urlTemplate\":\"https:\\\/\\\/www.toyotomi.eu\\\/da\\\/?s={search_term_string}\"},\"query-input\":{\"@type\":\"PropertyValueSpecification\",\"valueRequired\":true,\"valueName\":\"search_term_string\"}}],\"inLanguage\":\"da-DK\"},{\"@type\":\"Organization\",\"@id\":\"https:\\\/\\\/www.toyotomi.eu\\\/da\\\/#organization\",\"name\":\"Toyotomi Europe Sales B.V.\",\"alternateName\":\"Toyotomi\",\"url\":\"https:\\\/\\\/www.toyotomi.eu\\\/da\\\/\",\"logo\":{\"@type\":\"ImageObject\",\"inLanguage\":\"da-DK\",\"@id\":\"https:\\\/\\\/www.toyotomi.eu\\\/da\\\/#\\\/schema\\\/logo\\\/image\\\/\",\"url\":\"https:\\\/\\\/www.toyotomi.eu\\\/wp-content\\\/uploads\\\/2025\\\/10\\\/logo.png\",\"contentUrl\":\"https:\\\/\\\/www.toyotomi.eu\\\/wp-content\\\/uploads\\\/2025\\\/10\\\/logo.png\",\"width\":1360,\"height\":304,\"caption\":\"Toyotomi Europe Sales B.V.\"},\"image\":{\"@id\":\"https:\\\/\\\/www.toyotomi.eu\\\/da\\\/#\\\/schema\\\/logo\\\/image\\\/\"}}]}<\/script>\n<!-- \/ Yoast SEO plugin. -->","yoast_head_json":{"title":"Toyotomi TD-ZB80 - Toyotomi","robots":{"index":"index","follow":"follow","max-snippet":"max-snippet:-1","max-image-preview":"max-image-preview:large","max-video-preview":"max-video-preview:-1"},"canonical":"https:\/\/www.toyotomi.eu\/da\/produkt\/toyotomi-td-zb80\/","og_locale":"da_DK","og_type":"article","og_title":"Toyotomi TD-ZB80 - Toyotomi","og_description":"Toyotomi TD-ZB80 affugteren har en maksimal affugtningskapacitet p\u00e5 8 liter pr. dag, hvilket g\u00f8r den ideel til rum p\u00e5 37 til 75 m\u00b3. SKU: TD-ZB80 EAN: 4963505828493","og_url":"https:\/\/www.toyotomi.eu\/da\/produkt\/toyotomi-td-zb80\/","og_site_name":"Toyotomi","article_modified_time":"2025-12-18T00:56:06+00:00","og_image":[{"width":2560,"height":2560,"url":"https:\/\/www.toyotomi.eu\/wp-content\/uploads\/2025\/01\/PIC_TOYOTOMI-TD-ZB80_front_2560x2560.png","type":"image\/png"}],"twitter_card":"summary_large_image","schema":{"@context":"https:\/\/schema.org","@graph":[{"@type":"WebPage","@id":"https:\/\/www.toyotomi.eu\/da\/produkt\/toyotomi-td-zb80\/","url":"https:\/\/www.toyotomi.eu\/da\/produkt\/toyotomi-td-zb80\/","name":"Toyotomi TD-ZB80 - Toyotomi","isPartOf":{"@id":"https:\/\/www.toyotomi.eu\/da\/#website"},"primaryImageOfPage":{"@id":"https:\/\/www.toyotomi.eu\/da\/produkt\/toyotomi-td-zb80\/#primaryimage"},"image":{"@id":"https:\/\/www.toyotomi.eu\/da\/produkt\/toyotomi-td-zb80\/#primaryimage"},"thumbnailUrl":"https:\/\/www.toyotomi.eu\/wp-content\/uploads\/2025\/01\/PIC_TOYOTOMI-TD-ZB80_front_2560x2560.png","datePublished":"2025-01-01T01:01:00+00:00","dateModified":"2025-12-18T00:56:06+00:00","breadcrumb":{"@id":"https:\/\/www.toyotomi.eu\/da\/produkt\/toyotomi-td-zb80\/#breadcrumb"},"inLanguage":"da-DK","potentialAction":[{"@type":"ReadAction","target":["https:\/\/www.toyotomi.eu\/da\/produkt\/toyotomi-td-zb80\/"]}]},{"@type":"ImageObject","inLanguage":"da-DK","@id":"https:\/\/www.toyotomi.eu\/da\/produkt\/toyotomi-td-zb80\/#primaryimage","url":"https:\/\/www.toyotomi.eu\/wp-content\/uploads\/2025\/01\/PIC_TOYOTOMI-TD-ZB80_front_2560x2560.png","contentUrl":"https:\/\/www.toyotomi.eu\/wp-content\/uploads\/2025\/01\/PIC_TOYOTOMI-TD-ZB80_front_2560x2560.png","width":2560,"height":2560},{"@type":"BreadcrumbList","@id":"https:\/\/www.toyotomi.eu\/da\/produkt\/toyotomi-td-zb80\/#breadcrumb","itemListElement":[{"@type":"ListItem","position":1,"name":"Forside","item":"https:\/\/www.toyotomi.eu\/da\/"},{"@type":"ListItem","position":2,"name":"Alle produkter","item":"https:\/\/www.toyotomi.eu\/da\/alle-produkter\/"},{"@type":"ListItem","position":3,"name":"Toyotomi TD-ZB80"}]},{"@type":"WebSite","@id":"https:\/\/www.toyotomi.eu\/da\/#website","url":"https:\/\/www.toyotomi.eu\/da\/","name":"Toyotomi","description":"","publisher":{"@id":"https:\/\/www.toyotomi.eu\/da\/#organization"},"potentialAction":[{"@type":"SearchAction","target":{"@type":"EntryPoint","urlTemplate":"https:\/\/www.toyotomi.eu\/da\/?s={search_term_string}"},"query-input":{"@type":"PropertyValueSpecification","valueRequired":true,"valueName":"search_term_string"}}],"inLanguage":"da-DK"},{"@type":"Organization","@id":"https:\/\/www.toyotomi.eu\/da\/#organization","name":"Toyotomi Europe Sales B.V.","alternateName":"Toyotomi","url":"https:\/\/www.toyotomi.eu\/da\/","logo":{"@type":"ImageObject","inLanguage":"da-DK","@id":"https:\/\/www.toyotomi.eu\/da\/#\/schema\/logo\/image\/","url":"https:\/\/www.toyotomi.eu\/wp-content\/uploads\/2025\/10\/logo.png","contentUrl":"https:\/\/www.toyotomi.eu\/wp-content\/uploads\/2025\/10\/logo.png","width":1360,"height":304,"caption":"Toyotomi Europe Sales B.V."},"image":{"@id":"https:\/\/www.toyotomi.eu\/da\/#\/schema\/logo\/image\/"}}]}},"_links":{"self":[{"href":"https:\/\/www.toyotomi.eu\/da\/wp-json\/wp\/v2\/product\/50594","targetHints":{"allow":["GET"]}}],"collection":[{"href":"https:\/\/www.toyotomi.eu\/da\/wp-json\/wp\/v2\/product"}],"about":[{"href":"https:\/\/www.toyotomi.eu\/da\/wp-json\/wp\/v2\/types\/product"}],"wp:featuredmedia":[{"embeddable":true,"href":"https:\/\/www.toyotomi.eu\/da\/wp-json\/wp\/v2\/media\/54485"}],"wp:attachment":[{"href":"https:\/\/www.toyotomi.eu\/da\/wp-json\/wp\/v2\/media?parent=50594"}],"wp:term":[{"taxonomy":"product_brand","embeddable":true,"href":"https:\/\/www.toyotomi.eu\/da\/wp-json\/wp\/v2\/product_brand?post=50594"},{"taxonomy":"product_cat","embeddable":true,"href":"https:\/\/www.toyotomi.eu\/da\/wp-json\/wp\/v2\/product_cat?post=50594"},{"taxonomy":"product_tag","embeddable":true,"href":"https:\/\/www.toyotomi.eu\/da\/wp-json\/wp\/v2\/product_tag?post=50594"}],"curies":[{"name":"wp","href":"https:\/\/api.w.org\/{rel}","templated":true}]}}