{"id":50529,"date":"2025-01-01T02:01:00","date_gmt":"2025-01-01T01:01:00","guid":{"rendered":"https:\/\/www.toyotomi.eu\/product\/toyotomi-ks-53\/"},"modified":"2026-01-20T08:51:21","modified_gmt":"2026-01-20T07:51:21","slug":"toyotomi-ks-53","status":"publish","type":"product","link":"https:\/\/www.toyotomi.eu\/da\/produkt\/toyotomi-ks-53\/","title":{"rendered":"Toyotomi KS-53"},"content":{"rendered":"\n<div class=\"wp-block-essential-blocks-wrapper alignfull  root-eb-wrapper-pg68m\"><div class=\"eb-parent-wrapper eb-parent-eb-wrapper-pg68m \"><div class=\"eb-wrapper-outer eb-wrapper-pg68m\"><div class=\"eb-wrapper-inner\"><div class=\"eb-wrapper-inner-blocks eb-wrapper-align-center\">\n<div class=\"wp-block-essential-blocks-row alignfull  root-eb-row-7ky4f\"><div class=\"eb-parent-wrapper eb-parent-eb-row-7ky4f \"><div class=\"eb-row-root-container eb-row-7ky4f\" data-id=\"eb-row-7ky4f\"><div class=\"eb-row-wrapper\"><div class=\"eb-row-inner\">\n<div class=\"wp-block-essential-blocks-column  root-eb-column-yhn6m\"><div class=\"eb-parent-wrapper eb-parent-eb-column-yhn6m \"><div class=\"eb-column-wrapper eb-column-yhn6m\"><div class=\"eb-column-inner\">\n<h2 class=\"wp-block-heading has-text-align-center has-xxx-large-font-size\">Inkluderer<\/h2>\n<\/div><\/div><\/div><\/div>\n<\/div><\/div><\/div><\/div><\/div>\n<\/div><\/div><\/div><\/div><\/div>\n\n<div class=\"wp-block-essential-blocks-wrapper alignfull  root-eb-wrapper-087dr\"><div class=\"eb-parent-wrapper eb-parent-eb-wrapper-087dr \"><div class=\"eb-wrapper-outer eb-wrapper-087dr\"><div class=\"eb-wrapper-inner\"><div class=\"eb-wrapper-inner-blocks eb-wrapper-align-center\">\n<div class=\"wp-block-essential-blocks-row alignfull  root-eb-row-ljhuj\"><div class=\"eb-parent-wrapper eb-parent-eb-row-ljhuj \"><div class=\"eb-row-root-container eb-row-ljhuj\" data-id=\"eb-row-ljhuj\"><div class=\"eb-row-wrapper\"><div class=\"eb-row-inner\">\n<div class=\"wp-block-essential-blocks-column  root-eb-column-i2sjw\"><div class=\"eb-parent-wrapper eb-parent-eb-column-i2sjw \"><div class=\"eb-column-wrapper eb-column-i2sjw\"><div class=\"eb-column-inner\">\n<figure class=\"wp-block-image size-full has-custom-border\"><img loading=\"lazy\" decoding=\"async\" width=\"800\" height=\"550\" src=\"https:\/\/www.toyotomi.eu\/wp-content\/uploads\/2025\/07\/wick.jpg\" alt=\"N\u00e6rbillede af Toyotomi's holdbare kulstofglasfiberv\u00e6ge til paraffin v\u00e6geovne.\" class=\"wp-image-25025\" style=\"border-radius:4px\" srcset=\"https:\/\/www.toyotomi.eu\/wp-content\/uploads\/2025\/07\/wick.jpg 800w, https:\/\/www.toyotomi.eu\/wp-content\/uploads\/2025\/07\/wick-300x206.jpg 300w, https:\/\/www.toyotomi.eu\/wp-content\/uploads\/2025\/07\/wick-768x528.jpg 768w, https:\/\/www.toyotomi.eu\/wp-content\/uploads\/2025\/07\/wick-441x303.jpg 441w, https:\/\/www.toyotomi.eu\/wp-content\/uploads\/2025\/07\/wick-150x103.jpg 150w\" sizes=\"auto, (max-width: 800px) 100vw, 800px\" \/><\/figure>\n<\/div><\/div><\/div><\/div>\n\n\n\n<div class=\"wp-block-essential-blocks-column  root-eb-column-rv9nf\"><div class=\"eb-parent-wrapper eb-parent-eb-column-rv9nf \"><div class=\"eb-column-wrapper eb-column-rv9nf\"><div class=\"eb-column-inner\">\n<h2 class=\"wp-block-heading has-x-large-font-size\"><strong>Holdbar Kulfiberglasv\u00e6rge<\/strong><\/h2>\n\n\n\n<p>Den holdbare kulfiberglasv\u00e6rge tilbyder en l\u00e6ngere levetid end traditionelle bomuldsv\u00e6rger. Den modst\u00e5r udbr\u00e6nding, selv hvis varmeapparatet l\u00f8ber t\u00f8r for br\u00e6ndstof. <\/p>\n\n\n\n<p>Opbyggede tj\u00e6reaflejringer kan nemt fjernes gennem en t\u00f8r-afbr\u00e6ndings renseproces, hvilket hj\u00e6lper med at opretholde ydeevnen og forl\u00e6nge v\u00e6rgens levetid.<\/p>\n<\/div><\/div><\/div><\/div>\n<\/div><\/div><\/div><\/div><\/div>\n<\/div><\/div><\/div><\/div><\/div>\n\n<div class=\"wp-block-essential-blocks-wrapper alignfull  root-eb-wrapper-7cbux\"><div class=\"eb-parent-wrapper eb-parent-eb-wrapper-7cbux \"><div class=\"eb-wrapper-outer eb-wrapper-7cbux\"><div class=\"eb-wrapper-inner\"><div class=\"eb-wrapper-inner-blocks eb-wrapper-align-center\">\n<div class=\"wp-block-essential-blocks-row alignfull  root-eb-row-39zwf\"><div class=\"eb-parent-wrapper eb-parent-eb-row-39zwf \"><div class=\"eb-row-root-container eb-row-39zwf\" data-id=\"eb-row-39zwf\"><div class=\"eb-row-wrapper\"><div class=\"eb-row-inner\">\n<div class=\"wp-block-essential-blocks-column  root-eb-column-b5b56\"><div class=\"eb-parent-wrapper eb-parent-eb-column-b5b56 \"><div class=\"eb-column-wrapper eb-column-b5b56\"><div class=\"eb-column-inner\">\n<h2 class=\"wp-block-heading has-x-large-font-size\"><strong>Dobbelt Tank<\/strong><\/h2>\n\n\n\n<p>Den dobbelte tankkonstruktion forhindrer br\u00e6ndstofl\u00e6kage af sikkerhedshensyn, selv n\u00e5r varmeapparatet v\u00e6lter.<\/p>\n<\/div><\/div><\/div><\/div>\n\n\n\n<div class=\"wp-block-essential-blocks-column  root-eb-column-ahclg\"><div class=\"eb-parent-wrapper eb-parent-eb-column-ahclg \"><div class=\"eb-column-wrapper eb-column-ahclg\"><div class=\"eb-column-inner\">\n<figure class=\"wp-block-image size-full has-custom-border\"><img loading=\"lazy\" decoding=\"async\" width=\"800\" height=\"550\" src=\"https:\/\/www.toyotomi.eu\/wp-content\/uploads\/2022\/11\/double-tank-1.jpg\" alt=\"Detaljeret diagram over Toyotomi HVAC-mekanisme for optimal klimastyring.\" class=\"wp-image-25107\" style=\"border-radius:4px\" srcset=\"https:\/\/www.toyotomi.eu\/wp-content\/uploads\/2022\/11\/double-tank-1.jpg 800w, https:\/\/www.toyotomi.eu\/wp-content\/uploads\/2022\/11\/double-tank-1-300x206.jpg 300w, https:\/\/www.toyotomi.eu\/wp-content\/uploads\/2022\/11\/double-tank-1-768x528.jpg 768w, https:\/\/www.toyotomi.eu\/wp-content\/uploads\/2022\/11\/double-tank-1-441x303.jpg 441w, https:\/\/www.toyotomi.eu\/wp-content\/uploads\/2022\/11\/double-tank-1-150x103.jpg 150w\" sizes=\"auto, (max-width: 800px) 100vw, 800px\" \/><\/figure>\n<\/div><\/div><\/div><\/div>\n<\/div><\/div><\/div><\/div><\/div>\n<\/div><\/div><\/div><\/div><\/div>\n\n<div class=\"wp-block-essential-blocks-wrapper alignfull  root-eb-wrapper-wibl3\"><div class=\"eb-parent-wrapper eb-parent-eb-wrapper-wibl3 \"><div class=\"eb-wrapper-outer eb-wrapper-wibl3\"><div class=\"eb-wrapper-inner\"><div class=\"eb-wrapper-inner-blocks eb-wrapper-align-center\">\n<div class=\"wp-block-essential-blocks-row alignfull  root-eb-row-a9ely\"><div class=\"eb-parent-wrapper eb-parent-eb-row-a9ely \"><div class=\"eb-row-root-container eb-row-a9ely\" data-id=\"eb-row-a9ely\"><div class=\"eb-row-wrapper\"><div class=\"eb-row-inner\">\n<div class=\"wp-block-essential-blocks-column  root-eb-column-1usnt\"><div class=\"eb-parent-wrapper eb-parent-eb-column-1usnt \"><div class=\"eb-column-wrapper eb-column-1usnt\"><div class=\"eb-column-inner\">\n<figure class=\"wp-block-image size-full has-custom-border\"><img loading=\"lazy\" decoding=\"async\" width=\"800\" height=\"550\" src=\"https:\/\/www.toyotomi.eu\/wp-content\/uploads\/2024\/10\/manual-fuel-syphon-pump.jpg\" alt=\"Fleksibel medicinsk tilf\u00f8rselsr\u00f8r med r\u00f8dt stik for pr\u00e6cision og sikkerhed.\" class=\"wp-image-25016\" style=\"border-radius:4px\" srcset=\"https:\/\/www.toyotomi.eu\/wp-content\/uploads\/2024\/10\/manual-fuel-syphon-pump.jpg 800w, https:\/\/www.toyotomi.eu\/wp-content\/uploads\/2024\/10\/manual-fuel-syphon-pump-300x206.jpg 300w, https:\/\/www.toyotomi.eu\/wp-content\/uploads\/2024\/10\/manual-fuel-syphon-pump-768x528.jpg 768w, https:\/\/www.toyotomi.eu\/wp-content\/uploads\/2024\/10\/manual-fuel-syphon-pump-441x303.jpg 441w, https:\/\/www.toyotomi.eu\/wp-content\/uploads\/2024\/10\/manual-fuel-syphon-pump-150x103.jpg 150w\" sizes=\"auto, (max-width: 800px) 100vw, 800px\" \/><\/figure>\n<\/div><\/div><\/div><\/div>\n\n\n\n<div class=\"wp-block-essential-blocks-column  root-eb-column-wu99q\"><div class=\"eb-parent-wrapper eb-parent-eb-column-wu99q \"><div class=\"eb-column-wrapper eb-column-wu99q\"><div class=\"eb-column-inner\">\n<h2 class=\"wp-block-heading has-x-large-font-size\"><strong>Manuel H\u00e6vepumpe<\/strong><\/h2>\n\n\n\n<p>Runde varmeapparater inkluderer en manuel h\u00e6vertpumpe i hver kasse som standardtilbeh\u00f8r, der bruges til at genopfylde dit varmeapparat med br\u00e6ndstof. Dette enkle, praktiske v\u00e6rkt\u00f8j g\u00f8r br\u00e6ndstofoverf\u00f8rslen nem og hj\u00e6lper med at forhindre spild under tankning. <\/p>\n<\/div><\/div><\/div><\/div>\n<\/div><\/div><\/div><\/div><\/div>\n<\/div><\/div><\/div><\/div><\/div>\n","protected":false},"excerpt":{"rendered":"<p>Toyotomi V\u00e6gevarmer KS-53 har en enkelt br\u00e6nder med en varmekapacitet p\u00e5 5,30 kW, der leverer ren, effektiv og \u00f8konomisk varme uden installation. Dens r\u00f8gfrie forbr\u00e6ndingssystem kr\u00e6ver kun fire batterier til t\u00e6nding, hvilket g\u00f8r den ekstremt nem at betjene. Designet til at opvarme rum op til 205 m\u00b3, leveres den med flere sikkerhedsfunktioner, herunder en holdbar glasfiberv\u00e6ge, tredobbelt sikkerhedsafbrydelse og gnistt\u00e6ndingssystem. Perfekt til indend\u00f8rs eller udend\u00f8rs brug, leverer KS-53 p\u00e5lidelig varme til camping, terrasser eller til at skabe en hyggelig atmosf\u00e6re derhjemme.   <\/p>\n<p><strong>Varenummer:<\/strong> KS-53<br \/>\n<strong>EAN:<\/strong> 4963505711580<\/p>\n","protected":false},"featured_media":50533,"template":"","meta":{"_acf_changed":false,"_eb_attr":""},"product_brand":[],"product_cat":[6779],"product_tag":[],"class_list":{"0":"post-50529","1":"product","2":"type-product","3":"status-publish","4":"has-post-thumbnail","6":"product_cat-udendors-varmeapparater","8":"first","9":"instock","10":"taxable","11":"shipping-taxable","12":"product-type-simple"},"acf":[],"yoast_head":"<!-- This site is optimized with the Yoast SEO plugin v27.5 - https:\/\/yoast.com\/product\/yoast-seo-wordpress\/ -->\n<title>Toyotomi KS-53 - Toyotomi<\/title>\n<meta name=\"robots\" content=\"index, follow, max-snippet:-1, max-image-preview:large, max-video-preview:-1\" \/>\n<link rel=\"canonical\" href=\"https:\/\/www.toyotomi.eu\/da\/produkt\/toyotomi-ks-53\/\" \/>\n<meta property=\"og:locale\" content=\"da_DK\" \/>\n<meta property=\"og:type\" content=\"article\" \/>\n<meta property=\"og:title\" content=\"Toyotomi KS-53 - Toyotomi\" \/>\n<meta property=\"og:description\" content=\"Toyotomi V\u00e6gevarmer KS-53 har en enkelt br\u00e6nder med en varmekapacitet p\u00e5 5,30 kW, der leverer ren, effektiv og \u00f8konomisk varme uden installation. Dens r\u00f8gfrie forbr\u00e6ndingssystem kr\u00e6ver kun fire batterier til t\u00e6nding, hvilket g\u00f8r den ekstremt nem at betjene. Designet til at opvarme rum op til 205 m\u00b3, leveres den med flere sikkerhedsfunktioner, herunder en holdbar glasfiberv\u00e6ge, tredobbelt sikkerhedsafbrydelse og gnistt\u00e6ndingssystem. Perfekt til indend\u00f8rs eller udend\u00f8rs brug, leverer KS-53 p\u00e5lidelig varme til camping, terrasser eller til at skabe en hyggelig atmosf\u00e6re derhjemme.   Varenummer: KS-53 EAN: 4963505711580\" \/>\n<meta property=\"og:url\" content=\"https:\/\/www.toyotomi.eu\/da\/produkt\/toyotomi-ks-53\/\" \/>\n<meta property=\"og:site_name\" content=\"Toyotomi\" \/>\n<meta property=\"article:modified_time\" content=\"2026-01-20T07:51:21+00:00\" \/>\n<meta property=\"og:image\" content=\"https:\/\/www.toyotomi.eu\/wp-content\/uploads\/2022\/12\/KS-53.png\" \/>\n\t<meta property=\"og:image:width\" content=\"1417\" \/>\n\t<meta property=\"og:image:height\" content=\"1417\" \/>\n\t<meta property=\"og:image:type\" content=\"image\/png\" \/>\n<meta name=\"twitter:card\" content=\"summary_large_image\" \/>\n<script type=\"application\/ld+json\" class=\"yoast-schema-graph\">{\"@context\":\"https:\\\/\\\/schema.org\",\"@graph\":[{\"@type\":\"WebPage\",\"@id\":\"https:\\\/\\\/www.toyotomi.eu\\\/da\\\/produkt\\\/toyotomi-ks-53\\\/\",\"url\":\"https:\\\/\\\/www.toyotomi.eu\\\/da\\\/produkt\\\/toyotomi-ks-53\\\/\",\"name\":\"Toyotomi KS-53 - Toyotomi\",\"isPartOf\":{\"@id\":\"https:\\\/\\\/www.toyotomi.eu\\\/da\\\/#website\"},\"primaryImageOfPage\":{\"@id\":\"https:\\\/\\\/www.toyotomi.eu\\\/da\\\/produkt\\\/toyotomi-ks-53\\\/#primaryimage\"},\"image\":{\"@id\":\"https:\\\/\\\/www.toyotomi.eu\\\/da\\\/produkt\\\/toyotomi-ks-53\\\/#primaryimage\"},\"thumbnailUrl\":\"https:\\\/\\\/www.toyotomi.eu\\\/wp-content\\\/uploads\\\/2022\\\/12\\\/KS-53.png\",\"datePublished\":\"2025-01-01T01:01:00+00:00\",\"dateModified\":\"2026-01-20T07:51:21+00:00\",\"breadcrumb\":{\"@id\":\"https:\\\/\\\/www.toyotomi.eu\\\/da\\\/produkt\\\/toyotomi-ks-53\\\/#breadcrumb\"},\"inLanguage\":\"da-DK\",\"potentialAction\":[{\"@type\":\"ReadAction\",\"target\":[\"https:\\\/\\\/www.toyotomi.eu\\\/da\\\/produkt\\\/toyotomi-ks-53\\\/\"]}]},{\"@type\":\"ImageObject\",\"inLanguage\":\"da-DK\",\"@id\":\"https:\\\/\\\/www.toyotomi.eu\\\/da\\\/produkt\\\/toyotomi-ks-53\\\/#primaryimage\",\"url\":\"https:\\\/\\\/www.toyotomi.eu\\\/wp-content\\\/uploads\\\/2022\\\/12\\\/KS-53.png\",\"contentUrl\":\"https:\\\/\\\/www.toyotomi.eu\\\/wp-content\\\/uploads\\\/2022\\\/12\\\/KS-53.png\",\"width\":1417,\"height\":1417},{\"@type\":\"BreadcrumbList\",\"@id\":\"https:\\\/\\\/www.toyotomi.eu\\\/da\\\/produkt\\\/toyotomi-ks-53\\\/#breadcrumb\",\"itemListElement\":[{\"@type\":\"ListItem\",\"position\":1,\"name\":\"Forside\",\"item\":\"https:\\\/\\\/www.toyotomi.eu\\\/da\\\/\"},{\"@type\":\"ListItem\",\"position\":2,\"name\":\"Alle produkter\",\"item\":\"https:\\\/\\\/www.toyotomi.eu\\\/da\\\/alle-produkter\\\/\"},{\"@type\":\"ListItem\",\"position\":3,\"name\":\"Toyotomi KS-53\"}]},{\"@type\":\"WebSite\",\"@id\":\"https:\\\/\\\/www.toyotomi.eu\\\/da\\\/#website\",\"url\":\"https:\\\/\\\/www.toyotomi.eu\\\/da\\\/\",\"name\":\"Toyotomi\",\"description\":\"\",\"publisher\":{\"@id\":\"https:\\\/\\\/www.toyotomi.eu\\\/da\\\/#organization\"},\"potentialAction\":[{\"@type\":\"SearchAction\",\"target\":{\"@type\":\"EntryPoint\",\"urlTemplate\":\"https:\\\/\\\/www.toyotomi.eu\\\/da\\\/?s={search_term_string}\"},\"query-input\":{\"@type\":\"PropertyValueSpecification\",\"valueRequired\":true,\"valueName\":\"search_term_string\"}}],\"inLanguage\":\"da-DK\"},{\"@type\":\"Organization\",\"@id\":\"https:\\\/\\\/www.toyotomi.eu\\\/da\\\/#organization\",\"name\":\"Toyotomi Europe Sales B.V.\",\"alternateName\":\"Toyotomi\",\"url\":\"https:\\\/\\\/www.toyotomi.eu\\\/da\\\/\",\"logo\":{\"@type\":\"ImageObject\",\"inLanguage\":\"da-DK\",\"@id\":\"https:\\\/\\\/www.toyotomi.eu\\\/da\\\/#\\\/schema\\\/logo\\\/image\\\/\",\"url\":\"https:\\\/\\\/www.toyotomi.eu\\\/wp-content\\\/uploads\\\/2025\\\/10\\\/logo.png\",\"contentUrl\":\"https:\\\/\\\/www.toyotomi.eu\\\/wp-content\\\/uploads\\\/2025\\\/10\\\/logo.png\",\"width\":1360,\"height\":304,\"caption\":\"Toyotomi Europe Sales B.V.\"},\"image\":{\"@id\":\"https:\\\/\\\/www.toyotomi.eu\\\/da\\\/#\\\/schema\\\/logo\\\/image\\\/\"}}]}<\/script>\n<!-- \/ Yoast SEO plugin. -->","yoast_head_json":{"title":"Toyotomi KS-53 - Toyotomi","robots":{"index":"index","follow":"follow","max-snippet":"max-snippet:-1","max-image-preview":"max-image-preview:large","max-video-preview":"max-video-preview:-1"},"canonical":"https:\/\/www.toyotomi.eu\/da\/produkt\/toyotomi-ks-53\/","og_locale":"da_DK","og_type":"article","og_title":"Toyotomi KS-53 - Toyotomi","og_description":"Toyotomi V\u00e6gevarmer KS-53 har en enkelt br\u00e6nder med en varmekapacitet p\u00e5 5,30 kW, der leverer ren, effektiv og \u00f8konomisk varme uden installation. Dens r\u00f8gfrie forbr\u00e6ndingssystem kr\u00e6ver kun fire batterier til t\u00e6nding, hvilket g\u00f8r den ekstremt nem at betjene. Designet til at opvarme rum op til 205 m\u00b3, leveres den med flere sikkerhedsfunktioner, herunder en holdbar glasfiberv\u00e6ge, tredobbelt sikkerhedsafbrydelse og gnistt\u00e6ndingssystem. Perfekt til indend\u00f8rs eller udend\u00f8rs brug, leverer KS-53 p\u00e5lidelig varme til camping, terrasser eller til at skabe en hyggelig atmosf\u00e6re derhjemme.   Varenummer: KS-53 EAN: 4963505711580","og_url":"https:\/\/www.toyotomi.eu\/da\/produkt\/toyotomi-ks-53\/","og_site_name":"Toyotomi","article_modified_time":"2026-01-20T07:51:21+00:00","og_image":[{"width":1417,"height":1417,"url":"https:\/\/www.toyotomi.eu\/wp-content\/uploads\/2022\/12\/KS-53.png","type":"image\/png"}],"twitter_card":"summary_large_image","schema":{"@context":"https:\/\/schema.org","@graph":[{"@type":"WebPage","@id":"https:\/\/www.toyotomi.eu\/da\/produkt\/toyotomi-ks-53\/","url":"https:\/\/www.toyotomi.eu\/da\/produkt\/toyotomi-ks-53\/","name":"Toyotomi KS-53 - Toyotomi","isPartOf":{"@id":"https:\/\/www.toyotomi.eu\/da\/#website"},"primaryImageOfPage":{"@id":"https:\/\/www.toyotomi.eu\/da\/produkt\/toyotomi-ks-53\/#primaryimage"},"image":{"@id":"https:\/\/www.toyotomi.eu\/da\/produkt\/toyotomi-ks-53\/#primaryimage"},"thumbnailUrl":"https:\/\/www.toyotomi.eu\/wp-content\/uploads\/2022\/12\/KS-53.png","datePublished":"2025-01-01T01:01:00+00:00","dateModified":"2026-01-20T07:51:21+00:00","breadcrumb":{"@id":"https:\/\/www.toyotomi.eu\/da\/produkt\/toyotomi-ks-53\/#breadcrumb"},"inLanguage":"da-DK","potentialAction":[{"@type":"ReadAction","target":["https:\/\/www.toyotomi.eu\/da\/produkt\/toyotomi-ks-53\/"]}]},{"@type":"ImageObject","inLanguage":"da-DK","@id":"https:\/\/www.toyotomi.eu\/da\/produkt\/toyotomi-ks-53\/#primaryimage","url":"https:\/\/www.toyotomi.eu\/wp-content\/uploads\/2022\/12\/KS-53.png","contentUrl":"https:\/\/www.toyotomi.eu\/wp-content\/uploads\/2022\/12\/KS-53.png","width":1417,"height":1417},{"@type":"BreadcrumbList","@id":"https:\/\/www.toyotomi.eu\/da\/produkt\/toyotomi-ks-53\/#breadcrumb","itemListElement":[{"@type":"ListItem","position":1,"name":"Forside","item":"https:\/\/www.toyotomi.eu\/da\/"},{"@type":"ListItem","position":2,"name":"Alle produkter","item":"https:\/\/www.toyotomi.eu\/da\/alle-produkter\/"},{"@type":"ListItem","position":3,"name":"Toyotomi KS-53"}]},{"@type":"WebSite","@id":"https:\/\/www.toyotomi.eu\/da\/#website","url":"https:\/\/www.toyotomi.eu\/da\/","name":"Toyotomi","description":"","publisher":{"@id":"https:\/\/www.toyotomi.eu\/da\/#organization"},"potentialAction":[{"@type":"SearchAction","target":{"@type":"EntryPoint","urlTemplate":"https:\/\/www.toyotomi.eu\/da\/?s={search_term_string}"},"query-input":{"@type":"PropertyValueSpecification","valueRequired":true,"valueName":"search_term_string"}}],"inLanguage":"da-DK"},{"@type":"Organization","@id":"https:\/\/www.toyotomi.eu\/da\/#organization","name":"Toyotomi Europe Sales B.V.","alternateName":"Toyotomi","url":"https:\/\/www.toyotomi.eu\/da\/","logo":{"@type":"ImageObject","inLanguage":"da-DK","@id":"https:\/\/www.toyotomi.eu\/da\/#\/schema\/logo\/image\/","url":"https:\/\/www.toyotomi.eu\/wp-content\/uploads\/2025\/10\/logo.png","contentUrl":"https:\/\/www.toyotomi.eu\/wp-content\/uploads\/2025\/10\/logo.png","width":1360,"height":304,"caption":"Toyotomi Europe Sales B.V."},"image":{"@id":"https:\/\/www.toyotomi.eu\/da\/#\/schema\/logo\/image\/"}}]}},"_links":{"self":[{"href":"https:\/\/www.toyotomi.eu\/da\/wp-json\/wp\/v2\/product\/50529","targetHints":{"allow":["GET"]}}],"collection":[{"href":"https:\/\/www.toyotomi.eu\/da\/wp-json\/wp\/v2\/product"}],"about":[{"href":"https:\/\/www.toyotomi.eu\/da\/wp-json\/wp\/v2\/types\/product"}],"wp:featuredmedia":[{"embeddable":true,"href":"https:\/\/www.toyotomi.eu\/da\/wp-json\/wp\/v2\/media\/50533"}],"wp:attachment":[{"href":"https:\/\/www.toyotomi.eu\/da\/wp-json\/wp\/v2\/media?parent=50529"}],"wp:term":[{"taxonomy":"product_brand","embeddable":true,"href":"https:\/\/www.toyotomi.eu\/da\/wp-json\/wp\/v2\/product_brand?post=50529"},{"taxonomy":"product_cat","embeddable":true,"href":"https:\/\/www.toyotomi.eu\/da\/wp-json\/wp\/v2\/product_cat?post=50529"},{"taxonomy":"product_tag","embeddable":true,"href":"https:\/\/www.toyotomi.eu\/da\/wp-json\/wp\/v2\/product_tag?post=50529"}],"curies":[{"name":"wp","href":"https:\/\/api.w.org\/{rel}","templated":true}]}}