{"id":50504,"date":"2025-01-01T02:01:00","date_gmt":"2025-01-01T01:01:00","guid":{"rendered":"https:\/\/www.toyotomi.eu\/product\/gear-mission-rsg-ge1\/"},"modified":"2025-12-08T10:48:53","modified_gmt":"2025-12-08T10:48:53","slug":"gear-mission-rsg-ge1","status":"publish","type":"product","link":"https:\/\/www.toyotomi.eu\/da\/produkt\/gear-mission-rsg-ge1\/","title":{"rendered":"GEAR MISSION RSG-GE1"},"content":{"rendered":"\n<div class=\"wp-block-essential-blocks-wrapper alignfull  root-eb-wrapper-8eqic\"><div class=\"eb-parent-wrapper eb-parent-eb-wrapper-8eqic \"><div class=\"eb-wrapper-outer eb-wrapper-8eqic\"><div class=\"eb-wrapper-inner\"><div class=\"eb-wrapper-inner-blocks eb-wrapper-align-center\">\n<div class=\"wp-block-essential-blocks-row alignfull  root-eb-row-69nlq\"><div class=\"eb-parent-wrapper eb-parent-eb-row-69nlq \"><div class=\"eb-row-root-container eb-row-69nlq\" data-id=\"eb-row-69nlq\"><div class=\"eb-row-wrapper\"><div class=\"eb-row-inner\">\n<div class=\"wp-block-essential-blocks-column  root-eb-column-4o7fv\"><div class=\"eb-parent-wrapper eb-parent-eb-column-4o7fv \"><div class=\"eb-column-wrapper eb-column-4o7fv\"><div class=\"eb-column-inner\">\n<h2 class=\"wp-block-heading has-text-align-center has-x-large-font-size\">Designet til at komplementere din varmeovn<\/h2>\n\n\n\n<p class=\"has-text-align-center\">GEAR MISSION RRG-GE1-tasken er lavet til at komplementere din GEAR MISSION-varmeovn. Den har et robust design og en perfekt pasform til dedikerede GEAR MISSION-varmeovne, og den er lavet til at forbedre din oplevelse yderligere.<\/p>\n<\/div><\/div><\/div><\/div>\n<\/div><\/div><\/div><\/div><\/div>\n<\/div><\/div><\/div><\/div><\/div>\n\n<div class=\"wp-block-cover\" style=\"border-radius:10px;min-height:600px;aspect-ratio:unset;\"><img loading=\"lazy\" decoding=\"async\" width=\"1920\" height=\"1200\" src=\"https:\/\/www.toyotomi.eu\/wp-content\/uploads\/2025\/05\/GEAR-MISSION-bag-1-design.jpg\" class=\"wp-block-cover__image-background wp-image-28656 size-full\" alt=\"Compact camping heater in a natural outdoor setting, ideal for camping and outdoor activities.\" data-object-fit=\"cover\" srcset=\"https:\/\/www.toyotomi.eu\/wp-content\/uploads\/2025\/05\/GEAR-MISSION-bag-1-design.jpg 1920w, https:\/\/www.toyotomi.eu\/wp-content\/uploads\/2025\/05\/GEAR-MISSION-bag-1-design-300x188.jpg 300w, https:\/\/www.toyotomi.eu\/wp-content\/uploads\/2025\/05\/GEAR-MISSION-bag-1-design-1024x640.jpg 1024w, https:\/\/www.toyotomi.eu\/wp-content\/uploads\/2025\/05\/GEAR-MISSION-bag-1-design-768x480.jpg 768w, https:\/\/www.toyotomi.eu\/wp-content\/uploads\/2025\/05\/GEAR-MISSION-bag-1-design-1536x960.jpg 1536w, https:\/\/www.toyotomi.eu\/wp-content\/uploads\/2025\/05\/GEAR-MISSION-bag-1-design-990x619.jpg 990w, https:\/\/www.toyotomi.eu\/wp-content\/uploads\/2025\/05\/GEAR-MISSION-bag-1-design-441x276.jpg 441w, https:\/\/www.toyotomi.eu\/wp-content\/uploads\/2025\/05\/GEAR-MISSION-bag-1-design-150x94.jpg 150w\" sizes=\"auto, (max-width: 1920px) 100vw, 1920px\" \/> <span aria-hidden=\"true\" class=\"wp-block-cover__background has-background-dim-0 has-background-dim\" style=\"background-color:#41463b\"><\/span><div class=\"wp-block-cover__inner-container has-global-padding is-layout-constrained wp-block-cover-is-layout-constrained\">\n<p class=\"has-text-align-center has-large-font-size\"><\/p>\n<\/div><\/div>\n\n<div style=\"height:80px\" aria-hidden=\"true\" class=\"wp-block-spacer\"><\/div>\n\n<div class=\"wp-block-essential-blocks-wrapper alignfull  root-eb-wrapper-7pfz9\"><div class=\"eb-parent-wrapper eb-parent-eb-wrapper-7pfz9 \"><div class=\"eb-wrapper-outer eb-wrapper-7pfz9\"><div class=\"eb-wrapper-inner\"><div class=\"eb-wrapper-inner-blocks eb-wrapper-align-center\">\n<div class=\"wp-block-essential-blocks-row alignfull  root-eb-row-yr2ak\"><div class=\"eb-parent-wrapper eb-parent-eb-row-yr2ak \"><div class=\"eb-row-root-container eb-row-yr2ak\" data-id=\"eb-row-yr2ak\"><div class=\"eb-row-wrapper\"><div class=\"eb-row-inner\">\n<div class=\"wp-block-essential-blocks-column  root-eb-column-a6cmm\"><div class=\"eb-parent-wrapper eb-parent-eb-column-a6cmm \"><div class=\"eb-column-wrapper eb-column-a6cmm\"><div class=\"eb-column-inner\">\n<h2 class=\"wp-block-heading has-text-align-center has-x-large-font-size\">Yderligere opbevaring<\/h2>\n\n\n\n<p class=\"has-text-align-center\">V\u00e6rkt\u00f8j til at bruge din varmeovn, s\u00e5som en drypbakke eller en br\u00e6ndstofpumpe (inkluderet i varmeovnens \u00e6ske), kan opbevares i det indre rum for nem transport, samt den lynl\u00e5sforsynede lomme p\u00e5 bagsiden, hvor du kan opbevare sm\u00e5ting som f.eks. plastikposer.<\/p>\n<\/div><\/div><\/div><\/div>\n<\/div><\/div><\/div><\/div><\/div>\n<\/div><\/div><\/div><\/div><\/div>\n\n<div class=\"wp-block-essential-blocks-wrapper alignfull  root-eb-wrapper-0hlqi\"><div class=\"eb-parent-wrapper eb-parent-eb-wrapper-0hlqi \"><div class=\"eb-wrapper-outer eb-wrapper-0hlqi\"><div class=\"eb-wrapper-inner\"><div class=\"eb-wrapper-inner-blocks eb-wrapper-align-center\">\n<div class=\"wp-block-essential-blocks-row alignfull  root-eb-row-7a9p1\"><div class=\"eb-parent-wrapper eb-parent-eb-row-7a9p1 \"><div class=\"eb-row-root-container eb-row-7a9p1\" data-id=\"eb-row-7a9p1\"><div class=\"eb-row-wrapper\"><div class=\"eb-row-inner\">\n<div class=\"wp-block-essential-blocks-column  root-eb-column-zoe66\"><div class=\"eb-parent-wrapper eb-parent-eb-column-zoe66 \"><div class=\"eb-column-wrapper eb-column-zoe66\"><div class=\"eb-column-inner\">\n<div class=\"wp-block-cover\" style=\"border-radius:10px;min-height:600px;aspect-ratio:unset;\"><img loading=\"lazy\" decoding=\"async\" width=\"1920\" height=\"1200\" src=\"https:\/\/www.toyotomi.eu\/wp-content\/uploads\/2025\/05\/GEAR-MISSION-bag-1-storage-2.jpg\" class=\"wp-block-cover__image-background wp-image-28657 size-full\" alt=\"Compact, efficient, portable heater ideal for camping and outdoor activities.\" data-object-fit=\"cover\" srcset=\"https:\/\/www.toyotomi.eu\/wp-content\/uploads\/2025\/05\/GEAR-MISSION-bag-1-storage-2.jpg 1920w, https:\/\/www.toyotomi.eu\/wp-content\/uploads\/2025\/05\/GEAR-MISSION-bag-1-storage-2-300x188.jpg 300w, https:\/\/www.toyotomi.eu\/wp-content\/uploads\/2025\/05\/GEAR-MISSION-bag-1-storage-2-1024x640.jpg 1024w, https:\/\/www.toyotomi.eu\/wp-content\/uploads\/2025\/05\/GEAR-MISSION-bag-1-storage-2-768x480.jpg 768w, https:\/\/www.toyotomi.eu\/wp-content\/uploads\/2025\/05\/GEAR-MISSION-bag-1-storage-2-1536x960.jpg 1536w, https:\/\/www.toyotomi.eu\/wp-content\/uploads\/2025\/05\/GEAR-MISSION-bag-1-storage-2-990x619.jpg 990w, https:\/\/www.toyotomi.eu\/wp-content\/uploads\/2025\/05\/GEAR-MISSION-bag-1-storage-2-441x276.jpg 441w, https:\/\/www.toyotomi.eu\/wp-content\/uploads\/2025\/05\/GEAR-MISSION-bag-1-storage-2-150x94.jpg 150w\" sizes=\"auto, (max-width: 1920px) 100vw, 1920px\" \/> <span aria-hidden=\"true\" class=\"wp-block-cover__background has-background-dim-0 has-background-dim\" style=\"background-color:#3c4039\"><\/span><div class=\"wp-block-cover__inner-container has-global-padding is-layout-constrained wp-block-cover-is-layout-constrained\">\n<p class=\"has-text-align-center has-large-font-size\"><\/p>\n<\/div><\/div>\n<\/div><\/div><\/div><\/div>\n\n\n\n<div class=\"wp-block-essential-blocks-column  root-eb-column-p0pvi\"><div class=\"eb-parent-wrapper eb-parent-eb-column-p0pvi \"><div class=\"eb-column-wrapper eb-column-p0pvi\"><div class=\"eb-column-inner\">\n<div class=\"wp-block-cover\" style=\"border-radius:10px;min-height:600px;aspect-ratio:unset;\"><img loading=\"lazy\" decoding=\"async\" width=\"1920\" height=\"1200\" src=\"https:\/\/www.toyotomi.eu\/wp-content\/uploads\/2025\/05\/GEAR-MISSION-bag-1-storage-1.jpg\" class=\"wp-block-cover__image-background wp-image-28658 size-full\" alt=\"Brightens any space efficiently with a compact, energy-saving portable electric heater. Perfect for homes or offices.\" data-object-fit=\"cover\" srcset=\"https:\/\/www.toyotomi.eu\/wp-content\/uploads\/2025\/05\/GEAR-MISSION-bag-1-storage-1.jpg 1920w, https:\/\/www.toyotomi.eu\/wp-content\/uploads\/2025\/05\/GEAR-MISSION-bag-1-storage-1-300x188.jpg 300w, https:\/\/www.toyotomi.eu\/wp-content\/uploads\/2025\/05\/GEAR-MISSION-bag-1-storage-1-1024x640.jpg 1024w, https:\/\/www.toyotomi.eu\/wp-content\/uploads\/2025\/05\/GEAR-MISSION-bag-1-storage-1-768x480.jpg 768w, https:\/\/www.toyotomi.eu\/wp-content\/uploads\/2025\/05\/GEAR-MISSION-bag-1-storage-1-1536x960.jpg 1536w, https:\/\/www.toyotomi.eu\/wp-content\/uploads\/2025\/05\/GEAR-MISSION-bag-1-storage-1-990x619.jpg 990w, https:\/\/www.toyotomi.eu\/wp-content\/uploads\/2025\/05\/GEAR-MISSION-bag-1-storage-1-441x276.jpg 441w, https:\/\/www.toyotomi.eu\/wp-content\/uploads\/2025\/05\/GEAR-MISSION-bag-1-storage-1-150x94.jpg 150w\" sizes=\"auto, (max-width: 1920px) 100vw, 1920px\" \/> <span aria-hidden=\"true\" class=\"wp-block-cover__background has-background-dim-0 has-background-dim\" style=\"background-color:#44463c\"><\/span><div class=\"wp-block-cover__inner-container has-global-padding is-layout-constrained wp-block-cover-is-layout-constrained\">\n<p class=\"has-text-align-center has-large-font-size\"><\/p>\n<\/div><\/div>\n<\/div><\/div><\/div><\/div>\n<\/div><\/div><\/div><\/div><\/div>\n<\/div><\/div><\/div><\/div><\/div>\n\n<div style=\"height:80px\" aria-hidden=\"true\" class=\"wp-block-spacer\"><\/div>\n\n<div class=\"wp-block-essential-blocks-wrapper alignfull  root-eb-wrapper-mpjvz\"><div class=\"eb-parent-wrapper eb-parent-eb-wrapper-mpjvz \"><div class=\"eb-wrapper-outer eb-wrapper-mpjvz\"><div class=\"eb-wrapper-inner\"><div class=\"eb-wrapper-inner-blocks eb-wrapper-align-center\">\n<div class=\"wp-block-essential-blocks-row alignfull  root-eb-row-cag4i\"><div class=\"eb-parent-wrapper eb-parent-eb-row-cag4i \"><div class=\"eb-row-root-container eb-row-cag4i\" data-id=\"eb-row-cag4i\"><div class=\"eb-row-wrapper\"><div class=\"eb-row-inner\">\n<div class=\"wp-block-essential-blocks-column  root-eb-column-ap9ld\"><div class=\"eb-parent-wrapper eb-parent-eb-column-ap9ld \"><div class=\"eb-column-wrapper eb-column-ap9ld\"><div class=\"eb-column-inner\">\n<h2 class=\"wp-block-heading has-text-align-center has-x-large-font-size\">B\u00e6ring og opbevaring<\/h2>\n\n\n\n<p class=\"has-text-align-center\">RRG-GE1-tasken g\u00f8r det nemt at b\u00e6re din varmeovn i h\u00e5nden eller over skulderen takket v\u00e6re den medf\u00f8lgende skulderrem.<br\/>I lavs\u00e6sonen kan tasken bruges til at opbevare din varmeovn, s\u00e5 den ikke samler st\u00f8v eller bliver ridset.<\/p>\n<\/div><\/div><\/div><\/div>\n<\/div><\/div><\/div><\/div><\/div>\n<\/div><\/div><\/div><\/div><\/div>\n\n<div class=\"wp-block-cover\" style=\"border-radius:10px;min-height:600px;aspect-ratio:unset;\"><img loading=\"lazy\" decoding=\"async\" width=\"1920\" height=\"1200\" src=\"https:\/\/www.toyotomi.eu\/wp-content\/uploads\/2025\/05\/GEAR-MISSION-bag-1-carry.jpg\" class=\"wp-block-cover__image-background wp-image-28659 size-full\" alt=\"High-quality green travel bag for outdoor adventures and camping trips.\" data-object-fit=\"cover\" srcset=\"https:\/\/www.toyotomi.eu\/wp-content\/uploads\/2025\/05\/GEAR-MISSION-bag-1-carry.jpg 1920w, https:\/\/www.toyotomi.eu\/wp-content\/uploads\/2025\/05\/GEAR-MISSION-bag-1-carry-300x188.jpg 300w, https:\/\/www.toyotomi.eu\/wp-content\/uploads\/2025\/05\/GEAR-MISSION-bag-1-carry-1024x640.jpg 1024w, https:\/\/www.toyotomi.eu\/wp-content\/uploads\/2025\/05\/GEAR-MISSION-bag-1-carry-768x480.jpg 768w, https:\/\/www.toyotomi.eu\/wp-content\/uploads\/2025\/05\/GEAR-MISSION-bag-1-carry-1536x960.jpg 1536w, https:\/\/www.toyotomi.eu\/wp-content\/uploads\/2025\/05\/GEAR-MISSION-bag-1-carry-990x619.jpg 990w, https:\/\/www.toyotomi.eu\/wp-content\/uploads\/2025\/05\/GEAR-MISSION-bag-1-carry-441x276.jpg 441w, https:\/\/www.toyotomi.eu\/wp-content\/uploads\/2025\/05\/GEAR-MISSION-bag-1-carry-150x94.jpg 150w\" sizes=\"auto, (max-width: 1920px) 100vw, 1920px\" \/> <span aria-hidden=\"true\" class=\"wp-block-cover__background has-background-dim-0 has-background-dim\" style=\"background-color:#3d4238\"><\/span><div class=\"wp-block-cover__inner-container has-global-padding is-layout-constrained wp-block-cover-is-layout-constrained\">\n<p class=\"has-text-align-center has-large-font-size\"><\/p>\n<\/div><\/div>\n","protected":false},"excerpt":{"rendered":"<p>GEAR MISSION b\u00e6retasken RRG-GE1 er designet til at h\u00e5ndtere din GEAR MISSION varmeovn lettere og mere effektivt. Bruges til at transportere din varmeovn til ethvert sted eller opbevare din varmeovn i lavs\u00e6sonen. Designet kun til <b><a href=\"https:\/\/www.toyotomi.eu\/da\/vare\/gear-mission-rs-ge23t\/\">RS-GE23(T)<\/a><\/b> &amp; <b><a href=\"https:\/\/www.toyotomi.eu\/da\/vare\/gear-mission-rs-ge23g\/\">RS-GE23(G)<\/a><\/b>.  <\/p>\n<p><strong>SKU:<\/strong> RSG-GE1<br \/>\n<strong>EAN:<\/strong> 4963505998943<\/p>\n","protected":false},"featured_media":50506,"template":"","meta":{"_acf_changed":false,"_eb_attr":""},"product_brand":[],"product_cat":[6570,6811],"product_tag":[],"class_list":{"0":"post-50504","1":"product","2":"type-product","3":"status-publish","4":"has-post-thumbnail","6":"product_cat-gear-mission-dk","7":"product_cat-tilbehor-dk","9":"first","10":"instock","11":"taxable","12":"shipping-taxable","13":"product-type-simple"},"acf":[],"yoast_head":"<!-- This site is optimized with the Yoast SEO plugin v27.4 - https:\/\/yoast.com\/product\/yoast-seo-wordpress\/ -->\n<title>GEAR MISSION RSG-GE1 - Toyotomi<\/title>\n<meta name=\"robots\" content=\"index, follow, max-snippet:-1, max-image-preview:large, max-video-preview:-1\" \/>\n<link rel=\"canonical\" href=\"https:\/\/www.toyotomi.eu\/da\/produkt\/gear-mission-rsg-ge1\/\" \/>\n<meta property=\"og:locale\" content=\"da_DK\" \/>\n<meta property=\"og:type\" content=\"article\" \/>\n<meta property=\"og:title\" content=\"GEAR MISSION RSG-GE1 - Toyotomi\" \/>\n<meta property=\"og:description\" content=\"GEAR MISSION b\u00e6retasken RRG-GE1 er designet til at h\u00e5ndtere din GEAR MISSION varmeovn lettere og mere effektivt. Bruges til at transportere din varmeovn til ethvert sted eller opbevare din varmeovn i lavs\u00e6sonen. Designet kun til RS-GE23(T) &amp; RS-GE23(G).  SKU: RSG-GE1 EAN: 4963505998943\" \/>\n<meta property=\"og:url\" content=\"https:\/\/www.toyotomi.eu\/da\/produkt\/gear-mission-rsg-ge1\/\" \/>\n<meta property=\"og:site_name\" content=\"Toyotomi\" \/>\n<meta property=\"article:modified_time\" content=\"2025-12-08T10:48:53+00:00\" \/>\n<meta property=\"og:image\" content=\"https:\/\/www.toyotomi.eu\/wp-content\/uploads\/2025\/05\/RSG-GE1.jpg\" \/>\n\t<meta property=\"og:image:width\" content=\"1754\" \/>\n\t<meta property=\"og:image:height\" content=\"1920\" \/>\n\t<meta property=\"og:image:type\" content=\"image\/jpeg\" \/>\n<meta name=\"twitter:card\" content=\"summary_large_image\" \/>\n<script type=\"application\/ld+json\" class=\"yoast-schema-graph\">{\"@context\":\"https:\\\/\\\/schema.org\",\"@graph\":[{\"@type\":\"WebPage\",\"@id\":\"https:\\\/\\\/www.toyotomi.eu\\\/da\\\/produkt\\\/gear-mission-rsg-ge1\\\/\",\"url\":\"https:\\\/\\\/www.toyotomi.eu\\\/da\\\/produkt\\\/gear-mission-rsg-ge1\\\/\",\"name\":\"GEAR MISSION RSG-GE1 - Toyotomi\",\"isPartOf\":{\"@id\":\"https:\\\/\\\/www.toyotomi.eu\\\/da\\\/#website\"},\"primaryImageOfPage\":{\"@id\":\"https:\\\/\\\/www.toyotomi.eu\\\/da\\\/produkt\\\/gear-mission-rsg-ge1\\\/#primaryimage\"},\"image\":{\"@id\":\"https:\\\/\\\/www.toyotomi.eu\\\/da\\\/produkt\\\/gear-mission-rsg-ge1\\\/#primaryimage\"},\"thumbnailUrl\":\"https:\\\/\\\/www.toyotomi.eu\\\/wp-content\\\/uploads\\\/2025\\\/05\\\/RSG-GE1.jpg\",\"datePublished\":\"2025-01-01T01:01:00+00:00\",\"dateModified\":\"2025-12-08T10:48:53+00:00\",\"breadcrumb\":{\"@id\":\"https:\\\/\\\/www.toyotomi.eu\\\/da\\\/produkt\\\/gear-mission-rsg-ge1\\\/#breadcrumb\"},\"inLanguage\":\"da-DK\",\"potentialAction\":[{\"@type\":\"ReadAction\",\"target\":[\"https:\\\/\\\/www.toyotomi.eu\\\/da\\\/produkt\\\/gear-mission-rsg-ge1\\\/\"]}]},{\"@type\":\"ImageObject\",\"inLanguage\":\"da-DK\",\"@id\":\"https:\\\/\\\/www.toyotomi.eu\\\/da\\\/produkt\\\/gear-mission-rsg-ge1\\\/#primaryimage\",\"url\":\"https:\\\/\\\/www.toyotomi.eu\\\/wp-content\\\/uploads\\\/2025\\\/05\\\/RSG-GE1.jpg\",\"contentUrl\":\"https:\\\/\\\/www.toyotomi.eu\\\/wp-content\\\/uploads\\\/2025\\\/05\\\/RSG-GE1.jpg\",\"width\":1754,\"height\":1920},{\"@type\":\"BreadcrumbList\",\"@id\":\"https:\\\/\\\/www.toyotomi.eu\\\/da\\\/produkt\\\/gear-mission-rsg-ge1\\\/#breadcrumb\",\"itemListElement\":[{\"@type\":\"ListItem\",\"position\":1,\"name\":\"Forside\",\"item\":\"https:\\\/\\\/www.toyotomi.eu\\\/da\\\/\"},{\"@type\":\"ListItem\",\"position\":2,\"name\":\"Alle produkter\",\"item\":\"https:\\\/\\\/www.toyotomi.eu\\\/da\\\/alle-produkter\\\/\"},{\"@type\":\"ListItem\",\"position\":3,\"name\":\"GEAR MISSION RSG-GE1\"}]},{\"@type\":\"WebSite\",\"@id\":\"https:\\\/\\\/www.toyotomi.eu\\\/da\\\/#website\",\"url\":\"https:\\\/\\\/www.toyotomi.eu\\\/da\\\/\",\"name\":\"Toyotomi\",\"description\":\"\",\"publisher\":{\"@id\":\"https:\\\/\\\/www.toyotomi.eu\\\/da\\\/#organization\"},\"potentialAction\":[{\"@type\":\"SearchAction\",\"target\":{\"@type\":\"EntryPoint\",\"urlTemplate\":\"https:\\\/\\\/www.toyotomi.eu\\\/da\\\/?s={search_term_string}\"},\"query-input\":{\"@type\":\"PropertyValueSpecification\",\"valueRequired\":true,\"valueName\":\"search_term_string\"}}],\"inLanguage\":\"da-DK\"},{\"@type\":\"Organization\",\"@id\":\"https:\\\/\\\/www.toyotomi.eu\\\/da\\\/#organization\",\"name\":\"Toyotomi Europe Sales B.V.\",\"alternateName\":\"Toyotomi\",\"url\":\"https:\\\/\\\/www.toyotomi.eu\\\/da\\\/\",\"logo\":{\"@type\":\"ImageObject\",\"inLanguage\":\"da-DK\",\"@id\":\"https:\\\/\\\/www.toyotomi.eu\\\/da\\\/#\\\/schema\\\/logo\\\/image\\\/\",\"url\":\"https:\\\/\\\/www.toyotomi.eu\\\/wp-content\\\/uploads\\\/2025\\\/10\\\/logo.png\",\"contentUrl\":\"https:\\\/\\\/www.toyotomi.eu\\\/wp-content\\\/uploads\\\/2025\\\/10\\\/logo.png\",\"width\":1360,\"height\":304,\"caption\":\"Toyotomi Europe Sales B.V.\"},\"image\":{\"@id\":\"https:\\\/\\\/www.toyotomi.eu\\\/da\\\/#\\\/schema\\\/logo\\\/image\\\/\"}}]}<\/script>\n<!-- \/ Yoast SEO plugin. -->","yoast_head_json":{"title":"GEAR MISSION RSG-GE1 - Toyotomi","robots":{"index":"index","follow":"follow","max-snippet":"max-snippet:-1","max-image-preview":"max-image-preview:large","max-video-preview":"max-video-preview:-1"},"canonical":"https:\/\/www.toyotomi.eu\/da\/produkt\/gear-mission-rsg-ge1\/","og_locale":"da_DK","og_type":"article","og_title":"GEAR MISSION RSG-GE1 - Toyotomi","og_description":"GEAR MISSION b\u00e6retasken RRG-GE1 er designet til at h\u00e5ndtere din GEAR MISSION varmeovn lettere og mere effektivt. Bruges til at transportere din varmeovn til ethvert sted eller opbevare din varmeovn i lavs\u00e6sonen. Designet kun til RS-GE23(T) &amp; RS-GE23(G).  SKU: RSG-GE1 EAN: 4963505998943","og_url":"https:\/\/www.toyotomi.eu\/da\/produkt\/gear-mission-rsg-ge1\/","og_site_name":"Toyotomi","article_modified_time":"2025-12-08T10:48:53+00:00","og_image":[{"width":1754,"height":1920,"url":"https:\/\/www.toyotomi.eu\/wp-content\/uploads\/2025\/05\/RSG-GE1.jpg","type":"image\/jpeg"}],"twitter_card":"summary_large_image","schema":{"@context":"https:\/\/schema.org","@graph":[{"@type":"WebPage","@id":"https:\/\/www.toyotomi.eu\/da\/produkt\/gear-mission-rsg-ge1\/","url":"https:\/\/www.toyotomi.eu\/da\/produkt\/gear-mission-rsg-ge1\/","name":"GEAR MISSION RSG-GE1 - Toyotomi","isPartOf":{"@id":"https:\/\/www.toyotomi.eu\/da\/#website"},"primaryImageOfPage":{"@id":"https:\/\/www.toyotomi.eu\/da\/produkt\/gear-mission-rsg-ge1\/#primaryimage"},"image":{"@id":"https:\/\/www.toyotomi.eu\/da\/produkt\/gear-mission-rsg-ge1\/#primaryimage"},"thumbnailUrl":"https:\/\/www.toyotomi.eu\/wp-content\/uploads\/2025\/05\/RSG-GE1.jpg","datePublished":"2025-01-01T01:01:00+00:00","dateModified":"2025-12-08T10:48:53+00:00","breadcrumb":{"@id":"https:\/\/www.toyotomi.eu\/da\/produkt\/gear-mission-rsg-ge1\/#breadcrumb"},"inLanguage":"da-DK","potentialAction":[{"@type":"ReadAction","target":["https:\/\/www.toyotomi.eu\/da\/produkt\/gear-mission-rsg-ge1\/"]}]},{"@type":"ImageObject","inLanguage":"da-DK","@id":"https:\/\/www.toyotomi.eu\/da\/produkt\/gear-mission-rsg-ge1\/#primaryimage","url":"https:\/\/www.toyotomi.eu\/wp-content\/uploads\/2025\/05\/RSG-GE1.jpg","contentUrl":"https:\/\/www.toyotomi.eu\/wp-content\/uploads\/2025\/05\/RSG-GE1.jpg","width":1754,"height":1920},{"@type":"BreadcrumbList","@id":"https:\/\/www.toyotomi.eu\/da\/produkt\/gear-mission-rsg-ge1\/#breadcrumb","itemListElement":[{"@type":"ListItem","position":1,"name":"Forside","item":"https:\/\/www.toyotomi.eu\/da\/"},{"@type":"ListItem","position":2,"name":"Alle produkter","item":"https:\/\/www.toyotomi.eu\/da\/alle-produkter\/"},{"@type":"ListItem","position":3,"name":"GEAR MISSION RSG-GE1"}]},{"@type":"WebSite","@id":"https:\/\/www.toyotomi.eu\/da\/#website","url":"https:\/\/www.toyotomi.eu\/da\/","name":"Toyotomi","description":"","publisher":{"@id":"https:\/\/www.toyotomi.eu\/da\/#organization"},"potentialAction":[{"@type":"SearchAction","target":{"@type":"EntryPoint","urlTemplate":"https:\/\/www.toyotomi.eu\/da\/?s={search_term_string}"},"query-input":{"@type":"PropertyValueSpecification","valueRequired":true,"valueName":"search_term_string"}}],"inLanguage":"da-DK"},{"@type":"Organization","@id":"https:\/\/www.toyotomi.eu\/da\/#organization","name":"Toyotomi Europe Sales B.V.","alternateName":"Toyotomi","url":"https:\/\/www.toyotomi.eu\/da\/","logo":{"@type":"ImageObject","inLanguage":"da-DK","@id":"https:\/\/www.toyotomi.eu\/da\/#\/schema\/logo\/image\/","url":"https:\/\/www.toyotomi.eu\/wp-content\/uploads\/2025\/10\/logo.png","contentUrl":"https:\/\/www.toyotomi.eu\/wp-content\/uploads\/2025\/10\/logo.png","width":1360,"height":304,"caption":"Toyotomi Europe Sales B.V."},"image":{"@id":"https:\/\/www.toyotomi.eu\/da\/#\/schema\/logo\/image\/"}}]}},"_links":{"self":[{"href":"https:\/\/www.toyotomi.eu\/da\/wp-json\/wp\/v2\/product\/50504","targetHints":{"allow":["GET"]}}],"collection":[{"href":"https:\/\/www.toyotomi.eu\/da\/wp-json\/wp\/v2\/product"}],"about":[{"href":"https:\/\/www.toyotomi.eu\/da\/wp-json\/wp\/v2\/types\/product"}],"wp:featuredmedia":[{"embeddable":true,"href":"https:\/\/www.toyotomi.eu\/da\/wp-json\/wp\/v2\/media\/50506"}],"wp:attachment":[{"href":"https:\/\/www.toyotomi.eu\/da\/wp-json\/wp\/v2\/media?parent=50504"}],"wp:term":[{"taxonomy":"product_brand","embeddable":true,"href":"https:\/\/www.toyotomi.eu\/da\/wp-json\/wp\/v2\/product_brand?post=50504"},{"taxonomy":"product_cat","embeddable":true,"href":"https:\/\/www.toyotomi.eu\/da\/wp-json\/wp\/v2\/product_cat?post=50504"},{"taxonomy":"product_tag","embeddable":true,"href":"https:\/\/www.toyotomi.eu\/da\/wp-json\/wp\/v2\/product_tag?post=50504"}],"curies":[{"name":"wp","href":"https:\/\/api.w.org\/{rel}","templated":true}]}}