{"id":50301,"date":"2025-01-01T02:01:00","date_gmt":"2025-01-01T01:01:00","guid":{"rendered":"https:\/\/www.toyotomi.eu\/product\/toyotomi-k-30f\/"},"modified":"2026-01-20T08:51:18","modified_gmt":"2026-01-20T07:51:18","slug":"toyotomi-k-30f","status":"publish","type":"product","link":"https:\/\/www.toyotomi.eu\/da\/produkt\/toyotomi-k-30f\/","title":{"rendered":"Toyotomi K-30F"},"content":{"rendered":"\n<div class=\"wp-block-essential-blocks-wrapper alignfull  root-eb-wrapper-33au2\"><div class=\"eb-parent-wrapper eb-parent-eb-wrapper-33au2 \"><div class=\"eb-wrapper-outer eb-wrapper-33au2\"><div class=\"eb-wrapper-inner\"><div class=\"eb-wrapper-inner-blocks eb-wrapper-align-center\">\n<div class=\"wp-block-essential-blocks-row alignfull  root-eb-row-rm3tv\"><div class=\"eb-parent-wrapper eb-parent-eb-row-rm3tv \"><div class=\"eb-row-root-container eb-row-rm3tv\" data-id=\"eb-row-rm3tv\"><div class=\"eb-row-wrapper\"><div class=\"eb-row-inner\">\n<div class=\"wp-block-essential-blocks-column  root-eb-column-4jc87\"><div class=\"eb-parent-wrapper eb-parent-eb-column-4jc87 \"><div class=\"eb-column-wrapper eb-column-4jc87\"><div class=\"eb-column-inner\">\n<h2 class=\"wp-block-heading has-text-align-center has-x-large-font-size\">Alt skal v\u00e6re forberedt<\/h2>\n\n\n\n<p class=\"has-text-align-center\">Uanset om det er et pludseligt str\u00f8msvigt, d\u00e5rligt vejr eller en fjern udend\u00f8rs tur, giver K-30F dig en p\u00e5lidelig kilde til varme og en sikker, effektiv m\u00e5de at lave mad p\u00e5. Dens kompakte design g\u00f8r den nem at opbevare og hurtig at implementere, n\u00e5r du har mest brug for komfort og mad. <\/p>\n<\/div><\/div><\/div><\/div>\n<\/div><\/div><\/div><\/div><\/div>\n<\/div><\/div><\/div><\/div><\/div>\n\n<div class=\"wp-block-cover is-light\" style=\"border-radius:10px;min-height:600px;aspect-ratio:unset;\"><img decoding=\"async\" class=\"wp-block-cover__image-background wp-image-31594 size-full\" alt=\"\" src=\"https:\/\/toyotomi-store.testlocatie.net\/wp-content\/uploads\/2025\/11\/DSC02740-scaled.jpg\" data-object-fit=\"cover\"\/><span aria-hidden=\"true\" class=\"wp-block-cover__background has-background-dim-0 has-background-dim\" style=\"background-color:#948a87\"><\/span><div class=\"wp-block-cover__inner-container has-global-padding is-layout-constrained wp-block-cover-is-layout-constrained\">\n<p class=\"has-text-align-center has-large-font-size\"><\/p>\n<\/div><\/div>\n\n<div style=\"height:80px\" aria-hidden=\"true\" class=\"wp-block-spacer\"><\/div>\n\n<div class=\"wp-block-essential-blocks-wrapper alignfull  root-eb-wrapper-du7ni\"><div class=\"eb-parent-wrapper eb-parent-eb-wrapper-du7ni \"><div class=\"eb-wrapper-outer eb-wrapper-du7ni\"><div class=\"eb-wrapper-inner\"><div class=\"eb-wrapper-inner-blocks eb-wrapper-align-center\">\n<div class=\"wp-block-essential-blocks-row alignfull  root-eb-row-exarm\"><div class=\"eb-parent-wrapper eb-parent-eb-row-exarm \"><div class=\"eb-row-root-container eb-row-exarm\" data-id=\"eb-row-exarm\"><div class=\"eb-row-wrapper\"><div class=\"eb-row-inner\">\n<div class=\"wp-block-essential-blocks-column  root-eb-column-degss\"><div class=\"eb-parent-wrapper eb-parent-eb-column-degss \"><div class=\"eb-column-wrapper eb-column-degss\"><div class=\"eb-column-inner\">\n<h2 class=\"wp-block-heading has-text-align-center has-x-large-font-size\">Opvarmning & Madlavning<\/h2>\n\n\n\n<p class=\"has-text-align-center\">K-30F komfuret er den perfekte alt-i-\u00e9n l\u00f8sning til b\u00e5de madlavning og ophold i varmen. Uanset om du har at g\u00f8re med en n\u00f8dsituation derhjemme eller p\u00e5 en campingtur, giver den dig en p\u00e5lidelig m\u00e5de at tilberede m\u00e5ltider p\u00e5 og bruges som en b\u00e6rbar petroleumsovn. Kompakt og nem at bruge, den holder dig komfortabel, n\u00e5r det betyder mest.  <\/p>\n<\/div><\/div><\/div><\/div>\n<\/div><\/div><\/div><\/div><\/div>\n<\/div><\/div><\/div><\/div><\/div>\n\n<div class=\"wp-block-essential-blocks-wrapper alignfull  root-eb-wrapper-kyccx\"><div class=\"eb-parent-wrapper eb-parent-eb-wrapper-kyccx \"><div class=\"eb-wrapper-outer eb-wrapper-kyccx\"><div class=\"eb-wrapper-inner\"><div class=\"eb-wrapper-inner-blocks eb-wrapper-align-center\">\n<div class=\"wp-block-essential-blocks-row alignfull  root-eb-row-1vzcw\"><div class=\"eb-parent-wrapper eb-parent-eb-row-1vzcw \"><div class=\"eb-row-root-container eb-row-1vzcw\" data-id=\"eb-row-1vzcw\"><div class=\"eb-row-wrapper\"><div class=\"eb-row-inner\">\n<div class=\"wp-block-essential-blocks-column  root-eb-column-ysdzu\"><div class=\"eb-parent-wrapper eb-parent-eb-column-ysdzu \"><div class=\"eb-column-wrapper eb-column-ysdzu\"><div class=\"eb-column-inner\">\n<div class=\"wp-block-cover\" style=\"border-radius:10px;min-height:600px;aspect-ratio:unset;\"><img decoding=\"async\" class=\"wp-block-cover__image-background wp-image-31828 size-full\" alt=\"\" src=\"https:\/\/toyotomi-store.testlocatie.net\/wp-content\/uploads\/2025\/01\/Toyotomi-Europe-K-30F-heating-2.jpg\" data-object-fit=\"cover\"\/><span aria-hidden=\"true\" class=\"wp-block-cover__background has-black-background-color has-background-dim-10 has-background-dim\"><\/span><div class=\"wp-block-cover__inner-container has-global-padding is-layout-constrained wp-block-cover-is-layout-constrained\">\n<p class=\"has-text-align-center has-large-font-size\"><\/p>\n<\/div><\/div>\n<\/div><\/div><\/div><\/div>\n\n\n\n<div class=\"wp-block-essential-blocks-column  root-eb-column-7hezj\"><div class=\"eb-parent-wrapper eb-parent-eb-column-7hezj \"><div class=\"eb-column-wrapper eb-column-7hezj\"><div class=\"eb-column-inner\">\n<div class=\"wp-block-cover\" style=\"border-radius:10px;min-height:600px;aspect-ratio:unset;\"><img decoding=\"async\" class=\"wp-block-cover__image-background wp-image-31827 size-full\" alt=\"\" src=\"https:\/\/toyotomi-store.testlocatie.net\/wp-content\/uploads\/2025\/01\/Toyotomi-Europe-K-30F-cooking-1.jpg\" data-object-fit=\"cover\"\/><span aria-hidden=\"true\" class=\"wp-block-cover__background has-black-background-color has-background-dim-0 has-background-dim\"><\/span><div class=\"wp-block-cover__inner-container has-global-padding is-layout-constrained wp-block-cover-is-layout-constrained\">\n<p class=\"has-text-align-center has-large-font-size\"><\/p>\n<\/div><\/div>\n<\/div><\/div><\/div><\/div>\n<\/div><\/div><\/div><\/div><\/div>\n<\/div><\/div><\/div><\/div><\/div>\n\n<div style=\"height:80px\" aria-hidden=\"true\" class=\"wp-block-spacer\"><\/div>\n\n<div class=\"wp-block-essential-blocks-wrapper alignfull  root-eb-wrapper-8eqic\"><div class=\"eb-parent-wrapper eb-parent-eb-wrapper-8eqic \"><div class=\"eb-wrapper-outer eb-wrapper-8eqic\"><div class=\"eb-wrapper-inner\"><div class=\"eb-wrapper-inner-blocks eb-wrapper-align-center\">\n<div class=\"wp-block-essential-blocks-row alignfull  root-eb-row-69nlq\"><div class=\"eb-parent-wrapper eb-parent-eb-row-69nlq \"><div class=\"eb-row-root-container eb-row-69nlq\" data-id=\"eb-row-69nlq\"><div class=\"eb-row-wrapper\"><div class=\"eb-row-inner\">\n<div class=\"wp-block-essential-blocks-column  root-eb-column-4o7fv\"><div class=\"eb-parent-wrapper eb-parent-eb-column-4o7fv \"><div class=\"eb-column-wrapper eb-column-4o7fv\"><div class=\"eb-column-inner\">\n<h2 class=\"wp-block-heading has-text-align-center has-x-large-font-size\">Kompakt og effektiv <\/h2>\n\n\n\n<p class=\"has-text-align-center\">K-30F komfuret er ideelt til beredskab og udend\u00f8rs brug og tilbyder et kompakt, men kraftfuldt design. Dens integrerede br\u00e6ndstofm\u00e5ler og raffinerede, brugervenlige design sikrer p\u00e5lidelig ydeevne uden besv\u00e6r eller bekymring. <\/p>\n<\/div><\/div><\/div><\/div>\n<\/div><\/div><\/div><\/div><\/div>\n<\/div><\/div><\/div><\/div><\/div>\n\n<div class=\"wp-block-essential-blocks-wrapper alignfull  root-eb-wrapper-ook12\"><div class=\"eb-parent-wrapper eb-parent-eb-wrapper-ook12 \"><div class=\"eb-wrapper-outer eb-wrapper-ook12\"><div class=\"eb-wrapper-inner\"><div class=\"eb-wrapper-inner-blocks eb-wrapper-align-center\">\n<div class=\"wp-block-essential-blocks-row alignfull  root-eb-row-s8ta8\"><div class=\"eb-parent-wrapper eb-parent-eb-row-s8ta8 \"><div class=\"eb-row-root-container eb-row-s8ta8\" data-id=\"eb-row-s8ta8\"><div class=\"eb-row-wrapper\"><div class=\"eb-row-inner\">\n<div class=\"wp-block-essential-blocks-column  root-eb-column-p0pvi\"><div class=\"eb-parent-wrapper eb-parent-eb-column-p0pvi \"><div class=\"eb-column-wrapper eb-column-p0pvi\"><div class=\"eb-column-inner\">\n<div class=\"wp-block-cover is-light\" style=\"border-radius:10px;min-height:600px;aspect-ratio:unset;\"><img decoding=\"async\" class=\"wp-block-cover__image-background wp-image-31611 size-full\" alt=\"\" src=\"https:\/\/toyotomi-store.testlocatie.net\/wp-content\/uploads\/2025\/01\/DSC02726-scaled.jpg\" data-object-fit=\"cover\"\/><span aria-hidden=\"true\" class=\"wp-block-cover__background has-black-background-color has-background-dim-0 has-background-dim\"><\/span><div class=\"wp-block-cover__inner-container has-global-padding is-layout-constrained wp-block-cover-is-layout-constrained\">\n<p class=\"has-text-align-center has-large-font-size\"><\/p>\n<\/div><\/div>\n<\/div><\/div><\/div><\/div>\n\n\n\n<div class=\"wp-block-essential-blocks-column  root-eb-column-airio\"><div class=\"eb-parent-wrapper eb-parent-eb-column-airio \"><div class=\"eb-column-wrapper eb-column-airio\"><div class=\"eb-column-inner\">\n<div class=\"wp-block-cover is-light\" style=\"border-radius:10px;min-height:600px;aspect-ratio:unset;\"><img decoding=\"async\" class=\"wp-block-cover__image-background wp-image-31612 size-full\" alt=\"\" src=\"https:\/\/toyotomi-store.testlocatie.net\/wp-content\/uploads\/2025\/01\/DSC02727-scaled.jpg\" data-object-fit=\"cover\"\/><span aria-hidden=\"true\" class=\"wp-block-cover__background has-black-background-color has-background-dim-10 has-background-dim\"><\/span><div class=\"wp-block-cover__inner-container has-global-padding is-layout-constrained wp-block-cover-is-layout-constrained\">\n<p class=\"has-text-align-center has-large-font-size\"><\/p>\n<\/div><\/div>\n<\/div><\/div><\/div><\/div>\n<\/div><\/div><\/div><\/div><\/div>\n<\/div><\/div><\/div><\/div><\/div>\n","protected":false},"excerpt":{"rendered":"<p>Toyotomi K-30F kogeapparat har en enkelt br\u00e6nder med en varmekapacitet p\u00e5 2,25 kW, der leverer ren, effektiv og \u00f8konomisk varme uden installation. Kogeapparatet kan bruges til madlavning p\u00e5 ture, hvor der er behov for lille, praktisk og p\u00e5lidelig madlavning. Det kommer med flere funktioner, herunder en holdbar glasfiberv\u00e6ge, dobbelt v\u00e6gtank og br\u00e6ndstofindikator.  <\/p>\n<p><strong>Varenummer:<\/strong> K-30F<br \/>\n<strong>EAN:<\/strong> 4963505704049<\/p>\n","protected":false},"featured_media":57672,"template":"","meta":{"_acf_changed":false,"_eb_attr":""},"product_brand":[],"product_cat":[6779],"product_tag":[],"class_list":{"0":"post-50301","1":"product","2":"type-product","3":"status-publish","4":"has-post-thumbnail","6":"product_cat-udendors-varmeapparater","8":"first","9":"instock","10":"taxable","11":"shipping-taxable","12":"product-type-simple"},"acf":[],"yoast_head":"<!-- This site is optimized with the Yoast SEO plugin v27.5 - https:\/\/yoast.com\/product\/yoast-seo-wordpress\/ -->\n<title>Toyotomi K-30F - Toyotomi<\/title>\n<meta name=\"robots\" content=\"index, follow, max-snippet:-1, max-image-preview:large, max-video-preview:-1\" \/>\n<link rel=\"canonical\" href=\"https:\/\/www.toyotomi.eu\/da\/produkt\/toyotomi-k-30f\/\" \/>\n<meta property=\"og:locale\" content=\"da_DK\" \/>\n<meta property=\"og:type\" content=\"article\" \/>\n<meta property=\"og:title\" content=\"Toyotomi K-30F - Toyotomi\" \/>\n<meta property=\"og:description\" content=\"Toyotomi K-30F kogeapparat har en enkelt br\u00e6nder med en varmekapacitet p\u00e5 2,25 kW, der leverer ren, effektiv og \u00f8konomisk varme uden installation. Kogeapparatet kan bruges til madlavning p\u00e5 ture, hvor der er behov for lille, praktisk og p\u00e5lidelig madlavning. Det kommer med flere funktioner, herunder en holdbar glasfiberv\u00e6ge, dobbelt v\u00e6gtank og br\u00e6ndstofindikator.  Varenummer: K-30F EAN: 4963505704049\" \/>\n<meta property=\"og:url\" content=\"https:\/\/www.toyotomi.eu\/da\/produkt\/toyotomi-k-30f\/\" \/>\n<meta property=\"og:site_name\" content=\"Toyotomi\" \/>\n<meta property=\"article:modified_time\" content=\"2026-01-20T07:51:18+00:00\" \/>\n<meta property=\"og:image\" content=\"https:\/\/www.toyotomi.eu\/wp-content\/uploads\/2025\/01\/PIC_K-30F_no-top_2560x2560-1920x1920.png\" \/>\n\t<meta property=\"og:image:width\" content=\"1920\" \/>\n\t<meta property=\"og:image:height\" content=\"1920\" \/>\n\t<meta property=\"og:image:type\" content=\"image\/png\" \/>\n<meta name=\"twitter:card\" content=\"summary_large_image\" \/>\n<script type=\"application\/ld+json\" class=\"yoast-schema-graph\">{\"@context\":\"https:\\\/\\\/schema.org\",\"@graph\":[{\"@type\":\"WebPage\",\"@id\":\"https:\\\/\\\/www.toyotomi.eu\\\/da\\\/produkt\\\/toyotomi-k-30f\\\/\",\"url\":\"https:\\\/\\\/www.toyotomi.eu\\\/da\\\/produkt\\\/toyotomi-k-30f\\\/\",\"name\":\"Toyotomi K-30F - Toyotomi\",\"isPartOf\":{\"@id\":\"https:\\\/\\\/www.toyotomi.eu\\\/da\\\/#website\"},\"primaryImageOfPage\":{\"@id\":\"https:\\\/\\\/www.toyotomi.eu\\\/da\\\/produkt\\\/toyotomi-k-30f\\\/#primaryimage\"},\"image\":{\"@id\":\"https:\\\/\\\/www.toyotomi.eu\\\/da\\\/produkt\\\/toyotomi-k-30f\\\/#primaryimage\"},\"thumbnailUrl\":\"https:\\\/\\\/www.toyotomi.eu\\\/wp-content\\\/uploads\\\/2025\\\/01\\\/PIC_K-30F_no-top_2560x2560.png\",\"datePublished\":\"2025-01-01T01:01:00+00:00\",\"dateModified\":\"2026-01-20T07:51:18+00:00\",\"breadcrumb\":{\"@id\":\"https:\\\/\\\/www.toyotomi.eu\\\/da\\\/produkt\\\/toyotomi-k-30f\\\/#breadcrumb\"},\"inLanguage\":\"da-DK\",\"potentialAction\":[{\"@type\":\"ReadAction\",\"target\":[\"https:\\\/\\\/www.toyotomi.eu\\\/da\\\/produkt\\\/toyotomi-k-30f\\\/\"]}]},{\"@type\":\"ImageObject\",\"inLanguage\":\"da-DK\",\"@id\":\"https:\\\/\\\/www.toyotomi.eu\\\/da\\\/produkt\\\/toyotomi-k-30f\\\/#primaryimage\",\"url\":\"https:\\\/\\\/www.toyotomi.eu\\\/wp-content\\\/uploads\\\/2025\\\/01\\\/PIC_K-30F_no-top_2560x2560.png\",\"contentUrl\":\"https:\\\/\\\/www.toyotomi.eu\\\/wp-content\\\/uploads\\\/2025\\\/01\\\/PIC_K-30F_no-top_2560x2560.png\",\"width\":2560,\"height\":2560,\"caption\":\"Compact Toyotomi outdoor gas stove featuring safety protection and adjustable heat control for efficient outdoor cooking.\"},{\"@type\":\"BreadcrumbList\",\"@id\":\"https:\\\/\\\/www.toyotomi.eu\\\/da\\\/produkt\\\/toyotomi-k-30f\\\/#breadcrumb\",\"itemListElement\":[{\"@type\":\"ListItem\",\"position\":1,\"name\":\"Forside\",\"item\":\"https:\\\/\\\/www.toyotomi.eu\\\/da\\\/\"},{\"@type\":\"ListItem\",\"position\":2,\"name\":\"Alle produkter\",\"item\":\"https:\\\/\\\/www.toyotomi.eu\\\/da\\\/alle-produkter\\\/\"},{\"@type\":\"ListItem\",\"position\":3,\"name\":\"Toyotomi K-30F\"}]},{\"@type\":\"WebSite\",\"@id\":\"https:\\\/\\\/www.toyotomi.eu\\\/da\\\/#website\",\"url\":\"https:\\\/\\\/www.toyotomi.eu\\\/da\\\/\",\"name\":\"Toyotomi\",\"description\":\"\",\"publisher\":{\"@id\":\"https:\\\/\\\/www.toyotomi.eu\\\/da\\\/#organization\"},\"potentialAction\":[{\"@type\":\"SearchAction\",\"target\":{\"@type\":\"EntryPoint\",\"urlTemplate\":\"https:\\\/\\\/www.toyotomi.eu\\\/da\\\/?s={search_term_string}\"},\"query-input\":{\"@type\":\"PropertyValueSpecification\",\"valueRequired\":true,\"valueName\":\"search_term_string\"}}],\"inLanguage\":\"da-DK\"},{\"@type\":\"Organization\",\"@id\":\"https:\\\/\\\/www.toyotomi.eu\\\/da\\\/#organization\",\"name\":\"Toyotomi Europe Sales B.V.\",\"alternateName\":\"Toyotomi\",\"url\":\"https:\\\/\\\/www.toyotomi.eu\\\/da\\\/\",\"logo\":{\"@type\":\"ImageObject\",\"inLanguage\":\"da-DK\",\"@id\":\"https:\\\/\\\/www.toyotomi.eu\\\/da\\\/#\\\/schema\\\/logo\\\/image\\\/\",\"url\":\"https:\\\/\\\/www.toyotomi.eu\\\/wp-content\\\/uploads\\\/2025\\\/10\\\/logo.png\",\"contentUrl\":\"https:\\\/\\\/www.toyotomi.eu\\\/wp-content\\\/uploads\\\/2025\\\/10\\\/logo.png\",\"width\":1360,\"height\":304,\"caption\":\"Toyotomi Europe Sales B.V.\"},\"image\":{\"@id\":\"https:\\\/\\\/www.toyotomi.eu\\\/da\\\/#\\\/schema\\\/logo\\\/image\\\/\"}}]}<\/script>\n<!-- \/ Yoast SEO plugin. -->","yoast_head_json":{"title":"Toyotomi K-30F - Toyotomi","robots":{"index":"index","follow":"follow","max-snippet":"max-snippet:-1","max-image-preview":"max-image-preview:large","max-video-preview":"max-video-preview:-1"},"canonical":"https:\/\/www.toyotomi.eu\/da\/produkt\/toyotomi-k-30f\/","og_locale":"da_DK","og_type":"article","og_title":"Toyotomi K-30F - Toyotomi","og_description":"Toyotomi K-30F kogeapparat har en enkelt br\u00e6nder med en varmekapacitet p\u00e5 2,25 kW, der leverer ren, effektiv og \u00f8konomisk varme uden installation. Kogeapparatet kan bruges til madlavning p\u00e5 ture, hvor der er behov for lille, praktisk og p\u00e5lidelig madlavning. Det kommer med flere funktioner, herunder en holdbar glasfiberv\u00e6ge, dobbelt v\u00e6gtank og br\u00e6ndstofindikator.  Varenummer: K-30F EAN: 4963505704049","og_url":"https:\/\/www.toyotomi.eu\/da\/produkt\/toyotomi-k-30f\/","og_site_name":"Toyotomi","article_modified_time":"2026-01-20T07:51:18+00:00","og_image":[{"width":1920,"height":1920,"url":"https:\/\/www.toyotomi.eu\/wp-content\/uploads\/2025\/01\/PIC_K-30F_no-top_2560x2560-1920x1920.png","type":"image\/png"}],"twitter_card":"summary_large_image","schema":{"@context":"https:\/\/schema.org","@graph":[{"@type":"WebPage","@id":"https:\/\/www.toyotomi.eu\/da\/produkt\/toyotomi-k-30f\/","url":"https:\/\/www.toyotomi.eu\/da\/produkt\/toyotomi-k-30f\/","name":"Toyotomi K-30F - Toyotomi","isPartOf":{"@id":"https:\/\/www.toyotomi.eu\/da\/#website"},"primaryImageOfPage":{"@id":"https:\/\/www.toyotomi.eu\/da\/produkt\/toyotomi-k-30f\/#primaryimage"},"image":{"@id":"https:\/\/www.toyotomi.eu\/da\/produkt\/toyotomi-k-30f\/#primaryimage"},"thumbnailUrl":"https:\/\/www.toyotomi.eu\/wp-content\/uploads\/2025\/01\/PIC_K-30F_no-top_2560x2560.png","datePublished":"2025-01-01T01:01:00+00:00","dateModified":"2026-01-20T07:51:18+00:00","breadcrumb":{"@id":"https:\/\/www.toyotomi.eu\/da\/produkt\/toyotomi-k-30f\/#breadcrumb"},"inLanguage":"da-DK","potentialAction":[{"@type":"ReadAction","target":["https:\/\/www.toyotomi.eu\/da\/produkt\/toyotomi-k-30f\/"]}]},{"@type":"ImageObject","inLanguage":"da-DK","@id":"https:\/\/www.toyotomi.eu\/da\/produkt\/toyotomi-k-30f\/#primaryimage","url":"https:\/\/www.toyotomi.eu\/wp-content\/uploads\/2025\/01\/PIC_K-30F_no-top_2560x2560.png","contentUrl":"https:\/\/www.toyotomi.eu\/wp-content\/uploads\/2025\/01\/PIC_K-30F_no-top_2560x2560.png","width":2560,"height":2560,"caption":"Compact Toyotomi outdoor gas stove featuring safety protection and adjustable heat control for efficient outdoor cooking."},{"@type":"BreadcrumbList","@id":"https:\/\/www.toyotomi.eu\/da\/produkt\/toyotomi-k-30f\/#breadcrumb","itemListElement":[{"@type":"ListItem","position":1,"name":"Forside","item":"https:\/\/www.toyotomi.eu\/da\/"},{"@type":"ListItem","position":2,"name":"Alle produkter","item":"https:\/\/www.toyotomi.eu\/da\/alle-produkter\/"},{"@type":"ListItem","position":3,"name":"Toyotomi K-30F"}]},{"@type":"WebSite","@id":"https:\/\/www.toyotomi.eu\/da\/#website","url":"https:\/\/www.toyotomi.eu\/da\/","name":"Toyotomi","description":"","publisher":{"@id":"https:\/\/www.toyotomi.eu\/da\/#organization"},"potentialAction":[{"@type":"SearchAction","target":{"@type":"EntryPoint","urlTemplate":"https:\/\/www.toyotomi.eu\/da\/?s={search_term_string}"},"query-input":{"@type":"PropertyValueSpecification","valueRequired":true,"valueName":"search_term_string"}}],"inLanguage":"da-DK"},{"@type":"Organization","@id":"https:\/\/www.toyotomi.eu\/da\/#organization","name":"Toyotomi Europe Sales B.V.","alternateName":"Toyotomi","url":"https:\/\/www.toyotomi.eu\/da\/","logo":{"@type":"ImageObject","inLanguage":"da-DK","@id":"https:\/\/www.toyotomi.eu\/da\/#\/schema\/logo\/image\/","url":"https:\/\/www.toyotomi.eu\/wp-content\/uploads\/2025\/10\/logo.png","contentUrl":"https:\/\/www.toyotomi.eu\/wp-content\/uploads\/2025\/10\/logo.png","width":1360,"height":304,"caption":"Toyotomi Europe Sales B.V."},"image":{"@id":"https:\/\/www.toyotomi.eu\/da\/#\/schema\/logo\/image\/"}}]}},"_links":{"self":[{"href":"https:\/\/www.toyotomi.eu\/da\/wp-json\/wp\/v2\/product\/50301","targetHints":{"allow":["GET"]}}],"collection":[{"href":"https:\/\/www.toyotomi.eu\/da\/wp-json\/wp\/v2\/product"}],"about":[{"href":"https:\/\/www.toyotomi.eu\/da\/wp-json\/wp\/v2\/types\/product"}],"wp:featuredmedia":[{"embeddable":true,"href":"https:\/\/www.toyotomi.eu\/da\/wp-json\/wp\/v2\/media\/57672"}],"wp:attachment":[{"href":"https:\/\/www.toyotomi.eu\/da\/wp-json\/wp\/v2\/media?parent=50301"}],"wp:term":[{"taxonomy":"product_brand","embeddable":true,"href":"https:\/\/www.toyotomi.eu\/da\/wp-json\/wp\/v2\/product_brand?post=50301"},{"taxonomy":"product_cat","embeddable":true,"href":"https:\/\/www.toyotomi.eu\/da\/wp-json\/wp\/v2\/product_cat?post=50301"},{"taxonomy":"product_tag","embeddable":true,"href":"https:\/\/www.toyotomi.eu\/da\/wp-json\/wp\/v2\/product_tag?post=50301"}],"curies":[{"name":"wp","href":"https:\/\/api.w.org\/{rel}","templated":true}]}}