{"id":50257,"date":"2025-01-01T02:01:00","date_gmt":"2025-01-01T01:01:00","guid":{"rendered":"https:\/\/www.toyotomi.eu\/product\/zibro-lc-30\/"},"modified":"2026-04-17T16:00:57","modified_gmt":"2026-04-17T14:00:57","slug":"zibro-lc-30","status":"publish","type":"product","link":"https:\/\/www.toyotomi.eu\/da\/produkt\/zibro-lc-30\/","title":{"rendered":"Zibro LC-30"},"content":{"rendered":"\n<div class=\"wp-block-essential-blocks-wrapper alignfull  root-eb-wrapper-0pft6\"><div class=\"eb-parent-wrapper eb-parent-eb-wrapper-0pft6 \"><div class=\"eb-wrapper-outer eb-wrapper-0pft6\"><div class=\"eb-wrapper-inner\"><div class=\"eb-wrapper-inner-blocks eb-wrapper-align-center\">\n<div class=\"wp-block-essential-blocks-row alignfull  root-eb-row-htqol\"><div class=\"eb-parent-wrapper eb-parent-eb-row-htqol \"><div class=\"eb-row-root-container eb-row-htqol\" data-id=\"eb-row-htqol\"><div class=\"eb-row-wrapper\"><div class=\"eb-row-inner\">\n<div class=\"wp-block-essential-blocks-column  root-eb-column-eoyr7\"><div class=\"eb-parent-wrapper eb-parent-eb-column-eoyr7 \"><div class=\"eb-column-wrapper eb-column-eoyr7\"><div class=\"eb-column-inner\">\n<h2 class=\"wp-block-heading has-text-align-center has-xxx-large-font-size\">Inkluderer<\/h2>\n<\/div><\/div><\/div><\/div>\n<\/div><\/div><\/div><\/div><\/div>\n<\/div><\/div><\/div><\/div><\/div>\n\n<div class=\"wp-block-essential-blocks-wrapper alignfull  root-eb-wrapper-yauuv\"><div class=\"eb-parent-wrapper eb-parent-eb-wrapper-yauuv \"><div class=\"eb-wrapper-outer eb-wrapper-yauuv\"><div class=\"eb-wrapper-inner\"><div class=\"eb-wrapper-inner-blocks eb-wrapper-align-center\">\n<div class=\"wp-block-essential-blocks-row alignfull  root-eb-row-j9w3g\"><div class=\"eb-parent-wrapper eb-parent-eb-row-j9w3g \"><div class=\"eb-row-root-container eb-row-j9w3g\" data-id=\"eb-row-j9w3g\"><div class=\"eb-row-wrapper\"><div class=\"eb-row-inner\">\n<div class=\"wp-block-essential-blocks-column  root-eb-column-79he7\"><div class=\"eb-parent-wrapper eb-parent-eb-column-79he7 \"><div class=\"eb-column-wrapper eb-column-79he7\"><div class=\"eb-column-inner\">\n<figure class=\"wp-block-image size-full has-custom-border\"><img loading=\"lazy\" decoding=\"async\" width=\"800\" height=\"550\" src=\"https:\/\/www.toyotomi.eu\/wp-content\/uploads\/2024\/10\/manual-fuel-syphon-pump.jpg\" alt=\"Fleksibel medicinsk tilf&#xF8;rselsr&#xF8;r med r&#xF8;dt stik for pr&#xE6;cision og sikkerhed.\" class=\"wp-image-25016\" style=\"border-radius:4px\" srcset=\"https:\/\/www.toyotomi.eu\/wp-content\/uploads\/2024\/10\/manual-fuel-syphon-pump.jpg 800w, https:\/\/www.toyotomi.eu\/wp-content\/uploads\/2024\/10\/manual-fuel-syphon-pump-300x206.jpg 300w, https:\/\/www.toyotomi.eu\/wp-content\/uploads\/2024\/10\/manual-fuel-syphon-pump-768x528.jpg 768w, https:\/\/www.toyotomi.eu\/wp-content\/uploads\/2024\/10\/manual-fuel-syphon-pump-441x303.jpg 441w, https:\/\/www.toyotomi.eu\/wp-content\/uploads\/2024\/10\/manual-fuel-syphon-pump-150x103.jpg 150w\" sizes=\"auto, (max-width: 800px) 100vw, 800px\" \/><\/figure>\n<\/div><\/div><\/div><\/div>\n\n\n\n<div class=\"wp-block-essential-blocks-column  root-eb-column-fbtim\"><div class=\"eb-parent-wrapper eb-parent-eb-column-fbtim \"><div class=\"eb-column-wrapper eb-column-fbtim\"><div class=\"eb-column-inner\">\n<h2 class=\"wp-block-heading has-x-large-font-size\"><strong>Manuel H\u00e6vepumpe<\/strong><\/h2>\n\n\n\n<p>Zibro LC-30-varmere inkluderer en manuel h\u00e6vertpumpe i hver kasse som standardtilbeh\u00f8r, der bruges til at genopfylde din varmer med br\u00e6ndstof. Dette simple, praktiske v\u00e6rkt\u00f8j g\u00f8r br\u00e6ndstofoverf\u00f8rslen nem og hj\u00e6lper med at forhindre spild under p\u00e5fyldning. <\/p>\n<\/div><\/div><\/div><\/div>\n<\/div><\/div><\/div><\/div><\/div>\n<\/div><\/div><\/div><\/div><\/div>\n","protected":false},"excerpt":{"rendered":"<p>Zibro Laser Clean-varmeren LC-30 har den nyeste 3,00 kW elektroniske br\u00e6nder og leverer ren, effektiv og \u00f8konomisk varme. Varmeren kr\u00e6ver ingen installation \u2013 den skal blot tilsluttes en stikkontakt. Den er nem at betjene og kan opvarme rum op til 120 m\u00b3. Med et str\u00f8mforbrug p\u00e5 kun 13 W under drift er LC-30 en sikker, meget effektiv og \u00f8konomisk r\u00f8gr\u00f8rsl\u00f8s varmel\u00f8sning.   <\/p>\n<p><strong>SKU:<\/strong> LC-30<br \/>\n<strong>EAN:<\/strong> 4963505722838<\/p>\n","protected":false},"featured_media":50215,"template":"","meta":{"_acf_changed":false,"_eb_attr":""},"product_brand":[],"product_cat":[6521],"product_tag":[],"class_list":{"0":"post-50257","1":"product","2":"type-product","3":"status-publish","4":"has-post-thumbnail","6":"product_cat-laser-varmeapparater-dk","8":"first","9":"instock","10":"taxable","11":"shipping-taxable","12":"product-type-simple"},"acf":[],"yoast_head":"<!-- This site is optimized with the Yoast SEO plugin v27.5 - https:\/\/yoast.com\/product\/yoast-seo-wordpress\/ -->\n<title>Zibro LC-30 - Toyotomi<\/title>\n<meta name=\"robots\" content=\"index, follow, max-snippet:-1, max-image-preview:large, max-video-preview:-1\" \/>\n<link rel=\"canonical\" href=\"https:\/\/www.toyotomi.eu\/da\/produkt\/zibro-lc-30\/\" \/>\n<meta property=\"og:locale\" content=\"da_DK\" \/>\n<meta property=\"og:type\" content=\"article\" \/>\n<meta property=\"og:title\" content=\"Zibro LC-30 - Toyotomi\" \/>\n<meta property=\"og:description\" content=\"Zibro Laser Clean-varmeren LC-30 har den nyeste 3,00 kW elektroniske br\u00e6nder og leverer ren, effektiv og \u00f8konomisk varme. Varmeren kr\u00e6ver ingen installation \u2013 den skal blot tilsluttes en stikkontakt. Den er nem at betjene og kan opvarme rum op til 120 m\u00b3. Med et str\u00f8mforbrug p\u00e5 kun 13 W under drift er LC-30 en sikker, meget effektiv og \u00f8konomisk r\u00f8gr\u00f8rsl\u00f8s varmel\u00f8sning.   SKU: LC-30 EAN: 4963505722838\" \/>\n<meta property=\"og:url\" content=\"https:\/\/www.toyotomi.eu\/da\/produkt\/zibro-lc-30\/\" \/>\n<meta property=\"og:site_name\" content=\"Toyotomi\" \/>\n<meta property=\"article:modified_time\" content=\"2026-04-17T14:00:57+00:00\" \/>\n<meta property=\"og:image\" content=\"https:\/\/www.toyotomi.eu\/wp-content\/uploads\/2020\/07\/Zibro-heater-LC-30.jpg\" \/>\n\t<meta property=\"og:image:width\" content=\"1000\" \/>\n\t<meta property=\"og:image:height\" content=\"1000\" \/>\n\t<meta property=\"og:image:type\" content=\"image\/jpeg\" \/>\n<meta name=\"twitter:card\" content=\"summary_large_image\" \/>\n<script type=\"application\/ld+json\" class=\"yoast-schema-graph\">{\"@context\":\"https:\\\/\\\/schema.org\",\"@graph\":[{\"@type\":\"WebPage\",\"@id\":\"https:\\\/\\\/www.toyotomi.eu\\\/da\\\/produkt\\\/zibro-lc-30\\\/\",\"url\":\"https:\\\/\\\/www.toyotomi.eu\\\/da\\\/produkt\\\/zibro-lc-30\\\/\",\"name\":\"Zibro LC-30 - Toyotomi\",\"isPartOf\":{\"@id\":\"https:\\\/\\\/www.toyotomi.eu\\\/da\\\/#website\"},\"primaryImageOfPage\":{\"@id\":\"https:\\\/\\\/www.toyotomi.eu\\\/da\\\/produkt\\\/zibro-lc-30\\\/#primaryimage\"},\"image\":{\"@id\":\"https:\\\/\\\/www.toyotomi.eu\\\/da\\\/produkt\\\/zibro-lc-30\\\/#primaryimage\"},\"thumbnailUrl\":\"https:\\\/\\\/www.toyotomi.eu\\\/wp-content\\\/uploads\\\/2020\\\/07\\\/Zibro-heater-LC-30.jpg\",\"datePublished\":\"2025-01-01T01:01:00+00:00\",\"dateModified\":\"2026-04-17T14:00:57+00:00\",\"breadcrumb\":{\"@id\":\"https:\\\/\\\/www.toyotomi.eu\\\/da\\\/produkt\\\/zibro-lc-30\\\/#breadcrumb\"},\"inLanguage\":\"da-DK\",\"potentialAction\":[{\"@type\":\"ReadAction\",\"target\":[\"https:\\\/\\\/www.toyotomi.eu\\\/da\\\/produkt\\\/zibro-lc-30\\\/\"]}]},{\"@type\":\"ImageObject\",\"inLanguage\":\"da-DK\",\"@id\":\"https:\\\/\\\/www.toyotomi.eu\\\/da\\\/produkt\\\/zibro-lc-30\\\/#primaryimage\",\"url\":\"https:\\\/\\\/www.toyotomi.eu\\\/wp-content\\\/uploads\\\/2020\\\/07\\\/Zibro-heater-LC-30.jpg\",\"contentUrl\":\"https:\\\/\\\/www.toyotomi.eu\\\/wp-content\\\/uploads\\\/2020\\\/07\\\/Zibro-heater-LC-30.jpg\",\"width\":1000,\"height\":1000},{\"@type\":\"BreadcrumbList\",\"@id\":\"https:\\\/\\\/www.toyotomi.eu\\\/da\\\/produkt\\\/zibro-lc-30\\\/#breadcrumb\",\"itemListElement\":[{\"@type\":\"ListItem\",\"position\":1,\"name\":\"Forside\",\"item\":\"https:\\\/\\\/www.toyotomi.eu\\\/da\\\/\"},{\"@type\":\"ListItem\",\"position\":2,\"name\":\"Alle produkter\",\"item\":\"https:\\\/\\\/www.toyotomi.eu\\\/da\\\/alle-produkter\\\/\"},{\"@type\":\"ListItem\",\"position\":3,\"name\":\"Zibro LC-30\"}]},{\"@type\":\"WebSite\",\"@id\":\"https:\\\/\\\/www.toyotomi.eu\\\/da\\\/#website\",\"url\":\"https:\\\/\\\/www.toyotomi.eu\\\/da\\\/\",\"name\":\"Toyotomi\",\"description\":\"\",\"publisher\":{\"@id\":\"https:\\\/\\\/www.toyotomi.eu\\\/da\\\/#organization\"},\"potentialAction\":[{\"@type\":\"SearchAction\",\"target\":{\"@type\":\"EntryPoint\",\"urlTemplate\":\"https:\\\/\\\/www.toyotomi.eu\\\/da\\\/?s={search_term_string}\"},\"query-input\":{\"@type\":\"PropertyValueSpecification\",\"valueRequired\":true,\"valueName\":\"search_term_string\"}}],\"inLanguage\":\"da-DK\"},{\"@type\":\"Organization\",\"@id\":\"https:\\\/\\\/www.toyotomi.eu\\\/da\\\/#organization\",\"name\":\"Toyotomi Europe Sales B.V.\",\"alternateName\":\"Toyotomi\",\"url\":\"https:\\\/\\\/www.toyotomi.eu\\\/da\\\/\",\"logo\":{\"@type\":\"ImageObject\",\"inLanguage\":\"da-DK\",\"@id\":\"https:\\\/\\\/www.toyotomi.eu\\\/da\\\/#\\\/schema\\\/logo\\\/image\\\/\",\"url\":\"https:\\\/\\\/www.toyotomi.eu\\\/wp-content\\\/uploads\\\/2025\\\/10\\\/logo.png\",\"contentUrl\":\"https:\\\/\\\/www.toyotomi.eu\\\/wp-content\\\/uploads\\\/2025\\\/10\\\/logo.png\",\"width\":1360,\"height\":304,\"caption\":\"Toyotomi Europe Sales B.V.\"},\"image\":{\"@id\":\"https:\\\/\\\/www.toyotomi.eu\\\/da\\\/#\\\/schema\\\/logo\\\/image\\\/\"}}]}<\/script>\n<!-- \/ Yoast SEO plugin. -->","yoast_head_json":{"title":"Zibro LC-30 - Toyotomi","robots":{"index":"index","follow":"follow","max-snippet":"max-snippet:-1","max-image-preview":"max-image-preview:large","max-video-preview":"max-video-preview:-1"},"canonical":"https:\/\/www.toyotomi.eu\/da\/produkt\/zibro-lc-30\/","og_locale":"da_DK","og_type":"article","og_title":"Zibro LC-30 - Toyotomi","og_description":"Zibro Laser Clean-varmeren LC-30 har den nyeste 3,00 kW elektroniske br\u00e6nder og leverer ren, effektiv og \u00f8konomisk varme. Varmeren kr\u00e6ver ingen installation \u2013 den skal blot tilsluttes en stikkontakt. Den er nem at betjene og kan opvarme rum op til 120 m\u00b3. Med et str\u00f8mforbrug p\u00e5 kun 13 W under drift er LC-30 en sikker, meget effektiv og \u00f8konomisk r\u00f8gr\u00f8rsl\u00f8s varmel\u00f8sning.   SKU: LC-30 EAN: 4963505722838","og_url":"https:\/\/www.toyotomi.eu\/da\/produkt\/zibro-lc-30\/","og_site_name":"Toyotomi","article_modified_time":"2026-04-17T14:00:57+00:00","og_image":[{"width":1000,"height":1000,"url":"https:\/\/www.toyotomi.eu\/wp-content\/uploads\/2020\/07\/Zibro-heater-LC-30.jpg","type":"image\/jpeg"}],"twitter_card":"summary_large_image","schema":{"@context":"https:\/\/schema.org","@graph":[{"@type":"WebPage","@id":"https:\/\/www.toyotomi.eu\/da\/produkt\/zibro-lc-30\/","url":"https:\/\/www.toyotomi.eu\/da\/produkt\/zibro-lc-30\/","name":"Zibro LC-30 - Toyotomi","isPartOf":{"@id":"https:\/\/www.toyotomi.eu\/da\/#website"},"primaryImageOfPage":{"@id":"https:\/\/www.toyotomi.eu\/da\/produkt\/zibro-lc-30\/#primaryimage"},"image":{"@id":"https:\/\/www.toyotomi.eu\/da\/produkt\/zibro-lc-30\/#primaryimage"},"thumbnailUrl":"https:\/\/www.toyotomi.eu\/wp-content\/uploads\/2020\/07\/Zibro-heater-LC-30.jpg","datePublished":"2025-01-01T01:01:00+00:00","dateModified":"2026-04-17T14:00:57+00:00","breadcrumb":{"@id":"https:\/\/www.toyotomi.eu\/da\/produkt\/zibro-lc-30\/#breadcrumb"},"inLanguage":"da-DK","potentialAction":[{"@type":"ReadAction","target":["https:\/\/www.toyotomi.eu\/da\/produkt\/zibro-lc-30\/"]}]},{"@type":"ImageObject","inLanguage":"da-DK","@id":"https:\/\/www.toyotomi.eu\/da\/produkt\/zibro-lc-30\/#primaryimage","url":"https:\/\/www.toyotomi.eu\/wp-content\/uploads\/2020\/07\/Zibro-heater-LC-30.jpg","contentUrl":"https:\/\/www.toyotomi.eu\/wp-content\/uploads\/2020\/07\/Zibro-heater-LC-30.jpg","width":1000,"height":1000},{"@type":"BreadcrumbList","@id":"https:\/\/www.toyotomi.eu\/da\/produkt\/zibro-lc-30\/#breadcrumb","itemListElement":[{"@type":"ListItem","position":1,"name":"Forside","item":"https:\/\/www.toyotomi.eu\/da\/"},{"@type":"ListItem","position":2,"name":"Alle produkter","item":"https:\/\/www.toyotomi.eu\/da\/alle-produkter\/"},{"@type":"ListItem","position":3,"name":"Zibro LC-30"}]},{"@type":"WebSite","@id":"https:\/\/www.toyotomi.eu\/da\/#website","url":"https:\/\/www.toyotomi.eu\/da\/","name":"Toyotomi","description":"","publisher":{"@id":"https:\/\/www.toyotomi.eu\/da\/#organization"},"potentialAction":[{"@type":"SearchAction","target":{"@type":"EntryPoint","urlTemplate":"https:\/\/www.toyotomi.eu\/da\/?s={search_term_string}"},"query-input":{"@type":"PropertyValueSpecification","valueRequired":true,"valueName":"search_term_string"}}],"inLanguage":"da-DK"},{"@type":"Organization","@id":"https:\/\/www.toyotomi.eu\/da\/#organization","name":"Toyotomi Europe Sales B.V.","alternateName":"Toyotomi","url":"https:\/\/www.toyotomi.eu\/da\/","logo":{"@type":"ImageObject","inLanguage":"da-DK","@id":"https:\/\/www.toyotomi.eu\/da\/#\/schema\/logo\/image\/","url":"https:\/\/www.toyotomi.eu\/wp-content\/uploads\/2025\/10\/logo.png","contentUrl":"https:\/\/www.toyotomi.eu\/wp-content\/uploads\/2025\/10\/logo.png","width":1360,"height":304,"caption":"Toyotomi Europe Sales B.V."},"image":{"@id":"https:\/\/www.toyotomi.eu\/da\/#\/schema\/logo\/image\/"}}]}},"_links":{"self":[{"href":"https:\/\/www.toyotomi.eu\/da\/wp-json\/wp\/v2\/product\/50257","targetHints":{"allow":["GET"]}}],"collection":[{"href":"https:\/\/www.toyotomi.eu\/da\/wp-json\/wp\/v2\/product"}],"about":[{"href":"https:\/\/www.toyotomi.eu\/da\/wp-json\/wp\/v2\/types\/product"}],"wp:featuredmedia":[{"embeddable":true,"href":"https:\/\/www.toyotomi.eu\/da\/wp-json\/wp\/v2\/media\/50215"}],"wp:attachment":[{"href":"https:\/\/www.toyotomi.eu\/da\/wp-json\/wp\/v2\/media?parent=50257"}],"wp:term":[{"taxonomy":"product_brand","embeddable":true,"href":"https:\/\/www.toyotomi.eu\/da\/wp-json\/wp\/v2\/product_brand?post=50257"},{"taxonomy":"product_cat","embeddable":true,"href":"https:\/\/www.toyotomi.eu\/da\/wp-json\/wp\/v2\/product_cat?post=50257"},{"taxonomy":"product_tag","embeddable":true,"href":"https:\/\/www.toyotomi.eu\/da\/wp-json\/wp\/v2\/product_tag?post=50257"}],"curies":[{"name":"wp","href":"https:\/\/api.w.org\/{rel}","templated":true}]}}