{"id":49892,"date":"2025-01-01T02:01:00","date_gmt":"2025-01-01T01:01:00","guid":{"rendered":"https:\/\/www.toyotomi.eu\/product\/zibro-rs-2222\/"},"modified":"2025-01-01T01:01:00","modified_gmt":"2025-01-01T01:01:00","slug":"zibro-rs-2222","status":"publish","type":"product","link":"https:\/\/www.toyotomi.eu\/da\/produkt\/zibro-rs-2222\/","title":{"rendered":"Zibro RS-2222"},"content":{"rendered":"","protected":false},"excerpt":{"rendered":"<p>Toyotomi V\u00e6ge-varmeapparat RS-2222 har en enkelt br\u00e6nder med en varmekapacitet p\u00e5 2,20 kW. Det leverer ren, effektiv og \u00f8konomisk varme uden behov for installation. Dets r\u00f8gfrie forbr\u00e6ndingssystem kr\u00e6ver kun fire batterier til t\u00e6nding, hvilket g\u00f8r det ekstremt let at betjene. RS-2222 er designet til at opvarme rum op til 80 m\u00b3 og er udstyret med flere sikkerhedsfunktioner, der tilbyder en sikker, bekvem og meget effektiv varmel\u00f8sning.   <\/p>\n<p><strong>Varenummer:<\/strong> RS-2222<br \/>\n<strong>EAN:<\/strong> 4963505711085<\/p>\n","protected":false},"featured_media":49811,"template":"","meta":{"_acf_changed":false,"_eb_attr":""},"product_brand":[],"product_cat":[6499],"product_tag":[],"class_list":{"0":"post-49892","1":"product","2":"type-product","3":"status-publish","4":"has-post-thumbnail","6":"product_cat-vaegevarmere","8":"first","9":"instock","10":"taxable","11":"shipping-taxable","12":"product-type-simple"},"acf":[],"yoast_head":"<!-- This site is optimized with the Yoast SEO plugin v27.5 - https:\/\/yoast.com\/product\/yoast-seo-wordpress\/ -->\n<title>Zibro RS-2222 - Toyotomi<\/title>\n<meta name=\"robots\" content=\"index, follow, max-snippet:-1, max-image-preview:large, max-video-preview:-1\" \/>\n<link rel=\"canonical\" href=\"https:\/\/www.toyotomi.eu\/da\/produkt\/zibro-rs-2222\/\" \/>\n<meta property=\"og:locale\" content=\"da_DK\" \/>\n<meta property=\"og:type\" content=\"article\" \/>\n<meta property=\"og:title\" content=\"Zibro RS-2222 - Toyotomi\" \/>\n<meta property=\"og:description\" content=\"Toyotomi V\u00e6ge-varmeapparat RS-2222 har en enkelt br\u00e6nder med en varmekapacitet p\u00e5 2,20 kW. Det leverer ren, effektiv og \u00f8konomisk varme uden behov for installation. Dets r\u00f8gfrie forbr\u00e6ndingssystem kr\u00e6ver kun fire batterier til t\u00e6nding, hvilket g\u00f8r det ekstremt let at betjene. RS-2222 er designet til at opvarme rum op til 80 m\u00b3 og er udstyret med flere sikkerhedsfunktioner, der tilbyder en sikker, bekvem og meget effektiv varmel\u00f8sning.   Varenummer: RS-2222 EAN: 4963505711085\" \/>\n<meta property=\"og:url\" content=\"https:\/\/www.toyotomi.eu\/da\/produkt\/zibro-rs-2222\/\" \/>\n<meta property=\"og:site_name\" content=\"Toyotomi\" \/>\n<meta property=\"og:image\" content=\"https:\/\/www.toyotomi.eu\/wp-content\/uploads\/2020\/07\/Zibro-Heater-RS-2222.jpg\" \/>\n\t<meta property=\"og:image:width\" content=\"1000\" \/>\n\t<meta property=\"og:image:height\" content=\"1000\" \/>\n\t<meta property=\"og:image:type\" content=\"image\/jpeg\" \/>\n<meta name=\"twitter:card\" content=\"summary_large_image\" \/>\n<script type=\"application\/ld+json\" class=\"yoast-schema-graph\">{\"@context\":\"https:\\\/\\\/schema.org\",\"@graph\":[{\"@type\":\"WebPage\",\"@id\":\"https:\\\/\\\/www.toyotomi.eu\\\/da\\\/produkt\\\/zibro-rs-2222\\\/\",\"url\":\"https:\\\/\\\/www.toyotomi.eu\\\/da\\\/produkt\\\/zibro-rs-2222\\\/\",\"name\":\"Zibro RS-2222 - Toyotomi\",\"isPartOf\":{\"@id\":\"https:\\\/\\\/www.toyotomi.eu\\\/da\\\/#website\"},\"primaryImageOfPage\":{\"@id\":\"https:\\\/\\\/www.toyotomi.eu\\\/da\\\/produkt\\\/zibro-rs-2222\\\/#primaryimage\"},\"image\":{\"@id\":\"https:\\\/\\\/www.toyotomi.eu\\\/da\\\/produkt\\\/zibro-rs-2222\\\/#primaryimage\"},\"thumbnailUrl\":\"https:\\\/\\\/www.toyotomi.eu\\\/wp-content\\\/uploads\\\/2020\\\/07\\\/Zibro-Heater-RS-2222.jpg\",\"datePublished\":\"2025-01-01T01:01:00+00:00\",\"breadcrumb\":{\"@id\":\"https:\\\/\\\/www.toyotomi.eu\\\/da\\\/produkt\\\/zibro-rs-2222\\\/#breadcrumb\"},\"inLanguage\":\"da-DK\",\"potentialAction\":[{\"@type\":\"ReadAction\",\"target\":[\"https:\\\/\\\/www.toyotomi.eu\\\/da\\\/produkt\\\/zibro-rs-2222\\\/\"]}]},{\"@type\":\"ImageObject\",\"inLanguage\":\"da-DK\",\"@id\":\"https:\\\/\\\/www.toyotomi.eu\\\/da\\\/produkt\\\/zibro-rs-2222\\\/#primaryimage\",\"url\":\"https:\\\/\\\/www.toyotomi.eu\\\/wp-content\\\/uploads\\\/2020\\\/07\\\/Zibro-Heater-RS-2222.jpg\",\"contentUrl\":\"https:\\\/\\\/www.toyotomi.eu\\\/wp-content\\\/uploads\\\/2020\\\/07\\\/Zibro-Heater-RS-2222.jpg\",\"width\":1000,\"height\":1000},{\"@type\":\"BreadcrumbList\",\"@id\":\"https:\\\/\\\/www.toyotomi.eu\\\/da\\\/produkt\\\/zibro-rs-2222\\\/#breadcrumb\",\"itemListElement\":[{\"@type\":\"ListItem\",\"position\":1,\"name\":\"Forside\",\"item\":\"https:\\\/\\\/www.toyotomi.eu\\\/da\\\/\"},{\"@type\":\"ListItem\",\"position\":2,\"name\":\"Alle produkter\",\"item\":\"https:\\\/\\\/www.toyotomi.eu\\\/da\\\/alle-produkter\\\/\"},{\"@type\":\"ListItem\",\"position\":3,\"name\":\"Zibro RS-2222\"}]},{\"@type\":\"WebSite\",\"@id\":\"https:\\\/\\\/www.toyotomi.eu\\\/da\\\/#website\",\"url\":\"https:\\\/\\\/www.toyotomi.eu\\\/da\\\/\",\"name\":\"Toyotomi\",\"description\":\"\",\"publisher\":{\"@id\":\"https:\\\/\\\/www.toyotomi.eu\\\/da\\\/#organization\"},\"potentialAction\":[{\"@type\":\"SearchAction\",\"target\":{\"@type\":\"EntryPoint\",\"urlTemplate\":\"https:\\\/\\\/www.toyotomi.eu\\\/da\\\/?s={search_term_string}\"},\"query-input\":{\"@type\":\"PropertyValueSpecification\",\"valueRequired\":true,\"valueName\":\"search_term_string\"}}],\"inLanguage\":\"da-DK\"},{\"@type\":\"Organization\",\"@id\":\"https:\\\/\\\/www.toyotomi.eu\\\/da\\\/#organization\",\"name\":\"Toyotomi Europe Sales B.V.\",\"alternateName\":\"Toyotomi\",\"url\":\"https:\\\/\\\/www.toyotomi.eu\\\/da\\\/\",\"logo\":{\"@type\":\"ImageObject\",\"inLanguage\":\"da-DK\",\"@id\":\"https:\\\/\\\/www.toyotomi.eu\\\/da\\\/#\\\/schema\\\/logo\\\/image\\\/\",\"url\":\"https:\\\/\\\/www.toyotomi.eu\\\/wp-content\\\/uploads\\\/2025\\\/10\\\/logo.png\",\"contentUrl\":\"https:\\\/\\\/www.toyotomi.eu\\\/wp-content\\\/uploads\\\/2025\\\/10\\\/logo.png\",\"width\":1360,\"height\":304,\"caption\":\"Toyotomi Europe Sales B.V.\"},\"image\":{\"@id\":\"https:\\\/\\\/www.toyotomi.eu\\\/da\\\/#\\\/schema\\\/logo\\\/image\\\/\"}}]}<\/script>\n<!-- \/ Yoast SEO plugin. -->","yoast_head_json":{"title":"Zibro RS-2222 - Toyotomi","robots":{"index":"index","follow":"follow","max-snippet":"max-snippet:-1","max-image-preview":"max-image-preview:large","max-video-preview":"max-video-preview:-1"},"canonical":"https:\/\/www.toyotomi.eu\/da\/produkt\/zibro-rs-2222\/","og_locale":"da_DK","og_type":"article","og_title":"Zibro RS-2222 - Toyotomi","og_description":"Toyotomi V\u00e6ge-varmeapparat RS-2222 har en enkelt br\u00e6nder med en varmekapacitet p\u00e5 2,20 kW. Det leverer ren, effektiv og \u00f8konomisk varme uden behov for installation. Dets r\u00f8gfrie forbr\u00e6ndingssystem kr\u00e6ver kun fire batterier til t\u00e6nding, hvilket g\u00f8r det ekstremt let at betjene. RS-2222 er designet til at opvarme rum op til 80 m\u00b3 og er udstyret med flere sikkerhedsfunktioner, der tilbyder en sikker, bekvem og meget effektiv varmel\u00f8sning.   Varenummer: RS-2222 EAN: 4963505711085","og_url":"https:\/\/www.toyotomi.eu\/da\/produkt\/zibro-rs-2222\/","og_site_name":"Toyotomi","og_image":[{"width":1000,"height":1000,"url":"https:\/\/www.toyotomi.eu\/wp-content\/uploads\/2020\/07\/Zibro-Heater-RS-2222.jpg","type":"image\/jpeg"}],"twitter_card":"summary_large_image","schema":{"@context":"https:\/\/schema.org","@graph":[{"@type":"WebPage","@id":"https:\/\/www.toyotomi.eu\/da\/produkt\/zibro-rs-2222\/","url":"https:\/\/www.toyotomi.eu\/da\/produkt\/zibro-rs-2222\/","name":"Zibro RS-2222 - Toyotomi","isPartOf":{"@id":"https:\/\/www.toyotomi.eu\/da\/#website"},"primaryImageOfPage":{"@id":"https:\/\/www.toyotomi.eu\/da\/produkt\/zibro-rs-2222\/#primaryimage"},"image":{"@id":"https:\/\/www.toyotomi.eu\/da\/produkt\/zibro-rs-2222\/#primaryimage"},"thumbnailUrl":"https:\/\/www.toyotomi.eu\/wp-content\/uploads\/2020\/07\/Zibro-Heater-RS-2222.jpg","datePublished":"2025-01-01T01:01:00+00:00","breadcrumb":{"@id":"https:\/\/www.toyotomi.eu\/da\/produkt\/zibro-rs-2222\/#breadcrumb"},"inLanguage":"da-DK","potentialAction":[{"@type":"ReadAction","target":["https:\/\/www.toyotomi.eu\/da\/produkt\/zibro-rs-2222\/"]}]},{"@type":"ImageObject","inLanguage":"da-DK","@id":"https:\/\/www.toyotomi.eu\/da\/produkt\/zibro-rs-2222\/#primaryimage","url":"https:\/\/www.toyotomi.eu\/wp-content\/uploads\/2020\/07\/Zibro-Heater-RS-2222.jpg","contentUrl":"https:\/\/www.toyotomi.eu\/wp-content\/uploads\/2020\/07\/Zibro-Heater-RS-2222.jpg","width":1000,"height":1000},{"@type":"BreadcrumbList","@id":"https:\/\/www.toyotomi.eu\/da\/produkt\/zibro-rs-2222\/#breadcrumb","itemListElement":[{"@type":"ListItem","position":1,"name":"Forside","item":"https:\/\/www.toyotomi.eu\/da\/"},{"@type":"ListItem","position":2,"name":"Alle produkter","item":"https:\/\/www.toyotomi.eu\/da\/alle-produkter\/"},{"@type":"ListItem","position":3,"name":"Zibro RS-2222"}]},{"@type":"WebSite","@id":"https:\/\/www.toyotomi.eu\/da\/#website","url":"https:\/\/www.toyotomi.eu\/da\/","name":"Toyotomi","description":"","publisher":{"@id":"https:\/\/www.toyotomi.eu\/da\/#organization"},"potentialAction":[{"@type":"SearchAction","target":{"@type":"EntryPoint","urlTemplate":"https:\/\/www.toyotomi.eu\/da\/?s={search_term_string}"},"query-input":{"@type":"PropertyValueSpecification","valueRequired":true,"valueName":"search_term_string"}}],"inLanguage":"da-DK"},{"@type":"Organization","@id":"https:\/\/www.toyotomi.eu\/da\/#organization","name":"Toyotomi Europe Sales B.V.","alternateName":"Toyotomi","url":"https:\/\/www.toyotomi.eu\/da\/","logo":{"@type":"ImageObject","inLanguage":"da-DK","@id":"https:\/\/www.toyotomi.eu\/da\/#\/schema\/logo\/image\/","url":"https:\/\/www.toyotomi.eu\/wp-content\/uploads\/2025\/10\/logo.png","contentUrl":"https:\/\/www.toyotomi.eu\/wp-content\/uploads\/2025\/10\/logo.png","width":1360,"height":304,"caption":"Toyotomi Europe Sales B.V."},"image":{"@id":"https:\/\/www.toyotomi.eu\/da\/#\/schema\/logo\/image\/"}}]}},"_links":{"self":[{"href":"https:\/\/www.toyotomi.eu\/da\/wp-json\/wp\/v2\/product\/49892","targetHints":{"allow":["GET"]}}],"collection":[{"href":"https:\/\/www.toyotomi.eu\/da\/wp-json\/wp\/v2\/product"}],"about":[{"href":"https:\/\/www.toyotomi.eu\/da\/wp-json\/wp\/v2\/types\/product"}],"wp:featuredmedia":[{"embeddable":true,"href":"https:\/\/www.toyotomi.eu\/da\/wp-json\/wp\/v2\/media\/49811"}],"wp:attachment":[{"href":"https:\/\/www.toyotomi.eu\/da\/wp-json\/wp\/v2\/media?parent=49892"}],"wp:term":[{"taxonomy":"product_brand","embeddable":true,"href":"https:\/\/www.toyotomi.eu\/da\/wp-json\/wp\/v2\/product_brand?post=49892"},{"taxonomy":"product_cat","embeddable":true,"href":"https:\/\/www.toyotomi.eu\/da\/wp-json\/wp\/v2\/product_cat?post=49892"},{"taxonomy":"product_tag","embeddable":true,"href":"https:\/\/www.toyotomi.eu\/da\/wp-json\/wp\/v2\/product_tag?post=49892"}],"curies":[{"name":"wp","href":"https:\/\/api.w.org\/{rel}","templated":true}]}}