{"id":49813,"date":"2025-01-01T02:01:00","date_gmt":"2025-01-01T01:01:00","guid":{"rendered":"https:\/\/www.toyotomi.eu\/product\/gear-mission-gm-rrgt1\/"},"modified":"2025-12-08T10:48:57","modified_gmt":"2025-12-08T10:48:57","slug":"gear-mission-gm-rrgt1","status":"publish","type":"product","link":"https:\/\/www.toyotomi.eu\/da\/produkt\/gear-mission-gm-rrgt1\/","title":{"rendered":"GEAR MISSION GM-RRGT1"},"content":{"rendered":"\n<div class=\"wp-block-essential-blocks-wrapper alignfull  root-eb-wrapper-8eqic\"><div class=\"eb-parent-wrapper eb-parent-eb-wrapper-8eqic \"><div class=\"eb-wrapper-outer eb-wrapper-8eqic\"><div class=\"eb-wrapper-inner\"><div class=\"eb-wrapper-inner-blocks eb-wrapper-align-center\">\n<div class=\"wp-block-essential-blocks-row alignfull  root-eb-row-69nlq\"><div class=\"eb-parent-wrapper eb-parent-eb-row-69nlq \"><div class=\"eb-row-root-container eb-row-69nlq\" data-id=\"eb-row-69nlq\"><div class=\"eb-row-wrapper\"><div class=\"eb-row-inner\">\n<div class=\"wp-block-essential-blocks-column  root-eb-column-4o7fv\"><div class=\"eb-parent-wrapper eb-parent-eb-column-4o7fv \"><div class=\"eb-column-wrapper eb-column-4o7fv\"><div class=\"eb-column-inner\">\n<h2 class=\"wp-block-heading has-text-align-center has-x-large-font-size\">Robust design, matsort<\/h2>\n\n\n\n<p class=\"has-text-align-center\">GM-RRGT1 er fremstillet med en matsort finish og passer perfekt sammen med GEAR MISSIONs signaturfarver, olivengr\u00f8n og coyotebrun. Dens varmebestandige bel\u00e6gning beskytter mod korrosion, misfarvning og slid, hvilket sikrer et langvarigt, robust udseende selv under barske udend\u00f8rsforhold. <\/p>\n<\/div><\/div><\/div><\/div>\n<\/div><\/div><\/div><\/div><\/div>\n<\/div><\/div><\/div><\/div><\/div>\n\n<div class=\"wp-block-cover\" style=\"border-radius:10px;min-height:600px;aspect-ratio:unset;\"><img loading=\"lazy\" decoding=\"async\" width=\"1920\" height=\"1200\" src=\"https:\/\/www.toyotomi.eu\/wp-content\/uploads\/2025\/05\/GEAR-MISSION-cooking-plate-banner-4.jpg\" class=\"wp-block-cover__image-background wp-image-28617 size-full\" alt=\"\" data-object-fit=\"cover\" srcset=\"https:\/\/www.toyotomi.eu\/wp-content\/uploads\/2025\/05\/GEAR-MISSION-cooking-plate-banner-4.jpg 1920w, https:\/\/www.toyotomi.eu\/wp-content\/uploads\/2025\/05\/GEAR-MISSION-cooking-plate-banner-4-300x188.jpg 300w, https:\/\/www.toyotomi.eu\/wp-content\/uploads\/2025\/05\/GEAR-MISSION-cooking-plate-banner-4-1024x640.jpg 1024w, https:\/\/www.toyotomi.eu\/wp-content\/uploads\/2025\/05\/GEAR-MISSION-cooking-plate-banner-4-768x480.jpg 768w, https:\/\/www.toyotomi.eu\/wp-content\/uploads\/2025\/05\/GEAR-MISSION-cooking-plate-banner-4-1536x960.jpg 1536w, https:\/\/www.toyotomi.eu\/wp-content\/uploads\/2025\/05\/GEAR-MISSION-cooking-plate-banner-4-990x619.jpg 990w, https:\/\/www.toyotomi.eu\/wp-content\/uploads\/2025\/05\/GEAR-MISSION-cooking-plate-banner-4-441x276.jpg 441w, https:\/\/www.toyotomi.eu\/wp-content\/uploads\/2025\/05\/GEAR-MISSION-cooking-plate-banner-4-150x94.jpg 150w\" sizes=\"auto, (max-width: 1920px) 100vw, 1920px\" \/> <span aria-hidden=\"true\" class=\"wp-block-cover__background has-background-dim-0 has-background-dim\" style=\"background-color:#474f4b\"><\/span><div class=\"wp-block-cover__inner-container has-global-padding is-layout-constrained wp-block-cover-is-layout-constrained\">\n<p class=\"has-text-align-center has-large-font-size\"><\/p>\n<\/div><\/div>\n\n<div style=\"height:80px\" aria-hidden=\"true\" class=\"wp-block-spacer\"><\/div>\n\n<div class=\"wp-block-essential-blocks-wrapper alignfull  root-eb-wrapper-7pfz9\"><div class=\"eb-parent-wrapper eb-parent-eb-wrapper-7pfz9 \"><div class=\"eb-wrapper-outer eb-wrapper-7pfz9\"><div class=\"eb-wrapper-inner\"><div class=\"eb-wrapper-inner-blocks eb-wrapper-align-center\">\n<div class=\"wp-block-essential-blocks-row alignfull  root-eb-row-yr2ak\"><div class=\"eb-parent-wrapper eb-parent-eb-row-yr2ak \"><div class=\"eb-row-root-container eb-row-yr2ak\" data-id=\"eb-row-yr2ak\"><div class=\"eb-row-wrapper\"><div class=\"eb-row-inner\">\n<div class=\"wp-block-essential-blocks-column  root-eb-column-a6cmm\"><div class=\"eb-parent-wrapper eb-parent-eb-column-a6cmm \"><div class=\"eb-column-wrapper eb-column-a6cmm\"><div class=\"eb-column-inner\">\n<h2 class=\"wp-block-heading has-text-align-center has-x-large-font-size\">Forbedr din oplevelse<\/h2>\n\n\n\n<p class=\"has-text-align-center\">I stedet for at placere k\u00f8kkengrej direkte p\u00e5 din varmeovn giver GM-RRGT1 en stabil, optimeret overflade. Dette forhindrer overophedning, beskytter din varmeovn mod ridser eller snavs og sikrer, at mad eller drikkevarer opvarmes j\u00e6vnt ved den rette temperatur. Fra kogning af kaffe ved daggry til grilning af kylling i lejren er den designet til at hj\u00e6lpe dig med at f\u00e5 mest muligt ud af din varmeovn.  <\/p>\n<\/div><\/div><\/div><\/div>\n<\/div><\/div><\/div><\/div><\/div>\n<\/div><\/div><\/div><\/div><\/div>\n\n<div class=\"wp-block-essential-blocks-wrapper alignfull  root-eb-wrapper-0hlqi\"><div class=\"eb-parent-wrapper eb-parent-eb-wrapper-0hlqi \"><div class=\"eb-wrapper-outer eb-wrapper-0hlqi\"><div class=\"eb-wrapper-inner\"><div class=\"eb-wrapper-inner-blocks eb-wrapper-align-center\">\n<div class=\"wp-block-essential-blocks-row alignfull  root-eb-row-7a9p1\"><div class=\"eb-parent-wrapper eb-parent-eb-row-7a9p1 \"><div class=\"eb-row-root-container eb-row-7a9p1\" data-id=\"eb-row-7a9p1\"><div class=\"eb-row-wrapper\"><div class=\"eb-row-inner\">\n<div class=\"wp-block-essential-blocks-column  root-eb-column-zoe66\"><div class=\"eb-parent-wrapper eb-parent-eb-column-zoe66 \"><div class=\"eb-column-wrapper eb-column-zoe66\"><div class=\"eb-column-inner\">\n<div class=\"wp-block-cover\" style=\"border-radius:10px;min-height:600px;aspect-ratio:unset;\"><img loading=\"lazy\" decoding=\"async\" width=\"1920\" height=\"1200\" src=\"https:\/\/www.toyotomi.eu\/wp-content\/uploads\/2025\/05\/GEAR-MISSION-cooking-plate-banner-3.jpg\" class=\"wp-block-cover__image-background wp-image-28620 size-full\" alt=\"Bright, detailed image of a moka pot on a camping stove, ideal for outdoor coffee lovers.\" style=\"object-position:60% 50%\" data-object-fit=\"cover\" data-object-position=\"60% 50%\" srcset=\"https:\/\/www.toyotomi.eu\/wp-content\/uploads\/2025\/05\/GEAR-MISSION-cooking-plate-banner-3.jpg 1920w, https:\/\/www.toyotomi.eu\/wp-content\/uploads\/2025\/05\/GEAR-MISSION-cooking-plate-banner-3-300x188.jpg 300w, https:\/\/www.toyotomi.eu\/wp-content\/uploads\/2025\/05\/GEAR-MISSION-cooking-plate-banner-3-1024x640.jpg 1024w, https:\/\/www.toyotomi.eu\/wp-content\/uploads\/2025\/05\/GEAR-MISSION-cooking-plate-banner-3-768x480.jpg 768w, https:\/\/www.toyotomi.eu\/wp-content\/uploads\/2025\/05\/GEAR-MISSION-cooking-plate-banner-3-1536x960.jpg 1536w, https:\/\/www.toyotomi.eu\/wp-content\/uploads\/2025\/05\/GEAR-MISSION-cooking-plate-banner-3-990x619.jpg 990w, https:\/\/www.toyotomi.eu\/wp-content\/uploads\/2025\/05\/GEAR-MISSION-cooking-plate-banner-3-441x276.jpg 441w, https:\/\/www.toyotomi.eu\/wp-content\/uploads\/2025\/05\/GEAR-MISSION-cooking-plate-banner-3-150x94.jpg 150w\" sizes=\"auto, (max-width: 1920px) 100vw, 1920px\" \/> <span aria-hidden=\"true\" class=\"wp-block-cover__background has-background-dim-0 has-background-dim\" style=\"background-color:#6b6758\"><\/span><div class=\"wp-block-cover__inner-container has-global-padding is-layout-constrained wp-block-cover-is-layout-constrained\">\n<p class=\"has-text-align-center has-large-font-size\"><\/p>\n<\/div><\/div>\n<\/div><\/div><\/div><\/div>\n\n\n\n<div class=\"wp-block-essential-blocks-column  root-eb-column-p0pvi\"><div class=\"eb-parent-wrapper eb-parent-eb-column-p0pvi \"><div class=\"eb-column-wrapper eb-column-p0pvi\"><div class=\"eb-column-inner\">\n<div class=\"wp-block-cover\" style=\"border-radius:10px;min-height:600px;aspect-ratio:unset;\"><img loading=\"lazy\" decoding=\"async\" width=\"1920\" height=\"1200\" class=\"wp-block-cover__image-background wp-image-28621 size-full\" alt=\"Toyotomi GEAR MISSION cooking plate on outdoor GEAR MISSION paraffin heater used to grill chicken at a campsite\" src=\"https:\/\/www.toyotomi.eu\/wp-content\/uploads\/2025\/05\/GEAR-MISSION-cooking-plate-banner-2.jpg\" data-object-fit=\"cover\" srcset=\"https:\/\/www.toyotomi.eu\/wp-content\/uploads\/2025\/05\/GEAR-MISSION-cooking-plate-banner-2.jpg 1920w, https:\/\/www.toyotomi.eu\/wp-content\/uploads\/2025\/05\/GEAR-MISSION-cooking-plate-banner-2-300x188.jpg 300w, https:\/\/www.toyotomi.eu\/wp-content\/uploads\/2025\/05\/GEAR-MISSION-cooking-plate-banner-2-1024x640.jpg 1024w, https:\/\/www.toyotomi.eu\/wp-content\/uploads\/2025\/05\/GEAR-MISSION-cooking-plate-banner-2-768x480.jpg 768w, https:\/\/www.toyotomi.eu\/wp-content\/uploads\/2025\/05\/GEAR-MISSION-cooking-plate-banner-2-1536x960.jpg 1536w, https:\/\/www.toyotomi.eu\/wp-content\/uploads\/2025\/05\/GEAR-MISSION-cooking-plate-banner-2-990x619.jpg 990w, https:\/\/www.toyotomi.eu\/wp-content\/uploads\/2025\/05\/GEAR-MISSION-cooking-plate-banner-2-441x276.jpg 441w, https:\/\/www.toyotomi.eu\/wp-content\/uploads\/2025\/05\/GEAR-MISSION-cooking-plate-banner-2-150x94.jpg 150w\" sizes=\"auto, (max-width: 1920px) 100vw, 1920px\" \/><span aria-hidden=\"true\" class=\"wp-block-cover__background has-background-dim-0 has-background-dim\" style=\"background-color:#575a54\"><\/span><div class=\"wp-block-cover__inner-container has-global-padding is-layout-constrained wp-block-cover-is-layout-constrained\">\n<p class=\"has-text-align-center has-large-font-size\"><\/p>\n<\/div><\/div>\n<\/div><\/div><\/div><\/div>\n<\/div><\/div><\/div><\/div><\/div>\n<\/div><\/div><\/div><\/div><\/div>\n\n<div style=\"height:80px\" aria-hidden=\"true\" class=\"wp-block-spacer\"><\/div>\n\n<div class=\"wp-block-essential-blocks-wrapper alignfull  root-eb-wrapper-mpjvz\"><div class=\"eb-parent-wrapper eb-parent-eb-wrapper-mpjvz \"><div class=\"eb-wrapper-outer eb-wrapper-mpjvz\"><div class=\"eb-wrapper-inner\"><div class=\"eb-wrapper-inner-blocks eb-wrapper-align-center\">\n<div class=\"wp-block-essential-blocks-row alignfull  root-eb-row-cag4i\"><div class=\"eb-parent-wrapper eb-parent-eb-row-cag4i \"><div class=\"eb-row-root-container eb-row-cag4i\" data-id=\"eb-row-cag4i\"><div class=\"eb-row-wrapper\"><div class=\"eb-row-inner\">\n<div class=\"wp-block-essential-blocks-column  root-eb-column-ap9ld\"><div class=\"eb-parent-wrapper eb-parent-eb-column-ap9ld \"><div class=\"eb-column-wrapper eb-column-ap9ld\"><div class=\"eb-column-inner\">\n<h2 class=\"wp-block-heading has-text-align-center has-x-large-font-size\">Pas p\u00e5<\/h2>\n\n\n\n<p class=\"has-text-align-center\">Placering af k\u00f8kkengrej direkte p\u00e5 varmeovnen risikerer ridser, pletter og reduceret ydeevne. GM-RRGT1 fungerer som en beskyttende barriere, der holder din varmeovn renere og forl\u00e6nger dens robuste designlevetid, s\u00e5 den ser lige s\u00e5 robust ud som den dag, du k\u00f8bte den. <\/p>\n<\/div><\/div><\/div><\/div>\n<\/div><\/div><\/div><\/div><\/div>\n<\/div><\/div><\/div><\/div><\/div>\n\n<div class=\"wp-block-cover\" style=\"border-radius:10px;min-height:600px;aspect-ratio:unset;\"><img loading=\"lazy\" decoding=\"async\" width=\"1920\" height=\"1200\" class=\"wp-block-cover__image-background wp-image-28624 size-full\" alt=\"Toyotomi GEAR MISSION cooking plate being assembled at a campsite next to a GEAR MISSION round type paraffin heater\" src=\"https:\/\/www.toyotomi.eu\/wp-content\/uploads\/2025\/05\/GEAR-MISSION-cooking-plate-banner-1.jpg\" data-object-fit=\"cover\" srcset=\"https:\/\/www.toyotomi.eu\/wp-content\/uploads\/2025\/05\/GEAR-MISSION-cooking-plate-banner-1.jpg 1920w, https:\/\/www.toyotomi.eu\/wp-content\/uploads\/2025\/05\/GEAR-MISSION-cooking-plate-banner-1-300x188.jpg 300w, https:\/\/www.toyotomi.eu\/wp-content\/uploads\/2025\/05\/GEAR-MISSION-cooking-plate-banner-1-1024x640.jpg 1024w, https:\/\/www.toyotomi.eu\/wp-content\/uploads\/2025\/05\/GEAR-MISSION-cooking-plate-banner-1-768x480.jpg 768w, https:\/\/www.toyotomi.eu\/wp-content\/uploads\/2025\/05\/GEAR-MISSION-cooking-plate-banner-1-1536x960.jpg 1536w, https:\/\/www.toyotomi.eu\/wp-content\/uploads\/2025\/05\/GEAR-MISSION-cooking-plate-banner-1-990x619.jpg 990w, https:\/\/www.toyotomi.eu\/wp-content\/uploads\/2025\/05\/GEAR-MISSION-cooking-plate-banner-1-441x276.jpg 441w, https:\/\/www.toyotomi.eu\/wp-content\/uploads\/2025\/05\/GEAR-MISSION-cooking-plate-banner-1-150x94.jpg 150w\" sizes=\"auto, (max-width: 1920px) 100vw, 1920px\" \/><span aria-hidden=\"true\" class=\"wp-block-cover__background has-background-dim-0 has-background-dim\" style=\"background-color:#665f55\"><\/span><div class=\"wp-block-cover__inner-container has-global-padding is-layout-constrained wp-block-cover-is-layout-constrained\">\n<p class=\"has-text-align-center has-large-font-size\"><\/p>\n<\/div><\/div>\n","protected":false},"excerpt":{"rendered":"<p>GEAR MISSION Cooking Station GM-RRGT1 er lavet til at forbedre din udend\u00f8rsoplevelse, den lader dig forvandle din varmeovn til en alsidig madlavningsstation, perfekt til kaffe, m\u00e5ltider eller b\u00e5l-lignende sammenkomster. Designet kun til <b><a href=\"https:\/\/www.toyotomi.eu\/nl\/product\/gear-mission-rr-ger25t\/\">RR-GER25(T)<\/a><\/b> &amp; <b><a href=\"https:\/\/www.toyotomi.eu\/nl\/product\/gear-mission-rr-ger25g\/\">RR-GER25(G)<\/a><\/b>. <\/p>\n<p><strong>SKU:<\/strong> GM-RRGT1<br \/>\n<strong>EAN:<\/strong> <\/p>\n","protected":false},"featured_media":49822,"template":"","meta":{"_acf_changed":false,"_eb_attr":""},"product_brand":[],"product_cat":[6570,6811],"product_tag":[],"class_list":{"0":"post-49813","1":"product","2":"type-product","3":"status-publish","4":"has-post-thumbnail","6":"product_cat-gear-mission-dk","7":"product_cat-tilbehor-dk","9":"first","10":"instock","11":"taxable","12":"shipping-taxable","13":"product-type-simple"},"acf":[],"yoast_head":"<!-- This site is optimized with the Yoast SEO plugin v27.4 - https:\/\/yoast.com\/product\/yoast-seo-wordpress\/ -->\n<title>GEAR MISSION GM-RRGT1 - Toyotomi<\/title>\n<meta name=\"robots\" content=\"index, follow, max-snippet:-1, max-image-preview:large, max-video-preview:-1\" \/>\n<link rel=\"canonical\" href=\"https:\/\/www.toyotomi.eu\/da\/produkt\/gear-mission-gm-rrgt1\/\" \/>\n<meta property=\"og:locale\" content=\"da_DK\" \/>\n<meta property=\"og:type\" content=\"article\" \/>\n<meta property=\"og:title\" content=\"GEAR MISSION GM-RRGT1 - Toyotomi\" \/>\n<meta property=\"og:description\" content=\"GEAR MISSION Cooking Station GM-RRGT1 er lavet til at forbedre din udend\u00f8rsoplevelse, den lader dig forvandle din varmeovn til en alsidig madlavningsstation, perfekt til kaffe, m\u00e5ltider eller b\u00e5l-lignende sammenkomster. Designet kun til RR-GER25(T) &amp; RR-GER25(G).  SKU: GM-RRGT1 EAN:\" \/>\n<meta property=\"og:url\" content=\"https:\/\/www.toyotomi.eu\/da\/produkt\/gear-mission-gm-rrgt1\/\" \/>\n<meta property=\"og:site_name\" content=\"Toyotomi\" \/>\n<meta property=\"article:modified_time\" content=\"2025-12-08T10:48:57+00:00\" \/>\n<meta property=\"og:image\" content=\"https:\/\/www.toyotomi.eu\/wp-content\/uploads\/2025\/05\/GM-RRGT1_01.jpg\" \/>\n\t<meta property=\"og:image:width\" content=\"1920\" \/>\n\t<meta property=\"og:image:height\" content=\"1440\" \/>\n\t<meta property=\"og:image:type\" content=\"image\/jpeg\" \/>\n<meta name=\"twitter:card\" content=\"summary_large_image\" \/>\n<script type=\"application\/ld+json\" class=\"yoast-schema-graph\">{\"@context\":\"https:\\\/\\\/schema.org\",\"@graph\":[{\"@type\":\"WebPage\",\"@id\":\"https:\\\/\\\/www.toyotomi.eu\\\/da\\\/produkt\\\/gear-mission-gm-rrgt1\\\/\",\"url\":\"https:\\\/\\\/www.toyotomi.eu\\\/da\\\/produkt\\\/gear-mission-gm-rrgt1\\\/\",\"name\":\"GEAR MISSION GM-RRGT1 - Toyotomi\",\"isPartOf\":{\"@id\":\"https:\\\/\\\/www.toyotomi.eu\\\/da\\\/#website\"},\"primaryImageOfPage\":{\"@id\":\"https:\\\/\\\/www.toyotomi.eu\\\/da\\\/produkt\\\/gear-mission-gm-rrgt1\\\/#primaryimage\"},\"image\":{\"@id\":\"https:\\\/\\\/www.toyotomi.eu\\\/da\\\/produkt\\\/gear-mission-gm-rrgt1\\\/#primaryimage\"},\"thumbnailUrl\":\"https:\\\/\\\/www.toyotomi.eu\\\/wp-content\\\/uploads\\\/2025\\\/05\\\/GM-RRGT1_01.jpg\",\"datePublished\":\"2025-01-01T01:01:00+00:00\",\"dateModified\":\"2025-12-08T10:48:57+00:00\",\"breadcrumb\":{\"@id\":\"https:\\\/\\\/www.toyotomi.eu\\\/da\\\/produkt\\\/gear-mission-gm-rrgt1\\\/#breadcrumb\"},\"inLanguage\":\"da-DK\",\"potentialAction\":[{\"@type\":\"ReadAction\",\"target\":[\"https:\\\/\\\/www.toyotomi.eu\\\/da\\\/produkt\\\/gear-mission-gm-rrgt1\\\/\"]}]},{\"@type\":\"ImageObject\",\"inLanguage\":\"da-DK\",\"@id\":\"https:\\\/\\\/www.toyotomi.eu\\\/da\\\/produkt\\\/gear-mission-gm-rrgt1\\\/#primaryimage\",\"url\":\"https:\\\/\\\/www.toyotomi.eu\\\/wp-content\\\/uploads\\\/2025\\\/05\\\/GM-RRGT1_01.jpg\",\"contentUrl\":\"https:\\\/\\\/www.toyotomi.eu\\\/wp-content\\\/uploads\\\/2025\\\/05\\\/GM-RRGT1_01.jpg\",\"width\":1920,\"height\":1440},{\"@type\":\"BreadcrumbList\",\"@id\":\"https:\\\/\\\/www.toyotomi.eu\\\/da\\\/produkt\\\/gear-mission-gm-rrgt1\\\/#breadcrumb\",\"itemListElement\":[{\"@type\":\"ListItem\",\"position\":1,\"name\":\"Forside\",\"item\":\"https:\\\/\\\/www.toyotomi.eu\\\/da\\\/\"},{\"@type\":\"ListItem\",\"position\":2,\"name\":\"Alle produkter\",\"item\":\"https:\\\/\\\/www.toyotomi.eu\\\/da\\\/alle-produkter\\\/\"},{\"@type\":\"ListItem\",\"position\":3,\"name\":\"GEAR MISSION GM-RRGT1\"}]},{\"@type\":\"WebSite\",\"@id\":\"https:\\\/\\\/www.toyotomi.eu\\\/da\\\/#website\",\"url\":\"https:\\\/\\\/www.toyotomi.eu\\\/da\\\/\",\"name\":\"Toyotomi\",\"description\":\"\",\"publisher\":{\"@id\":\"https:\\\/\\\/www.toyotomi.eu\\\/da\\\/#organization\"},\"potentialAction\":[{\"@type\":\"SearchAction\",\"target\":{\"@type\":\"EntryPoint\",\"urlTemplate\":\"https:\\\/\\\/www.toyotomi.eu\\\/da\\\/?s={search_term_string}\"},\"query-input\":{\"@type\":\"PropertyValueSpecification\",\"valueRequired\":true,\"valueName\":\"search_term_string\"}}],\"inLanguage\":\"da-DK\"},{\"@type\":\"Organization\",\"@id\":\"https:\\\/\\\/www.toyotomi.eu\\\/da\\\/#organization\",\"name\":\"Toyotomi Europe Sales B.V.\",\"alternateName\":\"Toyotomi\",\"url\":\"https:\\\/\\\/www.toyotomi.eu\\\/da\\\/\",\"logo\":{\"@type\":\"ImageObject\",\"inLanguage\":\"da-DK\",\"@id\":\"https:\\\/\\\/www.toyotomi.eu\\\/da\\\/#\\\/schema\\\/logo\\\/image\\\/\",\"url\":\"https:\\\/\\\/www.toyotomi.eu\\\/wp-content\\\/uploads\\\/2025\\\/10\\\/logo.png\",\"contentUrl\":\"https:\\\/\\\/www.toyotomi.eu\\\/wp-content\\\/uploads\\\/2025\\\/10\\\/logo.png\",\"width\":1360,\"height\":304,\"caption\":\"Toyotomi Europe Sales B.V.\"},\"image\":{\"@id\":\"https:\\\/\\\/www.toyotomi.eu\\\/da\\\/#\\\/schema\\\/logo\\\/image\\\/\"}}]}<\/script>\n<!-- \/ Yoast SEO plugin. -->","yoast_head_json":{"title":"GEAR MISSION GM-RRGT1 - Toyotomi","robots":{"index":"index","follow":"follow","max-snippet":"max-snippet:-1","max-image-preview":"max-image-preview:large","max-video-preview":"max-video-preview:-1"},"canonical":"https:\/\/www.toyotomi.eu\/da\/produkt\/gear-mission-gm-rrgt1\/","og_locale":"da_DK","og_type":"article","og_title":"GEAR MISSION GM-RRGT1 - Toyotomi","og_description":"GEAR MISSION Cooking Station GM-RRGT1 er lavet til at forbedre din udend\u00f8rsoplevelse, den lader dig forvandle din varmeovn til en alsidig madlavningsstation, perfekt til kaffe, m\u00e5ltider eller b\u00e5l-lignende sammenkomster. Designet kun til RR-GER25(T) &amp; RR-GER25(G).  SKU: GM-RRGT1 EAN:","og_url":"https:\/\/www.toyotomi.eu\/da\/produkt\/gear-mission-gm-rrgt1\/","og_site_name":"Toyotomi","article_modified_time":"2025-12-08T10:48:57+00:00","og_image":[{"width":1920,"height":1440,"url":"https:\/\/www.toyotomi.eu\/wp-content\/uploads\/2025\/05\/GM-RRGT1_01.jpg","type":"image\/jpeg"}],"twitter_card":"summary_large_image","schema":{"@context":"https:\/\/schema.org","@graph":[{"@type":"WebPage","@id":"https:\/\/www.toyotomi.eu\/da\/produkt\/gear-mission-gm-rrgt1\/","url":"https:\/\/www.toyotomi.eu\/da\/produkt\/gear-mission-gm-rrgt1\/","name":"GEAR MISSION GM-RRGT1 - Toyotomi","isPartOf":{"@id":"https:\/\/www.toyotomi.eu\/da\/#website"},"primaryImageOfPage":{"@id":"https:\/\/www.toyotomi.eu\/da\/produkt\/gear-mission-gm-rrgt1\/#primaryimage"},"image":{"@id":"https:\/\/www.toyotomi.eu\/da\/produkt\/gear-mission-gm-rrgt1\/#primaryimage"},"thumbnailUrl":"https:\/\/www.toyotomi.eu\/wp-content\/uploads\/2025\/05\/GM-RRGT1_01.jpg","datePublished":"2025-01-01T01:01:00+00:00","dateModified":"2025-12-08T10:48:57+00:00","breadcrumb":{"@id":"https:\/\/www.toyotomi.eu\/da\/produkt\/gear-mission-gm-rrgt1\/#breadcrumb"},"inLanguage":"da-DK","potentialAction":[{"@type":"ReadAction","target":["https:\/\/www.toyotomi.eu\/da\/produkt\/gear-mission-gm-rrgt1\/"]}]},{"@type":"ImageObject","inLanguage":"da-DK","@id":"https:\/\/www.toyotomi.eu\/da\/produkt\/gear-mission-gm-rrgt1\/#primaryimage","url":"https:\/\/www.toyotomi.eu\/wp-content\/uploads\/2025\/05\/GM-RRGT1_01.jpg","contentUrl":"https:\/\/www.toyotomi.eu\/wp-content\/uploads\/2025\/05\/GM-RRGT1_01.jpg","width":1920,"height":1440},{"@type":"BreadcrumbList","@id":"https:\/\/www.toyotomi.eu\/da\/produkt\/gear-mission-gm-rrgt1\/#breadcrumb","itemListElement":[{"@type":"ListItem","position":1,"name":"Forside","item":"https:\/\/www.toyotomi.eu\/da\/"},{"@type":"ListItem","position":2,"name":"Alle produkter","item":"https:\/\/www.toyotomi.eu\/da\/alle-produkter\/"},{"@type":"ListItem","position":3,"name":"GEAR MISSION GM-RRGT1"}]},{"@type":"WebSite","@id":"https:\/\/www.toyotomi.eu\/da\/#website","url":"https:\/\/www.toyotomi.eu\/da\/","name":"Toyotomi","description":"","publisher":{"@id":"https:\/\/www.toyotomi.eu\/da\/#organization"},"potentialAction":[{"@type":"SearchAction","target":{"@type":"EntryPoint","urlTemplate":"https:\/\/www.toyotomi.eu\/da\/?s={search_term_string}"},"query-input":{"@type":"PropertyValueSpecification","valueRequired":true,"valueName":"search_term_string"}}],"inLanguage":"da-DK"},{"@type":"Organization","@id":"https:\/\/www.toyotomi.eu\/da\/#organization","name":"Toyotomi Europe Sales B.V.","alternateName":"Toyotomi","url":"https:\/\/www.toyotomi.eu\/da\/","logo":{"@type":"ImageObject","inLanguage":"da-DK","@id":"https:\/\/www.toyotomi.eu\/da\/#\/schema\/logo\/image\/","url":"https:\/\/www.toyotomi.eu\/wp-content\/uploads\/2025\/10\/logo.png","contentUrl":"https:\/\/www.toyotomi.eu\/wp-content\/uploads\/2025\/10\/logo.png","width":1360,"height":304,"caption":"Toyotomi Europe Sales B.V."},"image":{"@id":"https:\/\/www.toyotomi.eu\/da\/#\/schema\/logo\/image\/"}}]}},"_links":{"self":[{"href":"https:\/\/www.toyotomi.eu\/da\/wp-json\/wp\/v2\/product\/49813","targetHints":{"allow":["GET"]}}],"collection":[{"href":"https:\/\/www.toyotomi.eu\/da\/wp-json\/wp\/v2\/product"}],"about":[{"href":"https:\/\/www.toyotomi.eu\/da\/wp-json\/wp\/v2\/types\/product"}],"wp:featuredmedia":[{"embeddable":true,"href":"https:\/\/www.toyotomi.eu\/da\/wp-json\/wp\/v2\/media\/49822"}],"wp:attachment":[{"href":"https:\/\/www.toyotomi.eu\/da\/wp-json\/wp\/v2\/media?parent=49813"}],"wp:term":[{"taxonomy":"product_brand","embeddable":true,"href":"https:\/\/www.toyotomi.eu\/da\/wp-json\/wp\/v2\/product_brand?post=49813"},{"taxonomy":"product_cat","embeddable":true,"href":"https:\/\/www.toyotomi.eu\/da\/wp-json\/wp\/v2\/product_cat?post=49813"},{"taxonomy":"product_tag","embeddable":true,"href":"https:\/\/www.toyotomi.eu\/da\/wp-json\/wp\/v2\/product_tag?post=49813"}],"curies":[{"name":"wp","href":"https:\/\/api.w.org\/{rel}","templated":true}]}}