{"id":49751,"date":"2025-01-01T00:00:16","date_gmt":"2024-12-31T23:00:16","guid":{"rendered":"https:\/\/www.toyotomi.eu\/blog\/"},"modified":"2026-01-09T03:11:12","modified_gmt":"2026-01-09T02:11:12","slug":"blog","status":"publish","type":"page","link":"https:\/\/www.toyotomi.eu\/da\/blog\/","title":{"rendered":"Blog"},"content":{"rendered":"\n<div class=\"wp-block-essential-blocks-wrapper alignfull  root-eb-wrapper-tvdgq\"><div class=\"eb-parent-wrapper eb-parent-eb-wrapper-tvdgq \"><div class=\"eb-wrapper-outer eb-wrapper-tvdgq\"><div class=\"eb-wrapper-inner\"><div class=\"eb-wrapper-inner-blocks eb-wrapper-align-center\">\n<div class=\"wp-block-essential-blocks-row alignfull  root-eb-row-h9cl2\"><div class=\"eb-parent-wrapper eb-parent-eb-row-h9cl2 \"><div class=\"eb-row-root-container eb-row-h9cl2\" data-id=\"eb-row-h9cl2\"><div class=\"eb-row-wrapper\"><div class=\"eb-row-inner\">\n<div class=\"wp-block-essential-blocks-column  root-eb-column-sarqw\"><div class=\"eb-parent-wrapper eb-parent-eb-column-sarqw \"><div class=\"eb-column-wrapper eb-column-sarqw\"><div class=\"eb-column-inner\">\n<h1 class=\"wp-block-heading has-xx-large-font-size\">Blog<\/h1>\n<\/div><\/div><\/div><\/div>\n\n\n\n<div class=\"wp-block-essential-blocks-column  root-eb-column-p55e7\"><div class=\"eb-parent-wrapper eb-parent-eb-column-p55e7 \"><div class=\"eb-column-wrapper eb-column-p55e7\"><div class=\"eb-column-inner\"><\/div><\/div><\/div><\/div>\n<\/div><\/div><\/div><\/div><\/div>\n<\/div><\/div><\/div><\/div><\/div>\n\n<div class=\"wp-block-essential-blocks-wrapper alignfull  root-eb-wrapper-h10o4\"><div class=\"eb-parent-wrapper eb-parent-eb-wrapper-h10o4 \"><div class=\"eb-wrapper-outer eb-wrapper-h10o4\"><div class=\"eb-wrapper-inner\"><div class=\"eb-wrapper-inner-blocks eb-wrapper-align-center\">\n<div class=\"wp-block-essential-blocks-row alignfull  root-eb-row-xe5he\"><div class=\"eb-parent-wrapper eb-parent-eb-row-xe5he \"><div class=\"eb-row-root-container eb-row-xe5he\" data-id=\"eb-row-xe5he\"><div class=\"eb-row-wrapper\"><div class=\"eb-row-inner\">\n<div class=\"wp-block-essential-blocks-column  root-eb-column-p52pf\"><div class=\"eb-parent-wrapper eb-parent-eb-column-p52pf \"><div class=\"eb-column-wrapper eb-column-p52pf\"><div class=\"eb-column-inner\"><div class=\"root-eb-post-grid-btkjd wp-block-essential-blocks-post-grid\">\n    <div class=\"eb-parent-wrapper eb-parent-eb-post-grid-btkjd \">\n        <div class=\"eb-post-grid-btkjd style-5  eb-post-grid-wrapper\"\n            data-id=\"eb-post-grid-btkjd\"\n            data-querydata=\"{&quot;source&quot;:&quot;post&quot;,&quot;sourceIndex&quot;:0,&quot;rest_base&quot;:&quot;posts&quot;,&quot;rest_namespace&quot;:&quot;wp\\\/v2&quot;,&quot;author&quot;:&quot;&quot;,&quot;taxonomies&quot;:{&quot;category&quot;:{&quot;name&quot;:&quot;Categories&quot;,&quot;rest_base&quot;:&quot;categories&quot;,&quot;rest_namespace&quot;:&quot;wp\\\/v2&quot;,&quot;slug&quot;:&quot;category&quot;,&quot;value&quot;:&quot;[{\\&quot;value\\&quot;:7700,\\&quot;label\\&quot;:\\&quot;Blog\\&quot;}]&quot;}},&quot;per_page&quot;:&quot;9&quot;,&quot;offset&quot;:&quot;0&quot;,&quot;orderby&quot;:&quot;date&quot;,&quot;order&quot;:&quot;desc&quot;,&quot;include&quot;:&quot;&quot;,&quot;exclude&quot;:&quot;&quot;,&quot;exclude_current&quot;:false}\"\n            data-attributes=\"{&quot;thumbnailSize&quot;:&quot;&quot;,&quot;loadMoreOptions&quot;:{&quot;enableMorePosts&quot;:true,&quot;loadMoreType&quot;:&quot;3&quot;,&quot;loadMoreButtonTxt&quot;:&quot;Indl\\u00e6s mere&quot;,&quot;alignment&quot;:&quot;center&quot;,&quot;prevTxt&quot;:&quot;&lt;&quot;,&quot;nextTxt&quot;:&quot;&gt;&quot;,&quot;totalPosts&quot;:17},&quot;showSearch&quot;:false,&quot;showTaxonomyFilter&quot;:false,&quot;enableAjaxSearch&quot;:false,&quot;addIcon&quot;:false,&quot;iconPosition&quot;:&quot;left&quot;,&quot;icon&quot;:&quot;fas fa-chevron-right&quot;,&quot;preset&quot;:&quot;style-5&quot;,&quot;defaultFilter&quot;:&quot;all&quot;,&quot;version&quot;:&quot;v2&quot;,&quot;showBlockContent&quot;:true,&quot;showFallbackImg&quot;:false,&quot;fallbackImgUrl&quot;:&quot;&quot;,&quot;showThumbnail&quot;:true,&quot;showTitle&quot;:true,&quot;titleLength&quot;:&quot;&quot;,&quot;titleTag&quot;:&quot;h2&quot;,&quot;showContent&quot;:false,&quot;contentLength&quot;:20,&quot;expansionIndicator&quot;:&quot;...&quot;,&quot;showReadMore&quot;:false,&quot;readmoreText&quot;:&quot;Read More&quot;,&quot;showMeta&quot;:true,&quot;headerMeta&quot;:&quot;[{\\&quot;value\\&quot;:\\&quot;readtime\\&quot;,\\&quot;label\\&quot;:\\&quot;Read Time\\&quot;}]&quot;,&quot;footerMeta&quot;:&quot;[]&quot;,&quot;authorPrefix&quot;:&quot;by&quot;,&quot;datePrefix&quot;:&quot;on&quot;,&quot;showFeaturedPost&quot;:false,&quot;featuredPostId&quot;:&quot;&quot;,&quot;showFeaturedPostTitle&quot;:true,&quot;showFeaturedPostContent&quot;:false,&quot;showFeaturedPostMeta&quot;:true,&quot;showFeaturedHeaderMeta&quot;:true,&quot;showFeaturedFooterMeta&quot;:true,&quot;featuredMetaItems&quot;:&quot;{}&quot;,&quot;featuredExcerptLength&quot;:10}\">\n\n            \n\n            <div class=\"eb-post-grid-posts-wrapper\"><article class=\"ebpg-grid-post ebpg-post-grid-column\" data-id=\"59943\"><div class=\"ebpg-grid-post-holder\"><a class=\"ebpg-post-link-wrapper eb-sr-only\" href=\"https:\/\/www.toyotomi.eu\/da\/blog\/saadan-holder-du-dit-hjem-koeligt-under-en-hedeboelge\/\">S\u00e5dan holder du dit hjem k\u00f8ligt under en hedeb\u00f8lge<\/a><div class=\"ebpg-entry-media\">\n                <div class=\"ebpg-entry-thumbnail\">\n                    \n                    <img loading=\"lazy\" decoding=\"async\" width=\"1920\" height=\"1080\" src=\"https:\/\/www.toyotomi.eu\/wp-content\/uploads\/2026\/01\/Toyotomi-Europe-Air-Conditioning.00_00_04_08.Still001.jpg\" class=\"attachment-full size-full\" alt=\"Lyst, indbydende indend\u00f8rsrum med en kvinde if\u00f8rt en str\u00e5hat, naturligt lys og hyggelige m\u00f8bler, perfekt til en afslappende hjemmeatmosf\u00e6re.\" \/>\n                <\/div>\n            <\/div><div class=\"ebpg-entry-wrapper\"><header class=\"ebpg-entry-header\">\n            <h2 class=\"ebpg-entry-title\">\n                <a class=\"ebpg-grid-post-link\" href=\"https:\/\/www.toyotomi.eu\/da\/blog\/saadan-holder-du-dit-hjem-koeligt-under-en-hedeboelge\/\" title=\"sdanholderdudithjemkligtunderenhedeblge\">S\u00e5dan holder du dit hjem k\u00f8ligt under en hedeb\u00f8lge<\/a>\n            <\/h2>\n        <\/header><div class=\"ebpg-entry-meta ebpg-header-meta\"><div class=\"ebpg-entry-meta-items\"><span class=\"ebpg-read-time\"><i class=\"fas fa-clock\"><\/i>6 minutes read<\/span><\/div><\/div><div class=\"ebpg-entry-meta ebpg-footer-meta\"><div class=\"ebpg-entry-meta-items\"><\/div><\/div><\/div><\/div><\/article><article class=\"ebpg-grid-post ebpg-post-grid-column\" data-id=\"59803\"><div class=\"ebpg-grid-post-holder\"><a class=\"ebpg-post-link-wrapper eb-sr-only\" href=\"https:\/\/www.toyotomi.eu\/da\/blog\/opvarmningsloesninger-til-hjem-og-bygninger-uden-gas-eller-centralvarme\/\">Opvarmningsl\u00f8sninger til hjem og bygninger uden gas eller centralvarme<\/a><div class=\"ebpg-entry-media\">\n                <div class=\"ebpg-entry-thumbnail\">\n                    \n                    <img loading=\"lazy\" decoding=\"async\" width=\"1920\" height=\"1200\" src=\"https:\/\/www.toyotomi.eu\/wp-content\/uploads\/2026\/01\/Toyotomi-hybrid-heater-in-room.png\" class=\"attachment-full size-full\" alt=\"N\u00e6rbillede af en moderne Toyotomi ovn sat op i et hyggeligt sovev\u00e6relseshj\u00f8rne for varme og komfort.\" \/>\n                <\/div>\n            <\/div><div class=\"ebpg-entry-wrapper\"><header class=\"ebpg-entry-header\">\n            <h2 class=\"ebpg-entry-title\">\n                <a class=\"ebpg-grid-post-link\" href=\"https:\/\/www.toyotomi.eu\/da\/blog\/opvarmningsloesninger-til-hjem-og-bygninger-uden-gas-eller-centralvarme\/\" title=\"opvarmningslsningertilhjemogbygningerudengasellercentralvarme\">Opvarmningsl\u00f8sninger til hjem og bygninger uden gas eller centralvarme<\/a>\n            <\/h2>\n        <\/header><div class=\"ebpg-entry-meta ebpg-header-meta\"><div class=\"ebpg-entry-meta-items\"><span class=\"ebpg-read-time\"><i class=\"fas fa-clock\"><\/i>6 minutes read<\/span><\/div><\/div><div class=\"ebpg-entry-meta ebpg-footer-meta\"><div class=\"ebpg-entry-meta-items\"><\/div><\/div><\/div><\/div><\/article><article class=\"ebpg-grid-post ebpg-post-grid-column\" data-id=\"59558\"><div class=\"ebpg-grid-post-holder\"><a class=\"ebpg-post-link-wrapper eb-sr-only\" href=\"https:\/\/www.toyotomi.eu\/da\/blog\/saadan-vaelger-du-det-rigtige-klimaanlaeg-til-dit-rum\/\">S\u00e5dan v\u00e6lger du det rigtige klimaanl\u00e6g til dit rum<\/a><div class=\"ebpg-entry-media\">\n                <div class=\"ebpg-entry-thumbnail\">\n                    \n                    <img loading=\"lazy\" decoding=\"async\" width=\"1920\" height=\"1207\" src=\"https:\/\/www.toyotomi.eu\/wp-content\/uploads\/2025\/07\/erai-in-bedroom-1.jpg\" class=\"attachment-full size-full\" alt=\"\" \/>\n                <\/div>\n            <\/div><div class=\"ebpg-entry-wrapper\"><header class=\"ebpg-entry-header\">\n            <h2 class=\"ebpg-entry-title\">\n                <a class=\"ebpg-grid-post-link\" href=\"https:\/\/www.toyotomi.eu\/da\/blog\/saadan-vaelger-du-det-rigtige-klimaanlaeg-til-dit-rum\/\" title=\"sdanvlgerdudetrigtigeklimaanlgtilditrum\">S\u00e5dan v\u00e6lger du det rigtige klimaanl\u00e6g til dit rum<\/a>\n            <\/h2>\n        <\/header><div class=\"ebpg-entry-meta ebpg-header-meta\"><div class=\"ebpg-entry-meta-items\"><span class=\"ebpg-read-time\"><i class=\"fas fa-clock\"><\/i>5 minutes read<\/span><\/div><\/div><div class=\"ebpg-entry-meta ebpg-footer-meta\"><div class=\"ebpg-entry-meta-items\"><\/div><\/div><\/div><\/div><\/article><article class=\"ebpg-grid-post ebpg-post-grid-column\" data-id=\"59452\"><div class=\"ebpg-grid-post-holder\"><a class=\"ebpg-post-link-wrapper eb-sr-only\" href=\"https:\/\/www.toyotomi.eu\/da\/blog\/saadan-affugter-du-et-rum\/\">S\u00e5dan affugter du et rum (og stopper fugt og kondens)<\/a><div class=\"ebpg-entry-media\">\n                <div class=\"ebpg-entry-thumbnail\">\n                    \n                    <img loading=\"lazy\" decoding=\"async\" width=\"1920\" height=\"1200\" src=\"https:\/\/www.toyotomi.eu\/wp-content\/uploads\/2026\/01\/Toyotomi-TAD-dehumidifier.png\" class=\"attachment-full size-full\" alt=\"Kompakt b\u00e6rbar aircondition i et hyggeligt opholdsrum med tr\u00e6gulv.\" \/>\n                <\/div>\n            <\/div><div class=\"ebpg-entry-wrapper\"><header class=\"ebpg-entry-header\">\n            <h2 class=\"ebpg-entry-title\">\n                <a class=\"ebpg-grid-post-link\" href=\"https:\/\/www.toyotomi.eu\/da\/blog\/saadan-affugter-du-et-rum\/\" title=\"sdanaffugterduetrumogstopperfugtogkondens\">S\u00e5dan affugter du et rum (og stopper fugt og kondens)<\/a>\n            <\/h2>\n        <\/header><div class=\"ebpg-entry-meta ebpg-header-meta\"><div class=\"ebpg-entry-meta-items\"><span class=\"ebpg-read-time\"><i class=\"fas fa-clock\"><\/i>7 minutes read<\/span><\/div><\/div><div class=\"ebpg-entry-meta ebpg-footer-meta\"><div class=\"ebpg-entry-meta-items\"><\/div><\/div><\/div><\/div><\/article><article class=\"ebpg-grid-post ebpg-post-grid-column\" data-id=\"58666\"><div class=\"ebpg-grid-post-holder\"><a class=\"ebpg-post-link-wrapper eb-sr-only\" href=\"https:\/\/www.toyotomi.eu\/da\/blog\/hvorfor-flere-europaeiske-husstande-skifter-til-varmepumper-i-2026\/\">Hvorfor flere europ\u00e6iske husstande skifter til varmepumper<\/a><div class=\"ebpg-entry-media\">\n                <div class=\"ebpg-entry-thumbnail\">\n                    \n                    <img loading=\"lazy\" decoding=\"async\" width=\"1920\" height=\"1280\" src=\"https:\/\/www.toyotomi.eu\/wp-content\/uploads\/2025\/08\/Toyotomi-New-heat-pump-range.jpg\" class=\"attachment-full size-full\" alt=\"\" \/>\n                <\/div>\n            <\/div><div class=\"ebpg-entry-wrapper\"><header class=\"ebpg-entry-header\">\n            <h2 class=\"ebpg-entry-title\">\n                <a class=\"ebpg-grid-post-link\" href=\"https:\/\/www.toyotomi.eu\/da\/blog\/hvorfor-flere-europaeiske-husstande-skifter-til-varmepumper-i-2026\/\" title=\"hvorforflereeuropiskehusstandeskiftertilvarmepumper\">Hvorfor flere europ\u00e6iske husstande skifter til varmepumper<\/a>\n            <\/h2>\n        <\/header><div class=\"ebpg-entry-meta ebpg-header-meta\"><div class=\"ebpg-entry-meta-items\"><span class=\"ebpg-read-time\"><i class=\"fas fa-clock\"><\/i>4 minutes read<\/span><\/div><\/div><div class=\"ebpg-entry-meta ebpg-footer-meta\"><div class=\"ebpg-entry-meta-items\"><\/div><\/div><\/div><\/div><\/article><article class=\"ebpg-grid-post ebpg-post-grid-column\" data-id=\"58275\"><div class=\"ebpg-grid-post-holder\"><a class=\"ebpg-post-link-wrapper eb-sr-only\" href=\"https:\/\/www.toyotomi.eu\/da\/blog\/saadan-opvarmer-du-dit-hjem-uden-elektricitet\/\">S\u00e5dan opvarmer du dit hjem uden elektricitet<\/a><div class=\"ebpg-entry-media\">\n                <div class=\"ebpg-entry-thumbnail\">\n                    \n                    <img loading=\"lazy\" decoding=\"async\" width=\"1920\" height=\"1200\" src=\"https:\/\/www.toyotomi.eu\/wp-content\/uploads\/2026\/01\/Toyotomi-Emergency-off-grid-paraffin-heater.png\" class=\"attachment-full size-full\" alt=\"B\u00e6rbart varmeapparat med sikkerhedsfunktioner, der bruges til at opvarme indend\u00f8rs rum effektivt.\" \/>\n                <\/div>\n            <\/div><div class=\"ebpg-entry-wrapper\"><header class=\"ebpg-entry-header\">\n            <h2 class=\"ebpg-entry-title\">\n                <a class=\"ebpg-grid-post-link\" href=\"https:\/\/www.toyotomi.eu\/da\/blog\/saadan-opvarmer-du-dit-hjem-uden-elektricitet\/\" title=\"sdanopvarmerdudithjemudenelektricitet\">S\u00e5dan opvarmer du dit hjem uden elektricitet<\/a>\n            <\/h2>\n        <\/header><div class=\"ebpg-entry-meta ebpg-header-meta\"><div class=\"ebpg-entry-meta-items\"><span class=\"ebpg-read-time\"><i class=\"fas fa-clock\"><\/i>5 minutes read<\/span><\/div><\/div><div class=\"ebpg-entry-meta ebpg-footer-meta\"><div class=\"ebpg-entry-meta-items\"><\/div><\/div><\/div><\/div><\/article><article class=\"ebpg-grid-post ebpg-post-grid-column\" data-id=\"57220\"><div class=\"ebpg-grid-post-holder\"><a class=\"ebpg-post-link-wrapper eb-sr-only\" href=\"https:\/\/www.toyotomi.eu\/da\/blog\/diesel-drivne-transportable-infraroede-varmeapparater\/\">H\u00f8jkapacitets Diesel Infrar\u00f8de Ovne<\/a><div class=\"ebpg-entry-media\">\n                <div class=\"ebpg-entry-thumbnail\">\n                    \n                    <img loading=\"lazy\" decoding=\"async\" width=\"1920\" height=\"1200\" src=\"https:\/\/www.toyotomi.eu\/wp-content\/uploads\/2025\/05\/Toyotomi-Infrared-TIB-09.jpg\" class=\"attachment-full size-full\" alt=\"\" \/>\n                <\/div>\n            <\/div><div class=\"ebpg-entry-wrapper\"><header class=\"ebpg-entry-header\">\n            <h2 class=\"ebpg-entry-title\">\n                <a class=\"ebpg-grid-post-link\" href=\"https:\/\/www.toyotomi.eu\/da\/blog\/diesel-drivne-transportable-infraroede-varmeapparater\/\" title=\"hjkapacitetsdieselinfrardeovne\">H\u00f8jkapacitets Diesel Infrar\u00f8de Ovne<\/a>\n            <\/h2>\n        <\/header><div class=\"ebpg-entry-meta ebpg-header-meta\"><div class=\"ebpg-entry-meta-items\"><span class=\"ebpg-read-time\"><i class=\"fas fa-clock\"><\/i>4 minutes read<\/span><\/div><\/div><div class=\"ebpg-entry-meta ebpg-footer-meta\"><div class=\"ebpg-entry-meta-items\"><\/div><\/div><\/div><\/div><\/article><article class=\"ebpg-grid-post ebpg-post-grid-column\" data-id=\"59498\"><div class=\"ebpg-grid-post-holder\"><a class=\"ebpg-post-link-wrapper eb-sr-only\" href=\"https:\/\/www.toyotomi.eu\/da\/blog\/saadan-opvarmer-du-et-rum-uden-centralvarme\/\">S\u00e5dan opvarmer du et rum uden centralvarme<\/a><div class=\"ebpg-entry-media\">\n                <div class=\"ebpg-entry-thumbnail\">\n                    \n                    <img loading=\"lazy\" decoding=\"async\" width=\"1920\" height=\"1200\" src=\"https:\/\/www.toyotomi.eu\/wp-content\/uploads\/2026\/01\/Toyotomi-heater-for-home-without-central-heating.png\" class=\"attachment-full size-full\" alt=\"B\u00e6rbar elektrisk varmelegeme til effektiv rum Opvarmning i hjem og kontorer.\" \/>\n                <\/div>\n            <\/div><div class=\"ebpg-entry-wrapper\"><header class=\"ebpg-entry-header\">\n            <h2 class=\"ebpg-entry-title\">\n                <a class=\"ebpg-grid-post-link\" href=\"https:\/\/www.toyotomi.eu\/da\/blog\/saadan-opvarmer-du-et-rum-uden-centralvarme\/\" title=\"sdanopvarmerduetrumudencentralvarme\">S\u00e5dan opvarmer du et rum uden centralvarme<\/a>\n            <\/h2>\n        <\/header><div class=\"ebpg-entry-meta ebpg-header-meta\"><div class=\"ebpg-entry-meta-items\"><span class=\"ebpg-read-time\"><i class=\"fas fa-clock\"><\/i>6 minutes read<\/span><\/div><\/div><div class=\"ebpg-entry-meta ebpg-footer-meta\"><div class=\"ebpg-entry-meta-items\"><\/div><\/div><\/div><\/div><\/article><article class=\"ebpg-grid-post ebpg-post-grid-column\" data-id=\"50633\"><div class=\"ebpg-grid-post-holder\"><a class=\"ebpg-post-link-wrapper eb-sr-only\" href=\"https:\/\/www.toyotomi.eu\/da\/blog\/vinterforberedelse-saadan-vedligeholder-du-din-varmeovn-foer-den-kolde-saeson\/\">Vinterforberedelse f\u00f8r den kolde s\u00e6son<\/a><div class=\"ebpg-entry-media\">\n                <div class=\"ebpg-entry-thumbnail\">\n                    \n                    <img loading=\"lazy\" decoding=\"async\" width=\"800\" height=\"800\" src=\"https:\/\/www.toyotomi.eu\/wp-content\/uploads\/2025\/06\/heater-cleaning.jpg\" class=\"attachment-full size-full\" alt=\"\" \/>\n                <\/div>\n            <\/div><div class=\"ebpg-entry-wrapper\"><header class=\"ebpg-entry-header\">\n            <h2 class=\"ebpg-entry-title\">\n                <a class=\"ebpg-grid-post-link\" href=\"https:\/\/www.toyotomi.eu\/da\/blog\/vinterforberedelse-saadan-vedligeholder-du-din-varmeovn-foer-den-kolde-saeson\/\" title=\"vinterforberedelsefrdenkoldesson\">Vinterforberedelse f\u00f8r den kolde s\u00e6son<\/a>\n            <\/h2>\n        <\/header><div class=\"ebpg-entry-meta ebpg-header-meta\"><div class=\"ebpg-entry-meta-items\"><span class=\"ebpg-read-time\"><i class=\"fas fa-clock\"><\/i>4 minutes read<\/span><\/div><\/div><div class=\"ebpg-entry-meta ebpg-footer-meta\"><div class=\"ebpg-entry-meta-items\"><\/div><\/div><\/div><\/div><\/article><\/div><p class=\"eb-no-posts eb-loadmore-no-post\" style=\"display: none;\">Ingen flere indl\u00e6g<\/p><div class=\"ebpostgrid-pagination ebpg-pagination prev-next-btn\"><button class=\"ebpg-pagination-item-previous\">&lt;<\/button><button class=\"ebpg-pagination-item active\" data-pagenumber=\"1\">\n                        1\n                    <\/button><button class=\"ebpg-pagination-item \" data-pagenumber=\"2\">\n                        2\n                    <\/button><button class=\"ebpg-pagination-item-next\">&gt;<\/button><\/div>        <\/div>\n    <\/div>\n<\/div>\n<\/div><\/div><\/div><\/div>\n<\/div><\/div><\/div><\/div><\/div>\n<\/div><\/div><\/div><\/div><\/div>\n","protected":false},"excerpt":{"rendered":"","protected":false},"author":71,"featured_media":0,"parent":0,"menu_order":0,"comment_status":"closed","ping_status":"closed","template":"template-canvas.php","meta":{"_acf_changed":false,"_eb_attr":"","footnotes":""},"class_list":["post-49751","page","type-page","status-publish","hentry"],"acf":[],"yoast_head":"<!-- This site is optimized with the Yoast SEO plugin v27.4 - https:\/\/yoast.com\/product\/yoast-seo-wordpress\/ -->\n<title>Blog - Toyotomi<\/title>\n<meta name=\"description\" content=\"Toyotomis Europas blog, blogindl\u00e6g om alt hvad du beh\u00f8ver at vide om klimakontrol sammen med ekspertindsigt.\" \/>\n<meta name=\"robots\" content=\"index, follow, max-snippet:-1, max-image-preview:large, max-video-preview:-1\" \/>\n<link rel=\"canonical\" href=\"https:\/\/www.toyotomi.eu\/da\/blog\/\" \/>\n<meta property=\"og:locale\" content=\"da_DK\" \/>\n<meta property=\"og:type\" content=\"article\" \/>\n<meta property=\"og:title\" content=\"Blog - Toyotomi\" \/>\n<meta property=\"og:description\" content=\"Toyotomis Europas blog, blogindl\u00e6g om alt hvad du beh\u00f8ver at vide om klimakontrol sammen med ekspertindsigt.\" \/>\n<meta property=\"og:url\" content=\"https:\/\/www.toyotomi.eu\/da\/blog\/\" \/>\n<meta property=\"og:site_name\" content=\"Toyotomi\" \/>\n<meta property=\"article:modified_time\" content=\"2026-01-09T02:11:12+00:00\" \/>\n<meta property=\"og:image\" content=\"https:\/\/www.toyotomi.eu\/wp-content\/uploads\/2025\/10\/logo.png\" \/>\n\t<meta property=\"og:image:width\" content=\"1360\" \/>\n\t<meta property=\"og:image:height\" content=\"304\" \/>\n\t<meta property=\"og:image:type\" content=\"image\/png\" \/>\n<meta name=\"twitter:card\" content=\"summary_large_image\" \/>\n<script type=\"application\/ld+json\" class=\"yoast-schema-graph\">{\"@context\":\"https:\\\/\\\/schema.org\",\"@graph\":[{\"@type\":\"WebPage\",\"@id\":\"https:\\\/\\\/www.toyotomi.eu\\\/da\\\/blog\\\/\",\"url\":\"https:\\\/\\\/www.toyotomi.eu\\\/da\\\/blog\\\/\",\"name\":\"Blog - Toyotomi\",\"isPartOf\":{\"@id\":\"https:\\\/\\\/www.toyotomi.eu\\\/da\\\/#website\"},\"datePublished\":\"2024-12-31T23:00:16+00:00\",\"dateModified\":\"2026-01-09T02:11:12+00:00\",\"description\":\"Toyotomis Europas blog, blogindl\u00e6g om alt hvad du beh\u00f8ver at vide om klimakontrol sammen med ekspertindsigt.\",\"breadcrumb\":{\"@id\":\"https:\\\/\\\/www.toyotomi.eu\\\/da\\\/blog\\\/#breadcrumb\"},\"inLanguage\":\"da-DK\",\"potentialAction\":[{\"@type\":\"ReadAction\",\"target\":[\"https:\\\/\\\/www.toyotomi.eu\\\/da\\\/blog\\\/\"]}]},{\"@type\":\"BreadcrumbList\",\"@id\":\"https:\\\/\\\/www.toyotomi.eu\\\/da\\\/blog\\\/#breadcrumb\",\"itemListElement\":[{\"@type\":\"ListItem\",\"position\":1,\"name\":\"Forside\",\"item\":\"https:\\\/\\\/www.toyotomi.eu\\\/da\\\/\"},{\"@type\":\"ListItem\",\"position\":2,\"name\":\"Blog\"}]},{\"@type\":\"WebSite\",\"@id\":\"https:\\\/\\\/www.toyotomi.eu\\\/da\\\/#website\",\"url\":\"https:\\\/\\\/www.toyotomi.eu\\\/da\\\/\",\"name\":\"Toyotomi\",\"description\":\"\",\"publisher\":{\"@id\":\"https:\\\/\\\/www.toyotomi.eu\\\/da\\\/#organization\"},\"potentialAction\":[{\"@type\":\"SearchAction\",\"target\":{\"@type\":\"EntryPoint\",\"urlTemplate\":\"https:\\\/\\\/www.toyotomi.eu\\\/da\\\/?s={search_term_string}\"},\"query-input\":{\"@type\":\"PropertyValueSpecification\",\"valueRequired\":true,\"valueName\":\"search_term_string\"}}],\"inLanguage\":\"da-DK\"},{\"@type\":\"Organization\",\"@id\":\"https:\\\/\\\/www.toyotomi.eu\\\/da\\\/#organization\",\"name\":\"Toyotomi Europe Sales B.V.\",\"alternateName\":\"Toyotomi\",\"url\":\"https:\\\/\\\/www.toyotomi.eu\\\/da\\\/\",\"logo\":{\"@type\":\"ImageObject\",\"inLanguage\":\"da-DK\",\"@id\":\"https:\\\/\\\/www.toyotomi.eu\\\/da\\\/#\\\/schema\\\/logo\\\/image\\\/\",\"url\":\"https:\\\/\\\/www.toyotomi.eu\\\/wp-content\\\/uploads\\\/2025\\\/10\\\/logo.png\",\"contentUrl\":\"https:\\\/\\\/www.toyotomi.eu\\\/wp-content\\\/uploads\\\/2025\\\/10\\\/logo.png\",\"width\":1360,\"height\":304,\"caption\":\"Toyotomi Europe Sales B.V.\"},\"image\":{\"@id\":\"https:\\\/\\\/www.toyotomi.eu\\\/da\\\/#\\\/schema\\\/logo\\\/image\\\/\"}}]}<\/script>\n<!-- \/ Yoast SEO plugin. -->","yoast_head_json":{"title":"Blog - Toyotomi","description":"Toyotomis Europas blog, blogindl\u00e6g om alt hvad du beh\u00f8ver at vide om klimakontrol sammen med ekspertindsigt.","robots":{"index":"index","follow":"follow","max-snippet":"max-snippet:-1","max-image-preview":"max-image-preview:large","max-video-preview":"max-video-preview:-1"},"canonical":"https:\/\/www.toyotomi.eu\/da\/blog\/","og_locale":"da_DK","og_type":"article","og_title":"Blog - Toyotomi","og_description":"Toyotomis Europas blog, blogindl\u00e6g om alt hvad du beh\u00f8ver at vide om klimakontrol sammen med ekspertindsigt.","og_url":"https:\/\/www.toyotomi.eu\/da\/blog\/","og_site_name":"Toyotomi","article_modified_time":"2026-01-09T02:11:12+00:00","og_image":[{"width":1360,"height":304,"url":"https:\/\/www.toyotomi.eu\/wp-content\/uploads\/2025\/10\/logo.png","type":"image\/png"}],"twitter_card":"summary_large_image","schema":{"@context":"https:\/\/schema.org","@graph":[{"@type":"WebPage","@id":"https:\/\/www.toyotomi.eu\/da\/blog\/","url":"https:\/\/www.toyotomi.eu\/da\/blog\/","name":"Blog - Toyotomi","isPartOf":{"@id":"https:\/\/www.toyotomi.eu\/da\/#website"},"datePublished":"2024-12-31T23:00:16+00:00","dateModified":"2026-01-09T02:11:12+00:00","description":"Toyotomis Europas blog, blogindl\u00e6g om alt hvad du beh\u00f8ver at vide om klimakontrol sammen med ekspertindsigt.","breadcrumb":{"@id":"https:\/\/www.toyotomi.eu\/da\/blog\/#breadcrumb"},"inLanguage":"da-DK","potentialAction":[{"@type":"ReadAction","target":["https:\/\/www.toyotomi.eu\/da\/blog\/"]}]},{"@type":"BreadcrumbList","@id":"https:\/\/www.toyotomi.eu\/da\/blog\/#breadcrumb","itemListElement":[{"@type":"ListItem","position":1,"name":"Forside","item":"https:\/\/www.toyotomi.eu\/da\/"},{"@type":"ListItem","position":2,"name":"Blog"}]},{"@type":"WebSite","@id":"https:\/\/www.toyotomi.eu\/da\/#website","url":"https:\/\/www.toyotomi.eu\/da\/","name":"Toyotomi","description":"","publisher":{"@id":"https:\/\/www.toyotomi.eu\/da\/#organization"},"potentialAction":[{"@type":"SearchAction","target":{"@type":"EntryPoint","urlTemplate":"https:\/\/www.toyotomi.eu\/da\/?s={search_term_string}"},"query-input":{"@type":"PropertyValueSpecification","valueRequired":true,"valueName":"search_term_string"}}],"inLanguage":"da-DK"},{"@type":"Organization","@id":"https:\/\/www.toyotomi.eu\/da\/#organization","name":"Toyotomi Europe Sales B.V.","alternateName":"Toyotomi","url":"https:\/\/www.toyotomi.eu\/da\/","logo":{"@type":"ImageObject","inLanguage":"da-DK","@id":"https:\/\/www.toyotomi.eu\/da\/#\/schema\/logo\/image\/","url":"https:\/\/www.toyotomi.eu\/wp-content\/uploads\/2025\/10\/logo.png","contentUrl":"https:\/\/www.toyotomi.eu\/wp-content\/uploads\/2025\/10\/logo.png","width":1360,"height":304,"caption":"Toyotomi Europe Sales B.V."},"image":{"@id":"https:\/\/www.toyotomi.eu\/da\/#\/schema\/logo\/image\/"}}]}},"_links":{"self":[{"href":"https:\/\/www.toyotomi.eu\/da\/wp-json\/wp\/v2\/pages\/49751","targetHints":{"allow":["GET"]}}],"collection":[{"href":"https:\/\/www.toyotomi.eu\/da\/wp-json\/wp\/v2\/pages"}],"about":[{"href":"https:\/\/www.toyotomi.eu\/da\/wp-json\/wp\/v2\/types\/page"}],"author":[{"embeddable":true,"href":"https:\/\/www.toyotomi.eu\/da\/wp-json\/wp\/v2\/users\/71"}],"replies":[{"embeddable":true,"href":"https:\/\/www.toyotomi.eu\/da\/wp-json\/wp\/v2\/comments?post=49751"}],"version-history":[{"count":4,"href":"https:\/\/www.toyotomi.eu\/da\/wp-json\/wp\/v2\/pages\/49751\/revisions"}],"predecessor-version":[{"id":57232,"href":"https:\/\/www.toyotomi.eu\/da\/wp-json\/wp\/v2\/pages\/49751\/revisions\/57232"}],"wp:attachment":[{"href":"https:\/\/www.toyotomi.eu\/da\/wp-json\/wp\/v2\/media?parent=49751"}],"curies":[{"name":"wp","href":"https:\/\/api.w.org\/{rel}","templated":true}]}}