{"id":49625,"date":"2025-01-01T00:00:32","date_gmt":"2024-12-31T23:00:32","guid":{"rendered":"https:\/\/www.toyotomi.eu\/garanti\/"},"modified":"2026-04-02T16:46:11","modified_gmt":"2026-04-02T14:46:11","slug":"garanti","status":"publish","type":"page","link":"https:\/\/www.toyotomi.eu\/da\/kundeservice\/garanti\/","title":{"rendered":"Garanti"},"content":{"rendered":"\n<div class=\"wp-block-essential-blocks-wrapper alignfull  root-eb-wrapper-l71oh\"><div class=\"eb-parent-wrapper eb-parent-eb-wrapper-l71oh \"><div class=\"eb-wrapper-outer eb-wrapper-l71oh\"><div class=\"eb-wrapper-inner\"><div class=\"eb-wrapper-inner-blocks eb-wrapper-align-center\">\n<div class=\"wp-block-essential-blocks-row alignfull  root-eb-row-ve2jw\"><div class=\"eb-parent-wrapper eb-parent-eb-row-ve2jw \"><div class=\"eb-row-root-container eb-row-ve2jw\" data-id=\"eb-row-ve2jw\"><div class=\"eb-row-wrapper\"><div class=\"eb-row-inner\">\n<div class=\"wp-block-essential-blocks-column  root-eb-column-09yfp\"><div class=\"eb-parent-wrapper eb-parent-eb-column-09yfp \"><div class=\"eb-column-wrapper eb-column-09yfp\"><div class=\"eb-column-inner\">\n        <div class=\"root-eb-breadcrumb-56bzo wp-block-essential-blocks-breadcrumbs\">\n            <div class=\"eb-parent-wrapper eb-parent-eb-breadcrumb-56bzo \">\n                <div aria-label=\"Breadcrumb\" class=\"eb-breadcrumb-wrapper eb-breadcrumb-56bzo\" data-id=\"eb-breadcrumb-56bzo\">\n                    \n                    <div class=\"eb-breadcrumb\"><span class=\"eb-breadcrumb-item\"><a href=\"https:\/\/www.toyotomi.eu\/da\/\">Home<\/a><\/span><span class=\"eb-breadcrumb-separator\">\/<\/span><span class=\"eb-breadcrumb-item current\">Side<\/span><\/div>\n                <\/div>\n            <\/div>\n        <\/div><\/div><\/div><\/div><\/div>\n<\/div><\/div><\/div><\/div><\/div>\n<\/div><\/div><\/div><\/div><\/div>\n\n<div class=\"wp-block-essential-blocks-wrapper alignfull  root-eb-wrapper-qljji\"><div class=\"eb-parent-wrapper eb-parent-eb-wrapper-qljji \"><div class=\"eb-wrapper-outer eb-wrapper-qljji\"><div class=\"eb-wrapper-inner\"><div class=\"eb-wrapper-inner-blocks eb-wrapper-align-center\">\n<div class=\"wp-block-essential-blocks-row alignfull  root-eb-row-geair\"><div class=\"eb-parent-wrapper eb-parent-eb-row-geair \"><div class=\"eb-row-root-container eb-row-geair\" data-id=\"eb-row-geair\"><div class=\"eb-row-wrapper\"><div class=\"eb-row-inner\">\n<div class=\"wp-block-essential-blocks-column  root-eb-column-jaxdk\"><div class=\"eb-parent-wrapper eb-parent-eb-column-jaxdk \"><div class=\"eb-column-wrapper eb-column-jaxdk\"><div class=\"eb-column-inner\">\n<h1 class=\"wp-block-heading\">Standardgaranti p\u00e5 produkter<\/h1>\n\n\n\n<p>Toyotomi-produkter er d\u00e6kket af en standardproducentgaranti, der fuldt ud overholder g\u00e6ldende europ\u00e6isk lovgivning.<\/p>\n<\/div><\/div><\/div><\/div>\n\n\n\n<div class=\"wp-block-essential-blocks-column  root-eb-column-a2uxc\"><div class=\"eb-parent-wrapper eb-parent-eb-column-a2uxc \"><div class=\"eb-column-wrapper eb-column-a2uxc\"><div class=\"eb-column-inner\">\n<h2 class=\"wp-block-heading\">Garantibetingelser<\/h2>\n\n\n\n<p>Standardgarantien d\u00e6kker defekter i materialer og udf\u00f8relse ved normal brug og korrekt vedligeholdelse. Fuldst\u00e6ndige garantibestemmelser, herunder d\u00e6kningsdetaljer, undtagelser og betingelser, er beskrevet i <strong>den brugervejledning, der f\u00f8lger med hvert produkt<\/strong>. <\/p>\n\n\n\n<p>De fleste brugervejledninger kan ogs\u00e5 ses eller downloades via dette website ved at bes\u00f8ge den relevante produktside.<\/p>\n\n\n\n<p><strong>Bem\u00e6rk:<\/strong> Disse oplysninger er kun til generel reference. De juridisk bindende og autoritative garantibetingelser, der g\u00e6lder for dit produkt, er inkluderet sammen med produktet p\u00e5 k\u00f8bstidspunktet. <\/p>\n\n\n\n<hr class=\"wp-block-separator has-text-color has-alpha-channel-opacity has-background is-style-default\" style=\"margin-top:var(--wp--preset--spacing--small);margin-bottom:var(--wp--preset--spacing--small);background-color:#cccccc;color:#cccccc\"\/>\n\n\n\n<h2 class=\"wp-block-heading\">Garantiperioder efter m\u00e6rke<\/h2>\n\n\n\n<h3 class=\"wp-block-heading\"><strong>Toyotomi<\/strong><\/h3>\n\n\n\n<p>D\u00e6kket af en <strong>5-\u00e5rs garanti<\/strong> fra k\u00f8bsdatoen.<\/p>\n\n\n\n<h3 class=\"wp-block-heading\"><strong>Zibro<\/strong><\/h3>\n\n\n\n<p>D\u00e6kket af en <strong>5-\u00e5rs garanti<\/strong> fra k\u00f8bsdatoen.<\/p>\n\n\n\n<h3 class=\"wp-block-heading\"><strong>Toyoset<\/strong><\/h3>\n\n\n\n<p>D\u00e6kket af en <strong>2-\u00e5rs garanti<\/strong> fra k\u00f8bsdatoen.<\/p>\n\n\n\n<h3 class=\"wp-block-heading\"><strong>Kerosun<\/strong><\/h3>\n\n\n\n<p>D\u00e6kket af en <strong>2-\u00e5rs garanti<\/strong> fra k\u00f8bsdatoen.<\/p>\n\n\n\n<h3 class=\"wp-block-heading\"><strong>GEAR MISSION<\/strong><\/h3>\n\n\n\n<p>D\u00e6kket af en <strong>2-\u00e5rs garanti<\/strong> fra k\u00f8bsdatoen.<\/p>\n\n\n\n<hr class=\"wp-block-separator has-text-color has-alpha-channel-opacity has-background is-style-default\" style=\"margin-top:var(--wp--preset--spacing--small);margin-bottom:var(--wp--preset--spacing--small);background-color:#cccccc;color:#cccccc\"\/>\n\n\n\n<p>Hvor europ\u00e6isk forbrugerlovgivning giver en l\u00e6ngere minimumsgarantiperiode end ovenst\u00e5ende, g\u00e6lder den lovpligtige minimumsgarantiperiode. Garantibetingelserne kan derfor variere afh\u00e6ngigt af det EU-land, hvor k\u00f8bet er foretaget. <\/p>\n<\/div><\/div><\/div><\/div>\n<\/div><\/div><\/div><\/div><\/div>\n<\/div><\/div><\/div><\/div><\/div>\n\n<div class=\"wp-block-essential-blocks-wrapper alignfull  root-eb-wrapper-kxbg4\"><div class=\"eb-parent-wrapper eb-parent-eb-wrapper-kxbg4 \"><div class=\"eb-wrapper-outer eb-wrapper-kxbg4\"><div class=\"eb-wrapper-inner\"><div class=\"eb-wrapper-inner-blocks eb-wrapper-align-center\">\n<div class=\"wp-block-essential-blocks-row alignfull  root-eb-row-4i94n\"><div class=\"eb-parent-wrapper eb-parent-eb-row-4i94n \"><div class=\"eb-row-root-container eb-row-4i94n\" data-id=\"eb-row-4i94n\"><div class=\"eb-row-wrapper\"><div class=\"eb-row-inner\">\n<div class=\"wp-block-essential-blocks-column  root-eb-column-fmghx\"><div class=\"eb-parent-wrapper eb-parent-eb-column-fmghx \"><div class=\"eb-column-wrapper eb-column-fmghx\"><div class=\"eb-column-inner\">\n<h2 class=\"wp-block-heading has-text-align-left has-x-large-font-size\">Produktregistrering<\/h2>\n\n\n\n<p>Vi anbefaler, at du registrerer dit Toyotomi-produkt umiddelbart efter k\u00f8bet for at sikre effektiv garantih\u00e5ndtering og servicesupport.<\/p>\n\n\n\n<p class=\"has-text-align-left\">Udfyld venligst online produktregistreringsformularen for at aktivere din garanti og muligg\u00f8re hurtigere assistance i tilf\u00e6lde af en serviceanmodning.<\/p>\n\n\n\n<div class=\"wp-block-essential-blocks-button root-eb-button-uc8e6\"><div class=\"eb-parent-wrapper eb-parent-eb-button-uc8e6 \"><div class=\"eb-button-wrapper eb-button-alignment eb-button-uc8e6\"><div class=\"eb-button\"><div class=\"eb-button-inner-wrapper \"><a class=\"eb-button-anchor hvr-grow \" href=\"https:\/\/www.toyotomi.eu\/da\/kundeservice\/produktregistrering\/\" rel=\"noopener\"><i icon=\"fas fa-chevron-right\" class=\"fas fa-chevron-right eb-button-icon eb-button-icon-left hvr-icon\"><\/i>Aktiv\u00e9r din garanti<\/a><\/div><\/div><\/div><\/div><\/div>\n<\/div><\/div><\/div><\/div>\n<\/div><\/div><\/div><\/div><\/div>\n<\/div><\/div><\/div><\/div><\/div>\n\n<div class=\"wp-block-essential-blocks-wrapper alignfull  root-eb-wrapper-c92kd\"><div class=\"eb-parent-wrapper eb-parent-eb-wrapper-c92kd \"><div class=\"eb-wrapper-outer eb-wrapper-c92kd\"><div class=\"eb-wrapper-inner\"><div class=\"eb-wrapper-inner-blocks eb-wrapper-align-center\">\n<div class=\"wp-block-essential-blocks-row alignfull  root-eb-row-zc8ic\"><div class=\"eb-parent-wrapper eb-parent-eb-row-zc8ic \"><div class=\"eb-row-root-container eb-row-zc8ic\" data-id=\"eb-row-zc8ic\"><div class=\"eb-row-wrapper\"><div class=\"eb-row-inner\">\n<div class=\"wp-block-essential-blocks-column  root-eb-column-lxhh0\"><div class=\"eb-parent-wrapper eb-parent-eb-column-lxhh0 \"><div class=\"eb-column-wrapper eb-column-lxhh0\"><div class=\"eb-column-inner\">\n<div class=\"wp-block-essential-blocks-button root-eb-button-hunm6\"><div class=\"eb-parent-wrapper eb-parent-eb-button-hunm6 \"><div class=\"eb-button-wrapper eb-button-alignment eb-button-hunm6\"><div class=\"eb-button\"><div class=\"eb-button-inner-wrapper \"><a class=\"eb-button-anchor hvr-grow \" href=\"https:\/\/www.toyotomi.eu\/da\/kundeservice\/\" rel=\"noopener\"><i icon=\"fas fa-chevron-right\" class=\"fas fa-chevron-right eb-button-icon eb-button-icon-left hvr-icon\"><\/i>Kundeservice<\/a><\/div><\/div><\/div><\/div><\/div>\n<\/div><\/div><\/div><\/div>\n<\/div><\/div><\/div><\/div><\/div>\n<\/div><\/div><\/div><\/div><\/div>\n","protected":false},"excerpt":{"rendered":"","protected":false},"author":71,"featured_media":0,"parent":49637,"menu_order":0,"comment_status":"closed","ping_status":"closed","template":"template-canvas.php","meta":{"_acf_changed":false,"_eb_attr":"","footnotes":""},"class_list":["post-49625","page","type-page","status-publish","hentry"],"acf":[],"yoast_head":"<!-- This site is optimized with the Yoast SEO plugin v27.4 - https:\/\/yoast.com\/product\/yoast-seo-wordpress\/ -->\n<title>Garanti - Toyotomi<\/title>\n<meta name=\"description\" content=\"Find svar p\u00e5 ofte stillede sp\u00f8rgsm\u00e5l, oplysninger om garanti og reparation, downloads, og kontakt vores kundeservice med alle dine sp\u00f8rgsm\u00e5l.\" \/>\n<meta name=\"robots\" content=\"index, follow, max-snippet:-1, max-image-preview:large, max-video-preview:-1\" \/>\n<link rel=\"canonical\" href=\"https:\/\/www.toyotomi.eu\/da\/kundeservice\/garanti\/\" \/>\n<meta property=\"og:locale\" content=\"da_DK\" \/>\n<meta property=\"og:type\" content=\"article\" \/>\n<meta property=\"og:title\" content=\"Garanti - Toyotomi\" \/>\n<meta property=\"og:description\" content=\"Find svar p\u00e5 ofte stillede sp\u00f8rgsm\u00e5l, oplysninger om garanti og reparation, downloads, og kontakt vores kundeservice med alle dine sp\u00f8rgsm\u00e5l.\" \/>\n<meta property=\"og:url\" content=\"https:\/\/www.toyotomi.eu\/da\/kundeservice\/garanti\/\" \/>\n<meta property=\"og:site_name\" content=\"Toyotomi\" \/>\n<meta property=\"article:modified_time\" content=\"2026-04-02T14:46:11+00:00\" \/>\n<meta property=\"og:image\" content=\"https:\/\/www.toyotomi.eu\/wp-content\/uploads\/2025\/10\/logo.png\" \/>\n\t<meta property=\"og:image:width\" content=\"1360\" \/>\n\t<meta property=\"og:image:height\" content=\"304\" \/>\n\t<meta property=\"og:image:type\" content=\"image\/png\" \/>\n<meta name=\"twitter:card\" content=\"summary_large_image\" \/>\n<meta name=\"twitter:label1\" content=\"Estimeret l\u00e6setid\" \/>\n\t<meta name=\"twitter:data1\" content=\"1 minut\" \/>\n<script type=\"application\/ld+json\" class=\"yoast-schema-graph\">{\"@context\":\"https:\\\/\\\/schema.org\",\"@graph\":[{\"@type\":\"WebPage\",\"@id\":\"https:\\\/\\\/www.toyotomi.eu\\\/da\\\/kundeservice\\\/garanti\\\/\",\"url\":\"https:\\\/\\\/www.toyotomi.eu\\\/da\\\/kundeservice\\\/garanti\\\/\",\"name\":\"Garanti - Toyotomi\",\"isPartOf\":{\"@id\":\"https:\\\/\\\/www.toyotomi.eu\\\/da\\\/#website\"},\"datePublished\":\"2024-12-31T23:00:32+00:00\",\"dateModified\":\"2026-04-02T14:46:11+00:00\",\"description\":\"Find svar p\u00e5 ofte stillede sp\u00f8rgsm\u00e5l, oplysninger om garanti og reparation, downloads, og kontakt vores kundeservice med alle dine sp\u00f8rgsm\u00e5l.\",\"breadcrumb\":{\"@id\":\"https:\\\/\\\/www.toyotomi.eu\\\/da\\\/kundeservice\\\/garanti\\\/#breadcrumb\"},\"inLanguage\":\"da-DK\",\"potentialAction\":[{\"@type\":\"ReadAction\",\"target\":[\"https:\\\/\\\/www.toyotomi.eu\\\/da\\\/kundeservice\\\/garanti\\\/\"]}]},{\"@type\":\"BreadcrumbList\",\"@id\":\"https:\\\/\\\/www.toyotomi.eu\\\/da\\\/kundeservice\\\/garanti\\\/#breadcrumb\",\"itemListElement\":[{\"@type\":\"ListItem\",\"position\":1,\"name\":\"Forside\",\"item\":\"https:\\\/\\\/www.toyotomi.eu\\\/da\\\/\"},{\"@type\":\"ListItem\",\"position\":2,\"name\":\"Kundeservice\",\"item\":\"https:\\\/\\\/www.toyotomi.eu\\\/da\\\/kundeservice\\\/\"},{\"@type\":\"ListItem\",\"position\":3,\"name\":\"Garanti\"}]},{\"@type\":\"WebSite\",\"@id\":\"https:\\\/\\\/www.toyotomi.eu\\\/da\\\/#website\",\"url\":\"https:\\\/\\\/www.toyotomi.eu\\\/da\\\/\",\"name\":\"Toyotomi\",\"description\":\"\",\"publisher\":{\"@id\":\"https:\\\/\\\/www.toyotomi.eu\\\/da\\\/#organization\"},\"potentialAction\":[{\"@type\":\"SearchAction\",\"target\":{\"@type\":\"EntryPoint\",\"urlTemplate\":\"https:\\\/\\\/www.toyotomi.eu\\\/da\\\/?s={search_term_string}\"},\"query-input\":{\"@type\":\"PropertyValueSpecification\",\"valueRequired\":true,\"valueName\":\"search_term_string\"}}],\"inLanguage\":\"da-DK\"},{\"@type\":\"Organization\",\"@id\":\"https:\\\/\\\/www.toyotomi.eu\\\/da\\\/#organization\",\"name\":\"Toyotomi Europe Sales B.V.\",\"alternateName\":\"Toyotomi\",\"url\":\"https:\\\/\\\/www.toyotomi.eu\\\/da\\\/\",\"logo\":{\"@type\":\"ImageObject\",\"inLanguage\":\"da-DK\",\"@id\":\"https:\\\/\\\/www.toyotomi.eu\\\/da\\\/#\\\/schema\\\/logo\\\/image\\\/\",\"url\":\"https:\\\/\\\/www.toyotomi.eu\\\/wp-content\\\/uploads\\\/2025\\\/10\\\/logo.png\",\"contentUrl\":\"https:\\\/\\\/www.toyotomi.eu\\\/wp-content\\\/uploads\\\/2025\\\/10\\\/logo.png\",\"width\":1360,\"height\":304,\"caption\":\"Toyotomi Europe Sales B.V.\"},\"image\":{\"@id\":\"https:\\\/\\\/www.toyotomi.eu\\\/da\\\/#\\\/schema\\\/logo\\\/image\\\/\"}}]}<\/script>\n<!-- \/ Yoast SEO plugin. -->","yoast_head_json":{"title":"Garanti - Toyotomi","description":"Find svar p\u00e5 ofte stillede sp\u00f8rgsm\u00e5l, oplysninger om garanti og reparation, downloads, og kontakt vores kundeservice med alle dine sp\u00f8rgsm\u00e5l.","robots":{"index":"index","follow":"follow","max-snippet":"max-snippet:-1","max-image-preview":"max-image-preview:large","max-video-preview":"max-video-preview:-1"},"canonical":"https:\/\/www.toyotomi.eu\/da\/kundeservice\/garanti\/","og_locale":"da_DK","og_type":"article","og_title":"Garanti - Toyotomi","og_description":"Find svar p\u00e5 ofte stillede sp\u00f8rgsm\u00e5l, oplysninger om garanti og reparation, downloads, og kontakt vores kundeservice med alle dine sp\u00f8rgsm\u00e5l.","og_url":"https:\/\/www.toyotomi.eu\/da\/kundeservice\/garanti\/","og_site_name":"Toyotomi","article_modified_time":"2026-04-02T14:46:11+00:00","og_image":[{"width":1360,"height":304,"url":"https:\/\/www.toyotomi.eu\/wp-content\/uploads\/2025\/10\/logo.png","type":"image\/png"}],"twitter_card":"summary_large_image","twitter_misc":{"Estimeret l\u00e6setid":"1 minut"},"schema":{"@context":"https:\/\/schema.org","@graph":[{"@type":"WebPage","@id":"https:\/\/www.toyotomi.eu\/da\/kundeservice\/garanti\/","url":"https:\/\/www.toyotomi.eu\/da\/kundeservice\/garanti\/","name":"Garanti - Toyotomi","isPartOf":{"@id":"https:\/\/www.toyotomi.eu\/da\/#website"},"datePublished":"2024-12-31T23:00:32+00:00","dateModified":"2026-04-02T14:46:11+00:00","description":"Find svar p\u00e5 ofte stillede sp\u00f8rgsm\u00e5l, oplysninger om garanti og reparation, downloads, og kontakt vores kundeservice med alle dine sp\u00f8rgsm\u00e5l.","breadcrumb":{"@id":"https:\/\/www.toyotomi.eu\/da\/kundeservice\/garanti\/#breadcrumb"},"inLanguage":"da-DK","potentialAction":[{"@type":"ReadAction","target":["https:\/\/www.toyotomi.eu\/da\/kundeservice\/garanti\/"]}]},{"@type":"BreadcrumbList","@id":"https:\/\/www.toyotomi.eu\/da\/kundeservice\/garanti\/#breadcrumb","itemListElement":[{"@type":"ListItem","position":1,"name":"Forside","item":"https:\/\/www.toyotomi.eu\/da\/"},{"@type":"ListItem","position":2,"name":"Kundeservice","item":"https:\/\/www.toyotomi.eu\/da\/kundeservice\/"},{"@type":"ListItem","position":3,"name":"Garanti"}]},{"@type":"WebSite","@id":"https:\/\/www.toyotomi.eu\/da\/#website","url":"https:\/\/www.toyotomi.eu\/da\/","name":"Toyotomi","description":"","publisher":{"@id":"https:\/\/www.toyotomi.eu\/da\/#organization"},"potentialAction":[{"@type":"SearchAction","target":{"@type":"EntryPoint","urlTemplate":"https:\/\/www.toyotomi.eu\/da\/?s={search_term_string}"},"query-input":{"@type":"PropertyValueSpecification","valueRequired":true,"valueName":"search_term_string"}}],"inLanguage":"da-DK"},{"@type":"Organization","@id":"https:\/\/www.toyotomi.eu\/da\/#organization","name":"Toyotomi Europe Sales B.V.","alternateName":"Toyotomi","url":"https:\/\/www.toyotomi.eu\/da\/","logo":{"@type":"ImageObject","inLanguage":"da-DK","@id":"https:\/\/www.toyotomi.eu\/da\/#\/schema\/logo\/image\/","url":"https:\/\/www.toyotomi.eu\/wp-content\/uploads\/2025\/10\/logo.png","contentUrl":"https:\/\/www.toyotomi.eu\/wp-content\/uploads\/2025\/10\/logo.png","width":1360,"height":304,"caption":"Toyotomi Europe Sales B.V."},"image":{"@id":"https:\/\/www.toyotomi.eu\/da\/#\/schema\/logo\/image\/"}}]}},"_links":{"self":[{"href":"https:\/\/www.toyotomi.eu\/da\/wp-json\/wp\/v2\/pages\/49625","targetHints":{"allow":["GET"]}}],"collection":[{"href":"https:\/\/www.toyotomi.eu\/da\/wp-json\/wp\/v2\/pages"}],"about":[{"href":"https:\/\/www.toyotomi.eu\/da\/wp-json\/wp\/v2\/types\/page"}],"author":[{"embeddable":true,"href":"https:\/\/www.toyotomi.eu\/da\/wp-json\/wp\/v2\/users\/71"}],"replies":[{"embeddable":true,"href":"https:\/\/www.toyotomi.eu\/da\/wp-json\/wp\/v2\/comments?post=49625"}],"version-history":[{"count":9,"href":"https:\/\/www.toyotomi.eu\/da\/wp-json\/wp\/v2\/pages\/49625\/revisions"}],"predecessor-version":[{"id":62628,"href":"https:\/\/www.toyotomi.eu\/da\/wp-json\/wp\/v2\/pages\/49625\/revisions\/62628"}],"up":[{"embeddable":true,"href":"https:\/\/www.toyotomi.eu\/da\/wp-json\/wp\/v2\/pages\/49637"}],"wp:attachment":[{"href":"https:\/\/www.toyotomi.eu\/da\/wp-json\/wp\/v2\/media?parent=49625"}],"curies":[{"name":"wp","href":"https:\/\/api.w.org\/{rel}","templated":true}]}}