{"id":49596,"date":"2025-01-01T00:00:38","date_gmt":"2024-12-31T23:00:38","guid":{"rendered":"https:\/\/www.toyotomi.eu\/historie\/"},"modified":"2026-01-22T01:13:27","modified_gmt":"2026-01-22T00:13:27","slug":"historie","status":"publish","type":"page","link":"https:\/\/www.toyotomi.eu\/da\/om-os\/historie\/","title":{"rendered":"Historie"},"content":{"rendered":"\n<div class=\"wp-block-cover alignfull\" style=\"min-height:600px;aspect-ratio:unset;\"><img loading=\"lazy\" decoding=\"async\" width=\"1920\" height=\"600\" class=\"wp-block-cover__image-background wp-image-16189 size-full\" alt=\"\" src=\"https:\/\/www.toyotomi.eu\/wp-content\/uploads\/2025\/06\/Toyotomi-history-banner.jpg\" style=\"object-position:65% 50%\" data-object-fit=\"cover\" data-object-position=\"65% 50%\"\/><span aria-hidden=\"true\" class=\"wp-block-cover__background has-dark-background-color has-background-dim-0 has-background-dim\"><\/span><div class=\"wp-block-cover__inner-container has-global-padding is-layout-constrained wp-block-cover-is-layout-constrained\">\n<p class=\"has-text-align-center has-large-font-size\"><\/p>\n<\/div><\/div>\n\n<div class=\"wp-block-essential-blocks-wrapper alignfull  root-eb-wrapper-678wz\"><div class=\"eb-parent-wrapper eb-parent-eb-wrapper-678wz \"><div class=\"eb-wrapper-outer eb-wrapper-678wz\"><div class=\"eb-wrapper-inner\"><div class=\"eb-wrapper-inner-blocks eb-wrapper-align-center\">\n<div class=\"wp-block-essential-blocks-timeline alignfull root-eb-timeline-aim4r\"><div class=\"eb-parent-wrapper eb-parent-eb-timeline-aim4r \"><div class=\"eb-timeline-wrapper eb-timeline-aim4r alternating-layout layout-preset-1 eb-timeline-line-style-four \" data-id=\"eb-timeline-aim4r\" data-connector-color=\"rgba(202,15,15,1)\" data-progress-color=\"rgba(50,50,50,1)\" data-connector-width=\"1\"><div class=\"eb-timeline-progress-line\"><div class=\"eb-timeline-progress-fill\"><\/div><\/div><div><\/div><div class=\"eb-timeline-item\" data-index=\"0\"><div class=\"eb-timeline-date-section\"><div class=\"eb-timeline-date\">1949<\/div><div class=\"eb-timeline-subheading\">Japan<\/div><\/div><div class=\"eb-timeline-dot\"><div class=\"eb-timeline-dot-inner\"><span class=\"eb-timeline-dot-icon\">1<\/span><i icon=\"fas fa-check\" class=\"fas fa-check eb-timeline-dot-icon eb-timeline-complete-icon\"><\/i><\/div><\/div><div class=\"eb-timeline-item-content\"><div class=\"eb-timeline-content\"><div class=\"eb-timeline-date-section\"><div class=\"eb-timeline-date\">1949<\/div><div class=\"eb-timeline-subheading\">Japan<\/div><\/div><h2 class=\"eb-timeline-title\">Grundl\u00e6ggelsen<\/h2><div class=\"eb-timeline-excerpt\"><p>Toyotomi starter som leverand\u00f8r af st\u00e5ldele til Toyota, grundlagt af Mr. Kazuharu Nakamura med st\u00e6rke b\u00e5nd til Japans industrielle r\u00f8dder.<\/p>\n<p><img loading=\"lazy\" decoding=\"async\" src=\"https:\/\/www.toyotomi.eu\/wp-content\/uploads\/2025\/06\/Our-Story-Toyotomi.jpg\" alt=\"\" width=\"800\" height=\"450\"><\/p><\/div><\/div><\/div><\/div><div class=\"eb-timeline-item\" data-index=\"1\"><div class=\"eb-timeline-date-section\"><div class=\"eb-timeline-date\">1994<\/div><div class=\"eb-timeline-subheading\">Japan<\/div><\/div><div class=\"eb-timeline-dot\"><div class=\"eb-timeline-dot-inner\"><span class=\"eb-timeline-dot-icon\">2<\/span><i icon=\"fas fa-check\" class=\"fas fa-check eb-timeline-dot-icon eb-timeline-complete-icon\"><\/i><\/div><\/div><div class=\"eb-timeline-item-content\"><div class=\"eb-timeline-content\"><div class=\"eb-timeline-date-section\"><div class=\"eb-timeline-date\">1994<\/div><div class=\"eb-timeline-subheading\">Japan<\/div><\/div><h2 class=\"eb-timeline-title\">Den f\u00f8rste petroleumsvarmer<\/h2><div class=\"eb-timeline-excerpt\"><p>Toyotomi introducerer sin f\u00f8rste petroleumsovn og -varmer, hvilket markerer starten p\u00e5 sin f\u00f8rende position inden for br\u00e6ndstofbaseret opvarmning.<\/p>\n<p><img decoding=\"async\" src=\"https:\/\/www.toyotomi.eu\/wp-content\/uploads\/2025\/06\/First-kerosene-stove.jpg\" alt=\"\"><\/p><\/div><\/div><\/div><\/div><div class=\"eb-timeline-item\" data-index=\"2\"><div class=\"eb-timeline-date-section\"><div class=\"eb-timeline-date\">1958<\/div><div class=\"eb-timeline-subheading\">Japan<\/div><\/div><div class=\"eb-timeline-dot\"><div class=\"eb-timeline-dot-inner\"><span class=\"eb-timeline-dot-icon\">3<\/span><i icon=\"fas fa-check\" class=\"fas fa-check eb-timeline-dot-icon eb-timeline-complete-icon\"><\/i><\/div><\/div><div class=\"eb-timeline-item-content\"><div class=\"eb-timeline-content\"><div class=\"eb-timeline-date-section\"><div class=\"eb-timeline-date\">1958<\/div><div class=\"eb-timeline-subheading\">Japan<\/div><\/div><h2 class=\"eb-timeline-title\">Innovation &amp; Anerkendelse<\/h2><div class=\"eb-timeline-excerpt\"><p>Et \u00e5rti med gennembrud, herunder den f\u00f8rste infrar\u00f8de glasbr\u00e6nder og priser for sikkerhed og kvalitet fra Japan og USA.<\/p>\n<p><img decoding=\"async\" src=\"https:\/\/www.toyotomi.eu\/wp-content\/uploads\/2025\/06\/toyotomi-award-innovation.jpg\" alt=\"\"><\/p><\/div><\/div><\/div><\/div><div class=\"eb-timeline-item\" data-index=\"3\"><div class=\"eb-timeline-date-section\"><div class=\"eb-timeline-date\">1970<\/div><div class=\"eb-timeline-subheading\">Japan<\/div><\/div><div class=\"eb-timeline-dot\"><div class=\"eb-timeline-dot-inner\"><span class=\"eb-timeline-dot-icon\">4<\/span><i icon=\"fas fa-check\" class=\"fas fa-check eb-timeline-dot-icon eb-timeline-complete-icon\"><\/i><\/div><\/div><div class=\"eb-timeline-item-content\"><div class=\"eb-timeline-content\"><div class=\"eb-timeline-date-section\"><div class=\"eb-timeline-date\">1970<\/div><div class=\"eb-timeline-subheading\">Japan<\/div><\/div><h2 class=\"eb-timeline-title\">Det f\u00f8rste elektriske apparat<\/h2><div class=\"eb-timeline-excerpt\"><p>Toyotomi udvider til elektriske rumvarmere og komfortapparater til hjemmet og udvider sin r\u00e6kkevidde ud over petroleumsprodukter.<\/p>\n<p><img decoding=\"async\" src=\"https:\/\/www.toyotomi.eu\/wp-content\/uploads\/2025\/06\/first-electric-heating-appliance.jpg\" alt=\"\"><\/p><\/div><\/div><\/div><\/div><div class=\"eb-timeline-item\" data-index=\"4\"><div class=\"eb-timeline-date-section\"><div class=\"eb-timeline-date\">1972<\/div><div class=\"eb-timeline-subheading\">International<\/div><\/div><div class=\"eb-timeline-dot\"><div class=\"eb-timeline-dot-inner\"><span class=\"eb-timeline-dot-icon\">5<\/span><i icon=\"fas fa-check\" class=\"fas fa-check eb-timeline-dot-icon eb-timeline-complete-icon\"><\/i><\/div><\/div><div class=\"eb-timeline-item-content\"><div class=\"eb-timeline-content\"><div class=\"eb-timeline-date-section\"><div class=\"eb-timeline-date\">1972<\/div><div class=\"eb-timeline-subheading\">International<\/div><\/div><h2 class=\"eb-timeline-title\">Internationalisering<\/h2><div class=\"eb-timeline-excerpt\"><p>Toyotomi-koncernen dannes med internationale fabrikker og eksport, hvilket skaber en global tilstedev\u00e6relse.<\/p>\n<p><img loading=\"lazy\" decoding=\"async\" src=\"https:\/\/www.toyotomi.eu\/wp-content\/uploads\/2025\/06\/toyotomi-history-world-wide-1.jpg\" alt=\"\" width=\"1920\" height=\"1080\"><\/p><\/div><\/div><\/div><\/div><div class=\"eb-timeline-item\" data-index=\"5\"><div class=\"eb-timeline-date-section\"><div class=\"eb-timeline-date\">1983<\/div><div class=\"eb-timeline-subheading\">Japan<\/div><\/div><div class=\"eb-timeline-dot\"><div class=\"eb-timeline-dot-inner\"><span class=\"eb-timeline-dot-icon\">6<\/span><i icon=\"fas fa-check\" class=\"fas fa-check eb-timeline-dot-icon eb-timeline-complete-icon\"><\/i><\/div><\/div><div class=\"eb-timeline-item-content\"><div class=\"eb-timeline-content\"><div class=\"eb-timeline-date-section\"><div class=\"eb-timeline-date\">1983<\/div><div class=\"eb-timeline-subheading\">Japan<\/div><\/div><h2 class=\"eb-timeline-title\">Transportabelt Klimaanl\u00e6g<\/h2><div class=\"eb-timeline-excerpt\"><p>Toyotomis TID-1800 transportable klimaanl\u00e6g f\u00e5r global opm\u00e6rksomhed for sit kompakte og st\u00f8jsvage design.<\/p>\n<p><img decoding=\"async\" src=\"https:\/\/www.toyotomi.eu\/wp-content\/uploads\/2025\/06\/Portable-ac.jpg\" alt=\"\"><\/p><\/div><\/div><\/div><\/div><div class=\"eb-timeline-item\" data-index=\"6\"><div class=\"eb-timeline-date-section\"><div class=\"eb-timeline-date\">1998<\/div><div class=\"eb-timeline-subheading\">Japan<\/div><\/div><div class=\"eb-timeline-dot\"><div class=\"eb-timeline-dot-inner\"><span class=\"eb-timeline-dot-icon\">7<\/span><i icon=\"fas fa-check\" class=\"fas fa-check eb-timeline-dot-icon eb-timeline-complete-icon\"><\/i><\/div><\/div><div class=\"eb-timeline-item-content\"><div class=\"eb-timeline-content\"><div class=\"eb-timeline-date-section\"><div class=\"eb-timeline-date\">1998<\/div><div class=\"eb-timeline-subheading\">Japan<\/div><\/div><h2 class=\"eb-timeline-title\">Fremme af AC-teknologi<\/h2><div class=\"eb-timeline-excerpt\"><p>Toyotomi udvikler energieffektive klimaanl\u00e6g ved hj\u00e6lp af inverterteknologi til pr\u00e6cis, milj\u00f8venlig klimastyring.<\/p>\n<p><img decoding=\"async\" src=\"https:\/\/www.toyotomi.eu\/wp-content\/uploads\/2025\/06\/AC-technology.jpg\" alt=\"\"><\/p><\/div><\/div><\/div><\/div><div class=\"eb-timeline-item\" data-index=\"7\"><div class=\"eb-timeline-date-section\"><div class=\"eb-timeline-date\">2014<\/div><div class=\"eb-timeline-subheading\">Holland<\/div><\/div><div class=\"eb-timeline-dot\"><div class=\"eb-timeline-dot-inner\"><span class=\"eb-timeline-dot-icon\">8<\/span><i icon=\"fas fa-check\" class=\"fas fa-check eb-timeline-dot-icon eb-timeline-complete-icon\"><\/i><\/div><\/div><div class=\"eb-timeline-item-content\"><div class=\"eb-timeline-content\"><div class=\"eb-timeline-date-section\"><div class=\"eb-timeline-date\">2014<\/div><div class=\"eb-timeline-subheading\">Holland<\/div><\/div><h2 class=\"eb-timeline-title\">Toyotomi Europe Sales<\/h2><div class=\"eb-timeline-excerpt\"><p>Toyotomi etablerede deres eget kontor i Europa og distribuerer selv vores produkter over hele det europ\u00e6iske kontinent.<\/p>\n<p><img decoding=\"async\" src=\"https:\/\/www.toyotomi.eu\/wp-content\/uploads\/2025\/11\/Toyotomi-Europe-sales-office-building.jpg\" alt=\"\"><\/p><\/div><\/div><\/div><\/div><div class=\"eb-timeline-item\" data-index=\"8\"><div class=\"eb-timeline-date-section\"><div class=\"eb-timeline-date\">2019<\/div><div class=\"eb-timeline-subheading\">Japan<\/div><\/div><div class=\"eb-timeline-dot\"><div class=\"eb-timeline-dot-inner\"><span class=\"eb-timeline-dot-icon\">9<\/span><i icon=\"fas fa-check\" class=\"fas fa-check eb-timeline-dot-icon eb-timeline-complete-icon\"><\/i><\/div><\/div><div class=\"eb-timeline-item-content\"><div class=\"eb-timeline-content\"><div class=\"eb-timeline-date-section\"><div class=\"eb-timeline-date\">2019<\/div><div class=\"eb-timeline-subheading\">Japan<\/div><\/div><h2 class=\"eb-timeline-title\">70-\u00e5rs jubil\u00e6um<\/h2><div class=\"eb-timeline-excerpt\"><p>Toyotomi fejrer 70 \u00e5r og over 65 millioner solgte varmeapparater og bekr\u00e6fter sin markedsledende position inden for transportabel opvarmning.<\/p>\n<p><img decoding=\"async\" src=\"https:\/\/www.toyotomi.eu\/wp-content\/uploads\/2025\/11\/70th-years-toyotomi.jpg\" alt=\"\"><\/p><\/div><\/div><\/div><\/div><div class=\"eb-timeline-item\" data-index=\"9\"><div class=\"eb-timeline-date-section\"><div class=\"eb-timeline-date\">2020<\/div><div class=\"eb-timeline-subheading\">Europa<\/div><\/div><div class=\"eb-timeline-dot\"><div class=\"eb-timeline-dot-inner\"><span class=\"eb-timeline-dot-icon\">10<\/span><i icon=\"fas fa-check\" class=\"fas fa-check eb-timeline-dot-icon eb-timeline-complete-icon\"><\/i><\/div><\/div><div class=\"eb-timeline-item-content\"><div class=\"eb-timeline-content\"><div class=\"eb-timeline-date-section\"><div class=\"eb-timeline-date\">2020<\/div><div class=\"eb-timeline-subheading\">Europa<\/div><\/div><h2 class=\"eb-timeline-title\">B\u00e6redygtighed &amp; Innovation<\/h2><div class=\"eb-timeline-excerpt\"><p>Toyotomi udvider til affugtere og milj\u00f8bevidste HVAC-l\u00f8sninger til den moderne verden.<\/p>\n<p><img decoding=\"async\" src=\"https:\/\/www.toyotomi.eu\/wp-content\/uploads\/2025\/06\/History-sustain.jpg\" alt=\"\"><\/p><\/div><\/div><\/div><\/div><div class=\"eb-timeline-item\" data-index=\"10\"><div class=\"eb-timeline-date-section\"><div class=\"eb-timeline-date\">2024<\/div><div class=\"eb-timeline-subheading\">Europa<\/div><\/div><div class=\"eb-timeline-dot\"><div class=\"eb-timeline-dot-inner\"><span class=\"eb-timeline-dot-icon\">11<\/span><i icon=\"fas fa-check\" class=\"fas fa-check eb-timeline-dot-icon eb-timeline-complete-icon\"><\/i><\/div><\/div><div class=\"eb-timeline-item-content\"><div class=\"eb-timeline-content\"><div class=\"eb-timeline-date-section\"><div class=\"eb-timeline-date\">2024<\/div><div class=\"eb-timeline-subheading\">Europa<\/div><\/div><h2 class=\"eb-timeline-title\">75 \u00e5r<\/h2><div class=\"eb-timeline-excerpt\"><p>Med 75 \u00e5rs p\u00e5lideligt h\u00e5ndv\u00e6rk er Toyotomi fortsat f\u00f8rende inden for p\u00e5lidelige klimall\u00f8sninger med h\u00f8j ydeevne.<\/p>\n<p><img decoding=\"async\" src=\"https:\/\/www.toyotomi.eu\/wp-content\/uploads\/2026\/01\/Toyotomi-Europe-75-years.png\" alt=\"\"><\/p><\/div><\/div><\/div><\/div><\/div><\/div><\/div>\n<\/div><\/div><\/div><\/div><\/div>\n\n<div style=\"height:20px\" aria-hidden=\"true\" class=\"wp-block-spacer\"><\/div>\n\n<div class=\"wp-block-essential-blocks-wrapper alignfull  root-eb-wrapper-o8i2v\"><div class=\"eb-parent-wrapper eb-parent-eb-wrapper-o8i2v \"><div class=\"eb-wrapper-outer eb-wrapper-o8i2v\"><div class=\"eb-wrapper-inner\"><div class=\"eb-wrapper-inner-blocks eb-wrapper-align-center\">\n<div class=\"wp-block-essential-blocks-row alignfull  root-eb-row-m38tl\"><div class=\"eb-parent-wrapper eb-parent-eb-row-m38tl \"><div class=\"eb-row-root-container eb-row-m38tl\" data-id=\"eb-row-m38tl\"><div class=\"eb-row-wrapper\"><div class=\"eb-row-inner\">\n<div class=\"wp-block-essential-blocks-column  root-eb-column-cnf2c\"><div class=\"eb-parent-wrapper eb-parent-eb-column-cnf2c \"><div class=\"eb-column-wrapper eb-column-cnf2c\"><div class=\"eb-column-inner\">\n<div class=\"wp-block-essential-blocks-row alignfull  root-eb-row-306c7\"><div class=\"eb-parent-wrapper eb-parent-eb-row-306c7 \"><div class=\"eb-row-root-container eb-row-306c7\" data-id=\"eb-row-306c7\"><div class=\"eb-row-wrapper\"><div class=\"eb-row-inner\">\n<div class=\"wp-block-essential-blocks-column  root-eb-column-gudv1\"><div class=\"eb-parent-wrapper eb-parent-eb-column-gudv1 \"><div class=\"eb-column-wrapper eb-column-gudv1\"><div class=\"eb-column-inner\">\n<h3 class=\"wp-block-heading has-large-font-size\" id=\"3-japanese-heritage\">Om os<\/h3>\n\n\n\n<div style=\"height:20px\" aria-hidden=\"true\" class=\"wp-block-spacer\"><\/div>\n\n\n\n<p>L\u00e6s om, hvad Toyotomi Europe Sales st\u00e5r for, og vores mission om at bringe klimal\u00f8sninger til hele Europa.<\/p>\n<\/div><\/div><\/div><\/div>\n<\/div><\/div><\/div><\/div><\/div>\n\n\n\n<div style=\"height:25px\" aria-hidden=\"true\" class=\"wp-block-spacer\"><\/div>\n\n\n\n<div class=\"wp-block-essential-blocks-row alignfull  root-eb-row-fvf3k\"><div class=\"eb-parent-wrapper eb-parent-eb-row-fvf3k \"><div class=\"eb-row-root-container eb-row-fvf3k\" data-id=\"eb-row-fvf3k\"><div class=\"eb-row-wrapper\"><div class=\"eb-row-inner\">\n<div class=\"wp-block-essential-blocks-column  root-eb-column-mce73\"><div class=\"eb-parent-wrapper eb-parent-eb-column-mce73 \"><div class=\"eb-column-wrapper eb-column-mce73\"><div class=\"eb-column-inner\">\n<div class=\"wp-block-buttons is-horizontal is-content-justification-left is-layout-flex wp-container-core-buttons-is-layout-2289cd40 wp-block-buttons-is-layout-flex\">\n<div class=\"wp-block-button hvr-grow\"><a class=\"wp-block-button__link has-white-color has-text-color has-background has-link-color has-text-align-center has-custom-font-size wp-element-button\" href=\"https:\/\/www.toyotomi.eu\/da\/om-os\/\" style=\"border-radius:4px;background-color:#ca0f0f;font-size:clamp(14px, 0.875rem + ((1vw - 3.2px) * 0.46), 18px);\">Om os<\/a><\/div>\n<\/div>\n<\/div><\/div><\/div><\/div>\n<\/div><\/div><\/div><\/div><\/div>\n<\/div><\/div><\/div><\/div>\n\n\n\n<div class=\"wp-block-essential-blocks-column  root-eb-column-gp7wb\"><div class=\"eb-parent-wrapper eb-parent-eb-column-gp7wb \"><div class=\"eb-column-wrapper eb-column-gp7wb\"><div class=\"eb-column-inner\">\n<figure class=\"wp-block-image size-full has-custom-border\"><a href=\"https:\/\/www.toyotomi.eu\/da\/om-os\/\"><img loading=\"lazy\" decoding=\"async\" width=\"800\" height=\"550\" src=\"https:\/\/www.toyotomi.eu\/wp-content\/uploads\/2025\/07\/mr-nakamura-1.jpg\" alt=\"Lyst indend&#xF8;rs rum med varmel&#xF8;sninger.\" class=\"wp-image-22250\" style=\"border-radius:4px\" srcset=\"https:\/\/www.toyotomi.eu\/wp-content\/uploads\/2025\/07\/mr-nakamura-1.jpg 800w, https:\/\/www.toyotomi.eu\/wp-content\/uploads\/2025\/07\/mr-nakamura-1-300x206.jpg 300w, https:\/\/www.toyotomi.eu\/wp-content\/uploads\/2025\/07\/mr-nakamura-1-768x528.jpg 768w, https:\/\/www.toyotomi.eu\/wp-content\/uploads\/2025\/07\/mr-nakamura-1-441x303.jpg 441w, https:\/\/www.toyotomi.eu\/wp-content\/uploads\/2025\/07\/mr-nakamura-1-150x103.jpg 150w\" sizes=\"auto, (max-width: 800px) 100vw, 800px\" \/><\/a><\/figure>\n<\/div><\/div><\/div><\/div>\n<\/div><\/div><\/div><\/div><\/div>\n<\/div><\/div><\/div><\/div><\/div>\n","protected":false},"excerpt":{"rendered":"","protected":false},"author":71,"featured_media":0,"parent":49674,"menu_order":0,"comment_status":"closed","ping_status":"closed","template":"template-canvas.php","meta":{"_acf_changed":false,"_eb_attr":"","footnotes":""},"class_list":["post-49596","page","type-page","status-publish","hentry"],"acf":[],"yoast_head":"<!-- This site is optimized with the Yoast SEO plugin v27.4 - https:\/\/yoast.com\/product\/yoast-seo-wordpress\/ -->\n<title>Historie - Toyotomi<\/title>\n<meta name=\"description\" content=\"Oplev Toyotomis historie, over 75 \u00e5rs innovation inden for opvarmning, k\u00f8ling og luftbehandling, l\u00f8sninger i hele Europa og videre.\" \/>\n<meta name=\"robots\" content=\"index, follow, max-snippet:-1, max-image-preview:large, max-video-preview:-1\" \/>\n<link rel=\"canonical\" href=\"https:\/\/www.toyotomi.eu\/da\/om-os\/historie\/\" \/>\n<meta property=\"og:locale\" content=\"da_DK\" \/>\n<meta property=\"og:type\" content=\"article\" \/>\n<meta property=\"og:title\" content=\"Historie - Toyotomi\" \/>\n<meta property=\"og:description\" content=\"Oplev Toyotomis historie, over 75 \u00e5rs innovation inden for opvarmning, k\u00f8ling og luftbehandling, l\u00f8sninger i hele Europa og videre.\" \/>\n<meta property=\"og:url\" content=\"https:\/\/www.toyotomi.eu\/da\/om-os\/historie\/\" \/>\n<meta property=\"og:site_name\" content=\"Toyotomi\" \/>\n<meta property=\"article:modified_time\" content=\"2026-01-22T00:13:27+00:00\" \/>\n<meta property=\"og:image\" content=\"https:\/\/www.toyotomi.eu\/wp-content\/uploads\/2025\/06\/Toyotomi-history-banner.jpg\" \/>\n\t<meta property=\"og:image:width\" content=\"1920\" \/>\n\t<meta property=\"og:image:height\" content=\"600\" \/>\n\t<meta property=\"og:image:type\" content=\"image\/jpeg\" \/>\n<meta name=\"twitter:card\" content=\"summary_large_image\" \/>\n<meta name=\"twitter:label1\" content=\"Estimeret l\u00e6setid\" \/>\n\t<meta name=\"twitter:data1\" content=\"1 minut\" \/>\n<script type=\"application\/ld+json\" class=\"yoast-schema-graph\">{\"@context\":\"https:\\\/\\\/schema.org\",\"@graph\":[{\"@type\":\"WebPage\",\"@id\":\"https:\\\/\\\/www.toyotomi.eu\\\/da\\\/om-os\\\/historie\\\/\",\"url\":\"https:\\\/\\\/www.toyotomi.eu\\\/da\\\/om-os\\\/historie\\\/\",\"name\":\"Historie - Toyotomi\",\"isPartOf\":{\"@id\":\"https:\\\/\\\/www.toyotomi.eu\\\/da\\\/#website\"},\"primaryImageOfPage\":{\"@id\":\"https:\\\/\\\/www.toyotomi.eu\\\/da\\\/om-os\\\/historie\\\/#primaryimage\"},\"image\":{\"@id\":\"https:\\\/\\\/www.toyotomi.eu\\\/da\\\/om-os\\\/historie\\\/#primaryimage\"},\"thumbnailUrl\":\"https:\\\/\\\/www.toyotomi.eu\\\/wp-content\\\/uploads\\\/2025\\\/06\\\/Toyotomi-history-banner.jpg\",\"datePublished\":\"2024-12-31T23:00:38+00:00\",\"dateModified\":\"2026-01-22T00:13:27+00:00\",\"description\":\"Oplev Toyotomis historie, over 75 \u00e5rs innovation inden for opvarmning, k\u00f8ling og luftbehandling, l\u00f8sninger i hele Europa og videre.\",\"breadcrumb\":{\"@id\":\"https:\\\/\\\/www.toyotomi.eu\\\/da\\\/om-os\\\/historie\\\/#breadcrumb\"},\"inLanguage\":\"da-DK\",\"potentialAction\":[{\"@type\":\"ReadAction\",\"target\":[\"https:\\\/\\\/www.toyotomi.eu\\\/da\\\/om-os\\\/historie\\\/\"]}]},{\"@type\":\"ImageObject\",\"inLanguage\":\"da-DK\",\"@id\":\"https:\\\/\\\/www.toyotomi.eu\\\/da\\\/om-os\\\/historie\\\/#primaryimage\",\"url\":\"https:\\\/\\\/www.toyotomi.eu\\\/wp-content\\\/uploads\\\/2025\\\/06\\\/Toyotomi-history-banner.jpg\",\"contentUrl\":\"https:\\\/\\\/www.toyotomi.eu\\\/wp-content\\\/uploads\\\/2025\\\/06\\\/Toyotomi-history-banner.jpg\"},{\"@type\":\"BreadcrumbList\",\"@id\":\"https:\\\/\\\/www.toyotomi.eu\\\/da\\\/om-os\\\/historie\\\/#breadcrumb\",\"itemListElement\":[{\"@type\":\"ListItem\",\"position\":1,\"name\":\"Forside\",\"item\":\"https:\\\/\\\/www.toyotomi.eu\\\/da\\\/\"},{\"@type\":\"ListItem\",\"position\":2,\"name\":\"Om os\",\"item\":\"https:\\\/\\\/www.toyotomi.eu\\\/da\\\/om-os\\\/\"},{\"@type\":\"ListItem\",\"position\":3,\"name\":\"Historie\"}]},{\"@type\":\"WebSite\",\"@id\":\"https:\\\/\\\/www.toyotomi.eu\\\/da\\\/#website\",\"url\":\"https:\\\/\\\/www.toyotomi.eu\\\/da\\\/\",\"name\":\"Toyotomi\",\"description\":\"\",\"publisher\":{\"@id\":\"https:\\\/\\\/www.toyotomi.eu\\\/da\\\/#organization\"},\"potentialAction\":[{\"@type\":\"SearchAction\",\"target\":{\"@type\":\"EntryPoint\",\"urlTemplate\":\"https:\\\/\\\/www.toyotomi.eu\\\/da\\\/?s={search_term_string}\"},\"query-input\":{\"@type\":\"PropertyValueSpecification\",\"valueRequired\":true,\"valueName\":\"search_term_string\"}}],\"inLanguage\":\"da-DK\"},{\"@type\":\"Organization\",\"@id\":\"https:\\\/\\\/www.toyotomi.eu\\\/da\\\/#organization\",\"name\":\"Toyotomi Europe Sales B.V.\",\"alternateName\":\"Toyotomi\",\"url\":\"https:\\\/\\\/www.toyotomi.eu\\\/da\\\/\",\"logo\":{\"@type\":\"ImageObject\",\"inLanguage\":\"da-DK\",\"@id\":\"https:\\\/\\\/www.toyotomi.eu\\\/da\\\/#\\\/schema\\\/logo\\\/image\\\/\",\"url\":\"https:\\\/\\\/www.toyotomi.eu\\\/wp-content\\\/uploads\\\/2025\\\/10\\\/logo.png\",\"contentUrl\":\"https:\\\/\\\/www.toyotomi.eu\\\/wp-content\\\/uploads\\\/2025\\\/10\\\/logo.png\",\"width\":1360,\"height\":304,\"caption\":\"Toyotomi Europe Sales B.V.\"},\"image\":{\"@id\":\"https:\\\/\\\/www.toyotomi.eu\\\/da\\\/#\\\/schema\\\/logo\\\/image\\\/\"}}]}<\/script>\n<!-- \/ Yoast SEO plugin. -->","yoast_head_json":{"title":"Historie - Toyotomi","description":"Oplev Toyotomis historie, over 75 \u00e5rs innovation inden for opvarmning, k\u00f8ling og luftbehandling, l\u00f8sninger i hele Europa og videre.","robots":{"index":"index","follow":"follow","max-snippet":"max-snippet:-1","max-image-preview":"max-image-preview:large","max-video-preview":"max-video-preview:-1"},"canonical":"https:\/\/www.toyotomi.eu\/da\/om-os\/historie\/","og_locale":"da_DK","og_type":"article","og_title":"Historie - Toyotomi","og_description":"Oplev Toyotomis historie, over 75 \u00e5rs innovation inden for opvarmning, k\u00f8ling og luftbehandling, l\u00f8sninger i hele Europa og videre.","og_url":"https:\/\/www.toyotomi.eu\/da\/om-os\/historie\/","og_site_name":"Toyotomi","article_modified_time":"2026-01-22T00:13:27+00:00","og_image":[{"width":1920,"height":600,"url":"https:\/\/www.toyotomi.eu\/wp-content\/uploads\/2025\/06\/Toyotomi-history-banner.jpg","type":"image\/jpeg"}],"twitter_card":"summary_large_image","twitter_misc":{"Estimeret l\u00e6setid":"1 minut"},"schema":{"@context":"https:\/\/schema.org","@graph":[{"@type":"WebPage","@id":"https:\/\/www.toyotomi.eu\/da\/om-os\/historie\/","url":"https:\/\/www.toyotomi.eu\/da\/om-os\/historie\/","name":"Historie - Toyotomi","isPartOf":{"@id":"https:\/\/www.toyotomi.eu\/da\/#website"},"primaryImageOfPage":{"@id":"https:\/\/www.toyotomi.eu\/da\/om-os\/historie\/#primaryimage"},"image":{"@id":"https:\/\/www.toyotomi.eu\/da\/om-os\/historie\/#primaryimage"},"thumbnailUrl":"https:\/\/www.toyotomi.eu\/wp-content\/uploads\/2025\/06\/Toyotomi-history-banner.jpg","datePublished":"2024-12-31T23:00:38+00:00","dateModified":"2026-01-22T00:13:27+00:00","description":"Oplev Toyotomis historie, over 75 \u00e5rs innovation inden for opvarmning, k\u00f8ling og luftbehandling, l\u00f8sninger i hele Europa og videre.","breadcrumb":{"@id":"https:\/\/www.toyotomi.eu\/da\/om-os\/historie\/#breadcrumb"},"inLanguage":"da-DK","potentialAction":[{"@type":"ReadAction","target":["https:\/\/www.toyotomi.eu\/da\/om-os\/historie\/"]}]},{"@type":"ImageObject","inLanguage":"da-DK","@id":"https:\/\/www.toyotomi.eu\/da\/om-os\/historie\/#primaryimage","url":"https:\/\/www.toyotomi.eu\/wp-content\/uploads\/2025\/06\/Toyotomi-history-banner.jpg","contentUrl":"https:\/\/www.toyotomi.eu\/wp-content\/uploads\/2025\/06\/Toyotomi-history-banner.jpg"},{"@type":"BreadcrumbList","@id":"https:\/\/www.toyotomi.eu\/da\/om-os\/historie\/#breadcrumb","itemListElement":[{"@type":"ListItem","position":1,"name":"Forside","item":"https:\/\/www.toyotomi.eu\/da\/"},{"@type":"ListItem","position":2,"name":"Om os","item":"https:\/\/www.toyotomi.eu\/da\/om-os\/"},{"@type":"ListItem","position":3,"name":"Historie"}]},{"@type":"WebSite","@id":"https:\/\/www.toyotomi.eu\/da\/#website","url":"https:\/\/www.toyotomi.eu\/da\/","name":"Toyotomi","description":"","publisher":{"@id":"https:\/\/www.toyotomi.eu\/da\/#organization"},"potentialAction":[{"@type":"SearchAction","target":{"@type":"EntryPoint","urlTemplate":"https:\/\/www.toyotomi.eu\/da\/?s={search_term_string}"},"query-input":{"@type":"PropertyValueSpecification","valueRequired":true,"valueName":"search_term_string"}}],"inLanguage":"da-DK"},{"@type":"Organization","@id":"https:\/\/www.toyotomi.eu\/da\/#organization","name":"Toyotomi Europe Sales B.V.","alternateName":"Toyotomi","url":"https:\/\/www.toyotomi.eu\/da\/","logo":{"@type":"ImageObject","inLanguage":"da-DK","@id":"https:\/\/www.toyotomi.eu\/da\/#\/schema\/logo\/image\/","url":"https:\/\/www.toyotomi.eu\/wp-content\/uploads\/2025\/10\/logo.png","contentUrl":"https:\/\/www.toyotomi.eu\/wp-content\/uploads\/2025\/10\/logo.png","width":1360,"height":304,"caption":"Toyotomi Europe Sales B.V."},"image":{"@id":"https:\/\/www.toyotomi.eu\/da\/#\/schema\/logo\/image\/"}}]}},"_links":{"self":[{"href":"https:\/\/www.toyotomi.eu\/da\/wp-json\/wp\/v2\/pages\/49596","targetHints":{"allow":["GET"]}}],"collection":[{"href":"https:\/\/www.toyotomi.eu\/da\/wp-json\/wp\/v2\/pages"}],"about":[{"href":"https:\/\/www.toyotomi.eu\/da\/wp-json\/wp\/v2\/types\/page"}],"author":[{"embeddable":true,"href":"https:\/\/www.toyotomi.eu\/da\/wp-json\/wp\/v2\/users\/71"}],"replies":[{"embeddable":true,"href":"https:\/\/www.toyotomi.eu\/da\/wp-json\/wp\/v2\/comments?post=49596"}],"version-history":[{"count":6,"href":"https:\/\/www.toyotomi.eu\/da\/wp-json\/wp\/v2\/pages\/49596\/revisions"}],"predecessor-version":[{"id":59373,"href":"https:\/\/www.toyotomi.eu\/da\/wp-json\/wp\/v2\/pages\/49596\/revisions\/59373"}],"up":[{"embeddable":true,"href":"https:\/\/www.toyotomi.eu\/da\/wp-json\/wp\/v2\/pages\/49674"}],"wp:attachment":[{"href":"https:\/\/www.toyotomi.eu\/da\/wp-json\/wp\/v2\/media?parent=49596"}],"curies":[{"name":"wp","href":"https:\/\/api.w.org\/{rel}","templated":true}]}}